{"id":2594,"date":"2022-04-26T15:59:10","date_gmt":"2022-04-26T13:59:10","guid":{"rendered":"https:\/\/agora.xtec.cat\/ceip-amadeuvives\/?page_id=2594"},"modified":"2023-03-20T15:28:12","modified_gmt":"2023-03-20T14:28:12","slug":"estrategia-digital","status":"publish","type":"page","link":"https:\/\/agora.xtec.cat\/ceip-amadeuvives\/projecte-educatiu\/estrategia-digital-de-centre\/estrategia-digital\/","title":{"rendered":"Estrat\u00e8gia Digital"},"content":{"rendered":"<p>L\u2019<a href=\"https:\/\/sites.google.com\/xtec.cat\/edc-escola-amadeu-vives\/estrat%C3%A8gia-digital\"><strong>EDC<\/strong><\/a> \u00e9s un document viu i obert que ha de permetre recollir i organitzar les <strong>accions<\/strong> en mat\u00e8ria de tecnologia i compet\u00e8ncia digital que el centre ja realitza, replantejar-les i millorar-les per aconseguir els objectius que es proposin. L\u2019<strong><a href=\"https:\/\/sites.google.com\/xtec.cat\/edc-escola-amadeu-vives\/estrat%C3%A8gia-digital\">EDC<\/a><\/strong> ha de ser una eina \u00fatil i real per al desplegament de la compet\u00e8ncia digital de l\u2019alumnat, del professorat i del mateix centre.<\/p>\n<p>&nbsp;<\/p>\n","protected":false},"excerpt":{"rendered":"<p>L\u2019<a href=\"https:\/\/sites.google.com\/xtec.cat\/edc-escola-amadeu-vives\/estrat%C3%A8gia-digital\">EDC<\/a> \u00e9s un document viu i obert que ha de permetre recollir i organitzar les accions en mat\u00e8ria de tecnologia i compet\u00e8ncia digital que el centre ja realitza, replantejar-les i millorar-les per aconseguir els objectius que es proposin. L\u2019<a href=\"https:\/\/sites.google.com\/xtec.cat\/edc-escola-amadeu-vives\/estrat%C3%A8gia-digital\">EDC<\/a> ha de ser una&hellip;  <a href=\"https:\/\/agora.xtec.cat\/ceip-amadeuvives\/projecte-educatiu\/estrategia-digital-de-centre\/estrategia-digital\/\" title=\"Read Estrat\u00e8gia Digital\">Llegeix m\u00e9s\u00bb<\/a><\/p>\n","protected":false},"author":1,"featured_media":0,"parent":2588,"menu_order":0,"comment_status":"closed","ping_status":"closed","template":"page-templates\/side-menu.php","meta":{"_bbp_topic_count":0,"_bbp_reply_count":0,"_bbp_total_topic_count":0,"_bbp_total_reply_count":0,"_bbp_voice_count":0,"_bbp_anonymous_reply_count":0,"_bbp_topic_count_hidden":0,"_bbp_reply_count_hidden":0,"_bbp_forum_subforum_count":0,"footnotes":""},"class_list":["post-2594","page","type-page","status-publish","hentry"],"post_mailing_queue_ids":[],"_links":{"self":[{"href":"https:\/\/agora.xtec.cat\/ceip-amadeuvives\/wp-json\/wp\/v2\/pages\/2594","targetHints":{"allow":["GET"]}}],"collection":[{"href":"https:\/\/agora.xtec.cat\/ceip-amadeuvives\/wp-json\/wp\/v2\/pages"}],"about":[{"href":"https:\/\/agora.xtec.cat\/ceip-amadeuvives\/wp-json\/wp\/v2\/types\/page"}],"author":[{"embeddable":true,"href":"https:\/\/agora.xtec.cat\/ceip-amadeuvives\/wp-json\/wp\/v2\/users\/1"}],"replies":[{"embeddable":true,"href":"https:\/\/agora.xtec.cat\/ceip-amadeuvives\/wp-json\/wp\/v2\/comments?post=2594"}],"version-history":[{"count":3,"href":"https:\/\/agora.xtec.cat\/ceip-amadeuvives\/wp-json\/wp\/v2\/pages\/2594\/revisions"}],"predecessor-version":[{"id":3708,"href":"https:\/\/agora.xtec.cat\/ceip-amadeuvives\/wp-json\/wp\/v2\/pages\/2594\/revisions\/3708"}],"up":[{"embeddable":true,"href":"https:\/\/agora.xtec.cat\/ceip-amadeuvives\/wp-json\/wp\/v2\/pages\/2588"}],"wp:attachment":[{"href":"https:\/\/agora.xtec.cat\/ceip-amadeuvives\/wp-json\/wp\/v2\/media?parent=2594"}],"curies":[{"name":"wp","href":"https:\/\/api.w.org\/{rel}","templated":true}]}}