{"id":2588,"date":"2022-04-26T15:40:21","date_gmt":"2022-04-26T13:40:21","guid":{"rendered":"https:\/\/agora.xtec.cat\/ceip-amadeuvives\/?page_id=2588"},"modified":"2023-05-08T15:03:16","modified_gmt":"2023-05-08T13:03:16","slug":"estrategia-digital-de-centre","status":"publish","type":"page","link":"https:\/\/agora.xtec.cat\/ceip-amadeuvives\/projecte-educatiu\/estrategia-digital-de-centre\/","title":{"rendered":"Estrat\u00e8gia Digital Centre"},"content":{"rendered":"<p>L\u2019<a href=\"https:\/\/sites.google.com\/xtec.cat\/edc-escola-amadeu-vives\/pla-estrat%C3%A8gia-digital-de-centre\"><strong>estrat\u00e8gia digital de centre (EDC<\/strong>)<\/a> definir\u00e0 i concretar\u00e0 les l\u00ednies d\u2019actuaci\u00f3 de l\u2019escola que faran possible que docents, alumnat i centre assoleixin la compet\u00e8ncia digital.<\/p>\n<p>L&#8217;objectiu de l&#8217;escola en els propers cursos es basa en la digitalitzaci\u00f3 dels processos d\u2019ensenyament-aprenentatge, a fi de millorar la compet\u00e8ncia digital de l\u2019alumnat. Es concretaran una s\u00e8rie d&#8217;objectius relacionats amb la millora de la compet\u00e8ncia digital de l&#8217;alumnat. En aquesta l\u00ednia, l\u2019escola est\u00e0 intervertint en millorar l\u2019equipament digital del centre, ampliar-lo, actualitzar-lo i reempla\u00e7ar el material obsolet.<\/p>\n<p>Per tal de con\u00e8ixer l\u2019estrat\u00e8gia digital del centre podeu consultar els apartats d\u2019<a href=\"https:\/\/sites.google.com\/xtec.cat\/edc-escola-amadeu-vives\/estrat%C3%A8gia-digital\"><strong>estrat\u00e8gia digital<\/strong> <\/a>i el de <a href=\"https:\/\/sites.google.com\/xtec.cat\/edc-escola-amadeu-vives\/cultura-digital\"><strong>cultura digital<\/strong> <strong>del centre<\/strong><\/a>.<\/p>\n<table style=\"height: 37px; width: 99.1891%; border-collapse: collapse; border-style: solid; border-color: #000000; background-color: #210ef0;\">\n<tbody>\n<tr>\n<td style=\"width: 100%; text-align: center;\">\n<h1><a href=\"https:\/\/sites.google.com\/xtec.cat\/edc-escola-amadeu-vives\/pla-estrat%C3%A8gia-digital-de-centre\"><span style=\"color: #ffcc00;\"><strong>ESTRAT\u00c8GIA DIGITAL DE CENTRE<\/strong><\/span><\/a><\/h1>\n<\/td>\n<\/tr>\n<\/tbody>\n<\/table>\n<p>&nbsp;<\/p>\n<table style=\"width: 18px;\">\n<tbody>\n<tr>\n<td style=\"width: 18.8333px;\"><\/td>\n<\/tr>\n<\/tbody>\n<\/table>\n<p style=\"text-align: center;\">\n","protected":false},"excerpt":{"rendered":"<p>L\u2019<a href=\"https:\/\/sites.google.com\/xtec.cat\/edc-escola-amadeu-vives\/pla-estrat%C3%A8gia-digital-de-centre\">estrat\u00e8gia digital de centre (EDC)<\/a> definir\u00e0 i concretar\u00e0 les l\u00ednies d\u2019actuaci\u00f3 de l\u2019escola que faran possible que docents, alumnat i centre assoleixin la compet\u00e8ncia digital.<br \/>\nL&#8217;objectiu de l&#8217;escola en els propers cursos es basa en la digitalitzaci\u00f3 dels processos d\u2019ensenyament-aprenentatge, a fi de millorar la&hellip;  <a href=\"https:\/\/agora.xtec.cat\/ceip-amadeuvives\/projecte-educatiu\/estrategia-digital-de-centre\/\" title=\"Read Estrat\u00e8gia Digital Centre\">Llegeix m\u00e9s\u00bb<\/a><\/p>\n","protected":false},"author":1,"featured_media":0,"parent":64,"menu_order":0,"comment_status":"closed","ping_status":"closed","template":"page-templates\/side-menu.php","meta":{"_bbp_topic_count":0,"_bbp_reply_count":0,"_bbp_total_topic_count":0,"_bbp_total_reply_count":0,"_bbp_voice_count":0,"_bbp_anonymous_reply_count":0,"_bbp_topic_count_hidden":0,"_bbp_reply_count_hidden":0,"_bbp_forum_subforum_count":0,"footnotes":""},"class_list":["post-2588","page","type-page","status-publish","hentry"],"post_mailing_queue_ids":[],"_links":{"self":[{"href":"https:\/\/agora.xtec.cat\/ceip-amadeuvives\/wp-json\/wp\/v2\/pages\/2588","targetHints":{"allow":["GET"]}}],"collection":[{"href":"https:\/\/agora.xtec.cat\/ceip-amadeuvives\/wp-json\/wp\/v2\/pages"}],"about":[{"href":"https:\/\/agora.xtec.cat\/ceip-amadeuvives\/wp-json\/wp\/v2\/types\/page"}],"author":[{"embeddable":true,"href":"https:\/\/agora.xtec.cat\/ceip-amadeuvives\/wp-json\/wp\/v2\/users\/1"}],"replies":[{"embeddable":true,"href":"https:\/\/agora.xtec.cat\/ceip-amadeuvives\/wp-json\/wp\/v2\/comments?post=2588"}],"version-history":[{"count":3,"href":"https:\/\/agora.xtec.cat\/ceip-amadeuvives\/wp-json\/wp\/v2\/pages\/2588\/revisions"}],"predecessor-version":[{"id":3815,"href":"https:\/\/agora.xtec.cat\/ceip-amadeuvives\/wp-json\/wp\/v2\/pages\/2588\/revisions\/3815"}],"up":[{"embeddable":true,"href":"https:\/\/agora.xtec.cat\/ceip-amadeuvives\/wp-json\/wp\/v2\/pages\/64"}],"wp:attachment":[{"href":"https:\/\/agora.xtec.cat\/ceip-amadeuvives\/wp-json\/wp\/v2\/media?parent=2588"}],"curies":[{"name":"wp","href":"https:\/\/api.w.org\/{rel}","templated":true}]}}