{"id":87,"date":"2014-09-18T14:28:12","date_gmt":"2014-09-18T13:28:12","guid":{"rendered":"http:\/\/agora.xtec.cat\/ceip-alexandregali-cornella\/?page_id=87"},"modified":"2025-02-19T16:08:03","modified_gmt":"2025-02-19T15:08:03","slug":"metodologies","status":"publish","type":"page","link":"https:\/\/agora.xtec.cat\/ceip-alexandregali-cornella\/metodologies\/","title":{"rendered":"Com treballem?"},"content":{"rendered":"<p style=\"text-align: justify;\">A la nostra escola treballem amb diverses metodologies per afavorir un aprenentatge actiu i significatiu. Mitjan\u00e7ant els <strong data-start=\"154\" data-end=\"179\">espais d\u2019aprenentatge<\/strong>, els infants exploren i descobreixen a partir de propostes din\u00e0miques. Amb <strong data-start=\"255\" data-end=\"268\">Innovamat<\/strong>, potenciem el raonament matem\u00e0tic de manera competencial i vivencial. Les <strong data-start=\"343\" data-end=\"368\">doc\u00e8ncies compartides<\/strong> ens permeten oferir una atenci\u00f3 m\u00e9s personalitzada i enriquir l\u2019aprenentatge amb diferents perspectives. A m\u00e9s, els <strong data-start=\"485\" data-end=\"510\">racons d\u2019aprenentatge<\/strong> fomenten l\u2019autonomia i l\u2019aprenentatge a partir de la manipulaci\u00f3 i la interacci\u00f3.<\/p>\n<p style=\"text-align: justify;\">Fes clic a cada secci\u00f3 per rebre informaci\u00f3 m\u00e9s detallada.<\/p>\n","protected":false},"excerpt":{"rendered":"<p>A la nostra escola treballem amb diverses metodologies per afavorir un aprenentatge actiu i significatiu. Mitjan\u00e7ant els espais d\u2019aprenentatge, els [&hellip;]<\/p>\n","protected":false},"author":1,"featured_media":0,"parent":0,"menu_order":0,"comment_status":"closed","ping_status":"closed","template":"","meta":{"_bbp_topic_count":0,"_bbp_reply_count":0,"_bbp_total_topic_count":0,"_bbp_total_reply_count":0,"_bbp_voice_count":0,"_bbp_anonymous_reply_count":0,"_bbp_topic_count_hidden":0,"_bbp_reply_count_hidden":0,"_bbp_forum_subforum_count":0,"site-sidebar-layout":"default","site-content-layout":"","ast-site-content-layout":"default","site-content-style":"default","site-sidebar-style":"default","ast-global-header-display":"","ast-banner-title-visibility":"","ast-main-header-display":"","ast-hfb-above-header-display":"","ast-hfb-below-header-display":"","ast-hfb-mobile-header-display":"","site-post-title":"","ast-breadcrumbs-content":"","ast-featured-img":"","footer-sml-layout":"","theme-transparent-header-meta":"default","adv-header-id-meta":"","stick-header-meta":"","header-above-stick-meta":"","header-main-stick-meta":"","header-below-stick-meta":"","astra-migrate-meta-layouts":"set","ast-page-background-enabled":"default","ast-page-background-meta":{"desktop":{"background-color":"var(--ast-global-color-4)","background-image":"","background-repeat":"repeat","background-position":"center center","background-size":"auto","background-attachment":"scroll","background-type":"","background-media":"","overlay-type":"","overlay-color":"","overlay-opacity":"","overlay-gradient":""},"tablet":{"background-color":"","background-image":"","background-repeat":"repeat","background-position":"center center","background-size":"auto","background-attachment":"scroll","background-type":"","background-media":"","overlay-type":"","overlay-color":"","overlay-opacity":"","overlay-gradient":""},"mobile":{"background-color":"","background-image":"","background-repeat":"repeat","background-position":"center center","background-size":"auto","background-attachment":"scroll","background-type":"","background-media":"","overlay-type":"","overlay-color":"","overlay-opacity":"","overlay-gradient":""}},"ast-content-background-meta":{"desktop":{"background-color":"var(--ast-global-color-5)","background-image":"","background-repeat":"repeat","background-position":"center center","background-size":"auto","background-attachment":"scroll","background-type":"","background-media":"","overlay-type":"","overlay-color":"","overlay-opacity":"","overlay-gradient":""},"tablet":{"background-color":"var(--ast-global-color-5)","background-image":"","background-repeat":"repeat","background-position":"center center","background-size":"auto","background-attachment":"scroll","background-type":"","background-media":"","overlay-type":"","overlay-color":"","overlay-opacity":"","overlay-gradient":""},"mobile":{"background-color":"var(--ast-global-color-5)","background-image":"","background-repeat":"repeat","background-position":"center center","background-size":"auto","background-attachment":"scroll","background-type":"","background-media":"","overlay-type":"","overlay-color":"","overlay-opacity":"","overlay-gradient":""}},"footnotes":""},"class_list":["post-87","page","type-page","status-publish","hentry"],"post_mailing_queue_ids":[],"_links":{"self":[{"href":"https:\/\/agora.xtec.cat\/ceip-alexandregali-cornella\/wp-json\/wp\/v2\/pages\/87","targetHints":{"allow":["GET"]}}],"collection":[{"href":"https:\/\/agora.xtec.cat\/ceip-alexandregali-cornella\/wp-json\/wp\/v2\/pages"}],"about":[{"href":"https:\/\/agora.xtec.cat\/ceip-alexandregali-cornella\/wp-json\/wp\/v2\/types\/page"}],"author":[{"embeddable":true,"href":"https:\/\/agora.xtec.cat\/ceip-alexandregali-cornella\/wp-json\/wp\/v2\/users\/1"}],"replies":[{"embeddable":true,"href":"https:\/\/agora.xtec.cat\/ceip-alexandregali-cornella\/wp-json\/wp\/v2\/comments?post=87"}],"version-history":[{"count":3,"href":"https:\/\/agora.xtec.cat\/ceip-alexandregali-cornella\/wp-json\/wp\/v2\/pages\/87\/revisions"}],"predecessor-version":[{"id":2046,"href":"https:\/\/agora.xtec.cat\/ceip-alexandregali-cornella\/wp-json\/wp\/v2\/pages\/87\/revisions\/2046"}],"wp:attachment":[{"href":"https:\/\/agora.xtec.cat\/ceip-alexandregali-cornella\/wp-json\/wp\/v2\/media?parent=87"}],"curies":[{"name":"wp","href":"https:\/\/api.w.org\/{rel}","templated":true}]}}