{"id":73,"date":"2014-09-18T14:01:51","date_gmt":"2014-09-18T13:01:51","guid":{"rendered":"http:\/\/agora.xtec.cat\/ceip-alexandregali-cornella\/?page_id=73"},"modified":"2025-09-03T13:47:17","modified_gmt":"2025-09-03T11:47:17","slug":"menjador-escolar","status":"publish","type":"page","link":"https:\/\/agora.xtec.cat\/ceip-alexandregali-cornella\/serveis\/menjador-escolar\/","title":{"rendered":"Acollida i Menjador Escolar"},"content":{"rendered":"<p style=\"text-align: justify;\"><span style=\"font-weight: 400;\">L&#8217;infant \u00e9s el principal protagonista de la nostra acci\u00f3 educativa. Creem un menjador escolar ent\u00e8s com un espai-temps de responsabilitat compartida, amb un marc educatiu i alimentari propi. Un menjador on tots els agents: els nens i les nenes, els monitors i monitores de menjador i cuina, l&#8217;escola i la fam\u00edlia en formen part activa. Treballem conjuntament per afavorir el benestar emocional i el desenvolupament aut\u00f2nom dels infants. L\u2019empresa encarregada del menjador \u00e9s la FUNDACI\u00d3 PERE TARR\u00c9S.<\/span><\/p>\n<p style=\"text-align: justify;\"><b><i>1. Preus d\u2019acollida i menjador<\/i><\/b><b><i><\/i><\/b><\/p>\n<table>\n<tbody>\n<tr>\n<td><span style=\"font-weight: 400;\">MEN\u00da FIXE<\/span><\/td>\n<td><b><i>7,54\u20ac<\/i><\/b><\/td>\n<\/tr>\n<tr>\n<td><span style=\"font-weight: 400;\">MEN\u00da ESPOR\u00c0DIC<\/span><\/td>\n<td><b><i>8,29\u20ac<\/i><\/b><\/td>\n<\/tr>\n<tr>\n<td><span style=\"font-weight: 400;\">ACOLLIDA MENSUAL<\/span><\/td>\n<td><b><i>44\u20ac<\/i><\/b><\/td>\n<\/tr>\n<tr>\n<td><span style=\"font-weight: 400;\">ACOLLIDA ESPOR\u00c0DIC<\/span><\/td>\n<td><b><i>4,60\u20ac<\/i><\/b><\/td>\n<\/tr>\n<\/tbody>\n<\/table>\n<p style=\"text-align: justify;\"><b><i>2. Inscripci\u00f3<\/i><\/b><b><i><\/i><\/b><\/p>\n<p style=\"text-align: justify;\"><span style=\"font-weight: 400;\">Totes les fam\u00edlies noves a l\u2019escola que vulguin utilitzar el servei hauran de passar pel menjador i omplir el <\/span><span style=\"font-weight: 400;\">full d\u2019inscripci\u00f3<\/span><span style=\"font-weight: 400;\"> tant si es per acollida com per menjador.<\/span><\/p>\n<p style=\"text-align: justify;\"><b><i>3. Forma de pagament<\/i><\/b><b><i><\/i><\/b><\/p>\n<p style=\"text-align: justify;\"><span style=\"font-weight: 400;\">El menjador es cobra a <\/span><span style=\"font-weight: 400;\">mes ven\u00e7ut<\/span><span style=\"font-weight: 400;\">. Disposem de <\/span><b>3 modalitats de pagament:<\/b><\/p>\n<ul style=\"text-align: justify;\">\n<li style=\"font-weight: 400;\" aria-level=\"1\"><b>Efectiu<\/b><span style=\"font-weight: 400;\">: Cada final de mes es pot passar pel menjador i pagar en efectiu a la directora del servei. Cada final de mes enviarem una carta des de l\u2019escola amb l\u2019import acumulat durant aquell mes.<\/span><\/li>\n<li style=\"font-weight: 400;\" aria-level=\"1\"><b>Transfer\u00e8ncia banc\u00e0ria: <\/b><span style=\"font-weight: 400;\">La directora us facilitar\u00e0 un n\u00famero de compte per tal de poder fer el trasp\u00e0s. \u00c9s important entregar el comprovant d\u2019aquest al menjador.<\/span><\/li>\n<li style=\"font-weight: 400;\" aria-level=\"1\"><b>Rebut bancari: <\/b><span style=\"font-weight: 400;\">A principi de mes (de l\u20191 al 5) es passar\u00e0 el rebut pel banc. \u00c9s important que<\/span><span style=\"font-weight: 400;\"> si creieu que hi ha un errada ho comuniqueu a la directora abans de retornar el rebut<\/span><span style=\"font-weight: 400;\">. Si s\u2019ha de modificar qualsevol import s\u2019aplicar\u00e0 al mes seg\u00fcent o es far\u00e0 transfer\u00e8ncia.<\/span><\/li>\n<\/ul>\n<table style=\"border-collapse: collapse; width: 100%; height: 86px;\">\n<tbody>\n<tr style=\"height: 86px;\">\n<td style=\"width: 100%; height: 86px;\">\n<p style=\"text-align: center;\"><b>Us recordem que en cas d\u2019impagament acumulat de <\/b><b>dos mesos<\/b><b> implicar\u00e0 la baixa de<\/b><\/p>\n<p style=\"text-align: center;\"><b>l\u2019alumne de les activitats corresponents, fins a la seva regularitzaci\u00f3.<\/b><\/p>\n<\/td>\n<\/tr>\n<\/tbody>\n<\/table>\n<p style=\"text-align: justify;\"><em><b>4. Assist\u00e8ncia<\/b><\/em><b><i><\/i><\/b><\/p>\n<p style=\"text-align: justify;\"><span style=\"font-weight: 400;\">Els alumnes fixes que no facin \u00fas del servei aquell dia hauran d\u2019avisar <\/span><span style=\"font-weight: 400;\">abans de les 10 del mat\u00ed<\/span><span style=\"font-weight: 400;\"> per tal que se li apliqui un descompte per dia de falta. La fam\u00edlia que avisi fora d\u2019hores se li cobrar\u00e0 l\u2019import total del dia ja que s\u2019ha de fer una previsi\u00f3 a cuina abans d\u2019aquesta hora.<\/span><\/p>\n<p style=\"text-align: justify;\"><span style=\"font-weight: 400;\">De igual manera, els infants espor\u00e0dics que necessitin utilitzar el servei hauran d\u2019avisar a la directora del servei abans de les 10 del mat\u00ed.<\/span><\/p>\n<p style=\"text-align: justify;\"><em><b>5. Normativa general<\/b><\/em><b><i><\/i><\/b><\/p>\n<ul style=\"text-align: justify;\">\n<li style=\"font-weight: 400;\" aria-level=\"2\"><span style=\"font-weight: 400;\">Els alumnes seran <\/span><b>recollits pels monitors de menjador <\/b><span style=\"font-weight: 400;\">all\u00e0 on es determini per a cada curs.<\/span><\/li>\n<li style=\"font-weight: 400;\" aria-level=\"2\"><span style=\"font-weight: 400;\">Nom\u00e9s en cas justificat (malaltia, altres religions&#8230;) <\/span><b>per mitj\u00e0 d\u2019una nota dels pares, tutors, i\/o certificat metge, se servir\u00e0 men\u00fa especial<\/b><span style=\"font-weight: 400;\">. S\u2019ha d\u2019avisar amb antelaci\u00f3 a la directora del menjador.<\/span><\/li>\n<li style=\"font-weight: 400;\" aria-level=\"2\"><span style=\"font-weight: 400;\">Cuina es far\u00e0 c\u00e0rrec dels men\u00fas de dieta\/r\u00e8gim per a aquells nens i nenes que ho sol\u00b7licitin <\/span><b>abans de les 10 del mat\u00ed<\/b><span style=\"font-weight: 400;\">. Els alumnes que requereixin r\u00e8gim durant tot el curs, hauran de portar un <\/span><b>informe m\u00e8dic <\/b><span style=\"font-weight: 400;\">que ho justifiqui.<\/span><\/li>\n<li style=\"font-weight: 400;\" aria-level=\"2\"><span style=\"font-weight: 400;\">En cas <\/span><b>d\u2019al\u00b7l\u00e8rgia o intoler\u00e0ncia <\/b><span style=\"font-weight: 400;\">aliment\u00e0ria d\u2019un infant cal notificar-ho i lliurar a la coordinadora <\/span><b>el corresponent certificat m\u00e8dic<\/b><span style=\"font-weight: 400;\">. Sense el certificat m\u00e8dic no es donar\u00e0 cap dieta especial.<\/span><\/li>\n<li style=\"font-weight: 400;\" aria-level=\"2\"><span style=\"font-weight: 400;\">Els pares i\/o mares dels nens i nenes que hagin de prendre algun medicament a l\u2019hora de menjador hauran <\/span><b>d\u2019omplir el full corresponent<\/b><span style=\"font-weight: 400;\">, que poden demanar a la directora, i lliurar-lo junt amb la <\/span><b>recepta m\u00e8dica<\/b><span style=\"font-weight: 400;\">.<\/span><\/li>\n<li style=\"font-weight: 400;\" aria-level=\"2\"><span style=\"font-weight: 400;\">Els infants que es queden de manera fixe al menjador disposaran de p\u00edcnic els dies de sortides. En el cas de que alguna fam\u00edlia no vulgui ho ha de notificar <\/span><b>UN DIA ABANS<\/b><span style=\"font-weight: 400;\"> al menjador. Tan mateix qui ho necessiti tamb\u00e9 pot demanar-ho amb un dia d\u2019antelaci\u00f3<\/span><\/li>\n<li style=\"font-weight: 400;\" aria-level=\"2\"><span style=\"font-weight: 400;\">En cas de faltes envers companys, monitors i adults es comunicaran als pares per escrit. Si el nen insisteix en la seva actitud i \u00e9s advertit m\u00e9s de <\/span><b>tres vegades <\/b><span style=\"font-weight: 400;\">per escrit, <\/span><b>podr\u00e0 \u00e9sser excl\u00f2s temporalment del servei de menjador.<\/b><\/li>\n<\/ul>\n<table style=\"border-collapse: collapse; width: 100%;\">\n<tbody>\n<tr>\n<td style=\"width: 100%; text-align: center;\">\n<p style=\"text-align: center;\"><b>TEL\u00c8FON MENJADOR: <\/b><span style=\"font-weight: 400;\">682.336.160<\/span><\/p>\n<p style=\"text-align: center;\"><b>E-MAIL: <\/b><span style=\"font-weight: 400;\">menjador@escolaalexandregali.cat<\/span><\/p>\n<p><b>Directora del Servei: <\/b><span style=\"font-weight: 400;\">Laura D\u00edaz<\/span><\/td>\n<\/tr>\n<\/tbody>\n<\/table>\n<p style=\"text-align: justify;\"><span style=\"font-weight: 400;\">Qualsevol dubte o aclariment restem a la vostra disposici\u00f3. La Laura (directora del servei) us atendr\u00e0 sempre que ho necessiteu en horari de 9:00h a 15:00h.<\/span><\/p>\n<p style=\"text-align: justify;\"><span style=\"font-weight: 400;\">Gr\u00e0cies per la vostra col\u00b7laboraci\u00f3.<\/span><\/p>\n","protected":false},"excerpt":{"rendered":"<p>L&#8217;infant \u00e9s el principal protagonista de la nostra acci\u00f3 educativa. Creem un menjador escolar ent\u00e8s com un espai-temps de responsabilitat [&hellip;]<\/p>\n","protected":false},"author":1,"featured_media":0,"parent":66,"menu_order":30,"comment_status":"closed","ping_status":"closed","template":"","meta":{"_bbp_topic_count":0,"_bbp_reply_count":0,"_bbp_total_topic_count":0,"_bbp_total_reply_count":0,"_bbp_voice_count":0,"_bbp_anonymous_reply_count":0,"_bbp_topic_count_hidden":0,"_bbp_reply_count_hidden":0,"_bbp_forum_subforum_count":0,"site-sidebar-layout":"default","site-content-layout":"","ast-site-content-layout":"default","site-content-style":"default","site-sidebar-style":"default","ast-global-header-display":"","ast-banner-title-visibility":"","ast-main-header-display":"","ast-hfb-above-header-display":"","ast-hfb-below-header-display":"","ast-hfb-mobile-header-display":"","site-post-title":"","ast-breadcrumbs-content":"","ast-featured-img":"","footer-sml-layout":"","theme-transparent-header-meta":"default","adv-header-id-meta":"","stick-header-meta":"","header-above-stick-meta":"","header-main-stick-meta":"","header-below-stick-meta":"","astra-migrate-meta-layouts":"set","ast-page-background-enabled":"default","ast-page-background-meta":{"desktop":{"background-color":"var(--ast-global-color-4)","background-image":"","background-repeat":"repeat","background-position":"center center","background-size":"auto","background-attachment":"scroll","background-type":"","background-media":"","overlay-type":"","overlay-color":"","overlay-opacity":"","overlay-gradient":""},"tablet":{"background-color":"","background-image":"","background-repeat":"repeat","background-position":"center center","background-size":"auto","background-attachment":"scroll","background-type":"","background-media":"","overlay-type":"","overlay-color":"","overlay-opacity":"","overlay-gradient":""},"mobile":{"background-color":"","background-image":"","background-repeat":"repeat","background-position":"center center","background-size":"auto","background-attachment":"scroll","background-type":"","background-media":"","overlay-type":"","overlay-color":"","overlay-opacity":"","overlay-gradient":""}},"ast-content-background-meta":{"desktop":{"background-color":"var(--ast-global-color-5)","background-image":"","background-repeat":"repeat","background-position":"center center","background-size":"auto","background-attachment":"scroll","background-type":"","background-media":"","overlay-type":"","overlay-color":"","overlay-opacity":"","overlay-gradient":""},"tablet":{"background-color":"var(--ast-global-color-5)","background-image":"","background-repeat":"repeat","background-position":"center center","background-size":"auto","background-attachment":"scroll","background-type":"","background-media":"","overlay-type":"","overlay-color":"","overlay-opacity":"","overlay-gradient":""},"mobile":{"background-color":"var(--ast-global-color-5)","background-image":"","background-repeat":"repeat","background-position":"center center","background-size":"auto","background-attachment":"scroll","background-type":"","background-media":"","overlay-type":"","overlay-color":"","overlay-opacity":"","overlay-gradient":""}},"footnotes":""},"class_list":["post-73","page","type-page","status-publish","hentry"],"post_mailing_queue_ids":[],"_links":{"self":[{"href":"https:\/\/agora.xtec.cat\/ceip-alexandregali-cornella\/wp-json\/wp\/v2\/pages\/73","targetHints":{"allow":["GET"]}}],"collection":[{"href":"https:\/\/agora.xtec.cat\/ceip-alexandregali-cornella\/wp-json\/wp\/v2\/pages"}],"about":[{"href":"https:\/\/agora.xtec.cat\/ceip-alexandregali-cornella\/wp-json\/wp\/v2\/types\/page"}],"author":[{"embeddable":true,"href":"https:\/\/agora.xtec.cat\/ceip-alexandregali-cornella\/wp-json\/wp\/v2\/users\/1"}],"replies":[{"embeddable":true,"href":"https:\/\/agora.xtec.cat\/ceip-alexandregali-cornella\/wp-json\/wp\/v2\/comments?post=73"}],"version-history":[{"count":6,"href":"https:\/\/agora.xtec.cat\/ceip-alexandregali-cornella\/wp-json\/wp\/v2\/pages\/73\/revisions"}],"predecessor-version":[{"id":2325,"href":"https:\/\/agora.xtec.cat\/ceip-alexandregali-cornella\/wp-json\/wp\/v2\/pages\/73\/revisions\/2325"}],"up":[{"embeddable":true,"href":"https:\/\/agora.xtec.cat\/ceip-alexandregali-cornella\/wp-json\/wp\/v2\/pages\/66"}],"wp:attachment":[{"href":"https:\/\/agora.xtec.cat\/ceip-alexandregali-cornella\/wp-json\/wp\/v2\/media?parent=73"}],"curies":[{"name":"wp","href":"https:\/\/api.w.org\/{rel}","templated":true}]}}