{"id":64,"date":"2014-09-18T12:39:08","date_gmt":"2014-09-18T11:39:08","guid":{"rendered":"http:\/\/agora.xtec.cat\/ceip-alexandregali-cornella\/?page_id=64"},"modified":"2025-02-19T16:25:30","modified_gmt":"2025-02-19T15:25:30","slug":"projecte-educatiu","status":"publish","type":"page","link":"https:\/\/agora.xtec.cat\/ceip-alexandregali-cornella\/documents-de-centre\/projecte-educatiu\/","title":{"rendered":"PEC"},"content":{"rendered":"<p style=\"text-align: justify;\" data-start=\"0\" data-end=\"51\"><strong data-start=\"0\" data-end=\"49\">Coneix el nostre Projecte Educatiu de Centre!<\/strong><\/p>\n<p style=\"text-align: justify;\" data-start=\"53\" data-end=\"315\">Fam\u00edlies, us convidem a descobrir el <strong data-start=\"90\" data-end=\"97\">PEC<\/strong>, el document que defineix els valors, objectius i l\u00ednies pedag\u00f2giques de la nostra escola. Veniu a con\u00e8ixer com treballem, qu\u00e8 ens identifica i com volem acompanyar els vostres fills i filles en el seu aprenentatge.<\/p>\n<p style=\"text-align: justify;\" data-start=\"317\" data-end=\"335\" data-is-last-node=\"\">Us hi esperem!<\/p>\n<p style=\"text-align: justify;\">Cliqueu aqu\u00ed per consultar el nostre\u00a0<a href=\"https:\/\/drive.google.com\/file\/d\/1rjF0I4qg8gauSbervuUKkZ-GiZv2hswN\/view?usp=sharing\">PROJECTE EDUCATIU DE CENTRE.\u00a0<\/a><\/p>\n<p><a href=\"https:\/\/agora.xtec.cat\/ceip-alexandregali-cornella\/wp-content\/uploads\/usu2940\/2025\/02\/OUPILYUKTYJRTHGREFD.jpg\"><img loading=\"lazy\" decoding=\"async\" class=\"wp-image-2026 aligncenter\" src=\"https:\/\/agora.xtec.cat\/ceip-alexandregali-cornella\/wp-content\/uploads\/usu2940\/2025\/02\/OUPILYUKTYJRTHGREFD-1024x679.jpg\" alt=\"\" width=\"720\" height=\"477\" srcset=\"https:\/\/agora.xtec.cat\/ceip-alexandregali-cornella\/wp-content\/uploads\/usu2940\/2025\/02\/OUPILYUKTYJRTHGREFD-1024x679.jpg 1024w, https:\/\/agora.xtec.cat\/ceip-alexandregali-cornella\/wp-content\/uploads\/usu2940\/2025\/02\/OUPILYUKTYJRTHGREFD-300x199.jpg 300w, https:\/\/agora.xtec.cat\/ceip-alexandregali-cornella\/wp-content\/uploads\/usu2940\/2025\/02\/OUPILYUKTYJRTHGREFD-768x509.jpg 768w, https:\/\/agora.xtec.cat\/ceip-alexandregali-cornella\/wp-content\/uploads\/usu2940\/2025\/02\/OUPILYUKTYJRTHGREFD.jpg 1313w\" sizes=\"auto, (max-width: 720px) 100vw, 720px\" \/><\/a><\/p>\n<p>&nbsp;<\/p>\n","protected":false},"excerpt":{"rendered":"<p>Coneix el nostre Projecte Educatiu de Centre! Fam\u00edlies, us convidem a descobrir el PEC, el document que defineix els valors, [&hellip;]<\/p>\n","protected":false},"author":1,"featured_media":0,"parent":2053,"menu_order":0,"comment_status":"closed","ping_status":"closed","template":"","meta":{"_bbp_topic_count":0,"_bbp_reply_count":0,"_bbp_total_topic_count":0,"_bbp_total_reply_count":0,"_bbp_voice_count":0,"_bbp_anonymous_reply_count":0,"_bbp_topic_count_hidden":0,"_bbp_reply_count_hidden":0,"_bbp_forum_subforum_count":0,"site-sidebar-layout":"default","site-content-layout":"","ast-site-content-layout":"default","site-content-style":"default","site-sidebar-style":"default","ast-global-header-display":"","ast-banner-title-visibility":"","ast-main-header-display":"","ast-hfb-above-header-display":"","ast-hfb-below-header-display":"","ast-hfb-mobile-header-display":"","site-post-title":"","ast-breadcrumbs-content":"","ast-featured-img":"","footer-sml-layout":"","theme-transparent-header-meta":"default","adv-header-id-meta":"","stick-header-meta":"","header-above-stick-meta":"","header-main-stick-meta":"","header-below-stick-meta":"","astra-migrate-meta-layouts":"set","ast-page-background-enabled":"default","ast-page-background-meta":{"desktop":{"background-color":"var(--ast-global-color-4)","background-image":"","background-repeat":"repeat","background-position":"center center","background-size":"auto","background-attachment":"scroll","background-type":"","background-media":"","overlay-type":"","overlay-color":"","overlay-opacity":"","overlay-gradient":""},"tablet":{"background-color":"","background-image":"","background-repeat":"repeat","background-position":"center center","background-size":"auto","background-attachment":"scroll","background-type":"","background-media":"","overlay-type":"","overlay-color":"","overlay-opacity":"","overlay-gradient":""},"mobile":{"background-color":"","background-image":"","background-repeat":"repeat","background-position":"center center","background-size":"auto","background-attachment":"scroll","background-type":"","background-media":"","overlay-type":"","overlay-color":"","overlay-opacity":"","overlay-gradient":""}},"ast-content-background-meta":{"desktop":{"background-color":"var(--ast-global-color-5)","background-image":"","background-repeat":"repeat","background-position":"center center","background-size":"auto","background-attachment":"scroll","background-type":"","background-media":"","overlay-type":"","overlay-color":"","overlay-opacity":"","overlay-gradient":""},"tablet":{"background-color":"var(--ast-global-color-5)","background-image":"","background-repeat":"repeat","background-position":"center center","background-size":"auto","background-attachment":"scroll","background-type":"","background-media":"","overlay-type":"","overlay-color":"","overlay-opacity":"","overlay-gradient":""},"mobile":{"background-color":"var(--ast-global-color-5)","background-image":"","background-repeat":"repeat","background-position":"center center","background-size":"auto","background-attachment":"scroll","background-type":"","background-media":"","overlay-type":"","overlay-color":"","overlay-opacity":"","overlay-gradient":""}},"footnotes":""},"class_list":["post-64","page","type-page","status-publish","hentry"],"post_mailing_queue_ids":[],"_links":{"self":[{"href":"https:\/\/agora.xtec.cat\/ceip-alexandregali-cornella\/wp-json\/wp\/v2\/pages\/64","targetHints":{"allow":["GET"]}}],"collection":[{"href":"https:\/\/agora.xtec.cat\/ceip-alexandregali-cornella\/wp-json\/wp\/v2\/pages"}],"about":[{"href":"https:\/\/agora.xtec.cat\/ceip-alexandregali-cornella\/wp-json\/wp\/v2\/types\/page"}],"author":[{"embeddable":true,"href":"https:\/\/agora.xtec.cat\/ceip-alexandregali-cornella\/wp-json\/wp\/v2\/users\/1"}],"replies":[{"embeddable":true,"href":"https:\/\/agora.xtec.cat\/ceip-alexandregali-cornella\/wp-json\/wp\/v2\/comments?post=64"}],"version-history":[{"count":5,"href":"https:\/\/agora.xtec.cat\/ceip-alexandregali-cornella\/wp-json\/wp\/v2\/pages\/64\/revisions"}],"predecessor-version":[{"id":2029,"href":"https:\/\/agora.xtec.cat\/ceip-alexandregali-cornella\/wp-json\/wp\/v2\/pages\/64\/revisions\/2029"}],"up":[{"embeddable":true,"href":"https:\/\/agora.xtec.cat\/ceip-alexandregali-cornella\/wp-json\/wp\/v2\/pages\/2053"}],"wp:attachment":[{"href":"https:\/\/agora.xtec.cat\/ceip-alexandregali-cornella\/wp-json\/wp\/v2\/media?parent=64"}],"curies":[{"name":"wp","href":"https:\/\/api.w.org\/{rel}","templated":true}]}}