{"id":34,"date":"2014-09-18T12:32:18","date_gmt":"2014-09-18T11:32:18","guid":{"rendered":"http:\/\/agora.xtec.cat\/ceip-alexandregali-cornella\/?page_id=34"},"modified":"2025-09-04T16:20:51","modified_gmt":"2025-09-04T14:20:51","slug":"autoritzacions","status":"publish","type":"page","link":"https:\/\/agora.xtec.cat\/ceip-alexandregali-cornella\/lescola\/autoritzacions\/","title":{"rendered":"Autoritzacions"},"content":{"rendered":"<p>Autoritzacions de centre.<\/p>\n<p><a href=\"https:\/\/drive.google.com\/file\/d\/1yslwrCbwm_0ROmvk7wPLSkgulymwL5Dq\/view?usp=sharing\" target=\"_blank\" rel=\"noopener\">Autoritzaci\u00f3 de recollida d&#8217;infants<\/a><\/p>\n<p><a href=\"https:\/\/drive.google.com\/file\/d\/1hR5ZqA-huyjXcOuxxvyHgjEmfa7tGtww\/view?usp=sharing\" target=\"_blank\" rel=\"noopener\">Autoritzaci\u00f3 de recollida d&#8217;infants per part de majors de 14 anys<\/a><\/p>\n<p><a href=\"https:\/\/drive.google.com\/file\/d\/1x6GDppjAvGmCVxPrLQu6ApF_2YO3_tUu\/view?usp=sharing\" target=\"_blank\" rel=\"noopener\">Autoritzaci\u00f3 per marxar sols del centre<\/a><\/p>\n<p><a href=\"https:\/\/drive.google.com\/file\/d\/1-fUoTki_qKSjUrPPRTp05lNZFUBUXuAY\/view?usp=sharing\" target=\"_blank\" rel=\"noopener\">Autoritzaci\u00f3 de drets d&#8217;imatge<\/a><\/p>\n<p><a href=\"https:\/\/drive.google.com\/file\/d\/16euI4YxE55xV0pUqXzo0UJ1s2RMD5pyM\/view?usp=sharing\" target=\"_blank\" rel=\"noopener\">Autoritzaci\u00f3 d&#8217;administraci\u00f3 de medicaments<\/a><\/p>\n<p><a href=\"https:\/\/drive.google.com\/file\/d\/1zpVQtLK-MsuADW77dLaXFPvKZqyEImz7\/view?usp=sharing\" target=\"_blank\" rel=\"noopener\">Autoritzaci\u00f3 per l&#8217;administraci\u00f3 de Paracetamol o Ibuprof\u00e9<\/a><\/p>\n<p><a href=\"https:\/\/drive.google.com\/file\/d\/1yB51Vyt3ziyGjGjPkMUNKc5Pj7YNmoEq\/view?usp=sharing\" target=\"_blank\" rel=\"noopener\">Carta de comprom\u00eds educatiu<\/a><\/p>\n","protected":false},"excerpt":{"rendered":"<p>Autoritzacions de centre. Autoritzaci\u00f3 de recollida d&#8217;infants Autoritzaci\u00f3 de recollida d&#8217;infants per part de majors de 14 anys Autoritzaci\u00f3 per [&hellip;]<\/p>\n","protected":false},"author":1,"featured_media":0,"parent":22,"menu_order":60,"comment_status":"closed","ping_status":"closed","template":"","meta":{"_bbp_topic_count":0,"_bbp_reply_count":0,"_bbp_total_topic_count":0,"_bbp_total_reply_count":0,"_bbp_voice_count":0,"_bbp_anonymous_reply_count":0,"_bbp_topic_count_hidden":0,"_bbp_reply_count_hidden":0,"_bbp_forum_subforum_count":0,"site-sidebar-layout":"default","site-content-layout":"","ast-site-content-layout":"default","site-content-style":"default","site-sidebar-style":"default","ast-global-header-display":"","ast-banner-title-visibility":"","ast-main-header-display":"","ast-hfb-above-header-display":"","ast-hfb-below-header-display":"","ast-hfb-mobile-header-display":"","site-post-title":"","ast-breadcrumbs-content":"","ast-featured-img":"","footer-sml-layout":"","theme-transparent-header-meta":"default","adv-header-id-meta":"","stick-header-meta":"","header-above-stick-meta":"","header-main-stick-meta":"","header-below-stick-meta":"","astra-migrate-meta-layouts":"set","ast-page-background-enabled":"default","ast-page-background-meta":{"desktop":{"background-color":"var(--ast-global-color-4)","background-image":"","background-repeat":"repeat","background-position":"center center","background-size":"auto","background-attachment":"scroll","background-type":"","background-media":"","overlay-type":"","overlay-color":"","overlay-opacity":"","overlay-gradient":""},"tablet":{"background-color":"","background-image":"","background-repeat":"repeat","background-position":"center center","background-size":"auto","background-attachment":"scroll","background-type":"","background-media":"","overlay-type":"","overlay-color":"","overlay-opacity":"","overlay-gradient":""},"mobile":{"background-color":"","background-image":"","background-repeat":"repeat","background-position":"center center","background-size":"auto","background-attachment":"scroll","background-type":"","background-media":"","overlay-type":"","overlay-color":"","overlay-opacity":"","overlay-gradient":""}},"ast-content-background-meta":{"desktop":{"background-color":"var(--ast-global-color-5)","background-image":"","background-repeat":"repeat","background-position":"center center","background-size":"auto","background-attachment":"scroll","background-type":"","background-media":"","overlay-type":"","overlay-color":"","overlay-opacity":"","overlay-gradient":""},"tablet":{"background-color":"var(--ast-global-color-5)","background-image":"","background-repeat":"repeat","background-position":"center center","background-size":"auto","background-attachment":"scroll","background-type":"","background-media":"","overlay-type":"","overlay-color":"","overlay-opacity":"","overlay-gradient":""},"mobile":{"background-color":"var(--ast-global-color-5)","background-image":"","background-repeat":"repeat","background-position":"center center","background-size":"auto","background-attachment":"scroll","background-type":"","background-media":"","overlay-type":"","overlay-color":"","overlay-opacity":"","overlay-gradient":""}},"footnotes":""},"class_list":["post-34","page","type-page","status-publish","hentry"],"post_mailing_queue_ids":[],"_links":{"self":[{"href":"https:\/\/agora.xtec.cat\/ceip-alexandregali-cornella\/wp-json\/wp\/v2\/pages\/34","targetHints":{"allow":["GET"]}}],"collection":[{"href":"https:\/\/agora.xtec.cat\/ceip-alexandregali-cornella\/wp-json\/wp\/v2\/pages"}],"about":[{"href":"https:\/\/agora.xtec.cat\/ceip-alexandregali-cornella\/wp-json\/wp\/v2\/types\/page"}],"author":[{"embeddable":true,"href":"https:\/\/agora.xtec.cat\/ceip-alexandregali-cornella\/wp-json\/wp\/v2\/users\/1"}],"replies":[{"embeddable":true,"href":"https:\/\/agora.xtec.cat\/ceip-alexandregali-cornella\/wp-json\/wp\/v2\/comments?post=34"}],"version-history":[{"count":6,"href":"https:\/\/agora.xtec.cat\/ceip-alexandregali-cornella\/wp-json\/wp\/v2\/pages\/34\/revisions"}],"predecessor-version":[{"id":2327,"href":"https:\/\/agora.xtec.cat\/ceip-alexandregali-cornella\/wp-json\/wp\/v2\/pages\/34\/revisions\/2327"}],"up":[{"embeddable":true,"href":"https:\/\/agora.xtec.cat\/ceip-alexandregali-cornella\/wp-json\/wp\/v2\/pages\/22"}],"wp:attachment":[{"href":"https:\/\/agora.xtec.cat\/ceip-alexandregali-cornella\/wp-json\/wp\/v2\/media?parent=34"}],"curies":[{"name":"wp","href":"https:\/\/api.w.org\/{rel}","templated":true}]}}