{"id":30,"date":"2014-09-18T12:30:23","date_gmt":"2014-09-18T11:30:23","guid":{"rendered":"http:\/\/agora.xtec.cat\/ceip-alexandregali-cornella\/?page_id=30"},"modified":"2025-02-19T15:36:55","modified_gmt":"2025-02-19T14:36:55","slug":"instal%c2%b7lacions","status":"publish","type":"page","link":"https:\/\/agora.xtec.cat\/ceip-alexandregali-cornella\/lescola\/instal%c2%b7lacions\/","title":{"rendered":"Espais"},"content":{"rendered":"<p style=\"text-align: justify;\" data-pm-slice=\"1 1 []\">A la nostra escola, creiem que cada infant necessita un espai adaptat a la seva etapa de creixement i aprenentatge. Per aix\u00f2 oferim entorns que responen a les seves necessitats. Els nostres espais s\u00f3n ergon\u00f2mics i flexibles, cosa que permet una adaptaci\u00f3 \u00f2ptima a cada alumne. A Infantil, fomentem l\u2019exploraci\u00f3, el joc i l&#8217;autonomia, mentre que a Prim\u00e0ria, potenciem aquesta autonomia i consolidem el treball en equip. Aquesta organitzaci\u00f3 afavoreix un aprenentatge vivencial, segur i estimulant, on cada infant pot cr\u00e9ixer al seu ritme.<\/p>\n<p data-pm-slice=\"1 1 []\">Coneix els nostres espais:<\/p>\n<p data-pm-slice=\"1 1 []\"><a href=\"https:\/\/agora.xtec.cat\/ceip-alexandregali-cornella\/lescola\/instal%c2%b7lacions\/espais-educacio-infantil\/\"><img loading=\"lazy\" decoding=\"async\" class=\" wp-image-1558 alignleft\" src=\"https:\/\/agora.xtec.cat\/ceip-alexandregali-cornella\/wp-content\/uploads\/usu2940\/2024\/11\/AULA-INFANTIL-2-300x200.jpg\" alt=\"\" width=\"322\" height=\"214\" srcset=\"https:\/\/agora.xtec.cat\/ceip-alexandregali-cornella\/wp-content\/uploads\/usu2940\/2024\/11\/AULA-INFANTIL-2-300x200.jpg 300w, https:\/\/agora.xtec.cat\/ceip-alexandregali-cornella\/wp-content\/uploads\/usu2940\/2024\/11\/AULA-INFANTIL-2-1024x683.jpg 1024w, https:\/\/agora.xtec.cat\/ceip-alexandregali-cornella\/wp-content\/uploads\/usu2940\/2024\/11\/AULA-INFANTIL-2-768x512.jpg 768w, https:\/\/agora.xtec.cat\/ceip-alexandregali-cornella\/wp-content\/uploads\/usu2940\/2024\/11\/AULA-INFANTIL-2-1536x1024.jpg 1536w, https:\/\/agora.xtec.cat\/ceip-alexandregali-cornella\/wp-content\/uploads\/usu2940\/2024\/11\/AULA-INFANTIL-2-2048x1365.jpg 2048w\" sizes=\"auto, (max-width: 322px) 100vw, 322px\" \/><\/a><\/p>\n<p style=\"text-align: justify;\" data-pm-slice=\"1 1 []\"><a href=\"https:\/\/agora.xtec.cat\/ceip-alexandregali-cornella\/lescola\/instal%c2%b7lacions\/espais-educacio-primaria\/\"><img loading=\"lazy\" decoding=\"async\" class=\"alignnone wp-image-1560\" src=\"https:\/\/agora.xtec.cat\/ceip-alexandregali-cornella\/wp-content\/uploads\/usu2940\/2024\/11\/AULA-300x200.jpg\" alt=\"\" width=\"320\" height=\"213\" srcset=\"https:\/\/agora.xtec.cat\/ceip-alexandregali-cornella\/wp-content\/uploads\/usu2940\/2024\/11\/AULA-300x200.jpg 300w, https:\/\/agora.xtec.cat\/ceip-alexandregali-cornella\/wp-content\/uploads\/usu2940\/2024\/11\/AULA-1024x683.jpg 1024w, https:\/\/agora.xtec.cat\/ceip-alexandregali-cornella\/wp-content\/uploads\/usu2940\/2024\/11\/AULA-768x512.jpg 768w, https:\/\/agora.xtec.cat\/ceip-alexandregali-cornella\/wp-content\/uploads\/usu2940\/2024\/11\/AULA-1536x1024.jpg 1536w, https:\/\/agora.xtec.cat\/ceip-alexandregali-cornella\/wp-content\/uploads\/usu2940\/2024\/11\/AULA-2048x1365.jpg 2048w\" sizes=\"auto, (max-width: 320px) 100vw, 320px\" \/><\/a><\/p>\n<p>\u00a0 \u00a0 \u00a0 \u00a0 \u00a0ESPAIS D&#8217;EDUCACI\u00d3 INFANTIL\u00a0 \u00a0 \u00a0 \u00a0 \u00a0 \u00a0 \u00a0 \u00a0 \u00a0 \u00a0 \u00a0 \u00a0 \u00a0 \u00a0 \u00a0 \u00a0ESPAIS D&#8217;EDUCACI\u00d3 PRIM\u00c0RIA<\/p>\n<p data-pm-slice=\"1 1 []\">\n","protected":false},"excerpt":{"rendered":"<p>A la nostra escola, creiem que cada infant necessita un espai adaptat a la seva etapa de creixement i aprenentatge. [&hellip;]<\/p>\n","protected":false},"author":1,"featured_media":0,"parent":22,"menu_order":40,"comment_status":"closed","ping_status":"closed","template":"","meta":{"_bbp_topic_count":0,"_bbp_reply_count":0,"_bbp_total_topic_count":0,"_bbp_total_reply_count":0,"_bbp_voice_count":0,"_bbp_anonymous_reply_count":0,"_bbp_topic_count_hidden":0,"_bbp_reply_count_hidden":0,"_bbp_forum_subforum_count":0,"site-sidebar-layout":"default","site-content-layout":"","ast-site-content-layout":"default","site-content-style":"default","site-sidebar-style":"default","ast-global-header-display":"","ast-banner-title-visibility":"","ast-main-header-display":"","ast-hfb-above-header-display":"","ast-hfb-below-header-display":"","ast-hfb-mobile-header-display":"","site-post-title":"","ast-breadcrumbs-content":"","ast-featured-img":"","footer-sml-layout":"","theme-transparent-header-meta":"default","adv-header-id-meta":"","stick-header-meta":"","header-above-stick-meta":"","header-main-stick-meta":"","header-below-stick-meta":"","astra-migrate-meta-layouts":"set","ast-page-background-enabled":"default","ast-page-background-meta":{"desktop":{"background-color":"var(--ast-global-color-4)","background-image":"","background-repeat":"repeat","background-position":"center center","background-size":"auto","background-attachment":"scroll","background-type":"","background-media":"","overlay-type":"","overlay-color":"","overlay-opacity":"","overlay-gradient":""},"tablet":{"background-color":"","background-image":"","background-repeat":"repeat","background-position":"center center","background-size":"auto","background-attachment":"scroll","background-type":"","background-media":"","overlay-type":"","overlay-color":"","overlay-opacity":"","overlay-gradient":""},"mobile":{"background-color":"","background-image":"","background-repeat":"repeat","background-position":"center center","background-size":"auto","background-attachment":"scroll","background-type":"","background-media":"","overlay-type":"","overlay-color":"","overlay-opacity":"","overlay-gradient":""}},"ast-content-background-meta":{"desktop":{"background-color":"var(--ast-global-color-5)","background-image":"","background-repeat":"repeat","background-position":"center center","background-size":"auto","background-attachment":"scroll","background-type":"","background-media":"","overlay-type":"","overlay-color":"","overlay-opacity":"","overlay-gradient":""},"tablet":{"background-color":"var(--ast-global-color-5)","background-image":"","background-repeat":"repeat","background-position":"center center","background-size":"auto","background-attachment":"scroll","background-type":"","background-media":"","overlay-type":"","overlay-color":"","overlay-opacity":"","overlay-gradient":""},"mobile":{"background-color":"var(--ast-global-color-5)","background-image":"","background-repeat":"repeat","background-position":"center center","background-size":"auto","background-attachment":"scroll","background-type":"","background-media":"","overlay-type":"","overlay-color":"","overlay-opacity":"","overlay-gradient":""}},"footnotes":""},"class_list":["post-30","page","type-page","status-publish","hentry"],"post_mailing_queue_ids":[],"_links":{"self":[{"href":"https:\/\/agora.xtec.cat\/ceip-alexandregali-cornella\/wp-json\/wp\/v2\/pages\/30","targetHints":{"allow":["GET"]}}],"collection":[{"href":"https:\/\/agora.xtec.cat\/ceip-alexandregali-cornella\/wp-json\/wp\/v2\/pages"}],"about":[{"href":"https:\/\/agora.xtec.cat\/ceip-alexandregali-cornella\/wp-json\/wp\/v2\/types\/page"}],"author":[{"embeddable":true,"href":"https:\/\/agora.xtec.cat\/ceip-alexandregali-cornella\/wp-json\/wp\/v2\/users\/1"}],"replies":[{"embeddable":true,"href":"https:\/\/agora.xtec.cat\/ceip-alexandregali-cornella\/wp-json\/wp\/v2\/comments?post=30"}],"version-history":[{"count":6,"href":"https:\/\/agora.xtec.cat\/ceip-alexandregali-cornella\/wp-json\/wp\/v2\/pages\/30\/revisions"}],"predecessor-version":[{"id":2040,"href":"https:\/\/agora.xtec.cat\/ceip-alexandregali-cornella\/wp-json\/wp\/v2\/pages\/30\/revisions\/2040"}],"up":[{"embeddable":true,"href":"https:\/\/agora.xtec.cat\/ceip-alexandregali-cornella\/wp-json\/wp\/v2\/pages\/22"}],"wp:attachment":[{"href":"https:\/\/agora.xtec.cat\/ceip-alexandregali-cornella\/wp-json\/wp\/v2\/media?parent=30"}],"curies":[{"name":"wp","href":"https:\/\/api.w.org\/{rel}","templated":true}]}}