{"id":26,"date":"2014-09-18T12:24:32","date_gmt":"2014-09-18T11:24:32","guid":{"rendered":"http:\/\/agora.xtec.cat\/ceip-alexandregali-cornella\/?page_id=26"},"modified":"2025-01-29T13:45:12","modified_gmt":"2025-01-29T12:45:12","slug":"historia","status":"publish","type":"page","link":"https:\/\/agora.xtec.cat\/ceip-alexandregali-cornella\/lescola\/historia\/","title":{"rendered":"Hist\u00f2ria"},"content":{"rendered":"<p style=\"text-align: justify;\">Quan parlem de l&#8217;Alexandre Gal\u00ed, ens referim a una instituci\u00f3 educativa amb una llarga traject\u00f2ria situada al barri de Sant Ildefons, a la ciutat de Cornell\u00e0 de Llobregat. Aquesta escola compta amb una hist\u00f2ria marcada per l&#8217;evoluci\u00f3 social i demogr\u00e0fica del barri, que ha anat transformant-se al llarg de les d\u00e8cades.<\/p>\n<p><a href=\"https:\/\/agora.xtec.cat\/ceip-alexandregali-cornella\/wp-content\/uploads\/usu2940\/2025\/01\/27.EscolaSantIldefons_1000.jpg\"><img loading=\"lazy\" decoding=\"async\" class=\"aligncenter size-full wp-image-1912\" src=\"https:\/\/agora.xtec.cat\/ceip-alexandregali-cornella\/wp-content\/uploads\/usu2940\/2025\/01\/27.EscolaSantIldefons_1000.jpg\" alt=\"\" width=\"1000\" height=\"651\" srcset=\"https:\/\/agora.xtec.cat\/ceip-alexandregali-cornella\/wp-content\/uploads\/usu2940\/2025\/01\/27.EscolaSantIldefons_1000.jpg 1000w, https:\/\/agora.xtec.cat\/ceip-alexandregali-cornella\/wp-content\/uploads\/usu2940\/2025\/01\/27.EscolaSantIldefons_1000-300x195.jpg 300w, https:\/\/agora.xtec.cat\/ceip-alexandregali-cornella\/wp-content\/uploads\/usu2940\/2025\/01\/27.EscolaSantIldefons_1000-768x500.jpg 768w\" sizes=\"auto, (max-width: 1000px) 100vw, 1000px\" \/><\/a><\/p>\n<p style=\"text-align: justify;\">Origin\u00e0riament anomenada Sant Ildefons, l&#8217;escola va ser creada el 1961 en resposta a l&#8217;onada immigrat\u00f2ria dels anys 60 i 70, provinent de diferents regions de l&#8217;Estat espanyol. L&#8217;augment de poblaci\u00f3 en aquell per\u00edode va generar la necessitat de nous centres escolars per garantir l&#8217;educaci\u00f3 dels infants de les fam\u00edlies arribades a la ciutat. Durant els seus primers anys de funcionament, l&#8217;escola va estar vinculada a diferents models de gesti\u00f3 educativa fins que, l&#8217;1 de novembre de 1987, es va integrar dins la xarxa p\u00fablica segons el decret 196\/1988 de 19 de juliol de 1988.<\/p>\n<p style=\"text-align: justify;\">Al llarg dels seus 63 anys d&#8217;hist\u00f2ria, el centre ha anat adaptant-se a les necessitats educatives i socials de la comunitat, convertint-se en un referent dins del barri. Una de les transformacions m\u00e9s significatives es va produir el juny del 2010, quan l&#8217;escola va patir una remodelaci\u00f3 arquitect\u00f2nica que va comportar la fusi\u00f3 de dos edificis en un \u00fanic complex escolar m\u00e9s funcional i modern. Aquest nou espai ha perm\u00e8s millorar la qualitat educativa, oferint instal\u00b7lacions m\u00e9s adaptades a les metodologies d&#8217;ensenyament actuals. Cal destacar que l&#8217;edifici de l&#8217;escola \u00e9s propietat municipal, fet que subratlla la seva vinculaci\u00f3 amb la comunitat local i el comprom\u00eds de l&#8217;administraci\u00f3 per garantir-ne el manteniment.<\/p>\n<p><a href=\"https:\/\/agora.xtec.cat\/ceip-alexandregali-cornella\/wp-content\/uploads\/usu2940\/2025\/01\/RGBEFVDS.jpg\"><img loading=\"lazy\" decoding=\"async\" class=\"aligncenter size-large wp-image-1926\" src=\"https:\/\/agora.xtec.cat\/ceip-alexandregali-cornella\/wp-content\/uploads\/usu2940\/2025\/01\/RGBEFVDS-1024x576.jpg\" alt=\"\" width=\"1024\" height=\"576\" srcset=\"https:\/\/agora.xtec.cat\/ceip-alexandregali-cornella\/wp-content\/uploads\/usu2940\/2025\/01\/RGBEFVDS-1024x576.jpg 1024w, https:\/\/agora.xtec.cat\/ceip-alexandregali-cornella\/wp-content\/uploads\/usu2940\/2025\/01\/RGBEFVDS-300x169.jpg 300w, https:\/\/agora.xtec.cat\/ceip-alexandregali-cornella\/wp-content\/uploads\/usu2940\/2025\/01\/RGBEFVDS-768x432.jpg 768w, https:\/\/agora.xtec.cat\/ceip-alexandregali-cornella\/wp-content\/uploads\/usu2940\/2025\/01\/RGBEFVDS-1536x864.jpg 1536w, https:\/\/agora.xtec.cat\/ceip-alexandregali-cornella\/wp-content\/uploads\/usu2940\/2025\/01\/RGBEFVDS.jpg 1920w\" sizes=\"auto, (max-width: 1024px) 100vw, 1024px\" \/><\/a><\/p>\n<p style=\"text-align: justify;\">Actualment, l&#8217;Escola Alexandre Gal\u00ed continua sent un reflex fidel de la diversitat cultural del barri de Sant Ildefons. Amb un alumnat provinent de diferents parts del m\u00f3n, el centre acull fam\u00edlies d&#8217;or\u00edgens tan diversos com l&#8217;Equador, Col\u00f2mbia, Per\u00fa, Xile, Guinea, el Marroc i molts altres pa\u00efsos. Aquesta riquesa cultural esdev\u00e9 un valor afegit per a la comunitat educativa, fomentant el respecte, la conviv\u00e8ncia i l&#8217;intercanvi d&#8217;experi\u00e8ncies entre cultures. L&#8217;escola aposta per una educaci\u00f3 inclusiva i de qualitat, promovent projectes que potencien la igualtat d&#8217;oportunitats i l&#8217;\u00e8xit escolar per a tot l&#8217;alumnat.<\/p>\n<p style=\"text-align: justify;\">Amb un equip docent comprom\u00e8s i una comunitat educativa activa, l\u2019Alexandre Gal\u00ed es mant\u00e9 com un espai de creixement i aprenentatge, adaptant-se als nous reptes socials i pedag\u00f2gics per continuar oferint una educaci\u00f3 de qualitat a les generacions presents i futures.<\/p>\n<p><a href=\"https:\/\/agora.xtec.cat\/ceip-alexandregali-cornella\/wp-content\/uploads\/usu2940\/2025\/01\/VFEDWSAZ.jpg\"><img loading=\"lazy\" decoding=\"async\" class=\"aligncenter size-large wp-image-1922\" src=\"https:\/\/agora.xtec.cat\/ceip-alexandregali-cornella\/wp-content\/uploads\/usu2940\/2025\/01\/VFEDWSAZ-1024x576.jpg\" alt=\"\" width=\"1024\" height=\"576\" srcset=\"https:\/\/agora.xtec.cat\/ceip-alexandregali-cornella\/wp-content\/uploads\/usu2940\/2025\/01\/VFEDWSAZ-1024x576.jpg 1024w, https:\/\/agora.xtec.cat\/ceip-alexandregali-cornella\/wp-content\/uploads\/usu2940\/2025\/01\/VFEDWSAZ-300x169.jpg 300w, https:\/\/agora.xtec.cat\/ceip-alexandregali-cornella\/wp-content\/uploads\/usu2940\/2025\/01\/VFEDWSAZ-768x432.jpg 768w, https:\/\/agora.xtec.cat\/ceip-alexandregali-cornella\/wp-content\/uploads\/usu2940\/2025\/01\/VFEDWSAZ-1536x864.jpg 1536w, https:\/\/agora.xtec.cat\/ceip-alexandregali-cornella\/wp-content\/uploads\/usu2940\/2025\/01\/VFEDWSAZ.jpg 1920w\" sizes=\"auto, (max-width: 1024px) 100vw, 1024px\" \/><\/a><\/p>\n","protected":false},"excerpt":{"rendered":"<p>Quan parlem de l&#8217;Alexandre Gal\u00ed, ens referim a una instituci\u00f3 educativa amb una llarga traject\u00f2ria situada al barri de Sant [&hellip;]<\/p>\n","protected":false},"author":1,"featured_media":0,"parent":22,"menu_order":20,"comment_status":"closed","ping_status":"closed","template":"","meta":{"_bbp_topic_count":0,"_bbp_reply_count":0,"_bbp_total_topic_count":0,"_bbp_total_reply_count":0,"_bbp_voice_count":0,"_bbp_anonymous_reply_count":0,"_bbp_topic_count_hidden":0,"_bbp_reply_count_hidden":0,"_bbp_forum_subforum_count":0,"site-sidebar-layout":"default","site-content-layout":"","ast-site-content-layout":"default","site-content-style":"default","site-sidebar-style":"default","ast-global-header-display":"","ast-banner-title-visibility":"","ast-main-header-display":"","ast-hfb-above-header-display":"","ast-hfb-below-header-display":"","ast-hfb-mobile-header-display":"","site-post-title":"","ast-breadcrumbs-content":"","ast-featured-img":"","footer-sml-layout":"","theme-transparent-header-meta":"default","adv-header-id-meta":"","stick-header-meta":"","header-above-stick-meta":"","header-main-stick-meta":"","header-below-stick-meta":"","astra-migrate-meta-layouts":"set","ast-page-background-enabled":"default","ast-page-background-meta":{"desktop":{"background-color":"var(--ast-global-color-4)","background-image":"","background-repeat":"repeat","background-position":"center center","background-size":"auto","background-attachment":"scroll","background-type":"","background-media":"","overlay-type":"","overlay-color":"","overlay-opacity":"","overlay-gradient":""},"tablet":{"background-color":"","background-image":"","background-repeat":"repeat","background-position":"center center","background-size":"auto","background-attachment":"scroll","background-type":"","background-media":"","overlay-type":"","overlay-color":"","overlay-opacity":"","overlay-gradient":""},"mobile":{"background-color":"","background-image":"","background-repeat":"repeat","background-position":"center center","background-size":"auto","background-attachment":"scroll","background-type":"","background-media":"","overlay-type":"","overlay-color":"","overlay-opacity":"","overlay-gradient":""}},"ast-content-background-meta":{"desktop":{"background-color":"var(--ast-global-color-5)","background-image":"","background-repeat":"repeat","background-position":"center center","background-size":"auto","background-attachment":"scroll","background-type":"","background-media":"","overlay-type":"","overlay-color":"","overlay-opacity":"","overlay-gradient":""},"tablet":{"background-color":"var(--ast-global-color-5)","background-image":"","background-repeat":"repeat","background-position":"center center","background-size":"auto","background-attachment":"scroll","background-type":"","background-media":"","overlay-type":"","overlay-color":"","overlay-opacity":"","overlay-gradient":""},"mobile":{"background-color":"var(--ast-global-color-5)","background-image":"","background-repeat":"repeat","background-position":"center center","background-size":"auto","background-attachment":"scroll","background-type":"","background-media":"","overlay-type":"","overlay-color":"","overlay-opacity":"","overlay-gradient":""}},"footnotes":""},"class_list":["post-26","page","type-page","status-publish","hentry"],"post_mailing_queue_ids":[],"_links":{"self":[{"href":"https:\/\/agora.xtec.cat\/ceip-alexandregali-cornella\/wp-json\/wp\/v2\/pages\/26","targetHints":{"allow":["GET"]}}],"collection":[{"href":"https:\/\/agora.xtec.cat\/ceip-alexandregali-cornella\/wp-json\/wp\/v2\/pages"}],"about":[{"href":"https:\/\/agora.xtec.cat\/ceip-alexandregali-cornella\/wp-json\/wp\/v2\/types\/page"}],"author":[{"embeddable":true,"href":"https:\/\/agora.xtec.cat\/ceip-alexandregali-cornella\/wp-json\/wp\/v2\/users\/1"}],"replies":[{"embeddable":true,"href":"https:\/\/agora.xtec.cat\/ceip-alexandregali-cornella\/wp-json\/wp\/v2\/comments?post=26"}],"version-history":[{"count":5,"href":"https:\/\/agora.xtec.cat\/ceip-alexandregali-cornella\/wp-json\/wp\/v2\/pages\/26\/revisions"}],"predecessor-version":[{"id":1931,"href":"https:\/\/agora.xtec.cat\/ceip-alexandregali-cornella\/wp-json\/wp\/v2\/pages\/26\/revisions\/1931"}],"up":[{"embeddable":true,"href":"https:\/\/agora.xtec.cat\/ceip-alexandregali-cornella\/wp-json\/wp\/v2\/pages\/22"}],"wp:attachment":[{"href":"https:\/\/agora.xtec.cat\/ceip-alexandregali-cornella\/wp-json\/wp\/v2\/media?parent=26"}],"curies":[{"name":"wp","href":"https:\/\/api.w.org\/{rel}","templated":true}]}}