{"id":1992,"date":"2025-02-12T13:57:04","date_gmt":"2025-02-12T12:57:04","guid":{"rendered":"https:\/\/agora.xtec.cat\/ceip-alexandregali-cornella\/?page_id=1992"},"modified":"2025-02-19T16:19:35","modified_gmt":"2025-02-19T15:19:35","slug":"racons-daprenentatge","status":"publish","type":"page","link":"https:\/\/agora.xtec.cat\/ceip-alexandregali-cornella\/metodologies\/racons-daprenentatge\/","title":{"rendered":"Racons d&#8217;aprenentatge"},"content":{"rendered":"<p style=\"text-align: justify;\" data-start=\"46\" data-end=\"610\">Els <strong data-start=\"50\" data-end=\"75\">Racons d\u2019Aprenentatge<\/strong> s\u00f3n espais dins de l\u2019aula on els infants poden explorar i aprendre de manera activa, aut\u00f2noma i l\u00fadica. Aquests racons estan dissenyats amb materials i activitats espec\u00edfiques per fomentar el desenvolupament de diverses habilitats, com la motricitat, la creativitat, les matem\u00e0tiques, el llenguatge o la resoluci\u00f3 de problemes. En lloc de seguir una metodologia r\u00edgida, els infants poden moure\u2019s lliurement entre els diferents racons, participant en activitats que els interessin i que s\u2019adaptin al seu ritme i estil d\u2019aprenentatge.<\/p>\n<p style=\"text-align: justify;\" data-start=\"612\" data-end=\"988\">Els racons ofereixen una gran varietat d\u2019opcions perqu\u00e8 els nens i nenes interactu\u00efn amb el seu entorn i aprenguin de manera pr\u00e0ctica i vivencial. Per exemple, poden trobar un rac\u00f3 de lectura amb llibres, un rac\u00f3 de construcci\u00f3 amb blocs, un espai per a jocs simb\u00f2lics, un rac\u00f3 de natura amb materials naturals, o fins i tot un espai de manipulaci\u00f3 amb materials matem\u00e0tics.<\/p>\n<p style=\"text-align: justify;\" data-start=\"1042\" data-end=\"1384\">A l\u2019aula, els mestres preparen una s\u00e8rie de racons amb activitats diverses relacionades amb els continguts que es volen treballar. Els infants poden triar en quins racons volen participar i per quant temps. Aix\u00f2 els permet desenvolupar una certa autonomia, ja que s\u00f3n ells mateixos els qui decideixen en qu\u00e8 volen centrar-se en cada moment.<\/p>\n<p style=\"text-align: justify;\" data-start=\"1386\" data-end=\"1873\">Els mestres, tot i que no dirigeixen les activitats de manera r\u00edgida, els acompanyen i els guien en el proc\u00e9s d\u2019aprenentatge. Els infants poden treballar de manera individual o en petits grups, i \u00e9s molt habitual que expliquin el que estan fent o resolguin junts els dubtes que els sorgeixen. A m\u00e9s, els mestres aprofiten els racons per observar i avaluar els processos d\u2019aprenentatge dels nens i nenes, i poden adaptar les activitats per afavorir el seu creixement en diferents \u00e0rees.<\/p>\n","protected":false},"excerpt":{"rendered":"<p>Els Racons d\u2019Aprenentatge s\u00f3n espais dins de l\u2019aula on els infants poden explorar i aprendre de manera activa, aut\u00f2noma i [&hellip;]<\/p>\n","protected":false},"author":1,"featured_media":0,"parent":87,"menu_order":0,"comment_status":"closed","ping_status":"closed","template":"","meta":{"_bbp_topic_count":0,"_bbp_reply_count":0,"_bbp_total_topic_count":0,"_bbp_total_reply_count":0,"_bbp_voice_count":0,"_bbp_anonymous_reply_count":0,"_bbp_topic_count_hidden":0,"_bbp_reply_count_hidden":0,"_bbp_forum_subforum_count":0,"site-sidebar-layout":"default","site-content-layout":"","ast-site-content-layout":"default","site-content-style":"default","site-sidebar-style":"default","ast-global-header-display":"","ast-banner-title-visibility":"","ast-main-header-display":"","ast-hfb-above-header-display":"","ast-hfb-below-header-display":"","ast-hfb-mobile-header-display":"","site-post-title":"","ast-breadcrumbs-content":"","ast-featured-img":"","footer-sml-layout":"","theme-transparent-header-meta":"default","adv-header-id-meta":"","stick-header-meta":"","header-above-stick-meta":"","header-main-stick-meta":"","header-below-stick-meta":"","astra-migrate-meta-layouts":"set","ast-page-background-enabled":"default","ast-page-background-meta":{"desktop":{"background-color":"var(--ast-global-color-4)","background-image":"","background-repeat":"repeat","background-position":"center center","background-size":"auto","background-attachment":"scroll","background-type":"","background-media":"","overlay-type":"","overlay-color":"","overlay-opacity":"","overlay-gradient":""},"tablet":{"background-color":"","background-image":"","background-repeat":"repeat","background-position":"center center","background-size":"auto","background-attachment":"scroll","background-type":"","background-media":"","overlay-type":"","overlay-color":"","overlay-opacity":"","overlay-gradient":""},"mobile":{"background-color":"","background-image":"","background-repeat":"repeat","background-position":"center center","background-size":"auto","background-attachment":"scroll","background-type":"","background-media":"","overlay-type":"","overlay-color":"","overlay-opacity":"","overlay-gradient":""}},"ast-content-background-meta":{"desktop":{"background-color":"var(--ast-global-color-5)","background-image":"","background-repeat":"repeat","background-position":"center center","background-size":"auto","background-attachment":"scroll","background-type":"","background-media":"","overlay-type":"","overlay-color":"","overlay-opacity":"","overlay-gradient":""},"tablet":{"background-color":"var(--ast-global-color-5)","background-image":"","background-repeat":"repeat","background-position":"center center","background-size":"auto","background-attachment":"scroll","background-type":"","background-media":"","overlay-type":"","overlay-color":"","overlay-opacity":"","overlay-gradient":""},"mobile":{"background-color":"var(--ast-global-color-5)","background-image":"","background-repeat":"repeat","background-position":"center center","background-size":"auto","background-attachment":"scroll","background-type":"","background-media":"","overlay-type":"","overlay-color":"","overlay-opacity":"","overlay-gradient":""}},"footnotes":""},"class_list":["post-1992","page","type-page","status-publish","hentry"],"post_mailing_queue_ids":[],"_links":{"self":[{"href":"https:\/\/agora.xtec.cat\/ceip-alexandregali-cornella\/wp-json\/wp\/v2\/pages\/1992","targetHints":{"allow":["GET"]}}],"collection":[{"href":"https:\/\/agora.xtec.cat\/ceip-alexandregali-cornella\/wp-json\/wp\/v2\/pages"}],"about":[{"href":"https:\/\/agora.xtec.cat\/ceip-alexandregali-cornella\/wp-json\/wp\/v2\/types\/page"}],"author":[{"embeddable":true,"href":"https:\/\/agora.xtec.cat\/ceip-alexandregali-cornella\/wp-json\/wp\/v2\/users\/1"}],"replies":[{"embeddable":true,"href":"https:\/\/agora.xtec.cat\/ceip-alexandregali-cornella\/wp-json\/wp\/v2\/comments?post=1992"}],"version-history":[{"count":2,"href":"https:\/\/agora.xtec.cat\/ceip-alexandregali-cornella\/wp-json\/wp\/v2\/pages\/1992\/revisions"}],"predecessor-version":[{"id":2007,"href":"https:\/\/agora.xtec.cat\/ceip-alexandregali-cornella\/wp-json\/wp\/v2\/pages\/1992\/revisions\/2007"}],"up":[{"embeddable":true,"href":"https:\/\/agora.xtec.cat\/ceip-alexandregali-cornella\/wp-json\/wp\/v2\/pages\/87"}],"wp:attachment":[{"href":"https:\/\/agora.xtec.cat\/ceip-alexandregali-cornella\/wp-json\/wp\/v2\/media?parent=1992"}],"curies":[{"name":"wp","href":"https:\/\/api.w.org\/{rel}","templated":true}]}}