{"id":77,"date":"2014-09-18T14:05:08","date_gmt":"2014-09-18T12:05:08","guid":{"rendered":"http:\/\/agora.xtec.cat\/ceip-albert-vives\/?page_id=77"},"modified":"2024-09-11T22:23:40","modified_gmt":"2024-09-11T20:23:40","slug":"acollida","status":"publish","type":"page","link":"https:\/\/agora.xtec.cat\/ceip-albert-vives\/serveis\/acollida\/","title":{"rendered":"ACOLLIDA MATINAL"},"content":{"rendered":"<p>L&#8217;AFA ofereix un servei d&#8217;<strong>acollida matinal<\/strong> des de les <strong>7:45 h. fins les 9:00 h.<\/strong><\/p>\n<p>Les fam\u00edlies interessades podeu portar els vostre fills i filles fins l&#8217;aula d&#8217;acollida. Podreu accedir al recinte escolar amb el cotxe fins l&#8217;edifici de l&#8217;antiga escola llar on hi ha l&#8217;aula d&#8217;acollida.A les 8:40 la conserge tancar\u00e0 la porta gran i ja no es podr\u00e0 entrar.<\/p>\n<p>Quan falten 5 minuts per comen\u00e7ar les classes les monitores acompanyen els alumnes fins a les seves classes respectives.<\/p>\n<p>Per tal de fer \u00fas d&#8217;aquest servei us podeu inscriure a trav\u00e9s del seg\u00fcent enlla\u00e7<\/p>\n<p><a href=\"https:\/\/afalbertvives.cat\/acollida\/\">LINK<\/a><img decoding=\"async\" class=\"CQ CU\" src=\"https:\/\/mail.google.com\/mail\/u\/1\/images\/cleardot.gif\" alt=\"\" \/><\/p>\n","protected":false},"excerpt":{"rendered":"<p>L&#8217;AFA ofereix un servei d&#8217;acollida matinal des de les 7:45 h. fins les 9:00 h.<br \/>\nLes fam\u00edlies interessades podeu portar els vostre fills i filles fins l&#8217;aula d&#8217;acollida. Podreu accedir al recinte escolar amb el cotxe fins l&#8217;edifici de l&#8217;antiga escola llar on hi ha l&#8217;aula&hellip;  <a href=\"https:\/\/agora.xtec.cat\/ceip-albert-vives\/serveis\/acollida\/\" title=\"Read ACOLLIDA MATINAL\">Llegeix m\u00e9s\u00bb<\/a><\/p>\n","protected":false},"author":1,"featured_media":0,"parent":66,"menu_order":20,"comment_status":"closed","ping_status":"closed","template":"page-templates\/side-menu.php","meta":{"_bbp_topic_count":0,"_bbp_reply_count":0,"_bbp_total_topic_count":0,"_bbp_total_reply_count":0,"_bbp_voice_count":0,"_bbp_anonymous_reply_count":0,"_bbp_topic_count_hidden":0,"_bbp_reply_count_hidden":0,"_bbp_forum_subforum_count":0,"footnotes":""},"class_list":["post-77","page","type-page","status-publish","hentry"],"post_mailing_queue_ids":[],"_links":{"self":[{"href":"https:\/\/agora.xtec.cat\/ceip-albert-vives\/wp-json\/wp\/v2\/pages\/77","targetHints":{"allow":["GET"]}}],"collection":[{"href":"https:\/\/agora.xtec.cat\/ceip-albert-vives\/wp-json\/wp\/v2\/pages"}],"about":[{"href":"https:\/\/agora.xtec.cat\/ceip-albert-vives\/wp-json\/wp\/v2\/types\/page"}],"author":[{"embeddable":true,"href":"https:\/\/agora.xtec.cat\/ceip-albert-vives\/wp-json\/wp\/v2\/users\/1"}],"replies":[{"embeddable":true,"href":"https:\/\/agora.xtec.cat\/ceip-albert-vives\/wp-json\/wp\/v2\/comments?post=77"}],"version-history":[{"count":5,"href":"https:\/\/agora.xtec.cat\/ceip-albert-vives\/wp-json\/wp\/v2\/pages\/77\/revisions"}],"predecessor-version":[{"id":5356,"href":"https:\/\/agora.xtec.cat\/ceip-albert-vives\/wp-json\/wp\/v2\/pages\/77\/revisions\/5356"}],"up":[{"embeddable":true,"href":"https:\/\/agora.xtec.cat\/ceip-albert-vives\/wp-json\/wp\/v2\/pages\/66"}],"wp:attachment":[{"href":"https:\/\/agora.xtec.cat\/ceip-albert-vives\/wp-json\/wp\/v2\/media?parent=77"}],"curies":[{"name":"wp","href":"https:\/\/api.w.org\/{rel}","templated":true}]}}