{"id":73,"date":"2014-09-18T14:01:51","date_gmt":"2014-09-18T12:01:51","guid":{"rendered":"http:\/\/agora.xtec.cat\/ceip-albert-vives\/?page_id=73"},"modified":"2026-02-25T10:02:49","modified_gmt":"2026-02-25T09:02:49","slug":"menjador-escolar","status":"publish","type":"page","link":"https:\/\/agora.xtec.cat\/ceip-albert-vives\/serveis\/menjador-escolar\/","title":{"rendered":"MENJADOR ESCOLAR"},"content":{"rendered":"<p>&nbsp;<\/p>\n<p style=\"font-weight: 400;\">El menjador escolar de la nostra escola Mn Albert Vives el gestiona l&#8217;empresa IAUSA.<\/p>\n<p style=\"font-weight: 400;\">Dades de contacte de les persones que coordinen a cada menjador escolar<br \/>\n<a href=\"mailto:iausa@ccau.cat\">iausa@ccau.cat<\/a><\/p>\n<ul>\n<li style=\"font-weight: 400;\"><a href=\"mailto:monitors.albertvives@ccau.cat\">monitors.albertvives@ccau.cat<\/a>\u00a0&#8211; 628 414 071<\/li>\n<li style=\"font-weight: 400;\">Per tal de donar d\u2019alta i inscriure el vostre fill\/a al menjador escolar, heu d\u2019accedir al REGISTRE MENJADOR:<br \/>\n<a href=\"http:\/\/menjadors.alturgell.cat:8080\/RegistreMenjador\/ZonaPublica\/Tramits\/RegistreMenjador.aspx\" data-saferedirecturl=\"https:\/\/www.google.com\/url?q=http:\/\/menjadors.alturgell.cat:8080\/RegistreMenjador\/ZonaPublica\/Tramits\/RegistreMenjador.aspx&amp;source=gmail&amp;ust=1690816587811000&amp;usg=AOvVaw1HbvU2bgLVFg-q1IIZJkGU\">https:\/\/menjadors.alturgell.cat:8080\/RegistreMenjador\/ZonaPublica\/Tramits\/RegistreMenjador.aspx<\/a><\/li>\n<li style=\"font-weight: 400;\">podreu inscriure l\u2019assist\u00e8ncia al menjador escolar per tot el curs escolar, per mesos o setmanes. En el cas de voler anul\u00b7lar un dia el menjador, heu de fer un correu electr\u00f2nic al correu <a href=\"mailto:monitors.albertvives@ccau.cat\">monitors.albertvives<span class=\"\">@ccau.ca<\/span>t \u00a0<\/a>menjador de refer\u00e8ncia amb la m\u00e0xima antelaci\u00f3 possible.<\/li>\n<\/ul>\n<p style=\"font-weight: 400;\">Fer una bona previsi\u00f3 de l\u2019alumnat que es quedar\u00e0 a dinar permet:<\/p>\n<ul>\n<li style=\"font-weight: 400;\">Fer una bona previsi\u00f3 del menjar a comprar i a preparar , que permet ser molt m\u00e9s sostenibles i evitar el malbaratament alimentari.<\/li>\n<li style=\"font-weight: 400;\">I fer una bona previsi\u00f3 de monitoratge per atendre els infants i joves.<\/li>\n<\/ul>\n<p style=\"font-weight: 400;\">Us facilitem un manual de funcionament per a la inscripci\u00f3 al menjador escolar (Versi\u00f3 3. 20 de novembre de 2020)<\/p>\n<p style=\"font-weight: 400;\">Descarregar\u00a0<a href=\"http:\/\/www.alturgell.cat\/sites\/default\/files\/01-instruccio-familia-web-registre-menjador-v4.pdf\" data-saferedirecturl=\"https:\/\/www.google.com\/url?q=http:\/\/www.alturgell.cat\/sites\/default\/files\/01-instruccio-familia-web-registre-menjador-v4.pdf&amp;source=gmail&amp;ust=1690816587811000&amp;usg=AOvVaw2kLmecFwDOZaTyTcsnYWuW\">Manual inscripci\u00f3 menjador escolar<\/a><\/p>\n<p style=\"font-weight: 400;\">Descarregar\u00a0<a href=\"http:\/\/www.alturgell.cat\/sites\/default\/files\/educacio\/SEPA-menjador.pdf\" data-saferedirecturl=\"https:\/\/www.google.com\/url?q=http:\/\/www.alturgell.cat\/sites\/default\/files\/educacio\/SEPA-menjador.pdf&amp;source=gmail&amp;ust=1690816587811000&amp;usg=AOvVaw2cfsNRZgSVSV-hxdGYU-yl\">full SEPA<\/a>\u00a0per adjuntar a l\u2019apartat DOCUMENTACI\u00d3 APORTADA<\/p>\n<p style=\"font-weight: 400;\">Per qualsevol dubte, incid\u00e8ncia, consulta, o pregunta que ens vulgueu fer directament a l\u2019empresa IAUSA, us facilitem el nostre correu electr\u00f2nic:\u00a0<a href=\"mailto:iausa@ccau.cat\">iausa@ccau.cat<\/a><\/p>\n<p style=\"font-weight: 400;\"><strong>Si el vostre fill\/a t\u00e9 alguna intoler\u00e0ncia, al\u00b7l\u00e8rgia aliment\u00e0ria, o alguna informaci\u00f3 que necessitem saber, podeu fer-nos arribar informe m\u00e8dic<\/strong>\u00a0a:\u00a0<a href=\"mailto:iausa@ccau.cat\">iausa@ccau.cat<\/a><\/p>\n<p style=\"font-weight: 400;\">Per qualsevol dubte, estem a la vostra disposici\u00f3,<\/p>\n<p style=\"font-weight: 400;\"><strong>Educaci\u00f3\u00a0<\/strong><strong>(Consell Comarcal de l\u2019Alt Urgell)<\/strong><br \/>\n\u00c0rea d\u2019atenci\u00f3 a les persones<\/p>\n<p style=\"font-weight: 400;\">973 35 31 12<\/p>\n<p style=\"font-weight: 400;\"><a href=\"mailto:ensenyament@ccau.cat\">ensenyament@ccau.cat<\/a><br \/>\n<a href=\"http:\/\/www.ccau.cat\/\" data-saferedirecturl=\"https:\/\/www.google.com\/url?q=http:\/\/www.ccau.cat\/&amp;source=gmail&amp;ust=1690816587811000&amp;usg=AOvVaw0o3qY2Rktpa5F1IqH2yp4o\">www.ccau.cat<\/a><\/p>\n<p>&nbsp;<\/p>\n<p style=\"font-weight: 400;\"><strong><u>LA INSCRIPCI\u00d3 AL MENJADOR L\u2019HEU DE FER TOTES LES FAM\u00cdLIES\u00a0<\/u><\/strong>a trav\u00e9s de l&#8217;enlla\u00e7 seg\u00fcent:<\/p>\n<h4><a href=\"http:\/\/menjadors.alturgell.cat:8080\/RegistreMenjador\/ZonaPublica\/Tramits\/RegistreMenjador.aspx\" data-saferedirecturl=\"https:\/\/www.google.com\/url?q=http:\/\/menjadors.alturgell.cat:8080\/RegistreMenjador\/ZonaPublica\/Tramits\/RegistreMenjador.aspx&amp;source=gmail&amp;ust=1626790825561000&amp;usg=AFQjCNFUlYTLUsXI5_2jx28-X9xmcsJvUQ\"><strong>http:\/\/menjadors.alturgell.cat:8080\/RegistreMenjador\/ZonaPublica\/Tramits\/RegistreMenjador.aspx<\/strong><\/a><\/h4>\n<p style=\"font-weight: 400;\">* manual per ajudar a fer els tr\u00e0mits: <strong><a href=\"http:\/\/www.alturgell.cat\/sites\/default\/files\/educacio\/01_instruccio-familia-web-registre-menjador.pdf\" data-saferedirecturl=\"https:\/\/www.google.com\/url?q=http:\/\/www.alturgell.cat\/sites\/default\/files\/educacio\/01_instruccio-familia-web-registre-menjador.pdf&amp;source=gmail&amp;ust=1626790825561000&amp;usg=AFQjCNHb4T7dQXbdh31Fq6iaAlcTfUe8rA\">http:\/\/www.alturgell.cat\/sites\/default\/files\/educacio\/01_instruccio-familia-web-registre-menjador.pdf<\/a><\/strong><\/p>\n<p>DIFERENTS SUP\u00d2SITS<\/p>\n<ol>\n<li style=\"font-weight: 400;\"><strong>Les fam\u00edlies noves\u00a0 al centre o que encara no estigueu donats d\u2019alta<\/strong>, ho podeu fer a trav\u00e9s del link seg\u00fcent:<\/li>\n<\/ol>\n<p style=\"font-weight: 400;\"><a href=\"http:\/\/menjadors.alturgell.cat:8080\/RegistreMenjador\/ZonaPublica\/Tramits\/SollicitarTramit.aspx?tipus=MENJADORALTA\" data-saferedirecturl=\"https:\/\/www.google.com\/url?q=http:\/\/menjadors.alturgell.cat:8080\/RegistreMenjador\/ZonaPublica\/Tramits\/SollicitarTramit.aspx?tipus%3DMENJADORALTA&amp;source=gmail&amp;ust=1626790825561000&amp;usg=AFQjCNEGDddmnd8mMAa5WSPSlVDtcTlrqQ\">http:\/\/menjadors.alturgell.cat:8080\/RegistreMenjador\/ZonaPublica\/Tramits\/SollicitarTramit.aspx?tipus=MENJADORALTA<\/a><\/p>\n<p style=\"font-weight: 400;\">2. <strong>Les fam\u00edlies que ja esteu donades d\u2019alta del curs passat<\/strong>, podeu anotar l\u2019assist\u00e8ncia al menjador a trav\u00e9s del link seg\u00fcent:<\/p>\n<p style=\"font-weight: 400;\"><a href=\"http:\/\/menjadors.alturgell.cat:8080\/RegistreMenjador\/ZonaPublica\/Tramits\/SollicitarTramit.aspx?tipus=MENJADORASSIST\" data-saferedirecturl=\"https:\/\/www.google.com\/url?q=http:\/\/menjadors.alturgell.cat:8080\/RegistreMenjador\/ZonaPublica\/Tramits\/SollicitarTramit.aspx?tipus%3DMENJADORASSIST&amp;source=gmail&amp;ust=1626790825561000&amp;usg=AFQjCNG1g0vgH5YHqmPINhx8TnfuB4_hYQ\">http:\/\/menjadors.alturgell.cat:8080\/RegistreMenjador\/ZonaPublica\/Tramits\/SollicitarTramit.aspx?tipus=MENJADORASSIST<\/a><\/p>\n<p>TIPUS D&#8217;INSCRIPCI\u00d3:<\/p>\n<ul style=\"list-style-type: circle;\">\n<li>per tot el curs escolar,<\/li>\n<li>mensual o<\/li>\n<li>setmanal,<\/li>\n<\/ul>\n<p>RECOMANEM que fem la m\u00e0xima previsi\u00f3, i en cas que un dia puntual o uns dies perqu\u00e8 est\u00e0 malalt, &#8230; o per altra situacions, no ha d\u2019anar al menjador, <strong>podeu anul\u00b7lar-ho a trav\u00e9s del mail o per tel\u00e8fon\u00a0<\/strong><\/p>\n<p style=\"font-weight: 400;\">FAQs<\/p>\n<p style=\"font-weight: 400;\">Quins alumnes ho han de fer? <strong>Tot l\u2019alumnat que es queda a menjador: <\/strong>alumnat de transport, alumnat de pagament, alumnat amb beca menjador, alumnat amb beca menjador compactada, mestres, &#8230;<\/p>\n<p style=\"font-weight: 400;\">EXEMPLES D\u2019INSCRIPCI\u00d3:<\/p>\n<ol>\n<li style=\"font-weight: 400;\">Si un alumne es queda tot el curs, podreu marcar tot el curs escolar i nom\u00e9s caldr\u00e0 avisar de les abs\u00e8ncies a trav\u00e9s del coordinador per correu electr\u00f2nic o tel\u00e8fon.<\/li>\n<li style=\"font-weight: 400;\">Si un alumne es queda per exemple nom\u00e9s els dimecres, podr\u00e0 marcar tots els dimecres del calendari anual.<\/li>\n<li style=\"font-weight: 400;\">Si alg\u00fa vol fer inscripci\u00f3 cada mes o cada setmana tamb\u00e9 ser\u00e0 possible.<\/li>\n<li style=\"font-weight: 400;\">I si alg\u00fa necessita un dia molt puntual i ho sap el mateix dia, podeu trucar o fer un mail a les dades que teniu aqu\u00ed a sota.<\/li>\n<\/ol>\n<p><strong><u>PER AVISAR QUE ALGUN\u00a0DIA EL VOSTRE FILL\/A NO ES\u00a0 QUEDAR\u00c0<\/u><\/strong>, podeu fer-ho:<\/p>\n<ul>\n<li style=\"font-weight: 400;\">per\u00a0<strong>l\u2019aplicatiu\u00a0de la web,\u00a0<\/strong><\/li>\n<li style=\"font-weight: 400;\">pel correu\u00a0<u><a href=\"mailto:monitors.albertvives@ccau.cat\">monitors.albertvives@ccau.cat<\/a><\/u><\/li>\n<li style=\"font-weight: 400;\">o trucant al tel\u00e8fon\u00a0<strong>628414071<\/strong>.<\/li>\n<\/ul>\n<p style=\"font-weight: 400;\"><u>Com m\u00e9s aviat aviseu millor, per\u00f2 teniu com a\u00a0<\/u><strong><u>l\u00edmit les 10h del mat\u00ed del mateix dia<\/u><\/strong><u>.<\/u>\u00a0Si no ho f\u00e9ssiu se us cobraria l\u2019import.<\/p>\n<p style=\"font-weight: 400;\"><strong>I recordeu que per qualsevol dubte, truqueu-nos, us informarem i ajudarem.<\/strong><\/p>\n<p style=\"font-weight: 400;\"><strong>Tel\u00e8fon: 628 41 40 71\u00a0<\/strong><\/p>\n<h2>correu electr\u00f2nic:\u00a0<a href=\"mailto:monitors.albertvives@ccau.cat\">monitors.albertvives@ccau.cat<\/a><\/h2>\n<p style=\"font-weight: 400;\"><strong>* Us recordem tamb\u00e9 que a la p\u00e0gina web de l\u2019escola hi teniu el men\u00fa del mes.\u00a0\u00a0<\/strong><a href=\"https:\/\/agora.xtec.cat\/ceip-albert-vives\/\" data-saferedirecturl=\"https:\/\/www.google.com\/url?q=https:\/\/agora.xtec.cat\/ceip-albert-vives\/&amp;source=gmail&amp;ust=1626790825562000&amp;usg=AFQjCNHlQKe6l8puN2qGr4UXnADIYZd8iA\">https:\/\/agora.xtec.cat\/ceip-albert-vives\/<\/a><\/p>\n<p style=\"font-weight: 400;\">&#8212;&#8212;&#8212;&#8212;&#8212;&#8212;&#8212;&#8212;&#8212;&#8212;&#8212;&#8212;&#8212;&#8212;&#8212;&#8212;&#8212;&#8212;&#8212;&#8212;&#8212;&#8212;&#8212;&#8212;&#8212;&#8212;&#8212;&#8212;&#8212;&#8212;&#8212;&#8212;&#8212;&#8212;&#8212;&#8212;&#8212;&#8212;&#8212;&#8212;&#8212;&#8212;&#8212;-<\/p>\n<ul>\n<li style=\"font-weight: 400;\"><strong><u>DEC\u00c0LEG D\u2019H\u00c0BITS DE MENJADOR<\/u><\/strong><\/li>\n<\/ul>\n<p style=\"font-weight: 400;\"><strong>1.- Cal con\u00e8ixer els diferents aliments i mantenir una dieta equilibrada.\u00a0<\/strong><strong><br \/>\n<\/strong><strong>2.- Hem de comprendre que necessitem els aliments per cr\u00e9ixer i que cal menjar de tot.<\/strong><strong><br \/>\n<\/strong><strong>3.- Cal mantenir un comportament correcte a taula i parlar amb un to de veu moderat, cal respectar a l\u2019equip de monitoratge i a l\u2019equip de cuina com si fossin mestres del centre.<\/strong><strong><br \/>\n<\/strong><strong>4.- Hem de menjar a poc a poc i mastegar els aliments amb la boca tancada.<\/strong><strong><br \/>\n<\/strong><strong>5.- Hem d\u2019evitar parlar amb la boca plena.<\/strong><strong><br \/>\n<\/strong><strong>6.- Cal seure a taula de forma correcta i demanar perm\u00eds per aixecar-se.<\/strong><strong><br \/>\n<\/strong><strong>7.- No menjar coses que han caigut a terra.<\/strong><strong><br \/>\n<\/strong><strong>8.- Cal netejar-se les mans abans de dinar i despr\u00e9s d\u2019anar al lavabo.<\/strong><strong><br \/>\n<\/strong><strong>9.- Cal fer \u00fas dels coberts per menjar.<\/strong><strong><br \/>\n<\/strong><strong>10.-Ens hem de netejar les dents despr\u00e9s de dinar (en situaci\u00f3 de COVID-19 no es pot realitzar).<\/strong><\/p>\n<p>&nbsp;<\/p>\n","protected":false},"excerpt":{"rendered":"<p>&nbsp;<br \/>\nEl menjador escolar de la nostra escola Mn Albert Vives el gestiona l&#8217;empresa IAUSA.<br \/>\nDades de contacte de les persones que coordinen a cada menjador escolar<br \/>\n<a href=\"mailto:iausa@ccau.cat\">iausa@ccau.cat<\/a><\/p>\n<ul>\n<li style=\"font-weight: 400;\"><a href=\"mailto:monitors.albertvives@ccau.cat\">monitors.albertvives@ccau.cat<\/a>\u00a0&#8211; 628 414 071<\/li>\n<li style=\"font-weight: 400;\">Per tal de donar d\u2019alta i inscriure el vostre fill\/a al menjador&hellip;  <a href=\"https:\/\/agora.xtec.cat\/ceip-albert-vives\/serveis\/menjador-escolar\/\" title=\"Read MENJADOR ESCOLAR\">Llegeix m\u00e9s\u00bb<\/a><br \/>\n","protected":false},"author":1,"featured_media":0,"parent":66,"menu_order":30,"comment_status":"closed","ping_status":"closed","template":"page-templates\/side-menu.php","meta":{"_bbp_topic_count":0,"_bbp_reply_count":0,"_bbp_total_topic_count":0,"_bbp_total_reply_count":0,"_bbp_voice_count":0,"_bbp_anonymous_reply_count":0,"_bbp_topic_count_hidden":0,"_bbp_reply_count_hidden":0,"_bbp_forum_subforum_count":0,"footnotes":""},"class_list":["post-73","page","type-page","status-publish","hentry"],"post_mailing_queue_ids":[],"_links":{"self":[{"href":"https:\/\/agora.xtec.cat\/ceip-albert-vives\/wp-json\/wp\/v2\/pages\/73","targetHints":{"allow":["GET"]}}],"collection":[{"href":"https:\/\/agora.xtec.cat\/ceip-albert-vives\/wp-json\/wp\/v2\/pages"}],"about":[{"href":"https:\/\/agora.xtec.cat\/ceip-albert-vives\/wp-json\/wp\/v2\/types\/page"}],"author":[{"embeddable":true,"href":"https:\/\/agora.xtec.cat\/ceip-albert-vives\/wp-json\/wp\/v2\/users\/1"}],"replies":[{"embeddable":true,"href":"https:\/\/agora.xtec.cat\/ceip-albert-vives\/wp-json\/wp\/v2\/comments?post=73"}],"version-history":[{"count":7,"href":"https:\/\/agora.xtec.cat\/ceip-albert-vives\/wp-json\/wp\/v2\/pages\/73\/revisions"}],"predecessor-version":[{"id":6049,"href":"https:\/\/agora.xtec.cat\/ceip-albert-vives\/wp-json\/wp\/v2\/pages\/73\/revisions\/6049"}],"up":[{"embeddable":true,"href":"https:\/\/agora.xtec.cat\/ceip-albert-vives\/wp-json\/wp\/v2\/pages\/66"}],"wp:attachment":[{"href":"https:\/\/agora.xtec.cat\/ceip-albert-vives\/wp-json\/wp\/v2\/media?parent=73"}],"curies":[{"name":"wp","href":"https:\/\/api.w.org\/{rel}","templated":true}]}}