{"id":66,"date":"2014-09-18T12:40:47","date_gmt":"2014-09-18T11:40:47","guid":{"rendered":"http:\/\/agora.xtec.cat\/ceip-albert-vives\/?page_id=66"},"modified":"2021-05-23T20:59:34","modified_gmt":"2021-05-23T18:59:34","slug":"serveis","status":"publish","type":"page","link":"https:\/\/agora.xtec.cat\/ceip-albert-vives\/serveis\/","title":{"rendered":"Serveis"},"content":{"rendered":"<p>En aquest secci\u00f3 informem a les fam\u00edlies dels serveis que ofereix el centre. La missi\u00f3 educativa no es limita a l&#8217;eix curricular, per aix\u00f2\u00a0la nostra escola us ofereix els seg\u00fcents serveis:<\/p>\n<ul>\n<li>El menjador escolar<\/li>\n<li>L&#8217;acollida matinal<\/li>\n<li>El transport escolar<\/li>\n<li>Els esports extraescolars<\/li>\n<li>Les activitats extraescolars<\/li>\n<\/ul>\n","protected":false},"excerpt":{"rendered":"<p>En aquest secci\u00f3 informem a les fam\u00edlies dels serveis que ofereix el centre. La missi\u00f3 educativa no es limita a l&#8217;eix curricular, per aix\u00f2\u00a0la nostra escola us ofereix els seg\u00fcents serveis:<\/p>\n<ul>\n<li>El menjador escolar<\/li>\n<li>L&#8217;acollida matinal<\/li>\n<li>El transport escolar<\/li>\n<li>Els esports extraescolars<\/li>\n<li>Les activitats extraescolars<\/li>\n<\/ul>\n","protected":false},"author":1,"featured_media":0,"parent":0,"menu_order":0,"comment_status":"closed","ping_status":"closed","template":"page-templates\/side-menu.php","meta":{"_bbp_topic_count":0,"_bbp_reply_count":0,"_bbp_total_topic_count":0,"_bbp_total_reply_count":0,"_bbp_voice_count":0,"_bbp_anonymous_reply_count":0,"_bbp_topic_count_hidden":0,"_bbp_reply_count_hidden":0,"_bbp_forum_subforum_count":0,"footnotes":""},"class_list":["post-66","page","type-page","status-publish","hentry"],"post_mailing_queue_ids":[],"_links":{"self":[{"href":"https:\/\/agora.xtec.cat\/ceip-albert-vives\/wp-json\/wp\/v2\/pages\/66","targetHints":{"allow":["GET"]}}],"collection":[{"href":"https:\/\/agora.xtec.cat\/ceip-albert-vives\/wp-json\/wp\/v2\/pages"}],"about":[{"href":"https:\/\/agora.xtec.cat\/ceip-albert-vives\/wp-json\/wp\/v2\/types\/page"}],"author":[{"embeddable":true,"href":"https:\/\/agora.xtec.cat\/ceip-albert-vives\/wp-json\/wp\/v2\/users\/1"}],"replies":[{"embeddable":true,"href":"https:\/\/agora.xtec.cat\/ceip-albert-vives\/wp-json\/wp\/v2\/comments?post=66"}],"version-history":[{"count":2,"href":"https:\/\/agora.xtec.cat\/ceip-albert-vives\/wp-json\/wp\/v2\/pages\/66\/revisions"}],"predecessor-version":[{"id":3381,"href":"https:\/\/agora.xtec.cat\/ceip-albert-vives\/wp-json\/wp\/v2\/pages\/66\/revisions\/3381"}],"wp:attachment":[{"href":"https:\/\/agora.xtec.cat\/ceip-albert-vives\/wp-json\/wp\/v2\/media?parent=66"}],"curies":[{"name":"wp","href":"https:\/\/api.w.org\/{rel}","templated":true}]}}