{"id":568,"date":"2018-05-04T15:00:14","date_gmt":"2018-05-04T13:00:14","guid":{"rendered":"http:\/\/agora.xtec.cat\/ceip-albert-vives\/?page_id=568"},"modified":"2025-09-29T16:12:49","modified_gmt":"2025-09-29T14:12:49","slug":"ampa","status":"publish","type":"page","link":"https:\/\/agora.xtec.cat\/ceip-albert-vives\/ampa\/","title":{"rendered":"AFA Associaci\u00f3 de Fam\u00edlies d&#8217;Alumnes."},"content":{"rendered":"<h3>TEL\u00c8FON AFA:\u00a0 \u00a0621278165<\/h3>\n<h3>P\u00c0GINA WEB AFA:<\/h3>\n<p style=\"text-align: center;\"><a href=\"https:\/\/afalbertvives.cat\/\">https:\/\/afalbertvives.cat\/<\/a><\/p>\n<p>&nbsp;<\/p>\n<p style=\"text-align: center;\"><strong>CORREU DE CONTACTE AFA:<\/strong> <a href=\"mailto:afa@afalbertvives.cat\"><strong>afa@afalbertvives.cat<\/strong><\/a><\/p>\n<p><a href=\"https:\/\/agora.xtec.cat\/ceip-albert-vives\/wp-content\/uploads\/usu1841\/2021\/06\/Captura-afa.jpg\"><img loading=\"lazy\" decoding=\"async\" class=\"alignnone size-large wp-image-3519\" src=\"https:\/\/agora.xtec.cat\/ceip-albert-vives\/wp-content\/uploads\/usu1841\/2021\/06\/Captura-afa-1024x306.jpg\" alt=\"\" width=\"1024\" height=\"306\" srcset=\"https:\/\/agora.xtec.cat\/ceip-albert-vives\/wp-content\/uploads\/usu1841\/2021\/06\/Captura-afa-1024x306.jpg 1024w, https:\/\/agora.xtec.cat\/ceip-albert-vives\/wp-content\/uploads\/usu1841\/2021\/06\/Captura-afa-300x90.jpg 300w, https:\/\/agora.xtec.cat\/ceip-albert-vives\/wp-content\/uploads\/usu1841\/2021\/06\/Captura-afa-768x230.jpg 768w, https:\/\/agora.xtec.cat\/ceip-albert-vives\/wp-content\/uploads\/usu1841\/2021\/06\/Captura-afa.jpg 1704w\" sizes=\"auto, (max-width: 1024px) 100vw, 1024px\" \/><\/a><\/p>\n<p>&nbsp;<\/p>\n<p style=\"text-align: left;\"><a href=\"https:\/\/drive.google.com\/file\/d\/1ulHMkVi23p5JQeoRCWrXNvBZ09qcrj2E\/view?usp=sharing\"><strong>ACTIVITATS EXTRAESCOLARS<\/strong><\/a><\/p>\n<p style=\"text-align: left;\">La Junta de l\u2019AFA la formen les fam\u00edlies donant suport al projecte educatiu de la nostra escola i col\u00b7laborant amb el bon funcionament del centre.<\/p>\n<p style=\"text-align: left;\">\u00c9s una associaci\u00f3 oberta a tots els pares, mares i fam\u00edlies que hi vulguin participar.<br \/>\nL&#8217;AFA s&#8217;ocupa fonamentalment d&#8217;organitzar activitats extraescolars: formatives i de lleure dins el recinte escolar fora de l&#8217;horari lectiu.<br \/>\nL&#8217;AFA participa i organitza tamb\u00e9 en les festes i actes l\u00fadics que duu a terme l&#8217;escola i forma part del Consell Escolar.<\/p>\n<table style=\"width: 49.4283%; height: 175px;\" border=\"2\" cellspacing=\"2\" cellpadding=\"2\">\n<tbody>\n<tr style=\"height: 33px;\">\n<td style=\"height: 33px; text-align: center;\" colspan=\"2\">\n<div style=\"text-align: center;\" align=\"center\"><b>Presidenta <\/b>Maria Bullich Hereter<\/div>\n<\/td>\n<\/tr>\n<tr style=\"height: 33px;\">\n<td style=\"width: 48.974%; height: 33px; text-align: center;\" colspan=\"2\">\n<div style=\"text-align: center;\" align=\"center\"><b>Vicepresidenta <\/b>Montserrat Graell Tor<\/div>\n<\/td>\n<\/tr>\n<tr style=\"height: 33px;\">\n<td style=\"width: 48.974%; height: 33px; text-align: center;\" colspan=\"2\">\n<div align=\"center\"><b>Secret\u00e0ria\u00a0 <\/b>Cristina Llah\u00ed Rib\u00f3<\/div>\n<\/td>\n<\/tr>\n<tr style=\"height: 33px;\">\n<td style=\"width: 37.7565%; height: 33px; text-align: center;\" colspan=\"2\" height=\"46\"><b>Tresorera\u00a0 <\/b>N\u00faria Trench Ribes<\/td>\n<\/tr>\n<tr style=\"height: 10px;\">\n<td style=\"width: 48.974%; height: 10px; text-align: center;\" colspan=\"2\">\n<div style=\"text-align: center;\" align=\"center\"><strong>\u00a0 \u00a0 \u00a0 Vocals<\/strong><\/div>\n<div align=\"center\"><\/div>\n<\/td>\n<\/tr>\n<tr style=\"height: 33px;\">\n<td style=\"width: 37.7565%; height: 33px; text-align: center;\" colspan=\"2\">\n<div align=\"center\">Neus Aulesa Isern<\/div>\n<div align=\"center\">Mari Sanvicens Gir\u00f3<\/div>\n<div align=\"center\">Josep Anton Graell Tor<\/div>\n<div align=\"center\">Neus Trench Jov\u00e9<\/div>\n<div align=\"center\">Ra\u00fal Guillam\u00f3n Garc\u00eda<\/div>\n<div align=\"center\">Meritxell Guiu Vidal<\/div>\n<div align=\"center\">Marta Jordana Puigdemassa<\/div>\n<div align=\"center\">\u00d3scar Lluch Serrat<\/div>\n<div align=\"center\">Immaculada Porta F\u00e0brega<\/div>\n<div align=\"center\">Marina Trav\u00e9 Requena<\/div>\n<div align=\"center\">Carla Fornesa Roca<\/div>\n<\/td>\n<\/tr>\n<\/tbody>\n<\/table>\n<p>&nbsp;<\/p>\n<p><strong>FUNCIONS<\/strong>:<\/p>\n<p>S\u2019ocupa de la gesti\u00f3 i venda dels llibres per a poder abaratir els mateixos amb un\u00a0 <strong>descompte del 20%<\/strong>\u00a0del seu preu habitual.<br \/>\nA partir de 3r curs tamb\u00e9 es fa el programa de reciclatge de llibres amb el qual estalvien molts diners a les fam\u00edlies.<br \/>\nLes activitats extraescolars que gestiona l&#8217;AFA estan bonificades per als socis.<br \/>\nTots els diners que recapten, mitjan\u00e7ant ajuts o romanents de les activitats, es destinen a millores a l&#8217;escola: projectes complementris educatius, llibres i contes, equipaments inform\u00e0tics, material per a rob\u00f2tica, projectes innovadors d&#8217;aprenentatge,&#8230; sempre per a tots l&#8217;alumnat del centre.<\/p>\n","protected":false},"excerpt":{"rendered":"<p>TEL\u00c8FON AFA:\u00a0 \u00a0621278165<br \/>\nP\u00c0GINA WEB AFA:<br \/>\n<a href=\"https:\/\/afalbertvives.cat\/\">https:\/\/afalbertvives.cat\/<\/a><br \/>\n&nbsp;<br \/>\nCORREU DE CONTACTE AFA: <a href=\"mailto:afa@afalbertvives.cat\">afa@afalbertvives.cat<\/a><br \/>\n<a href=\"https:\/\/agora.xtec.cat\/ceip-albert-vives\/wp-content\/uploads\/usu1841\/2021\/06\/Captura-afa.jpg\"><\/a><br \/>\n&nbsp;<br \/>\n<a href=\"https:\/\/drive.google.com\/file\/d\/1ulHMkVi23p5JQeoRCWrXNvBZ09qcrj2E\/view?usp=sharing\">ACTIVITATS EXTRAESCOLARS<\/a><br \/>\nLa Junta de l\u2019AFA la formen les fam\u00edlies donant suport al projecte educatiu de la nostra escola i col\u00b7laborant amb el bon funcionament del centre.<br \/>\n\u00c9s una associaci\u00f3 oberta a tots els pares,&hellip;  <a href=\"https:\/\/agora.xtec.cat\/ceip-albert-vives\/ampa\/\" title=\"Read AFA Associaci\u00f3 de Fam\u00edlies d&#8217;Alumnes.\">Llegeix m\u00e9s\u00bb<\/a><\/p>\n","protected":false},"author":1,"featured_media":0,"parent":0,"menu_order":0,"comment_status":"closed","ping_status":"closed","template":"","meta":{"_bbp_topic_count":0,"_bbp_reply_count":0,"_bbp_total_topic_count":0,"_bbp_total_reply_count":0,"_bbp_voice_count":0,"_bbp_anonymous_reply_count":0,"_bbp_topic_count_hidden":0,"_bbp_reply_count_hidden":0,"_bbp_forum_subforum_count":0,"footnotes":""},"class_list":["post-568","page","type-page","status-publish","hentry"],"post_mailing_queue_ids":[],"_links":{"self":[{"href":"https:\/\/agora.xtec.cat\/ceip-albert-vives\/wp-json\/wp\/v2\/pages\/568","targetHints":{"allow":["GET"]}}],"collection":[{"href":"https:\/\/agora.xtec.cat\/ceip-albert-vives\/wp-json\/wp\/v2\/pages"}],"about":[{"href":"https:\/\/agora.xtec.cat\/ceip-albert-vives\/wp-json\/wp\/v2\/types\/page"}],"author":[{"embeddable":true,"href":"https:\/\/agora.xtec.cat\/ceip-albert-vives\/wp-json\/wp\/v2\/users\/1"}],"replies":[{"embeddable":true,"href":"https:\/\/agora.xtec.cat\/ceip-albert-vives\/wp-json\/wp\/v2\/comments?post=568"}],"version-history":[{"count":6,"href":"https:\/\/agora.xtec.cat\/ceip-albert-vives\/wp-json\/wp\/v2\/pages\/568\/revisions"}],"predecessor-version":[{"id":5848,"href":"https:\/\/agora.xtec.cat\/ceip-albert-vives\/wp-json\/wp\/v2\/pages\/568\/revisions\/5848"}],"wp:attachment":[{"href":"https:\/\/agora.xtec.cat\/ceip-albert-vives\/wp-json\/wp\/v2\/media?parent=568"}],"curies":[{"name":"wp","href":"https:\/\/api.w.org\/{rel}","templated":true}]}}