{"id":38,"date":"2014-09-18T12:34:08","date_gmt":"2014-09-18T11:34:08","guid":{"rendered":"http:\/\/agora.xtec.cat\/ceip-albert-vives\/?page_id=38"},"modified":"2025-05-05T17:04:41","modified_gmt":"2025-05-05T15:04:41","slug":"salut","status":"publish","type":"page","link":"https:\/\/agora.xtec.cat\/ceip-albert-vives\/lescola\/salut\/","title":{"rendered":"Salut"},"content":{"rendered":"<p>El car\u00e0cter d\u2019aquesta p\u00e0gina \u00e9s b\u00e0sicament informatiu. En aquesta secci\u00f3 fem una refer\u00e8ncia a q\u00fcestions de salut que poden afectar directament als alumnes del centre.<\/p>\n<p>&nbsp;<\/p>\n<p>+++++++++++++++++++++++++++++++++++++++++++++++++++++++++++++++++++++++++++++++++++++++++++++++++++++++++++++++++++++++++++++++++++++<\/p>\n<ul>\n<li><a href=\"https:\/\/drive.google.com\/file\/d\/1ja7UBe4MSXMNoUfA091aHGJBavVJdIRm\/view?usp=drive_link\"><strong>Criteris de no assist\u00e8ncia de l\u2019alumnat a l\u2019escola o la llar d\u2019infants durant un per\u00edode de temps determinat a causade malalties transmissibles. <\/strong><\/a><\/li>\n<\/ul>\n<h5><strong>\u00a0 \u00a0 \u00a0 \u00a0 Actualitzaci\u00f3 mar\u00e7 2025.<\/strong><\/h5>\n<p>++++++++++++++++++++++++++++++++++++++++++++++++++++++++++++++++++++++++++++++++++++++++++++++++++++++++++++++++++++++++++++++++++++++<\/p>\n<p><strong>MALALTIES TRANSMISSIBLES:<\/strong><\/p>\n<p>Les <strong>malalties infeccioses<\/strong> que es poden transmetre d\u2019una persona a una altra per qualsevol mecanisme (<strong>malalties transmissibles<\/strong>) s\u00f3n freq\u00fcents en nens escolaritzats. En general, quan<br \/>\nels nens estiguin afectats per infeccions respirat\u00f2ries lleus, no cal excloure\u2019ls de l\u2019escola. A m\u00e9s, cal tenir en compte que la transmissi\u00f3 t\u00e9 lloc abans que apareguin els s\u00edmptomes o a<br \/>\npartir del contacte amb nens amb infeccions asimptom\u00e0tiques. El risc de contagi es pot minimitzar seguint les normes higi\u00e8niques habituals. L\u2019exclusi\u00f3 dels nens malalts de l\u2019escola<br \/>\nes recomana quan, potencialment, es poden reduir les probabilitats d\u2019aparici\u00f3 de casos secundaris.<br \/>\nPer a saber com tractar els problemes de <strong>malalties transmissibles<\/strong>, <a href=\"https:\/\/www.pediatriadelspirineus.org\/files\/public\/docs\/Exclusio%20escolar.pdf\">cliqueu aqu\u00ed<\/a>.<\/p>\n<p><strong>MEDICAMENTS:<\/strong><\/p>\n<p>D\u2019acord amb el que disposa la Normativa del Departament d\u2019Ensenyament queda establert: \u201c<em>Per administrar medicaments als alumnes cal que el pare, mare o tutor legal aporti una recepta o informe del metge o metgessa on hi consti el nom de l\u2019alumne\/a, la pauta i el nom del medicament que ha de prendre. Aix\u00ed mateix el pare, mare o tutor legal han d\u2019aportar un escrit on es demani i s\u2019autoritzi al personal del centre docent que administri al fill o filla la medicaci\u00f3 prescrita sempre que sigui imprescindible la seva administraci\u00f3 en horari lectiu<\/em>\u201c.<\/p>\n<p>Preguem tingueu en compte aquesta normativa quan els vostres fills\/es hagin de prendre algun medicament.<\/p>\n<p><strong>Cal emplenar el model d\u2019autoritzaci\u00f3 que hi ha a secretaria i que tamb\u00e9 us podeu descarregar:<\/strong><a href=\"http:\/\/agora.xtec.cat\/ceipalba\/wp-content\/uploads\/usu598\/2017\/08\/Administraci%C3%B3-medicaments.doc\" target=\"_blank\" rel=\"noopener noreferrer\">\u00a0<\/a><a href=\"https:\/\/drive.google.com\/open?id=1jbXpY4Iicvgxb1mNhT-D5irB2EIOxEO3\">clica aqu\u00ed<\/a>.<\/p>\n<p><strong>Sense aquesta autoritzaci\u00f3 i la prescripci\u00f3 corresponent, el personal de l\u2019escola no podr\u00e0 administrar cap tipus de medicaci\u00f3.<\/strong><\/p>\n<p>Per administrar <strong>paracetamol<\/strong> als infants cal tenir l\u2019autoritzaci\u00f3 del pare, mare o tutor: <a href=\"https:\/\/drive.google.com\/open?id=102WhIahzP2TZyjCvWR8bS2JCq-VSORUj\">clica aqu\u00ed<\/a>.<\/p>\n<p><strong>AL\u00b7L\u00c8RGIES:<\/strong><\/p>\n<p>La fam\u00edlia de l&#8217;alumne amb al\u00b7l\u00e8rgia aliment\u00e0ria i\/o al l\u00e0tex ha d&#8217;informar-ne els responsables del centre educatiu a l&#8217;inici de l&#8217;escolaritzaci\u00f3 o quan en tingui coneixement.<br \/>\nLa fam\u00edlia ha d&#8217;aportar al centre la\u00a0<strong>documentaci\u00f3<\/strong>\u00a0seg\u00fcent:<\/p>\n<ul>\n<li><strong>Informe m\u00e8dic\u00a0<\/strong>signat per l&#8217;equip sanitari responsable, on han de constar totes les dades de la malaltia de l&#8217;infant, les actuacions que cal fer i els tel\u00e8fons dels referents sanitaris.<\/li>\n<li>Impr\u00e8s signat amb la\u00a0<strong>recollida d&#8217;informaci\u00f3<\/strong>\u00a0on es detalla el tipus d&#8217;al\u00b7l\u00e8rgia de l&#8217;alumne, les vies d&#8217;entrada i el tipus de reacci\u00f3 (<a class=\"descargar\" title=\"Obre finestra nova (descarregar document)\" href=\"https:\/\/drive.google.com\/open?id=1Vnyhu-AWaefDPYVf1-RJF1-G3VKCYz4T\" target=\"_blank\" rel=\"noopener noreferrer\">annex 1<\/a>).<\/li>\n<li>Impr\u00e8s de\u00a0<strong>sol\u00b7licitud<\/strong>\u00a0signat i autoritzaci\u00f3 d&#8217;administraci\u00f3 de la medicaci\u00f3 prescrita i l&#8217;atenci\u00f3 espec\u00edfica prescrita i pautada pel metge o metgessa (<a href=\"https:\/\/drive.google.com\/open?id=1zhkpUaxmGPtAFt274j_0zE8pK_3RM2H4\">annex 2<\/a>).<\/li>\n<\/ul>\n<p><strong>PAR\u00c0SITS:<\/strong><\/p>\n<p>Per a saber com tractar els problemes de <strong>polls<\/strong>, <a href=\"http:\/\/medicaments.gencat.cat\/ca\/ciutadania\/tractaments\/polls-consells-per-detectar-los-i-eliminar-los\/\">cliqueu aqu\u00ed<\/a>.<\/p>\n<p>Us recordem que els alumnes en tenen moltes vegades i f\u00e0cilment s&#8217;escampen. Us recordem que cal revisar peri\u00f2dicament els caps dels vostres fill\/es i prendre les mesures higi\u00e8niques de manera constant per tal d&#8217;erradicar-los, pel b\u00e9 de tots.<\/p>\n<p>&#8212;&#8212;&#8212;&#8212;&#8212;&#8212;&#8212;&#8212;&#8212;&#8212;&#8212;&#8212;&#8212;&#8212;&#8212;&#8212;&#8212;&#8212;&#8212;&#8212;&#8212;&#8212;&#8212;&#8212;&#8212;&#8212;&#8212;&#8212;&#8212;&#8212;&#8212;&#8212;&#8212;&#8212;&#8212;&#8212;&#8212;&#8212;&#8212;&#8212;&#8212;&#8212;&#8212;&#8212;&#8212;&#8212;&#8212;&#8212;&#8212;&#8212;&#8212;&#8212;&#8212;&#8212;&#8212;&#8212;&#8212;&#8212;&#8212;&#8212;&#8212;&#8212;&#8212;&#8212;&#8212;&#8212;&#8212;&#8212;&#8212;&#8212;&#8212;&#8212;&#8212;&#8212;&#8212;&#8212;&#8212;-<\/p>\n<p><strong>DECLARACI\u00d3 RESPONSABLE SALUT acc\u00e9s al centre . (covid-19)<\/strong><\/p>\n<p><a href=\"https:\/\/drive.google.com\/file\/d\/1_zdIX6s2U2OymQsnjuGqs2sA-f6gxQcU\/view?usp=sharing\">ENLLA\u00c7 AL PDF<\/a><\/p>\n<p>&nbsp;<\/p>\n<p>&nbsp;<\/p>\n<p>&nbsp;<\/p>\n<p>&nbsp;<\/p>\n","protected":false},"excerpt":{"rendered":"<p>El car\u00e0cter d\u2019aquesta p\u00e0gina \u00e9s b\u00e0sicament informatiu. En aquesta secci\u00f3 fem una refer\u00e8ncia a q\u00fcestions de salut que poden afectar directament als alumnes del centre.<br \/>\n&nbsp;<br \/>\n+++++++++++++++++++++++++++++++++++++++++++++++++++++++++++++++++++++++++++++++++++++++++++++++++++++++++++++++++++++++++++++++++++++<\/p>\n<ul>\n<li><a href=\"https:\/\/drive.google.com\/file\/d\/1ja7UBe4MSXMNoUfA091aHGJBavVJdIRm\/view?usp=drive_link\">Criteris de no assist\u00e8ncia de l\u2019alumnat a l\u2019escola o la llar d\u2019infants durant un per\u00edode de temps determinat a causade&hellip;  <a href=\"https:\/\/agora.xtec.cat\/ceip-albert-vives\/lescola\/salut\/\" title=\"Read Salut\">Llegeix m\u00e9s\u00bb<\/a><br \/>\n","protected":false},"author":1,"featured_media":0,"parent":22,"menu_order":80,"comment_status":"closed","ping_status":"closed","template":"page-templates\/side-menu.php","meta":{"_bbp_topic_count":0,"_bbp_reply_count":0,"_bbp_total_topic_count":0,"_bbp_total_reply_count":0,"_bbp_voice_count":0,"_bbp_anonymous_reply_count":0,"_bbp_topic_count_hidden":0,"_bbp_reply_count_hidden":0,"_bbp_forum_subforum_count":0,"footnotes":""},"class_list":["post-38","page","type-page","status-publish","hentry"],"post_mailing_queue_ids":[],"_links":{"self":[{"href":"https:\/\/agora.xtec.cat\/ceip-albert-vives\/wp-json\/wp\/v2\/pages\/38","targetHints":{"allow":["GET"]}}],"collection":[{"href":"https:\/\/agora.xtec.cat\/ceip-albert-vives\/wp-json\/wp\/v2\/pages"}],"about":[{"href":"https:\/\/agora.xtec.cat\/ceip-albert-vives\/wp-json\/wp\/v2\/types\/page"}],"author":[{"embeddable":true,"href":"https:\/\/agora.xtec.cat\/ceip-albert-vives\/wp-json\/wp\/v2\/users\/1"}],"replies":[{"embeddable":true,"href":"https:\/\/agora.xtec.cat\/ceip-albert-vives\/wp-json\/wp\/v2\/comments?post=38"}],"version-history":[{"count":6,"href":"https:\/\/agora.xtec.cat\/ceip-albert-vives\/wp-json\/wp\/v2\/pages\/38\/revisions"}],"predecessor-version":[{"id":5672,"href":"https:\/\/agora.xtec.cat\/ceip-albert-vives\/wp-json\/wp\/v2\/pages\/38\/revisions\/5672"}],"up":[{"embeddable":true,"href":"https:\/\/agora.xtec.cat\/ceip-albert-vives\/wp-json\/wp\/v2\/pages\/22"}],"wp:attachment":[{"href":"https:\/\/agora.xtec.cat\/ceip-albert-vives\/wp-json\/wp\/v2\/media?parent=38"}],"curies":[{"name":"wp","href":"https:\/\/api.w.org\/{rel}","templated":true}]}}