{"id":30,"date":"2014-09-18T12:30:23","date_gmt":"2014-09-18T10:30:23","guid":{"rendered":"http:\/\/agora.xtec.cat\/ceip-albert-vives\/?page_id=30"},"modified":"2021-05-23T20:44:54","modified_gmt":"2021-05-23T18:44:54","slug":"instal%c2%b7lacions","status":"publish","type":"page","link":"https:\/\/agora.xtec.cat\/ceip-albert-vives\/lescola\/instal%c2%b7lacions\/","title":{"rendered":"Instal\u00b7lacions"},"content":{"rendered":"<p style=\"text-align: center;\">\r\n\t<div class=\"slideshow_container slideshow_container_style-light\" style=\"height: 500px; \" data-slideshow-id=\"627\" data-style-name=\"style-light\" data-style-version=\"2.3.1\" >\r\n\r\n\t\t\t\t\t<div class=\"slideshow_loading_icon\"><\/div>\r\n\t\t\r\n\t\t<div class=\"slideshow_content\" style=\"display: none;\">\r\n\r\n\t\t\t<div class=\"slideshow_view\">\r\n\t\t\t\t<div class=\"slideshow_slide slideshow_slide_image\">\r\n\t\t\t\t\t\t\t\t\t\t\t<img src=\"https:\/\/agora.xtec.cat\/ceip-albert-vives\/wp-content\/uploads\/usu1841\/2018\/05\/Imagen1.jpg\" alt=\"Imagen1\" width=\"698\" height=\"465\" \/>\r\n\t\t\t\t\t\t\t\t\t\t<div class=\"slideshow_description_box slideshow_transparent\">\r\n\t\t\t\t\t\t<div class=\"slideshow_title\">Imagen1<\/div>\t\t\t\t\t\t\t\t\t\t\t<\/div>\r\n\t\t\t\t<\/div>\r\n\r\n\t\t\t\t\t\t<div style=\"clear: both;\"><\/div><\/div><div class=\"slideshow_view\">\r\n\t\t\t\t<div class=\"slideshow_slide slideshow_slide_image\">\r\n\t\t\t\t\t\t\t\t\t\t\t<img src=\"https:\/\/agora.xtec.cat\/ceip-albert-vives\/wp-content\/uploads\/usu1841\/2018\/05\/P3131990.jpg\" alt=\"OLYMPUS DIGITAL CAMERA\" width=\"1024\" height=\"768\" \/>\r\n\t\t\t\t\t\t\t\t\t\t<div class=\"slideshow_description_box slideshow_transparent\">\r\n\t\t\t\t\t\t\t\t\t\t\t\t\t\t\t\t\t<\/div>\r\n\t\t\t\t<\/div>\r\n\r\n\t\t\t\t\t\t<div style=\"clear: both;\"><\/div><\/div><div class=\"slideshow_view\">\r\n\t\t\t\t<div class=\"slideshow_slide slideshow_slide_image\">\r\n\t\t\t\t\t\t\t\t\t\t\t<img src=\"https:\/\/agora.xtec.cat\/ceip-albert-vives\/wp-content\/uploads\/usu1841\/2018\/05\/P3131986.jpg\" alt=\"OLYMPUS DIGITAL CAMERA\" width=\"1024\" height=\"768\" \/>\r\n\t\t\t\t\t\t\t\t\t\t<div class=\"slideshow_description_box slideshow_transparent\">\r\n\t\t\t\t\t\t\t\t\t\t\t\t\t\t\t\t\t<\/div>\r\n\t\t\t\t<\/div>\r\n\r\n\t\t\t\t\t\t<div style=\"clear: both;\"><\/div><\/div><div class=\"slideshow_view\">\r\n\t\t\t\t<div class=\"slideshow_slide slideshow_slide_image\">\r\n\t\t\t\t\t\t\t\t\t\t\t<img src=\"https:\/\/agora.xtec.cat\/ceip-albert-vives\/wp-content\/uploads\/usu1841\/2018\/05\/P3131981.jpg\" alt=\"OLYMPUS DIGITAL CAMERA\" width=\"1024\" height=\"768\" \/>\r\n\t\t\t\t\t\t\t\t\t\t<div class=\"slideshow_description_box slideshow_transparent\">\r\n\t\t\t\t\t\t\t\t\t\t\t\t\t\t\t\t\t<\/div>\r\n\t\t\t\t<\/div>\r\n\r\n\t\t\t\t\t\t<div style=\"clear: both;\"><\/div><\/div><div class=\"slideshow_view\">\r\n\t\t\t\t<div class=\"slideshow_slide slideshow_slide_image\">\r\n\t\t\t\t\t\t\t\t\t\t\t<img src=\"https:\/\/agora.xtec.cat\/ceip-albert-vives\/wp-content\/uploads\/usu1841\/2018\/05\/P3131980.jpg\" alt=\"OLYMPUS DIGITAL CAMERA\" width=\"1024\" height=\"768\" \/>\r\n\t\t\t\t\t\t\t\t\t\t<div class=\"slideshow_description_box slideshow_transparent\">\r\n\t\t\t\t\t\t\t\t\t\t\t\t\t\t\t\t\t<\/div>\r\n\t\t\t\t<\/div>\r\n\r\n\t\t\t\t\t\t<div style=\"clear: both;\"><\/div><\/div><div class=\"slideshow_view\">\r\n\t\t\t\t<div class=\"slideshow_slide slideshow_slide_image\">\r\n\t\t\t\t\t\t\t\t\t\t\t<img src=\"https:\/\/agora.xtec.cat\/ceip-albert-vives\/wp-content\/uploads\/usu1841\/2018\/05\/DSC_0155.jpg\" alt=\"DSC_0155\" width=\"1024\" height=\"681\" \/>\r\n\t\t\t\t\t\t\t\t\t\t<div class=\"slideshow_description_box slideshow_transparent\">\r\n\t\t\t\t\t\t<div class=\"slideshow_title\">DSC_0155<\/div>\t\t\t\t\t\t\t\t\t\t\t<\/div>\r\n\t\t\t\t<\/div>\r\n\r\n\t\t\t\t\t\t<div style=\"clear: both;\"><\/div><\/div><div class=\"slideshow_view\">\r\n\t\t\t\t<div class=\"slideshow_slide slideshow_slide_image\">\r\n\t\t\t\t\t\t\t\t\t\t\t<img src=\"https:\/\/agora.xtec.cat\/ceip-albert-vives\/wp-content\/uploads\/usu1841\/2018\/05\/DSC_0154.jpg\" alt=\"DSC_0154\" width=\"1024\" height=\"681\" \/>\r\n\t\t\t\t\t\t\t\t\t\t<div class=\"slideshow_description_box slideshow_transparent\">\r\n\t\t\t\t\t\t<div class=\"slideshow_title\">DSC_0154<\/div>\t\t\t\t\t\t\t\t\t\t\t<\/div>\r\n\t\t\t\t<\/div>\r\n\r\n\t\t\t\t\t\t<div style=\"clear: both;\"><\/div><\/div><div class=\"slideshow_view\">\r\n\t\t\t\t<div class=\"slideshow_slide slideshow_slide_image\">\r\n\t\t\t\t\t\t\t\t\t\t\t<img src=\"https:\/\/agora.xtec.cat\/ceip-albert-vives\/wp-content\/uploads\/usu1841\/2018\/05\/DSC_0151.jpg\" alt=\"DSC_0151\" width=\"1024\" height=\"681\" \/>\r\n\t\t\t\t\t\t\t\t\t\t<div class=\"slideshow_description_box slideshow_transparent\">\r\n\t\t\t\t\t\t<div class=\"slideshow_title\">DSC_0151<\/div>\t\t\t\t\t\t\t\t\t\t\t<\/div>\r\n\t\t\t\t<\/div>\r\n\r\n\t\t\t\t\t\t<div style=\"clear: both;\"><\/div><\/div><div class=\"slideshow_view\">\r\n\t\t\t\t<div class=\"slideshow_slide slideshow_slide_image\">\r\n\t\t\t\t\t\t\t\t\t\t\t<img src=\"https:\/\/agora.xtec.cat\/ceip-albert-vives\/wp-content\/uploads\/usu1841\/2018\/05\/DSC_0150.jpg\" alt=\"DSC_0150\" width=\"1024\" height=\"681\" \/>\r\n\t\t\t\t\t\t\t\t\t\t<div class=\"slideshow_description_box slideshow_transparent\">\r\n\t\t\t\t\t\t<div class=\"slideshow_title\">DSC_0150<\/div>\t\t\t\t\t\t\t\t\t\t\t<\/div>\r\n\t\t\t\t<\/div>\r\n\r\n\t\t\t\t\t\t<div style=\"clear: both;\"><\/div><\/div>\r\n\t\t<\/div>\r\n\r\n\t\t<div class=\"slideshow_controlPanel slideshow_transparent\" style=\"display: none;\"><ul><li class=\"slideshow_togglePlay\" data-play-text=\"Visualitza\" data-pause-text=\"Pausa\"><\/li><\/ul><\/div>\r\n\r\n\t\t<div class=\"slideshow_button slideshow_previous slideshow_transparent\" role=\"button\" data-previous-text=\"Anterior\" style=\"display: none;\"><\/div>\r\n\t\t<div class=\"slideshow_button slideshow_next slideshow_transparent\" role=\"button\" data-next-text=\"Seg\u00fcent\" style=\"display: none;\"><\/div>\r\n\r\n\t\t<div class=\"slideshow_pagination\" style=\"display: none;\" data-go-to-text=\"V\u00e9s a la diapositiva\"><div class=\"slideshow_pagination_center\"><\/div><\/div>\r\n\r\n\t\t<!-- WordPress Slideshow Version 2.3.1 -->\r\n\r\n\t\t\t<\/div>\r\n\r\n<\/p>\n<table class=\" aligncenter\" style=\"height: 1078px; width: 1294px;\">\n<tbody>\n<tr style=\"height: 433px;\">\n<td style=\"width: 312.667px; height: 433px;\">\n<h5><strong>EDIFICI\u00a0 GRAN :<\/strong><\/h5>\n<h5><em><strong>2 aules d&#8217;EI 5 anys<\/strong><\/em><br \/>\n<em><strong>Aula de suport per infantil<\/strong><\/em><br \/>\n<em><strong>13 aules d&#8217;educaci\u00f3 prim\u00e0ria\u00a0<\/strong><\/em><br \/>\n<em><strong>Aula de Rob\u00f2tica<\/strong><\/em><br \/>\n<em><strong>2 aules d\u2019inform\u00e0tica<\/strong><\/em><br \/>\n<em><strong>Aula de laboratori\u00a0<\/strong><\/em><br \/>\n<em><strong>Aula de m\u00fasica\u00a0<\/strong><\/em><br \/>\n<em><strong>Aula d\u2019educaci\u00f3 especial\u00a0<\/strong><\/em><br \/>\n<em><strong>Aula d\u2019idiomes\u00a0<\/strong><\/em><br \/>\n<em><b>Aula de SIEI<\/b><\/em><br \/>\n<em><strong>Sala d\u2019actes<\/strong><\/em><br \/>\n<em><strong>Aula d\u2019acollida<\/strong><\/em><\/h5>\n<h5><em><strong>Pati d\u2019educaci\u00f3 prim\u00e0ria amb material l\u00fadic\u00a0<\/strong><\/em><br \/>\n<em><strong>Pistes poliesportives<\/strong><\/em><br \/>\n<em><strong>Camp de futbol-7<\/strong><\/em><\/h5>\n<\/td>\n<td style=\"width: 434px; height: 433px;\">\n<h5><em><a href=\"http:\/\/agora.xtec.cat\/ceip-albert-vives\/wp-content\/uploads\/usu1841\/2014\/09\/ESCOLA-009C.jpg\"><img loading=\"lazy\" decoding=\"async\" class=\"alignnone size-full wp-image-508\" src=\"http:\/\/agora.xtec.cat\/ceip-albert-vives\/wp-content\/uploads\/usu1841\/2014\/09\/ESCOLA-009C.jpg\" alt=\"\" width=\"410\" height=\"307\" srcset=\"https:\/\/agora.xtec.cat\/ceip-albert-vives\/wp-content\/uploads\/usu1841\/2014\/09\/ESCOLA-009C.jpg 410w, https:\/\/agora.xtec.cat\/ceip-albert-vives\/wp-content\/uploads\/usu1841\/2014\/09\/ESCOLA-009C-300x225.jpg 300w, https:\/\/agora.xtec.cat\/ceip-albert-vives\/wp-content\/uploads\/usu1841\/2014\/09\/ESCOLA-009C-200x150.jpg 200w\" sizes=\"auto, (max-width: 410px) 100vw, 410px\" \/><\/a><\/em><\/h5>\n<\/td>\n<\/tr>\n<tr style=\"height: 324px;\">\n<td style=\"width: 312.667px; height: 324px;\">\n<h5><strong>EDIFICI D&#8217;EDUCACI\u00d3 INFANTIL:<\/strong><\/h5>\n<h5><strong>2 aules d&#8217;EI 3 anys<br \/>\n<\/strong><strong>1 aula d&#8217;EI 4 anys<br \/>\n1 aula d&#8217;EI 5 anys<br \/>\nAula de psicomotricitat<\/strong><br \/>\n<strong>Sala polivalent<br \/>\nPatis d\u2019educaci\u00f3 infantil amb material l\u00fadic<\/strong><\/h5>\n<\/td>\n<td style=\"width: 434px; height: 324px;\"><a href=\"http:\/\/agora.xtec.cat\/ceip-albert-vives\/wp-content\/uploads\/usu1841\/2014\/09\/parvulari.jpg\"><img loading=\"lazy\" decoding=\"async\" class=\"alignnone wp-image-509\" src=\"http:\/\/agora.xtec.cat\/ceip-albert-vives\/wp-content\/uploads\/usu1841\/2014\/09\/parvulari.jpg\" alt=\"\" width=\"407\" height=\"305\" srcset=\"https:\/\/agora.xtec.cat\/ceip-albert-vives\/wp-content\/uploads\/usu1841\/2014\/09\/parvulari.jpg 640w, https:\/\/agora.xtec.cat\/ceip-albert-vives\/wp-content\/uploads\/usu1841\/2014\/09\/parvulari-300x225.jpg 300w, https:\/\/agora.xtec.cat\/ceip-albert-vives\/wp-content\/uploads\/usu1841\/2014\/09\/parvulari-200x150.jpg 200w\" sizes=\"auto, (max-width: 407px) 100vw, 407px\" \/><\/a><\/td>\n<\/tr>\n<tr style=\"height: 321px;\">\n<td style=\"width: 312.667px; height: 321px;\">\n<h4><strong>MENJADOR<\/strong><\/h4>\n<h5><strong>Cuina<\/strong><br \/>\n<strong>Menjador gran <\/strong><strong>(d&#8217;EI 5 anys a Sis\u00e8)<\/strong><br \/>\n<strong>Menjador petits<\/strong><strong>(EI3 anys i EI4 anys)<br \/>\nSala d&#8217;estudi<\/strong><br \/>\n<strong>Sala de jocs<\/strong><\/h5>\n<\/td>\n<td style=\"width: 434px; height: 321px;\"><a href=\"http:\/\/agora.xtec.cat\/ceip-albert-vives\/wp-content\/uploads\/usu1841\/2014\/09\/P2100467.jpg\"><img loading=\"lazy\" decoding=\"async\" class=\" wp-image-511\" src=\"http:\/\/agora.xtec.cat\/ceip-albert-vives\/wp-content\/uploads\/usu1841\/2014\/09\/P2100467-1024x768.jpg\" alt=\"\" width=\"403\" height=\"302\" srcset=\"https:\/\/agora.xtec.cat\/ceip-albert-vives\/wp-content\/uploads\/usu1841\/2014\/09\/P2100467-1024x768.jpg 1024w, https:\/\/agora.xtec.cat\/ceip-albert-vives\/wp-content\/uploads\/usu1841\/2014\/09\/P2100467-300x225.jpg 300w, https:\/\/agora.xtec.cat\/ceip-albert-vives\/wp-content\/uploads\/usu1841\/2014\/09\/P2100467-768x576.jpg 768w, https:\/\/agora.xtec.cat\/ceip-albert-vives\/wp-content\/uploads\/usu1841\/2014\/09\/P2100467-200x150.jpg 200w\" sizes=\"auto, (max-width: 403px) 100vw, 403px\" \/><\/a><\/td>\n<\/tr>\n<\/tbody>\n<\/table>\n","protected":false},"excerpt":{"rendered":"<p>\t\t\t\t\t\tImagen1\t\t\t\t\t\t\t\t\t\t\t<\/p>\n<p>\t\t\t\t\t\tDSC_0155\t\t\t\t\t\t\t\t\t\t\t<\/p>\n<p>\t\t\t\t\t\tDSC_0154\t\t\t\t\t\t\t\t\t\t\t<\/p>\n<p>\t\t\t\t\t\tDSC_0151\t\t\t\t\t\t\t\t\t\t\t<\/p>\n<p>\t\t\t\t\t\tDSC_0150\t\t\t\t\t\t\t\t\t\t\t<\/p>\n<ul>\n<li class=\"slideshow_togglePlay\" data-play-text=\"Visualitza\" data-pause-text=\"Pausa\"><\/li>\n<\/ul>\n<p>EDIFICI\u00a0 GRAN :<br \/>\n2 aules d&#8217;EI 5 anys<br \/>\nAula de suport per infantil<br \/>\n13 aules d&#8217;educaci\u00f3 prim\u00e0ria\u00a0<br \/>\nAula de Rob\u00f2tica<br \/>\n2 aules d\u2019inform\u00e0tica<br \/>\nAula de laboratori\u00a0<br \/>\nAula de m\u00fasica\u00a0<br \/>\nAula d\u2019educaci\u00f3 especial\u00a0<br \/>\nAula d\u2019idiomes\u00a0<br \/>\nAula de SIEI<br \/>\nSala d\u2019actes<br \/>\nAula d\u2019acollida<br \/>\nPati d\u2019educaci\u00f3 prim\u00e0ria amb material l\u00fadic\u00a0<br \/>\nPistes poliesportives<br \/>\nCamp de futbol-7<\/p>\n<p><a href=\"http:\/\/agora.xtec.cat\/ceip-albert-vives\/wp-content\/uploads\/usu1841\/2014\/09\/ESCOLA-009C.jpg\"><\/a><\/p>\n<p>EDIFICI D&#8217;EDUCACI\u00d3 INFANTIL:<br \/>\n2 aules d&#8217;EI&hellip;  <a href=\"https:\/\/agora.xtec.cat\/ceip-albert-vives\/lescola\/instal%c2%b7lacions\/\" title=\"Read Instal\u00b7lacions\">Llegeix m\u00e9s\u00bb<\/a><\/p>\n","protected":false},"author":1,"featured_media":0,"parent":22,"menu_order":40,"comment_status":"closed","ping_status":"closed","template":"page-templates\/side-menu.php","meta":{"_bbp_topic_count":0,"_bbp_reply_count":0,"_bbp_total_topic_count":0,"_bbp_total_reply_count":0,"_bbp_voice_count":0,"_bbp_anonymous_reply_count":0,"_bbp_topic_count_hidden":0,"_bbp_reply_count_hidden":0,"_bbp_forum_subforum_count":0,"footnotes":""},"class_list":["post-30","page","type-page","status-publish","hentry"],"post_mailing_queue_ids":[],"_links":{"self":[{"href":"https:\/\/agora.xtec.cat\/ceip-albert-vives\/wp-json\/wp\/v2\/pages\/30","targetHints":{"allow":["GET"]}}],"collection":[{"href":"https:\/\/agora.xtec.cat\/ceip-albert-vives\/wp-json\/wp\/v2\/pages"}],"about":[{"href":"https:\/\/agora.xtec.cat\/ceip-albert-vives\/wp-json\/wp\/v2\/types\/page"}],"author":[{"embeddable":true,"href":"https:\/\/agora.xtec.cat\/ceip-albert-vives\/wp-json\/wp\/v2\/users\/1"}],"replies":[{"embeddable":true,"href":"https:\/\/agora.xtec.cat\/ceip-albert-vives\/wp-json\/wp\/v2\/comments?post=30"}],"version-history":[{"count":4,"href":"https:\/\/agora.xtec.cat\/ceip-albert-vives\/wp-json\/wp\/v2\/pages\/30\/revisions"}],"predecessor-version":[{"id":3372,"href":"https:\/\/agora.xtec.cat\/ceip-albert-vives\/wp-json\/wp\/v2\/pages\/30\/revisions\/3372"}],"up":[{"embeddable":true,"href":"https:\/\/agora.xtec.cat\/ceip-albert-vives\/wp-json\/wp\/v2\/pages\/22"}],"wp:attachment":[{"href":"https:\/\/agora.xtec.cat\/ceip-albert-vives\/wp-json\/wp\/v2\/media?parent=30"}],"curies":[{"name":"wp","href":"https:\/\/api.w.org\/{rel}","templated":true}]}}