{"id":9892,"date":"2025-06-27T13:58:01","date_gmt":"2025-06-27T11:58:01","guid":{"rendered":"https:\/\/agora.xtec.cat\/ceip-alberich\/?page_id=9892"},"modified":"2026-04-08T16:22:54","modified_gmt":"2026-04-08T14:22:54","slug":"extraescolars-25-26","status":"publish","type":"page","link":"https:\/\/agora.xtec.cat\/ceip-alberich\/amipa\/extraescolars-25-26\/","title":{"rendered":"Extraescolars"},"content":{"rendered":"\n<p>Les activitats extraescolars s\u00f3n totes aquelles activitats fora de l\u2019horari lectiu escolar i que esdevenen una proposta educativa durant el temps de lleure dels infants.<\/p>\n\n\n\n<p>Des de l\u2019AFA Doctor Alberich i Casas oferim un ampli ventall d\u2019activitats extraescolars en franja de tarda i durant el Temps de Migdia (14-15h).<\/p>\n\n\n\n<h3 class=\"wp-block-heading\">ACTIVITATS EXTRAESCOLARS CURS 2025-2026<\/h3>\n\n\n\n<ul class=\"wp-block-list\">\n<li>Les activitats es duran a terme sempre que hi hagi un m\u00ednim d\u2019inscripcions.<\/li>\n\n\n\n<li>L&#8217;inici de les inscripcions ser\u00e0 a partir de setembre (properament m\u00e9s informaci\u00f3)<\/li>\n\n\n\n<li>Seran grups redu\u00efts.<\/li>\n\n\n\n<li>Les activitats tenen una matr\u00edcula que es paga una \u00fanica vegada per curs escolar i activitat<\/li>\n\n\n\n<li>\u00a0Les activitats es pagaran mensualment o trimestralment per avan\u00e7at<\/li>\n\n\n\n<li>\u00a0\u00c9s obligatori ser membre de l\u2019AFA pel curs en el que es realitzen les extraescolars.<\/li>\n\n\n\n<li>\u00a0L\u2019oferta d\u2019activitats extraescolars \u00e9s gestionada per l\u2019Associaci\u00f3 de fam\u00edlies. La voluntat \u00e9s oferir un servei complementari seguint el model d\u2019ensenyan\u00e7a de l\u2019escola, per al desenvolupament dels infants i que comprengui una \u00e0mplia tipologia d\u2019activitats, vetllant per la seva qualitat.<\/li>\n<\/ul>\n\n\n\n<h3 class=\"wp-block-heading\">COM ES FAN LES INSCRIPCIONS?<\/h3>\n\n\n\n<p>Les inscripcions es realitzaran a trav\u00e9s de Dinantia. (Properament m\u00e9s informaci\u00f3)<\/p>\n\n\n\n<p>Us informem que del <strong>9 al 17 de setembre<\/strong> s\u2019obrir\u00e0 el per\u00edode d\u2019inscripcions per a les <strong>activitats extraescolars del curs 2025-2026<\/strong>.<\/p>\n\n\n\n<p>Les inscripcions s\u2019hauran de fer a trav\u00e9s de <strong>Dinantia<\/strong> i es podran fer a partir de les <strong>10 hores del mateix dia 9<\/strong>. Perqu\u00e8 tot sigui m\u00e9s f\u00e0cil, us detallem a continuaci\u00f3 el <strong>procediment a seguir<\/strong>. Us demanem, si us plau, que el llegiu amb atenci\u00f3 abans de comen\u00e7ar.<\/p>\n\n\n\n<h4 class=\"wp-block-heading\">Procediment d\u2019inscripci\u00f3<\/h4>\n\n\n\n<ol class=\"wp-block-list\">\n<li>Entreu a l\u2019apartat <strong>\u201cActivitats\u201d<\/strong> dins la <strong>Botiga de Dinantia<\/strong> i seleccioneu l\u2019activitat que voleu reservar.<\/li>\n\n\n\n<li>Comproveu que a l\u2019apartat <strong>\u201cusuari\u201d<\/strong> consti el nom de l\u2019infant a inscriure i premeu <strong>\u201cReservar\u201d<\/strong>.<\/li>\n\n\n\n<li>Seleccioneu o introdu\u00efu la targeta amb la qual voleu que s\u2019efectu\u00ef el <strong>pagament mensual<\/strong> (que ser\u00e0 el dia 1 de cada mes, excepte m\u00fasica, que es cobrar\u00e0 el dia 15 del mes anterior) i premeu <strong>\u201cConfirmar\u201d<\/strong>.<\/li>\n\n\n\n<li>Un cop s\u2019hagi comprovat que hi ha el m\u00ednim d\u2019alumnes i que <strong>s\u2019ha pogut formar el grup<\/strong>, rebreu un missatge via Dinantia per efectuar el <strong>pagament de la matr\u00edcula<\/strong>.<\/li>\n<\/ol>\n\n\n\n<h4 class=\"wp-block-heading\">Procediment baixa<\/h4>\n\n\n\n<ol class=\"wp-block-list\">\n<li>S&#8217;haur\u00e0 de donar de baixa en el <a href=\"https:\/\/forms.gle\/towNLPzuuV7gbH8a6\">seg\u00fcent<\/a> formulari entre el 1 i el 14 del mes anterior<\/li>\n<\/ol>\n\n\n\n<h4 class=\"wp-block-heading\">Aspectes a tenir en compte<\/h4>\n\n\n\n<ul class=\"wp-block-list\">\n<li><strong>Activitats amb diferents opcions de dies o franges hor\u00e0ries: <\/strong>Hi ha una activitat creada per a cada opci\u00f3. Per <strong>exemple:<\/strong> Si us voleu apuntar a Multiesport dilluns i dijous veureu que hi ha:\n<ul class=\"wp-block-list\">\n<li><em>MULTIESPORT 1 DIA (dilluns)<\/em><\/li>\n\n\n\n<li><em>MULTIESPORT 1 DIA (dijous)<\/em><\/li>\n\n\n\n<li><em>MULTIESPORT 2 DIES (dilluns i dijous)<\/em> \u2192 Us heu d\u2019apuntar a aquesta \u00faltima <strong>si voleu l\u2019opci\u00f3 de dos dies.<\/strong><\/li>\n<\/ul>\n<\/li>\n\n\n\n<li><strong>Si voleu inscriure a m\u00e9s d\u2019un infant de la mateixa unitat familiar a una mateixa activitat:<\/strong><br>Un cop seleccionada l\u2019activitat, incloeu tots els infants que vulgueu inscriure, premeu <strong>\u201cAfegir\u201d<\/strong> i continueu amb els passos indicats en el procediment d&#8217;inscripci\u00f3. Si ho desitgeu, tamb\u00e9 podeu fer-ho de manera individual fent una inscripci\u00f3 per cada infant.<\/li>\n\n\n\n<li><strong>Places exhaurides:<\/strong><br>Si en el moment de fer la inscripci\u00f3 les places ja estan plenes, podeu igualment completar el proc\u00e9s i l\u2019infant quedar\u00e0 en <strong>llista d\u2019espera<\/strong>. Si hi ha una baixa i podeu entrar, us ho comunicarem tan aviat com sigui possible.<\/li>\n<\/ul>\n\n\n\n<p>&nbsp;<\/p>\n\n\n\n<h3 class=\"wp-block-heading\">OFERTA CURS ESCOLAR 2025 \u2013 2026<\/h3>\n\n\n\n<p><strong>Atenci\u00f3 extraescolar patinatge:<\/strong> L&#8217;extraescolar de patinatge ha unificat grups (no existeix grup de grans i petits) el dia d&#8217;entrenament \u00e9s els <strong>dimecres<\/strong><\/p>\n\n\n\n<figure class=\"wp-block-image\"><img loading=\"lazy\" decoding=\"async\" width=\"1024\" height=\"153\" src=\"https:\/\/agora.xtec.cat\/ceip-alberich\/wp-content\/uploads\/usu832\/2025\/09\/i3-1024x153.png\" alt=\"\" class=\"wp-image-9938\" srcset=\"https:\/\/agora.xtec.cat\/ceip-alberich\/wp-content\/uploads\/usu832\/2025\/09\/i3-1024x153.png 1024w, https:\/\/agora.xtec.cat\/ceip-alberich\/wp-content\/uploads\/usu832\/2025\/09\/i3-300x45.png 300w, https:\/\/agora.xtec.cat\/ceip-alberich\/wp-content\/uploads\/usu832\/2025\/09\/i3-768x115.png 768w, https:\/\/agora.xtec.cat\/ceip-alberich\/wp-content\/uploads\/usu832\/2025\/09\/i3.png 1506w\" sizes=\"auto, (max-width: 1024px) 100vw, 1024px\" \/><\/figure>\n\n\n\n<figure class=\"wp-block-image\"><img loading=\"lazy\" decoding=\"async\" width=\"1024\" height=\"215\" src=\"https:\/\/agora.xtec.cat\/ceip-alberich\/wp-content\/uploads\/usu832\/2025\/09\/i4-1024x215.png\" alt=\"\" class=\"wp-image-9937\" srcset=\"https:\/\/agora.xtec.cat\/ceip-alberich\/wp-content\/uploads\/usu832\/2025\/09\/i4-1024x215.png 1024w, https:\/\/agora.xtec.cat\/ceip-alberich\/wp-content\/uploads\/usu832\/2025\/09\/i4-300x63.png 300w, https:\/\/agora.xtec.cat\/ceip-alberich\/wp-content\/uploads\/usu832\/2025\/09\/i4-768x162.png 768w, https:\/\/agora.xtec.cat\/ceip-alberich\/wp-content\/uploads\/usu832\/2025\/09\/i4.png 1507w\" sizes=\"auto, (max-width: 1024px) 100vw, 1024px\" \/><\/figure>\n\n\n\n<figure class=\"wp-block-image\"><img loading=\"lazy\" decoding=\"async\" width=\"1024\" height=\"291\" src=\"https:\/\/agora.xtec.cat\/ceip-alberich\/wp-content\/uploads\/usu832\/2025\/09\/i5-1024x291.png\" alt=\"\" class=\"wp-image-9936\" srcset=\"https:\/\/agora.xtec.cat\/ceip-alberich\/wp-content\/uploads\/usu832\/2025\/09\/i5-1024x291.png 1024w, https:\/\/agora.xtec.cat\/ceip-alberich\/wp-content\/uploads\/usu832\/2025\/09\/i5-300x85.png 300w, https:\/\/agora.xtec.cat\/ceip-alberich\/wp-content\/uploads\/usu832\/2025\/09\/i5-768x218.png 768w, https:\/\/agora.xtec.cat\/ceip-alberich\/wp-content\/uploads\/usu832\/2025\/09\/i5.png 1508w\" sizes=\"auto, (max-width: 1024px) 100vw, 1024px\" \/><\/figure>\n\n\n\n<figure class=\"wp-block-image\"><img loading=\"lazy\" decoding=\"async\" width=\"1024\" height=\"322\" src=\"https:\/\/agora.xtec.cat\/ceip-alberich\/wp-content\/uploads\/usu832\/2025\/09\/1r-1024x322.png\" alt=\"\" class=\"wp-image-9935\" srcset=\"https:\/\/agora.xtec.cat\/ceip-alberich\/wp-content\/uploads\/usu832\/2025\/09\/1r-1024x322.png 1024w, https:\/\/agora.xtec.cat\/ceip-alberich\/wp-content\/uploads\/usu832\/2025\/09\/1r-300x94.png 300w, https:\/\/agora.xtec.cat\/ceip-alberich\/wp-content\/uploads\/usu832\/2025\/09\/1r-768x242.png 768w, https:\/\/agora.xtec.cat\/ceip-alberich\/wp-content\/uploads\/usu832\/2025\/09\/1r.png 1507w\" sizes=\"auto, (max-width: 1024px) 100vw, 1024px\" \/><\/figure>\n\n\n\n<figure class=\"wp-block-image\"><img loading=\"lazy\" decoding=\"async\" width=\"1024\" height=\"337\" src=\"https:\/\/agora.xtec.cat\/ceip-alberich\/wp-content\/uploads\/usu832\/2025\/09\/2n-1024x337.png\" alt=\"\" class=\"wp-image-9934\" srcset=\"https:\/\/agora.xtec.cat\/ceip-alberich\/wp-content\/uploads\/usu832\/2025\/09\/2n-1024x337.png 1024w, https:\/\/agora.xtec.cat\/ceip-alberich\/wp-content\/uploads\/usu832\/2025\/09\/2n-300x99.png 300w, https:\/\/agora.xtec.cat\/ceip-alberich\/wp-content\/uploads\/usu832\/2025\/09\/2n-768x253.png 768w, https:\/\/agora.xtec.cat\/ceip-alberich\/wp-content\/uploads\/usu832\/2025\/09\/2n.png 1511w\" sizes=\"auto, (max-width: 1024px) 100vw, 1024px\" \/><\/figure>\n\n\n\n<figure class=\"wp-block-image\"><img loading=\"lazy\" decoding=\"async\" width=\"1024\" height=\"337\" src=\"https:\/\/agora.xtec.cat\/ceip-alberich\/wp-content\/uploads\/usu832\/2025\/09\/3r-6e-1024x337.png\" alt=\"\" class=\"wp-image-9933\" srcset=\"https:\/\/agora.xtec.cat\/ceip-alberich\/wp-content\/uploads\/usu832\/2025\/09\/3r-6e-1024x337.png 1024w, https:\/\/agora.xtec.cat\/ceip-alberich\/wp-content\/uploads\/usu832\/2025\/09\/3r-6e-300x99.png 300w, https:\/\/agora.xtec.cat\/ceip-alberich\/wp-content\/uploads\/usu832\/2025\/09\/3r-6e-768x253.png 768w, https:\/\/agora.xtec.cat\/ceip-alberich\/wp-content\/uploads\/usu832\/2025\/09\/3r-6e.png 1511w\" sizes=\"auto, (max-width: 1024px) 100vw, 1024px\" \/><\/figure>\n\n\n\n<p><\/p>\n\n\n\n<p>&nbsp;<\/p>\n\n\n\n<p class=\"has-text-align-right\"><a href=\"https:\/\/drive.google.com\/file\/d\/1esIHPFbXMF7KeIjLC7GeWsUS6b4r_Vrz\/view?usp=sharing\">Descarregar extraescolars 25-26<\/a><\/p>\n\n\n\n<h5 class=\"wp-block-heading\">M\u00e9s informaci\u00f3 de l&#8217;extraescolar:<\/h5>\n\n\n\n<figure class=\"wp-block-table\"><table class=\"has-fixed-layout\"><tbody><tr><td><strong>Nom extraescolar<\/strong><\/td><td><strong>Empresa<\/strong><\/td><\/tr><tr><td><a href=\"https:\/\/drive.google.com\/file\/d\/1zO20I3ESruSMDbAnbyeRfvPhi6IIfYq_\/view?usp=sharing\">Patinatge<\/a><\/td><td>Futsal<\/td><\/tr><tr><td><a href=\"https:\/\/drive.google.com\/file\/d\/10V9mP5MgawwoYBi_C46Qw8NfNqfLUg2r\/view?usp=sharing\">R\u00edtmica<\/a><\/td><td>Futsal<\/td><\/tr><tr><td><a href=\"https:\/\/drive.google.com\/file\/d\/1dVAF8lpuZPGM_NV1Rv87uVeo8bW2TObr\/view?usp=sharing\">Multisport<\/a><\/td><td>Futsal<\/td><\/tr><tr><td><a href=\"https:\/\/drive.google.com\/file\/d\/17WdMOWHbcJfzqTBKusYnOXDtvUEC80fB\/view?usp=sharing\">Futbol<\/a><\/td><td>Futsal<\/td><\/tr><tr><td><a href=\"https:\/\/drive.google.com\/file\/d\/1diQyhOvzPinR0aN0pQJjZLYFXh12ophp\/view?usp=sharing\">Balls i Ritmes<\/a> (preparaci\u00f3 Olimp\u00edades escolars) (NOU)<\/td><td>Futsal<\/td><\/tr><tr><td><a href=\"https:\/\/drive.google.com\/file\/d\/1Wu7LEGcdmnC66zzMHtI7MizFEq3PuT4N\/view?usp=sharing\">Balls i Ritmes<\/a><\/td><td>Futsal<\/td><\/tr><tr><td><a href=\"https:\/\/drive.google.com\/file\/d\/1khSHagSwLesgbOGkJRv8Fhy-hAsqjtAZ\/view?usp=drive_link\">Cuina<\/a><\/td><td>Espai Boule<\/td><\/tr><tr><td><a href=\"https:\/\/drive.google.com\/file\/d\/1bOUOKBfMaSSE5D6sYUcujNk-MNU300qq\/view?usp=sharing\">Aprendre anar en bici<\/a><\/td><td>Ploms<\/td><\/tr><tr><td><a href=\"https:\/\/drive.google.com\/file\/d\/1Qlirx83E7Za6ptDf0tQczwRp9NQuKgJA\/view\">Nataci\u00f3<\/a><\/td><td>Ploms<\/td><\/tr><tr><td><a href=\"https:\/\/drive.google.com\/file\/d\/1seo1RdQo-MlkSlha4k5AmydC3OwC_byz\/view\">Crossfit<\/a><\/td><td>Tibur\u00f3n Crosfit<\/td><\/tr><tr><td><a href=\"https:\/\/drive.google.com\/file\/d\/1sGWC6U9-v3xbnX8A08-CPs9cD_peMy3_\/view\">Teatre musical<\/a><\/td><td>Cristina Sevilla<\/td><\/tr><tr><td><a href=\"https:\/\/drive.google.com\/file\/d\/1QtRF0nzNwnbQ9BhssFAAyB7A5d_Z95ap\/view?usp=sharing\">Judo<\/a><\/td><td>Sakura<\/td><\/tr><tr><td><a href=\"https:\/\/drive.google.com\/file\/d\/1-6BeKplPPr063vrg1wHb-13zoA9PdiXk\/view\">Imaginart<\/a><\/td><td>\u00c0pats Sans<\/td><\/tr><tr><td><a href=\"https:\/\/drive.google.com\/file\/d\/1-4-TzseASJ_SQrSUejtOgm3lYHPC6kDd\/view?usp=sharing\">Playroom<\/a> (Angl\u00e8s)<\/td><td>Attic<\/td><\/tr><tr><td><a href=\"https:\/\/drive.google.com\/file\/d\/1VZRFl9qGWSK3kcf1nI8t8utTbgCwSWzA\/view?usp=sharing\">Escacs<\/a><\/td><td>Escola Peons<\/td><\/tr><tr><td><a href=\"https:\/\/drive.google.com\/file\/d\/1XObAp32cGLR3ezfgMVLWZ6kpLNw9jBsy\/view?usp=sharing\">Costura creativa<\/a><\/td><td>Raquel Mart\u00ed<\/td><\/tr><tr><td><a href=\"https:\/\/www.oscarvmago.com\/collegis\/?lang=ca\">M\u00e0gia<\/a><\/td><td>Oscar Vallhonrat<\/td><\/tr><tr><td><a href=\"https:\/\/drive.google.com\/file\/d\/1QeciYQ4NTKVOx70VBrzj2YHUM16KhQZo\/view?usp=sharing\">B\u00e0squet<\/a> (NOU)<\/td><td>Reus Deportiu<\/td><\/tr><tr><td>M\u00fasica (NOU)<\/td><td>Centre de Lectura<\/td><\/tr><tr><td><a href=\"https:\/\/drive.google.com\/file\/d\/1GniWRAXcPPGt38liDqiZsi_-lc5FGhmo\/view?usp=sharing\">Dibuix de c\u00f2mics<\/a><\/td><td>Futsal<\/td><\/tr><tr><td><a href=\"https:\/\/drive.google.com\/file\/d\/1OuISxe7R7BNq3PEjKB75GFh_BOjjr4yk\/view?usp=sharing\">Hoquei<\/a><\/td><td>CH Olimpic Reus<\/td><\/tr><\/tbody><\/table><\/figure>\n\n\n\n<p>&nbsp;<\/p>\n\n\n\n<p>&nbsp;<\/p>\n","protected":false},"excerpt":{"rendered":"<p>Les activitats extraescolars s\u00f3n totes aquelles activitats fora de l\u2019horari lectiu escolar i que esdevenen una proposta educativa durant el temps de lleure dels infants. Des de l\u2019AFA Doctor Alberich i Casas oferim un ampli ventall d\u2019activitats extraescolars en franja de tarda i durant el Temps de Migdia (14-15h). ACTIVITATS EXTRAESCOLARS CURS 2025-2026 COM ES [&hellip;]<\/p>\n","protected":false},"author":56,"featured_media":0,"parent":296,"menu_order":30,"comment_status":"closed","ping_status":"closed","template":"","meta":{"_bbp_topic_count":0,"_bbp_reply_count":0,"_bbp_total_topic_count":0,"_bbp_total_reply_count":0,"_bbp_voice_count":0,"_bbp_anonymous_reply_count":0,"_bbp_topic_count_hidden":0,"_bbp_reply_count_hidden":0,"_bbp_forum_subforum_count":0,"site-sidebar-layout":"default","site-content-layout":"","ast-site-content-layout":"default","site-content-style":"default","site-sidebar-style":"default","ast-global-header-display":"","ast-banner-title-visibility":"","ast-main-header-display":"","ast-hfb-above-header-display":"","ast-hfb-below-header-display":"","ast-hfb-mobile-header-display":"","site-post-title":"","ast-breadcrumbs-content":"","ast-featured-img":"","footer-sml-layout":"","theme-transparent-header-meta":"default","adv-header-id-meta":"","stick-header-meta":"","header-above-stick-meta":"","header-main-stick-meta":"","header-below-stick-meta":"","astra-migrate-meta-layouts":"set","ast-page-background-enabled":"default","ast-page-background-meta":{"desktop":{"background-color":"var(--ast-global-color-5)","background-image":"","background-repeat":"repeat","background-position":"center center","background-size":"auto","background-attachment":"scroll","background-type":"","background-media":"","overlay-type":"","overlay-color":"","overlay-opacity":"","overlay-gradient":""},"tablet":{"background-color":"","background-image":"","background-repeat":"repeat","background-position":"center center","background-size":"auto","background-attachment":"scroll","background-type":"","background-media":"","overlay-type":"","overlay-color":"","overlay-opacity":"","overlay-gradient":""},"mobile":{"background-color":"","background-image":"","background-repeat":"repeat","background-position":"center center","background-size":"auto","background-attachment":"scroll","background-type":"","background-media":"","overlay-type":"","overlay-color":"","overlay-opacity":"","overlay-gradient":""}},"ast-content-background-meta":{"desktop":{"background-color":"var(--ast-global-color-4)","background-image":"","background-repeat":"repeat","background-position":"center center","background-size":"auto","background-attachment":"scroll","background-type":"","background-media":"","overlay-type":"","overlay-color":"","overlay-opacity":"","overlay-gradient":""},"tablet":{"background-color":"var(--ast-global-color-4)","background-image":"","background-repeat":"repeat","background-position":"center center","background-size":"auto","background-attachment":"scroll","background-type":"","background-media":"","overlay-type":"","overlay-color":"","overlay-opacity":"","overlay-gradient":""},"mobile":{"background-color":"var(--ast-global-color-4)","background-image":"","background-repeat":"repeat","background-position":"center center","background-size":"auto","background-attachment":"scroll","background-type":"","background-media":"","overlay-type":"","overlay-color":"","overlay-opacity":"","overlay-gradient":""}},"footnotes":""},"class_list":["post-9892","page","type-page","status-publish","hentry"],"post_mailing_queue_ids":[],"_links":{"self":[{"href":"https:\/\/agora.xtec.cat\/ceip-alberich\/wp-json\/wp\/v2\/pages\/9892","targetHints":{"allow":["GET"]}}],"collection":[{"href":"https:\/\/agora.xtec.cat\/ceip-alberich\/wp-json\/wp\/v2\/pages"}],"about":[{"href":"https:\/\/agora.xtec.cat\/ceip-alberich\/wp-json\/wp\/v2\/types\/page"}],"author":[{"embeddable":true,"href":"https:\/\/agora.xtec.cat\/ceip-alberich\/wp-json\/wp\/v2\/users\/56"}],"replies":[{"embeddable":true,"href":"https:\/\/agora.xtec.cat\/ceip-alberich\/wp-json\/wp\/v2\/comments?post=9892"}],"version-history":[{"count":6,"href":"https:\/\/agora.xtec.cat\/ceip-alberich\/wp-json\/wp\/v2\/pages\/9892\/revisions"}],"predecessor-version":[{"id":10104,"href":"https:\/\/agora.xtec.cat\/ceip-alberich\/wp-json\/wp\/v2\/pages\/9892\/revisions\/10104"}],"up":[{"embeddable":true,"href":"https:\/\/agora.xtec.cat\/ceip-alberich\/wp-json\/wp\/v2\/pages\/296"}],"wp:attachment":[{"href":"https:\/\/agora.xtec.cat\/ceip-alberich\/wp-json\/wp\/v2\/media?parent=9892"}],"curies":[{"name":"wp","href":"https:\/\/api.w.org\/{rel}","templated":true}]}}