{"id":9825,"date":"2025-05-05T09:00:56","date_gmt":"2025-05-05T07:00:56","guid":{"rendered":"https:\/\/agora.xtec.cat\/ceip-alberich\/?page_id=9825"},"modified":"2025-05-12T09:34:10","modified_gmt":"2025-05-12T07:34:10","slug":"casal-estiu-2025","status":"publish","type":"page","link":"https:\/\/agora.xtec.cat\/ceip-alberich\/amipa\/casal-estiu-2025\/","title":{"rendered":"Casal Estiu 2025"},"content":{"rendered":"<p><img loading=\"lazy\" decoding=\"async\" class=\"alignnone wp-image-9836\" src=\"https:\/\/agora.xtec.cat\/ceip-alberich\/wp-content\/uploads\/usu832\/2025\/04\/Screenshot-from-2025-04-29-12-24-37-e1745922805113.png\" alt=\"\" width=\"1310\" height=\"960\" srcset=\"https:\/\/agora.xtec.cat\/ceip-alberich\/wp-content\/uploads\/usu832\/2025\/04\/Screenshot-from-2025-04-29-12-24-37-e1745922805113.png 858w, https:\/\/agora.xtec.cat\/ceip-alberich\/wp-content\/uploads\/usu832\/2025\/04\/Screenshot-from-2025-04-29-12-24-37-e1745922805113-300x220.png 300w, https:\/\/agora.xtec.cat\/ceip-alberich\/wp-content\/uploads\/usu832\/2025\/04\/Screenshot-from-2025-04-29-12-24-37-e1745922805113-768x563.png 768w\" sizes=\"auto, (max-width: 1310px) 100vw, 1310px\" \/><\/p>\n<p style=\"text-align: center;\">El Happy Summer \u00e9s el casal d&#8217;estiu en angl\u00e8s de l\u2019escola Alberich<br \/>\ni Casas, organitzat per l\u2019AFA i l\u2019Attic Idiomes. Aquest estiu<br \/>\ngaudirem del m\u00f3n del circ amb activitats de tota mena:<br \/>\nmanualitats, tallers de cuina, jocs, sortides&#8230;<br \/>\nAre you ready?<\/p>\n<p>&nbsp;<\/p>\n<p><img loading=\"lazy\" decoding=\"async\" class=\"size-full wp-image-9860 aligncenter\" src=\"https:\/\/agora.xtec.cat\/ceip-alberich\/wp-content\/uploads\/usu832\/2025\/05\/Screenshot-from-2025-05-12-09-31-42.png\" alt=\"\" width=\"939\" height=\"423\" srcset=\"https:\/\/agora.xtec.cat\/ceip-alberich\/wp-content\/uploads\/usu832\/2025\/05\/Screenshot-from-2025-05-12-09-31-42.png 939w, https:\/\/agora.xtec.cat\/ceip-alberich\/wp-content\/uploads\/usu832\/2025\/05\/Screenshot-from-2025-05-12-09-31-42-300x135.png 300w, https:\/\/agora.xtec.cat\/ceip-alberich\/wp-content\/uploads\/usu832\/2025\/05\/Screenshot-from-2025-05-12-09-31-42-768x346.png 768w\" sizes=\"auto, (max-width: 939px) 100vw, 939px\" \/><\/p>\n<p>&nbsp;<\/p>\n<p style=\"text-align: center;\"><img loading=\"lazy\" decoding=\"async\" class=\"alignnone size-full wp-image-9835\" src=\"https:\/\/agora.xtec.cat\/ceip-alberich\/wp-content\/uploads\/usu832\/2025\/04\/Screenshot-from-2025-04-29-12-23-42.png\" alt=\"\" width=\"266\" height=\"50\" \/><\/p>\n<p style=\"text-align: center;\">El per\u00edode d&#8217;inscripci\u00f3 \u00e9s del <strong>12 de maig al 30 de maig<\/strong>. A partir del<br \/>\n30 de maig el formulari estar\u00e0 tancat i les inscripcions es faran<br \/>\ncontactant directament amb l&#8217;AFA i segons disponibilitat.<\/p>\n<p><img loading=\"lazy\" decoding=\"async\" class=\"size-full wp-image-9832 aligncenter\" src=\"https:\/\/agora.xtec.cat\/ceip-alberich\/wp-content\/uploads\/usu832\/2025\/04\/Screenshot-from-2025-04-29-12-21-34.png\" alt=\"\" width=\"887\" height=\"476\" srcset=\"https:\/\/agora.xtec.cat\/ceip-alberich\/wp-content\/uploads\/usu832\/2025\/04\/Screenshot-from-2025-04-29-12-21-34.png 887w, https:\/\/agora.xtec.cat\/ceip-alberich\/wp-content\/uploads\/usu832\/2025\/04\/Screenshot-from-2025-04-29-12-21-34-300x161.png 300w, https:\/\/agora.xtec.cat\/ceip-alberich\/wp-content\/uploads\/usu832\/2025\/04\/Screenshot-from-2025-04-29-12-21-34-768x412.png 768w\" sizes=\"auto, (max-width: 887px) 100vw, 887px\" \/><\/p>\n<p style=\"text-align: center;\">* Per realitzar els serveis <strong>d&#8217;acollida i menjador<\/strong> \u00e9s necessari un m\u00ednim de 10 infants inscrits<\/p>\n<p>&nbsp;<\/p>\n<p><a href=\"https:\/\/forms.gle\/7xsjuMzMMG1EvQMH7\"><img loading=\"lazy\" decoding=\"async\" class=\"size-full wp-image-9847 aligncenter\" src=\"https:\/\/agora.xtec.cat\/ceip-alberich\/wp-content\/uploads\/usu832\/2025\/05\/Screenshot-from-2025-05-01-11-29-12.png\" alt=\"\" width=\"912\" height=\"271\" srcset=\"https:\/\/agora.xtec.cat\/ceip-alberich\/wp-content\/uploads\/usu832\/2025\/05\/Screenshot-from-2025-05-01-11-29-12.png 912w, https:\/\/agora.xtec.cat\/ceip-alberich\/wp-content\/uploads\/usu832\/2025\/05\/Screenshot-from-2025-05-01-11-29-12-300x89.png 300w, https:\/\/agora.xtec.cat\/ceip-alberich\/wp-content\/uploads\/usu832\/2025\/05\/Screenshot-from-2025-05-01-11-29-12-768x228.png 768w\" sizes=\"auto, (max-width: 912px) 100vw, 912px\" \/><\/a><\/p>\n<p style=\"text-align: center;\"><span style=\"font-family: inherit; font-size: 1em; text-align: center;\">Per a inscriure&#8217;s al casal heu d&#8217;omplir aquest formulari:<\/span><\/p>\n<p style=\"text-align: center;\"><span style=\"font-family: inherit; font-size: 1em; text-align: center;\"><a href=\"https:\/\/forms.gle\/7xsjuMzMMG1EvQMH7\"><img loading=\"lazy\" decoding=\"async\" class=\"aligncenter wp-image-9837 size-full\" src=\"https:\/\/agora.xtec.cat\/ceip-alberich\/wp-content\/uploads\/usu832\/2025\/04\/Screenshot-from-2025-04-29-12-27-58.png\" alt=\"\" width=\"353\" height=\"148\" srcset=\"https:\/\/agora.xtec.cat\/ceip-alberich\/wp-content\/uploads\/usu832\/2025\/04\/Screenshot-from-2025-04-29-12-27-58.png 353w, https:\/\/agora.xtec.cat\/ceip-alberich\/wp-content\/uploads\/usu832\/2025\/04\/Screenshot-from-2025-04-29-12-27-58-300x126.png 300w\" sizes=\"auto, (max-width: 353px) 100vw, 353px\" \/><\/a><\/span><\/p>\n<p>&nbsp;<\/p>\n<p style=\"text-align: center;\">Un cop rebeu el <strong>correu de confirmaci\u00f3<\/strong>, us detallarem com fer el <strong>pagament. <\/strong><\/p>\n<p style=\"text-align: center;\">El<strong> 12 de Juny <\/strong>a les <strong>16:30 <\/strong>tindr\u00e0 lloc la reuni\u00f3 informativa amb monitoratge per les fam\u00edlies inscrites i es facilitar\u00e0 un dossier amb tota la informaci\u00f3 del casal.<\/p>\n<p style=\"text-align: center;\">Un cop fet el pagament no es retornaran els diners. Es podran realitzar canvis de dates sempre que hi hagi disponibilitat fins al 13 de juny.<\/p>\n<p style=\"text-align: center;\">Per a qualsevol dubte que tingueu us podeu posar en contacte amb:<\/p>\n<p><a href=\"mailto:afa@alberichicasas.com\"><img loading=\"lazy\" decoding=\"async\" class=\"aligncenter wp-image-9838 size-full\" src=\"https:\/\/agora.xtec.cat\/ceip-alberich\/wp-content\/uploads\/usu832\/2025\/04\/Screenshot-from-2025-04-29-12-31-17.png\" alt=\"\" width=\"356\" height=\"206\" srcset=\"https:\/\/agora.xtec.cat\/ceip-alberich\/wp-content\/uploads\/usu832\/2025\/04\/Screenshot-from-2025-04-29-12-31-17.png 356w, https:\/\/agora.xtec.cat\/ceip-alberich\/wp-content\/uploads\/usu832\/2025\/04\/Screenshot-from-2025-04-29-12-31-17-300x174.png 300w\" sizes=\"auto, (max-width: 356px) 100vw, 356px\" \/><\/a><\/p>\n<p style=\"text-align: center;\"><a href=\"mailto:info@atticidiomes.cat\"><img loading=\"lazy\" decoding=\"async\" class=\"alignnone wp-image-9839 size-full\" src=\"https:\/\/agora.xtec.cat\/ceip-alberich\/wp-content\/uploads\/usu832\/2025\/04\/Screenshot-from-2025-04-29-12-31-44.png\" alt=\"\" width=\"356\" height=\"206\" srcset=\"https:\/\/agora.xtec.cat\/ceip-alberich\/wp-content\/uploads\/usu832\/2025\/04\/Screenshot-from-2025-04-29-12-31-44.png 356w, https:\/\/agora.xtec.cat\/ceip-alberich\/wp-content\/uploads\/usu832\/2025\/04\/Screenshot-from-2025-04-29-12-31-44-300x174.png 300w\" sizes=\"auto, (max-width: 356px) 100vw, 356px\" \/><\/a><\/p>\n<p style=\"text-align: right;\"><a href=\"https:\/\/drive.google.com\/file\/d\/1sjAnOjQykHD6gVvfrmT7Qo3nXfgCxTlm\/view?usp=drive_link\">Descarrega la informaci\u00f3 amb pdf<\/a><\/p>\n<p><img loading=\"lazy\" decoding=\"async\" class=\"alignnone wp-image-9842 aligncenter\" src=\"https:\/\/agora.xtec.cat\/ceip-alberich\/wp-content\/uploads\/usu832\/2025\/04\/Screenshot-from-2025-04-29-12-37-31.png\" alt=\"\" width=\"1324\" height=\"595\" srcset=\"https:\/\/agora.xtec.cat\/ceip-alberich\/wp-content\/uploads\/usu832\/2025\/04\/Screenshot-from-2025-04-29-12-37-31.png 852w, https:\/\/agora.xtec.cat\/ceip-alberich\/wp-content\/uploads\/usu832\/2025\/04\/Screenshot-from-2025-04-29-12-37-31-300x135.png 300w, https:\/\/agora.xtec.cat\/ceip-alberich\/wp-content\/uploads\/usu832\/2025\/04\/Screenshot-from-2025-04-29-12-37-31-768x345.png 768w\" sizes=\"auto, (max-width: 1324px) 100vw, 1324px\" \/><\/p>\n<p><strong>Descarrega&#8217;t els documents a omplir i enviar per la inscripci\u00f3<\/strong><\/p>\n<p><a href=\"https:\/\/drive.google.com\/file\/d\/1EwGNAeUWSenokhCOEdTh5ZuskvURWqOh\/view?usp=sharing\">Autoritzaci\u00f3 Casal Estiu 2025<\/a><\/p>\n<p><a href=\"https:\/\/drive.google.com\/file\/d\/1THfbpItVko5_iOOQd1lt7BAS_T4wOjhT\/view?usp=sharing\">Autoritzaci\u00f3 Sortida Sol de l&#8217;Escola<\/a><\/p>\n<p><strong>COL.LABORA<\/strong><\/p>\n<table style=\"border-collapse: collapse; width: 100%;\">\n<tbody>\n<tr>\n<td style=\"width: 436.656px;\"><img loading=\"lazy\" decoding=\"async\" class=\"wp-image-9593 aligncenter\" style=\"font-size: 16px;\" src=\"https:\/\/agora.xtec.cat\/ceip-alberich\/wp-content\/uploads\/usu832\/2024\/09\/attic-idiomes.png\" alt=\"\" width=\"135\" height=\"135\" srcset=\"https:\/\/agora.xtec.cat\/ceip-alberich\/wp-content\/uploads\/usu832\/2024\/09\/attic-idiomes.png 225w, https:\/\/agora.xtec.cat\/ceip-alberich\/wp-content\/uploads\/usu832\/2024\/09\/attic-idiomes-150x150.png 150w\" sizes=\"auto, (max-width: 135px) 100vw, 135px\" \/><\/td>\n<td style=\"width: 436.656px;\"><img loading=\"lazy\" decoding=\"async\" class=\"wp-image-9571 size-medium aligncenter\" style=\"font-size: 16px;\" src=\"https:\/\/agora.xtec.cat\/ceip-alberich\/wp-content\/uploads\/usu832\/2024\/08\/Logo-AFA-nohorari-300x171.png\" alt=\"\" width=\"300\" height=\"171\" \/><\/td>\n<td style=\"width: 436.688px;\">\n<p><figure id=\"attachment_9594\" aria-describedby=\"caption-attachment-9594\" style=\"width: 300px\" class=\"wp-caption aligncenter\"><img loading=\"lazy\" decoding=\"async\" class=\"wp-image-9594 size-medium\" src=\"https:\/\/agora.xtec.cat\/ceip-alberich\/wp-content\/uploads\/usu832\/2024\/09\/ajuntament-de-reus-300x109.png\" alt=\"\" width=\"300\" height=\"109\" srcset=\"https:\/\/agora.xtec.cat\/ceip-alberich\/wp-content\/uploads\/usu832\/2024\/09\/ajuntament-de-reus-300x109.png 300w, https:\/\/agora.xtec.cat\/ceip-alberich\/wp-content\/uploads\/usu832\/2024\/09\/ajuntament-de-reus.png 372w\" sizes=\"auto, (max-width: 300px) 100vw, 300px\" \/><figcaption id=\"caption-attachment-9594\" class=\"wp-caption-text\">Col.labora en la contractaci\u00f3 de monitors d\u2019inclusi\u00f3 i vetlladorses<\/figcaption><\/figure><\/td>\n<\/tr>\n<\/tbody>\n<\/table>\n","protected":false},"excerpt":{"rendered":"<p>El Happy Summer \u00e9s el casal d&#8217;estiu en angl\u00e8s de l\u2019escola Alberich i Casas, organitzat per l\u2019AFA i l\u2019Attic Idiomes. Aquest estiu gaudirem del m\u00f3n del circ amb activitats de tota mena: manualitats, tallers de cuina, jocs, sortides&#8230; Are you ready? &nbsp; &nbsp; El per\u00edode d&#8217;inscripci\u00f3 \u00e9s del 12 de maig al 30 de maig. [&hellip;]<\/p>\n","protected":false},"author":56,"featured_media":0,"parent":296,"menu_order":100,"comment_status":"closed","ping_status":"closed","template":"page-templates\/side-menu.php","meta":{"_bbp_topic_count":0,"_bbp_reply_count":0,"_bbp_total_topic_count":0,"_bbp_total_reply_count":0,"_bbp_voice_count":0,"_bbp_anonymous_reply_count":0,"_bbp_topic_count_hidden":0,"_bbp_reply_count_hidden":0,"_bbp_forum_subforum_count":0,"site-sidebar-layout":"default","site-content-layout":"","ast-site-content-layout":"","site-content-style":"default","site-sidebar-style":"default","ast-global-header-display":"","ast-banner-title-visibility":"","ast-main-header-display":"","ast-hfb-above-header-display":"","ast-hfb-below-header-display":"","ast-hfb-mobile-header-display":"","site-post-title":"","ast-breadcrumbs-content":"","ast-featured-img":"","footer-sml-layout":"","theme-transparent-header-meta":"","adv-header-id-meta":"","stick-header-meta":"","header-above-stick-meta":"","header-main-stick-meta":"","header-below-stick-meta":"","astra-migrate-meta-layouts":"default","ast-page-background-enabled":"default","ast-page-background-meta":{"desktop":{"background-color":"var(--ast-global-color-5)","background-image":"","background-repeat":"repeat","background-position":"center center","background-size":"auto","background-attachment":"scroll","background-type":"","background-media":"","overlay-type":"","overlay-color":"","overlay-opacity":"","overlay-gradient":""},"tablet":{"background-color":"","background-image":"","background-repeat":"repeat","background-position":"center center","background-size":"auto","background-attachment":"scroll","background-type":"","background-media":"","overlay-type":"","overlay-color":"","overlay-opacity":"","overlay-gradient":""},"mobile":{"background-color":"","background-image":"","background-repeat":"repeat","background-position":"center center","background-size":"auto","background-attachment":"scroll","background-type":"","background-media":"","overlay-type":"","overlay-color":"","overlay-opacity":"","overlay-gradient":""}},"ast-content-background-meta":{"desktop":{"background-color":"var(--ast-global-color-4)","background-image":"","background-repeat":"repeat","background-position":"center center","background-size":"auto","background-attachment":"scroll","background-type":"","background-media":"","overlay-type":"","overlay-color":"","overlay-opacity":"","overlay-gradient":""},"tablet":{"background-color":"var(--ast-global-color-4)","background-image":"","background-repeat":"repeat","background-position":"center center","background-size":"auto","background-attachment":"scroll","background-type":"","background-media":"","overlay-type":"","overlay-color":"","overlay-opacity":"","overlay-gradient":""},"mobile":{"background-color":"var(--ast-global-color-4)","background-image":"","background-repeat":"repeat","background-position":"center center","background-size":"auto","background-attachment":"scroll","background-type":"","background-media":"","overlay-type":"","overlay-color":"","overlay-opacity":"","overlay-gradient":""}},"footnotes":""},"class_list":["post-9825","page","type-page","status-publish","hentry"],"post_mailing_queue_ids":[],"_links":{"self":[{"href":"https:\/\/agora.xtec.cat\/ceip-alberich\/wp-json\/wp\/v2\/pages\/9825","targetHints":{"allow":["GET"]}}],"collection":[{"href":"https:\/\/agora.xtec.cat\/ceip-alberich\/wp-json\/wp\/v2\/pages"}],"about":[{"href":"https:\/\/agora.xtec.cat\/ceip-alberich\/wp-json\/wp\/v2\/types\/page"}],"author":[{"embeddable":true,"href":"https:\/\/agora.xtec.cat\/ceip-alberich\/wp-json\/wp\/v2\/users\/56"}],"replies":[{"embeddable":true,"href":"https:\/\/agora.xtec.cat\/ceip-alberich\/wp-json\/wp\/v2\/comments?post=9825"}],"version-history":[{"count":6,"href":"https:\/\/agora.xtec.cat\/ceip-alberich\/wp-json\/wp\/v2\/pages\/9825\/revisions"}],"predecessor-version":[{"id":9862,"href":"https:\/\/agora.xtec.cat\/ceip-alberich\/wp-json\/wp\/v2\/pages\/9825\/revisions\/9862"}],"up":[{"embeddable":true,"href":"https:\/\/agora.xtec.cat\/ceip-alberich\/wp-json\/wp\/v2\/pages\/296"}],"wp:attachment":[{"href":"https:\/\/agora.xtec.cat\/ceip-alberich\/wp-json\/wp\/v2\/media?parent=9825"}],"curies":[{"name":"wp","href":"https:\/\/api.w.org\/{rel}","templated":true}]}}