{"id":9580,"date":"2024-09-02T12:28:16","date_gmt":"2024-09-02T10:28:16","guid":{"rendered":"https:\/\/agora.xtec.cat\/ceip-alberich\/?page_id=9580"},"modified":"2026-03-16T11:40:28","modified_gmt":"2026-03-16T10:40:28","slug":"aniversaris-a-lescola","status":"publish","type":"page","link":"https:\/\/agora.xtec.cat\/ceip-alberich\/amipa\/aniversaris-a-lescola\/","title":{"rendered":"Aniversaris a l&#8217;escola"},"content":{"rendered":"<p>L\u2019Escola \u00e9s des del curs 2002-03, una <strong>Comunitat d\u2019Aprenentatge<\/strong>.<\/p>\n<p>La filosofia d\u2019aquest projecte es basa en la participaci\u00f3, la inclusi\u00f3 i l\u2019esperit de comunitat en tots els aspectes, no nom\u00e9s en l\u2019estrictament curricular sin\u00f3 tamb\u00e9 en el social i emocional.<\/p>\n<p>Des de llavors, les fam\u00edlies participen en l\u2019escola tant en l\u2019ambient de gesti\u00f3 (comissions de treball), com en l\u2019\u00e0mbit curricular (Grups Interactius, tallers, biblioteca), com en l\u2019\u00e0mbit relacional i de cohesi\u00f3 social (celebracions, formaci\u00f3 de fam\u00edlies,..)<\/p>\n<p><strong>Les instal\u00b7lacions escolars dels centres docents p\u00fablics poden ser objecte d\u2019un \u00fas social que va m\u00e9s enll\u00e0 del seu \u00fas escolar. La Llei Org\u00e0nica 8\/1985, de 3 de juliol, reguladora del Dret a l\u2019Educaci\u00f3 i el Real Decret 2274\/1993, de 22 de desembre, preveuen una relaci\u00f3 de cooperaci\u00f3 entre el sistema educatiu i les Corporacions Locals.<\/strong><\/p>\n<p>Creiem que les celebracions de les festes d\u2019aniversari a l\u2019escola (tradici\u00f3 molt arrelada en la nostra societat) formen part de la nostra filosofia, i contribueixen, com altres actuacions que duem a terme, a la inclusi\u00f3 de tot el grup classe i a la coneixen\u00e7a entre els nens i nenes i les seves fam\u00edlies.<\/p>\n<p>Per tant, l\u2019Afa juntament amb l\u2019escola, ha sol\u00b7licitat a l\u2019Ajuntament de Reus, l\u2019\u00fas social de l\u2019escola i ha complimentat les necessitats legals per poder realitzar els aniversaris.<\/p>\n<p>Tamb\u00e9 gr\u00e0cies a la col\u00b7laboraci\u00f3 de l&#8217;AFA i l\u2019escola, les fam\u00edlies que celebrin els aniversaris poden fer \u00fas de taules, lavabos exteriors del pati, aix\u00ed com de la il\u00b7luminaci\u00f3 exterior.<\/p>\n<p>Per tal de fer \u00fas d&#8217;aquest servei s&#8217;haur\u00e0 de:<\/p>\n<ol>\n<li>Reservar l&#8217;espai a trav\u00e9s &#8211;&gt; <a href=\"https:\/\/calendar.google.com\/calendar\/u\/0\/appointments\/AcZssZ1diDXAOFvHsH2LG-gozE5LhE-b1-6wAeh8zsI=\">Clica per reservar l&#8217;espai<\/a><\/li>\n<li>Realitzar l&#8217;abonament de 10\u20ac per formalitzar la reserva. Rebr\u00e0s un Dinantia per tal de poder realitzar el pagament on-line o podr\u00e0s passar per l&#8217;oficina en horari d&#8217;atenci\u00f3 a les fam\u00edlies<\/li>\n<li>Passar per l&#8217;oficina de l&#8217;AFA el divendres al mat\u00ed per tal d&#8217;obtenir les claus per accedir al pati i el kit de neteja<\/li>\n<li>Netejar l&#8217;espai un cop utilitzat<\/li>\n<li>Retornar les claus i el kit de neteja a l&#8217;AFA el primer dia d&#8217;escola despr\u00e9s de l&#8217;aniversari<\/li>\n<\/ol>\n<table width=\"60%\">\n<tbody>\n<tr>\n<td width=\"100%\">\u201cEs poden celebrar aniversaris mentre hi hagi activitat lectiva\u201d<\/td>\n<\/tr>\n<\/tbody>\n<\/table>\n","protected":false},"excerpt":{"rendered":"<p>L\u2019Escola \u00e9s des del curs 2002-03, una Comunitat d\u2019Aprenentatge. La filosofia d\u2019aquest projecte es basa en la participaci\u00f3, la inclusi\u00f3 i l\u2019esperit de comunitat en tots els aspectes, no nom\u00e9s en l\u2019estrictament curricular sin\u00f3 tamb\u00e9 en el social i emocional. Des de llavors, les fam\u00edlies participen en l\u2019escola tant en l\u2019ambient de gesti\u00f3 (comissions de [&hellip;]<\/p>\n","protected":false},"author":56,"featured_media":0,"parent":296,"menu_order":65,"comment_status":"closed","ping_status":"closed","template":"","meta":{"_bbp_topic_count":0,"_bbp_reply_count":0,"_bbp_total_topic_count":0,"_bbp_total_reply_count":0,"_bbp_voice_count":0,"_bbp_anonymous_reply_count":0,"_bbp_topic_count_hidden":0,"_bbp_reply_count_hidden":0,"_bbp_forum_subforum_count":0,"site-sidebar-layout":"default","site-content-layout":"","ast-site-content-layout":"default","site-content-style":"default","site-sidebar-style":"default","ast-global-header-display":"","ast-banner-title-visibility":"","ast-main-header-display":"","ast-hfb-above-header-display":"","ast-hfb-below-header-display":"","ast-hfb-mobile-header-display":"","site-post-title":"","ast-breadcrumbs-content":"","ast-featured-img":"","footer-sml-layout":"","theme-transparent-header-meta":"","adv-header-id-meta":"","stick-header-meta":"","header-above-stick-meta":"","header-main-stick-meta":"","header-below-stick-meta":"","astra-migrate-meta-layouts":"set","ast-page-background-enabled":"default","ast-page-background-meta":{"desktop":{"background-color":"var(--ast-global-color-5)","background-image":"","background-repeat":"repeat","background-position":"center center","background-size":"auto","background-attachment":"scroll","background-type":"","background-media":"","overlay-type":"","overlay-color":"","overlay-opacity":"","overlay-gradient":""},"tablet":{"background-color":"","background-image":"","background-repeat":"repeat","background-position":"center center","background-size":"auto","background-attachment":"scroll","background-type":"","background-media":"","overlay-type":"","overlay-color":"","overlay-opacity":"","overlay-gradient":""},"mobile":{"background-color":"","background-image":"","background-repeat":"repeat","background-position":"center center","background-size":"auto","background-attachment":"scroll","background-type":"","background-media":"","overlay-type":"","overlay-color":"","overlay-opacity":"","overlay-gradient":""}},"ast-content-background-meta":{"desktop":{"background-color":"var(--ast-global-color-4)","background-image":"","background-repeat":"repeat","background-position":"center center","background-size":"auto","background-attachment":"scroll","background-type":"","background-media":"","overlay-type":"","overlay-color":"","overlay-opacity":"","overlay-gradient":""},"tablet":{"background-color":"var(--ast-global-color-4)","background-image":"","background-repeat":"repeat","background-position":"center center","background-size":"auto","background-attachment":"scroll","background-type":"","background-media":"","overlay-type":"","overlay-color":"","overlay-opacity":"","overlay-gradient":""},"mobile":{"background-color":"var(--ast-global-color-4)","background-image":"","background-repeat":"repeat","background-position":"center center","background-size":"auto","background-attachment":"scroll","background-type":"","background-media":"","overlay-type":"","overlay-color":"","overlay-opacity":"","overlay-gradient":""}},"footnotes":""},"class_list":["post-9580","page","type-page","status-publish","hentry"],"post_mailing_queue_ids":[],"_links":{"self":[{"href":"https:\/\/agora.xtec.cat\/ceip-alberich\/wp-json\/wp\/v2\/pages\/9580","targetHints":{"allow":["GET"]}}],"collection":[{"href":"https:\/\/agora.xtec.cat\/ceip-alberich\/wp-json\/wp\/v2\/pages"}],"about":[{"href":"https:\/\/agora.xtec.cat\/ceip-alberich\/wp-json\/wp\/v2\/types\/page"}],"author":[{"embeddable":true,"href":"https:\/\/agora.xtec.cat\/ceip-alberich\/wp-json\/wp\/v2\/users\/56"}],"replies":[{"embeddable":true,"href":"https:\/\/agora.xtec.cat\/ceip-alberich\/wp-json\/wp\/v2\/comments?post=9580"}],"version-history":[{"count":6,"href":"https:\/\/agora.xtec.cat\/ceip-alberich\/wp-json\/wp\/v2\/pages\/9580\/revisions"}],"predecessor-version":[{"id":10086,"href":"https:\/\/agora.xtec.cat\/ceip-alberich\/wp-json\/wp\/v2\/pages\/9580\/revisions\/10086"}],"up":[{"embeddable":true,"href":"https:\/\/agora.xtec.cat\/ceip-alberich\/wp-json\/wp\/v2\/pages\/296"}],"wp:attachment":[{"href":"https:\/\/agora.xtec.cat\/ceip-alberich\/wp-json\/wp\/v2\/media?parent=9580"}],"curies":[{"name":"wp","href":"https:\/\/api.w.org\/{rel}","templated":true}]}}