{"id":9557,"date":"2024-08-29T12:21:41","date_gmt":"2024-08-29T10:21:41","guid":{"rendered":"https:\/\/agora.xtec.cat\/ceip-alberich\/?page_id=9557"},"modified":"2025-01-16T12:25:04","modified_gmt":"2025-01-16T11:25:04","slug":"biblioteca-en-familia","status":"publish","type":"page","link":"https:\/\/agora.xtec.cat\/ceip-alberich\/amipa\/projectes-afa\/biblioteca-en-familia\/","title":{"rendered":"Biblioteca en fam\u00edlia"},"content":{"rendered":"<p dir=\"ltr\">Des de fa uns quants anys els infants de l\u2019escola, poden xalar de l\u2019estona de biblioteca en fam\u00edlia i contacontes els divendres a la tarda.<\/p>\n<p dir=\"ltr\">Aix\u00f2 \u00e9s possible gr\u00e0cies a la col\u00b7laboraci\u00f3 de les fam\u00edlies que hi participen, tant com a bibliotec\u00e0ries ocasionals com explicant contes.<\/p>\n<p dir=\"ltr\">ATENCI\u00d3!!! US NECESSITEM!!!, demanem la col\u00b7laboraci\u00f3 de totes les persones que vulguin participar en aquesta activitat de CONTACONTES, que puguin servir de model lector i aix\u00ed mostrar tot el potencial de la diversitat de la nostra comunitat.<\/p>\n<p>Podeu posar-vos en contacte\u00a0directament amb l\u2019equip de la Biblioteca en Fam\u00edlia cada divendres de 16:30 a 17:30 h. Si voleu fer de contacontes i compartir una estona amb la comunitat us animem a emplenar el <a href=\"https:\/\/docs.google.com\/forms\/d\/1Ssv3LYIUMK50cJmUXuRaNKU8Igr_I4K9aWuwuXeaCgM\/viewform?edit_requested=true&amp;pli=1\">seg\u00fcent formulari<\/a>.<\/p>\n<p>&nbsp;<\/p>\n<figure id=\"attachment_9538\" aria-describedby=\"caption-attachment-9538\" style=\"width: 1344px\" class=\"wp-caption alignnone\"><img loading=\"lazy\" decoding=\"async\" class=\" wp-image-9538\" src=\"https:\/\/agora.xtec.cat\/ceip-alberich\/wp-content\/uploads\/usu832\/2024\/08\/biblio-familia-1-1024x681.jpg\" alt=\"\" width=\"1344\" height=\"894\" \/><figcaption id=\"caption-attachment-9538\" class=\"wp-caption-text\">Biblioteca en fam\u00edlia<\/figcaption><\/figure>\n","protected":false},"excerpt":{"rendered":"<p>Des de fa uns quants anys els infants de l\u2019escola, poden xalar de l\u2019estona de biblioteca en fam\u00edlia i contacontes els divendres a la tarda. Aix\u00f2 \u00e9s possible gr\u00e0cies a la col\u00b7laboraci\u00f3 de les fam\u00edlies que hi participen, tant com a bibliotec\u00e0ries ocasionals com explicant contes. ATENCI\u00d3!!! US NECESSITEM!!!, demanem la col\u00b7laboraci\u00f3 de totes les [&hellip;]<\/p>\n","protected":false},"author":56,"featured_media":0,"parent":9534,"menu_order":0,"comment_status":"closed","ping_status":"closed","template":"page-templates\/side-menu.php","meta":{"_bbp_topic_count":0,"_bbp_reply_count":0,"_bbp_total_topic_count":0,"_bbp_total_reply_count":0,"_bbp_voice_count":0,"_bbp_anonymous_reply_count":0,"_bbp_topic_count_hidden":0,"_bbp_reply_count_hidden":0,"_bbp_forum_subforum_count":0,"site-sidebar-layout":"default","site-content-layout":"","ast-site-content-layout":"","site-content-style":"default","site-sidebar-style":"default","ast-global-header-display":"","ast-banner-title-visibility":"","ast-main-header-display":"","ast-hfb-above-header-display":"","ast-hfb-below-header-display":"","ast-hfb-mobile-header-display":"","site-post-title":"","ast-breadcrumbs-content":"","ast-featured-img":"","footer-sml-layout":"","theme-transparent-header-meta":"","adv-header-id-meta":"","stick-header-meta":"","header-above-stick-meta":"","header-main-stick-meta":"","header-below-stick-meta":"","astra-migrate-meta-layouts":"default","ast-page-background-enabled":"default","ast-page-background-meta":{"desktop":{"background-color":"var(--ast-global-color-5)","background-image":"","background-repeat":"repeat","background-position":"center center","background-size":"auto","background-attachment":"scroll","background-type":"","background-media":"","overlay-type":"","overlay-color":"","overlay-opacity":"","overlay-gradient":""},"tablet":{"background-color":"","background-image":"","background-repeat":"repeat","background-position":"center center","background-size":"auto","background-attachment":"scroll","background-type":"","background-media":"","overlay-type":"","overlay-color":"","overlay-opacity":"","overlay-gradient":""},"mobile":{"background-color":"","background-image":"","background-repeat":"repeat","background-position":"center center","background-size":"auto","background-attachment":"scroll","background-type":"","background-media":"","overlay-type":"","overlay-color":"","overlay-opacity":"","overlay-gradient":""}},"ast-content-background-meta":{"desktop":{"background-color":"var(--ast-global-color-4)","background-image":"","background-repeat":"repeat","background-position":"center center","background-size":"auto","background-attachment":"scroll","background-type":"","background-media":"","overlay-type":"","overlay-color":"","overlay-opacity":"","overlay-gradient":""},"tablet":{"background-color":"var(--ast-global-color-4)","background-image":"","background-repeat":"repeat","background-position":"center center","background-size":"auto","background-attachment":"scroll","background-type":"","background-media":"","overlay-type":"","overlay-color":"","overlay-opacity":"","overlay-gradient":""},"mobile":{"background-color":"var(--ast-global-color-4)","background-image":"","background-repeat":"repeat","background-position":"center center","background-size":"auto","background-attachment":"scroll","background-type":"","background-media":"","overlay-type":"","overlay-color":"","overlay-opacity":"","overlay-gradient":""}},"footnotes":""},"class_list":["post-9557","page","type-page","status-publish","hentry"],"post_mailing_queue_ids":[],"_links":{"self":[{"href":"https:\/\/agora.xtec.cat\/ceip-alberich\/wp-json\/wp\/v2\/pages\/9557","targetHints":{"allow":["GET"]}}],"collection":[{"href":"https:\/\/agora.xtec.cat\/ceip-alberich\/wp-json\/wp\/v2\/pages"}],"about":[{"href":"https:\/\/agora.xtec.cat\/ceip-alberich\/wp-json\/wp\/v2\/types\/page"}],"author":[{"embeddable":true,"href":"https:\/\/agora.xtec.cat\/ceip-alberich\/wp-json\/wp\/v2\/users\/56"}],"replies":[{"embeddable":true,"href":"https:\/\/agora.xtec.cat\/ceip-alberich\/wp-json\/wp\/v2\/comments?post=9557"}],"version-history":[{"count":6,"href":"https:\/\/agora.xtec.cat\/ceip-alberich\/wp-json\/wp\/v2\/pages\/9557\/revisions"}],"predecessor-version":[{"id":9769,"href":"https:\/\/agora.xtec.cat\/ceip-alberich\/wp-json\/wp\/v2\/pages\/9557\/revisions\/9769"}],"up":[{"embeddable":true,"href":"https:\/\/agora.xtec.cat\/ceip-alberich\/wp-json\/wp\/v2\/pages\/9534"}],"wp:attachment":[{"href":"https:\/\/agora.xtec.cat\/ceip-alberich\/wp-json\/wp\/v2\/media?parent=9557"}],"curies":[{"name":"wp","href":"https:\/\/api.w.org\/{rel}","templated":true}]}}