{"id":9545,"date":"2024-08-29T12:16:36","date_gmt":"2024-08-29T10:16:36","guid":{"rendered":"https:\/\/agora.xtec.cat\/ceip-alberich\/?page_id=9545"},"modified":"2024-08-29T12:23:51","modified_gmt":"2024-08-29T10:23:51","slug":"albericus-sostenibles","status":"publish","type":"page","link":"https:\/\/agora.xtec.cat\/ceip-alberich\/amipa\/projectes-afa\/albericus-sostenibles\/","title":{"rendered":"Albericus Sostenibles"},"content":{"rendered":"<p dir=\"ltr\"><img loading=\"lazy\" decoding=\"async\" class=\"wp-image-9546 alignright\" src=\"https:\/\/agora.xtec.cat\/ceip-alberich\/wp-content\/uploads\/usu832\/2024\/08\/Screenshot-from-2024-08-29-12-11-38.png\" alt=\"\" width=\"196\" height=\"194\" \/><\/p>\n<h1 dir=\"ltr\">Prop\u00f2sit del grup<\/h1>\n<p dir=\"ltr\">Algunes fam\u00edlies de l\u2019Escola Dr Alberich i Casas hem creat un grup que t\u00e9 com a finalitat enxarxar a la comunitat escolar per regalar\/prestar\/vendre objectes que tenim a casa i ja no utilitzem. Reutilitzem, reciclem, revivim. L&#8217;objectiu \u00e9s allargar la vida dels objectes. Tamb\u00e9 es poden fer demandes, sempre i quan siguin coherents. La comunicaci\u00f3 del grup d\u2019intercanvi es fa mitjan\u00e7ant <a href=\"https:\/\/chat.whatsapp.com\/HnEAk0wA9f18LRIiE59v5u\">aquest grup de Whatsapp.<\/a><\/p>\n<h1 dir=\"ltr\"><\/h1>\n<hr \/>\n<h1 dir=\"ltr\">Regles de funcionament<\/h1>\n<ol>\n<li dir=\"ltr\" aria-level=\"1\">\n<p dir=\"ltr\" role=\"presentation\">Donacions\/vendes\/pr\u00e9stecs Quan publiquem un objecte per regalar, o vendre, cal posar una descripci\u00f3 i fotografia real de l&#8217;article. No s&#8217;acceptaran subhastes en el grup. Un cop s&#8217;ha donat o venut l&#8217;objecte, la persona ofertant ha de respondre al seu propi missatge publicat indicant: DONAT\/VENUT.<\/p>\n<\/li>\n<li dir=\"ltr\" aria-level=\"1\">\n<p dir=\"ltr\" role=\"presentation\">Demandes Podeu fer una publicaci\u00f3 per demanar alguna cosa que necessiteu i voleu comprar o adquirir per aquest canal. Potser alg\u00fa en t\u00e9 i ho vol donar o vendre. Si ja t&#8217;ho han donat, respon al teu propi missatge publicat indicant: REBUT.<\/p>\n<\/li>\n<li dir=\"ltr\" aria-level=\"1\">\n<p dir=\"ltr\" role=\"presentation\">Respostes a donacions\/vendes\/demandes Es prega mantenir les converses sobre dubtes del producte en si, per privat, per tal de respectar el silenci digital i no molestar m\u00e9s del compte a la resta de participants del grup.<\/p>\n<\/li>\n<li dir=\"ltr\" aria-level=\"1\">\n<p dir=\"ltr\" role=\"presentation\">\u00a0Privilegis de l&#8217;anunciant Si alg\u00fa decideix que vol cancel\u00b7lar la venda o regal d&#8217;alguna cosa, \u00e9s la seva decisi\u00f3 i el seu dret. Tamb\u00e9 dep\u00e8n de cada anunciant qui ser\u00e0 el destinatari de l&#8217;objecte que ofereix, sense necessitat de que sigui el primer en respondre.<\/p>\n<\/li>\n<li dir=\"ltr\" aria-level=\"1\">\n<p dir=\"ltr\" role=\"presentation\">\u00a0Siguem amables Creem un ambient acollidor i tractem-nos amb respecte. Es prega: amabilitat, donar les gr\u00e0cies, dir si us plau&#8230;<\/p>\n<\/li>\n<li dir=\"ltr\" aria-level=\"1\">\n<p dir=\"ltr\" role=\"presentation\">Respectem el temps dels dem\u00e9s Si organitzem una data\/hora per a fer donaci\u00f3\/venda\/compra, assegurem-nos que serem puntuals. Si no podem asistir o ja no estem interessats, ho hem de notificar amb certa antelaci\u00f3.<\/p>\n<\/li>\n<li dir=\"ltr\" aria-level=\"1\">\n<p dir=\"ltr\" role=\"presentation\">Exempci\u00f3 de responsabilitat Si b\u00e9 els administradors faran el possible per vetllar pel respecte i la coher\u00e8ncia i contingut dels missatges amb el prop\u00f2sit del grup, qualsevol venda, reserva, pr\u00e9stec o donaci\u00f3 \u00e9s estrictament un acord privat entre qui ofereix i qui adquireix. Els administradors no acceptaran cap responsabilitat.<\/p>\n<\/li>\n<li dir=\"ltr\" aria-level=\"1\">\n<p dir=\"ltr\" role=\"presentation\">Qualitat dels articles Els articles han d&#8217;estar en bones condicions, llevat que l&#8217;anunciant indiqui el contrari. Tot i aix\u00ed, els administradors d&#8217;aquest grup no es responsabilitzen de la qualitat ni durabilitat dels objectes adquirits.<\/p>\n<\/li>\n<li dir=\"ltr\" aria-level=\"1\">\n<p dir=\"ltr\" role=\"presentation\">\u00a0Animals Est\u00e0 prohibida la venda o demanda d&#8217;animals.<\/p>\n<\/li>\n<li dir=\"ltr\" aria-level=\"1\">\n<p dir=\"ltr\" role=\"presentation\">Revenda Est\u00e0 prohibit aprofitar-se de les donacions per lucrar-se, llevat que el donant hi estigui d&#8217;acord.<\/p>\n<\/li>\n<\/ol>\n<figure id=\"attachment_9535\" aria-describedby=\"caption-attachment-9535\" style=\"width: 1328px\" class=\"wp-caption alignnone\"><img loading=\"lazy\" decoding=\"async\" class=\" wp-image-9535\" src=\"https:\/\/agora.xtec.cat\/ceip-alberich\/wp-content\/uploads\/usu832\/2024\/08\/medio_ambiente-e1724925133384.jpg\" alt=\"\" width=\"1328\" height=\"797\" \/><figcaption id=\"caption-attachment-9535\" class=\"wp-caption-text\">Albericus Sostenibles<\/figcaption><\/figure>\n","protected":false},"excerpt":{"rendered":"<p>Prop\u00f2sit del grup Algunes fam\u00edlies de l\u2019Escola Dr Alberich i Casas hem creat un grup que t\u00e9 com a finalitat enxarxar a la comunitat escolar per regalar\/prestar\/vendre objectes que tenim a casa i ja no utilitzem. Reutilitzem, reciclem, revivim. L&#8217;objectiu \u00e9s allargar la vida dels objectes. Tamb\u00e9 es poden fer demandes, sempre i quan siguin [&hellip;]<\/p>\n","protected":false},"author":56,"featured_media":0,"parent":9534,"menu_order":0,"comment_status":"closed","ping_status":"closed","template":"page-templates\/side-menu.php","meta":{"_bbp_topic_count":0,"_bbp_reply_count":0,"_bbp_total_topic_count":0,"_bbp_total_reply_count":0,"_bbp_voice_count":0,"_bbp_anonymous_reply_count":0,"_bbp_topic_count_hidden":0,"_bbp_reply_count_hidden":0,"_bbp_forum_subforum_count":0,"site-sidebar-layout":"default","site-content-layout":"","ast-site-content-layout":"","site-content-style":"default","site-sidebar-style":"default","ast-global-header-display":"","ast-banner-title-visibility":"","ast-main-header-display":"","ast-hfb-above-header-display":"","ast-hfb-below-header-display":"","ast-hfb-mobile-header-display":"","site-post-title":"","ast-breadcrumbs-content":"","ast-featured-img":"","footer-sml-layout":"","theme-transparent-header-meta":"","adv-header-id-meta":"","stick-header-meta":"","header-above-stick-meta":"","header-main-stick-meta":"","header-below-stick-meta":"","astra-migrate-meta-layouts":"default","ast-page-background-enabled":"default","ast-page-background-meta":{"desktop":{"background-color":"var(--ast-global-color-5)","background-image":"","background-repeat":"repeat","background-position":"center center","background-size":"auto","background-attachment":"scroll","background-type":"","background-media":"","overlay-type":"","overlay-color":"","overlay-opacity":"","overlay-gradient":""},"tablet":{"background-color":"","background-image":"","background-repeat":"repeat","background-position":"center center","background-size":"auto","background-attachment":"scroll","background-type":"","background-media":"","overlay-type":"","overlay-color":"","overlay-opacity":"","overlay-gradient":""},"mobile":{"background-color":"","background-image":"","background-repeat":"repeat","background-position":"center center","background-size":"auto","background-attachment":"scroll","background-type":"","background-media":"","overlay-type":"","overlay-color":"","overlay-opacity":"","overlay-gradient":""}},"ast-content-background-meta":{"desktop":{"background-color":"var(--ast-global-color-4)","background-image":"","background-repeat":"repeat","background-position":"center center","background-size":"auto","background-attachment":"scroll","background-type":"","background-media":"","overlay-type":"","overlay-color":"","overlay-opacity":"","overlay-gradient":""},"tablet":{"background-color":"var(--ast-global-color-4)","background-image":"","background-repeat":"repeat","background-position":"center center","background-size":"auto","background-attachment":"scroll","background-type":"","background-media":"","overlay-type":"","overlay-color":"","overlay-opacity":"","overlay-gradient":""},"mobile":{"background-color":"var(--ast-global-color-4)","background-image":"","background-repeat":"repeat","background-position":"center center","background-size":"auto","background-attachment":"scroll","background-type":"","background-media":"","overlay-type":"","overlay-color":"","overlay-opacity":"","overlay-gradient":""}},"footnotes":""},"class_list":["post-9545","page","type-page","status-publish","hentry"],"post_mailing_queue_ids":[],"_links":{"self":[{"href":"https:\/\/agora.xtec.cat\/ceip-alberich\/wp-json\/wp\/v2\/pages\/9545","targetHints":{"allow":["GET"]}}],"collection":[{"href":"https:\/\/agora.xtec.cat\/ceip-alberich\/wp-json\/wp\/v2\/pages"}],"about":[{"href":"https:\/\/agora.xtec.cat\/ceip-alberich\/wp-json\/wp\/v2\/types\/page"}],"author":[{"embeddable":true,"href":"https:\/\/agora.xtec.cat\/ceip-alberich\/wp-json\/wp\/v2\/users\/56"}],"replies":[{"embeddable":true,"href":"https:\/\/agora.xtec.cat\/ceip-alberich\/wp-json\/wp\/v2\/comments?post=9545"}],"version-history":[{"count":6,"href":"https:\/\/agora.xtec.cat\/ceip-alberich\/wp-json\/wp\/v2\/pages\/9545\/revisions"}],"predecessor-version":[{"id":9562,"href":"https:\/\/agora.xtec.cat\/ceip-alberich\/wp-json\/wp\/v2\/pages\/9545\/revisions\/9562"}],"up":[{"embeddable":true,"href":"https:\/\/agora.xtec.cat\/ceip-alberich\/wp-json\/wp\/v2\/pages\/9534"}],"wp:attachment":[{"href":"https:\/\/agora.xtec.cat\/ceip-alberich\/wp-json\/wp\/v2\/media?parent=9545"}],"curies":[{"name":"wp","href":"https:\/\/api.w.org\/{rel}","templated":true}]}}