{"id":8520,"date":"2022-09-12T09:57:05","date_gmt":"2022-09-12T07:57:05","guid":{"rendered":"https:\/\/agora.xtec.cat\/ceip-alberich\/?page_id=8520"},"modified":"2026-04-08T16:05:22","modified_gmt":"2026-04-08T14:05:22","slug":"circulars-basiques-de-lescola","status":"publish","type":"page","link":"https:\/\/agora.xtec.cat\/ceip-alberich\/lescola-2\/circulars-basiques-de-lescola\/","title":{"rendered":"Circulars b\u00e0siques de l&#8217;escola."},"content":{"rendered":"\n<figure class=\"wp-block-table\"><table class=\"has-fixed-layout\"><tbody><tr><td><a href=\"https:\/\/drive.google.com\/file\/d\/1boMdG0XvJOCbUgjstm4eRalw1jEf8Z5m\/view?usp=sharing\">Informaci\u00f3 fam\u00edlies, inici de curs<\/a><\/td><td>Informaci\u00f3 b\u00e0sica de l&#8217;escola.<\/td><\/tr><tr><td><a href=\"https:\/\/drive.google.com\/file\/d\/10Ie6vCEsvDTm7mBQj14fZXy7pSq2erIk\/view?usp=sharing\">Calendari Escolar<\/a><\/td><td>Calendari del curs (Festius, dies de lliure disposici\u00f3, jornada intensiva&#8230;)<\/td><\/tr><tr><td><a href=\"https:\/\/drive.google.com\/file\/d\/1LTxiGz8g2sndgUXbJ6F0x9OOED5F1XMT\/view?usp=sharing\">Circular Educaci\u00f3 F\u00edsica<\/a><\/td><td>Informaci\u00f3 dels dies d&#8217;activitat f\u00edsica a l&#8217;escola i material que cal portar.<\/td><\/tr><tr><td><a href=\"https:\/\/drive.google.com\/file\/d\/1wmE3S-JesFuJV6-J_NDDfOPEdNVFSnoF\/view?usp=sharing\">Un bicib\u00fas a l&#8217;escola<\/a><\/td><td>El Bicib\u00fas, un projecte comunitari i col\u00b7laboratiu que t&#8217;enamorar\u00e0.<\/td><\/tr><tr><td>&nbsp;<\/td><td>&nbsp;<\/td><\/tr><tr><td>&nbsp;<\/td><td>&nbsp;<\/td><\/tr><tr><td>&nbsp;<\/td><td>&nbsp;<\/td><\/tr><tr><td>&nbsp;<\/td><td>&nbsp;<\/td><\/tr><tr><td>&nbsp;<\/td><td>&nbsp;<\/td><\/tr><tr><td>&nbsp;<\/td><td>&nbsp;<\/td><\/tr><\/tbody><\/table><\/figure>\n","protected":false},"excerpt":{"rendered":"<p>Informaci\u00f3 fam\u00edlies, inici de curs Informaci\u00f3 b\u00e0sica de l&#8217;escola. Calendari Escolar Calendari del curs (Festius, dies de lliure disposici\u00f3, jornada intensiva&#8230;) Circular Educaci\u00f3 F\u00edsica Informaci\u00f3 dels dies d&#8217;activitat f\u00edsica a l&#8217;escola i material que cal portar. Un bicib\u00fas a l&#8217;escola El Bicib\u00fas, un projecte comunitari i col\u00b7laboratiu que t&#8217;enamorar\u00e0. &nbsp; &nbsp; &nbsp; &nbsp; &nbsp; &nbsp; [&hellip;]<\/p>\n","protected":false},"author":1,"featured_media":0,"parent":288,"menu_order":10,"comment_status":"closed","ping_status":"closed","template":"","meta":{"_bbp_topic_count":0,"_bbp_reply_count":0,"_bbp_total_topic_count":0,"_bbp_total_reply_count":0,"_bbp_voice_count":0,"_bbp_anonymous_reply_count":0,"_bbp_topic_count_hidden":0,"_bbp_reply_count_hidden":0,"_bbp_forum_subforum_count":0,"site-sidebar-layout":"default","site-content-layout":"","ast-site-content-layout":"default","site-content-style":"default","site-sidebar-style":"default","ast-global-header-display":"","ast-banner-title-visibility":"","ast-main-header-display":"","ast-hfb-above-header-display":"","ast-hfb-below-header-display":"","ast-hfb-mobile-header-display":"","site-post-title":"","ast-breadcrumbs-content":"","ast-featured-img":"","footer-sml-layout":"","theme-transparent-header-meta":"","adv-header-id-meta":"","stick-header-meta":"","header-above-stick-meta":"","header-main-stick-meta":"","header-below-stick-meta":"","astra-migrate-meta-layouts":"set","ast-page-background-enabled":"default","ast-page-background-meta":{"desktop":{"background-color":"var(--ast-global-color-5)","background-image":"","background-repeat":"repeat","background-position":"center center","background-size":"auto","background-attachment":"scroll","background-type":"","background-media":"","overlay-type":"","overlay-color":"","overlay-opacity":"","overlay-gradient":""},"tablet":{"background-color":"","background-image":"","background-repeat":"repeat","background-position":"center center","background-size":"auto","background-attachment":"scroll","background-type":"","background-media":"","overlay-type":"","overlay-color":"","overlay-opacity":"","overlay-gradient":""},"mobile":{"background-color":"","background-image":"","background-repeat":"repeat","background-position":"center center","background-size":"auto","background-attachment":"scroll","background-type":"","background-media":"","overlay-type":"","overlay-color":"","overlay-opacity":"","overlay-gradient":""}},"ast-content-background-meta":{"desktop":{"background-color":"var(--ast-global-color-4)","background-image":"","background-repeat":"repeat","background-position":"center center","background-size":"auto","background-attachment":"scroll","background-type":"","background-media":"","overlay-type":"","overlay-color":"","overlay-opacity":"","overlay-gradient":""},"tablet":{"background-color":"var(--ast-global-color-4)","background-image":"","background-repeat":"repeat","background-position":"center center","background-size":"auto","background-attachment":"scroll","background-type":"","background-media":"","overlay-type":"","overlay-color":"","overlay-opacity":"","overlay-gradient":""},"mobile":{"background-color":"var(--ast-global-color-4)","background-image":"","background-repeat":"repeat","background-position":"center center","background-size":"auto","background-attachment":"scroll","background-type":"","background-media":"","overlay-type":"","overlay-color":"","overlay-opacity":"","overlay-gradient":""}},"footnotes":""},"class_list":["post-8520","page","type-page","status-publish","hentry"],"post_mailing_queue_ids":[],"_links":{"self":[{"href":"https:\/\/agora.xtec.cat\/ceip-alberich\/wp-json\/wp\/v2\/pages\/8520","targetHints":{"allow":["GET"]}}],"collection":[{"href":"https:\/\/agora.xtec.cat\/ceip-alberich\/wp-json\/wp\/v2\/pages"}],"about":[{"href":"https:\/\/agora.xtec.cat\/ceip-alberich\/wp-json\/wp\/v2\/types\/page"}],"author":[{"embeddable":true,"href":"https:\/\/agora.xtec.cat\/ceip-alberich\/wp-json\/wp\/v2\/users\/1"}],"replies":[{"embeddable":true,"href":"https:\/\/agora.xtec.cat\/ceip-alberich\/wp-json\/wp\/v2\/comments?post=8520"}],"version-history":[{"count":3,"href":"https:\/\/agora.xtec.cat\/ceip-alberich\/wp-json\/wp\/v2\/pages\/8520\/revisions"}],"predecessor-version":[{"id":10099,"href":"https:\/\/agora.xtec.cat\/ceip-alberich\/wp-json\/wp\/v2\/pages\/8520\/revisions\/10099"}],"up":[{"embeddable":true,"href":"https:\/\/agora.xtec.cat\/ceip-alberich\/wp-json\/wp\/v2\/pages\/288"}],"wp:attachment":[{"href":"https:\/\/agora.xtec.cat\/ceip-alberich\/wp-json\/wp\/v2\/media?parent=8520"}],"curies":[{"name":"wp","href":"https:\/\/api.w.org\/{rel}","templated":true}]}}