{"id":7527,"date":"2021-01-31T00:34:33","date_gmt":"2021-01-30T23:34:33","guid":{"rendered":"http:\/\/agora.xtec.cat\/ceip-alberich\/?page_id=7527"},"modified":"2024-02-29T12:11:57","modified_gmt":"2024-02-29T11:11:57","slug":"llengua-anglesa","status":"publish","type":"page","link":"https:\/\/agora.xtec.cat\/ceip-alberich\/departaments\/llengua-anglesa\/","title":{"rendered":"Llengua Anglesa"},"content":{"rendered":"<p><b>L\u2019angl\u00e8s a l\u2019escola\u00a0<\/b><\/p>\n<p><span style=\"font-weight: 400;\">L\u2019angl\u00e8s \u00e9s la llengua estrangera que s\u2019ensenya a l\u2019escola des de 1r fins a 6\u00e8 de prim\u00e0ria.<\/span><\/p>\n<p><span style=\"font-weight: 400;\">Al llarg dels \u00faltims anys l\u2019aprenentatge de l\u2019angl\u00e8s ha experimentat un canvi metodol\u00f2gic per donar resposta a les necessitats actuals dels infants en una societat molt m\u00e9s global i interconnectada digitalment. \u00c9s per aix\u00f2 que bona part d\u2019aquests canvis s\u2019han produ\u00eft en relaci\u00f3 a l\u2019acostament dels infants a les noves tecnologies, introdu\u00efnt plataformes educatives com ara <\/span><b>Duolingo<\/b><span style=\"font-weight: 400;\"> i <\/span><b>Google Classroom<\/b><span style=\"font-weight: 400;\">; i promovent la interacci\u00f3 i impulsant el pluriling\u00fcisme en situacions reals i contextualitzades a trav\u00e9s de la participaci\u00f3 de l\u2019alumnat en<\/span> <span style=\"font-weight: 400;\">projectes com <\/span><b>eTwinning<\/b><span style=\"font-weight: 400;\"> amb escoles d\u2019altres pa\u00efsos europeus, les<\/span><b> TED talks <\/b><span style=\"font-weight: 400;\">i<\/span><b> l\u2019Alberich Clothing Swap<\/b><span style=\"font-weight: 400;\">, per\u00f2 tamb\u00e9 mitjan\u00e7ant l\u2019<\/span><b>intercanvi ling\u00fc\u00edstic<\/b><span style=\"font-weight: 400;\"> amb infants del nostre territori, com per exemple el projecte<\/span><b> PenPals<\/b><span style=\"font-weight: 400;\"> (relaci\u00f3 epistolar en angl\u00e8s amb l\u2019alumnat de l\u2019Escola Isabel Besora).<\/span><\/p>\n<p><b>L\u2019angl\u00e8s com a llengua viva\u00a0<\/b><\/p>\n<p><span style=\"font-weight: 400;\">Des del departament d\u2019angl\u00e8s de l\u2019escola tenim molt present que una llengua s\u2019apr\u00e8n usant-la, i que la millor manera de fer-ho \u00e9s gaudint-hi. Valorem la <\/span><b>import\u00e0ncia que els infants aprenguin de la manera m\u00e9s natural possible<\/b><span style=\"font-weight: 400;\">, aix\u00ed doncs, en els primers cursos d\u2019introducci\u00f3 a la llengua, es realitza un enfocament b\u00e0sicament oral i \u00e9s en cursos posteriors en qu\u00e8 s\u2019introdueix el llenguatge escrit.<\/span><\/p>\n<p><span style=\"font-weight: 400;\">Per tal d\u2019aconseguir-ho, portem <\/span><b>propostes de la vida real a l\u2019aula<\/b><span style=\"font-weight: 400;\"> per contextualitzar l\u2019aprenentatge i normalitzar l\u2019\u00fas de l\u2019angl\u00e8s com a eina per comunicar-se.\u00a0<\/span><\/p>\n<p><span style=\"font-weight: 400;\">Entre d\u2019altres, desenvolupem les compet\u00e8ncies a partir de petits projectes i tasques significatives on els alumnes necessiten adquirir certs coneixements per arribar a crear un producte final. Tamb\u00e9 creiem que la vessant l\u00fadica \u00e9s important a l\u2019hora d\u2019aprendre una llengua estrangera i, per aix\u00f2, proposem diverses activitats com <\/span><b>tallers a centre en angl\u00e8s<\/b><span style=\"font-weight: 400;\">, <\/span><b>can\u00e7ons, jocs, contes, manualitats i treball per espais d\u2019aprenentatge<\/b><span style=\"font-weight: 400;\">, on els alumnes aprenen la llengua anglesa mentre s\u2019ho passen b\u00e9.<\/span><\/p>\n<p>&nbsp;<\/p>\n","protected":false},"excerpt":{"rendered":"<p>L\u2019angl\u00e8s a l\u2019escola\u00a0 L\u2019angl\u00e8s \u00e9s la llengua estrangera que s\u2019ensenya a l\u2019escola des de 1r fins a 6\u00e8 de prim\u00e0ria. Al llarg dels \u00faltims anys l\u2019aprenentatge de l\u2019angl\u00e8s ha experimentat un canvi metodol\u00f2gic per donar resposta a les necessitats actuals dels infants en una societat molt m\u00e9s global i interconnectada digitalment. \u00c9s per aix\u00f2 que [&hellip;]<\/p>\n","protected":false},"author":1,"featured_media":0,"parent":7507,"menu_order":3,"comment_status":"closed","ping_status":"closed","template":"page-templates\/side-menu.php","meta":{"_bbp_topic_count":0,"_bbp_reply_count":0,"_bbp_total_topic_count":0,"_bbp_total_reply_count":0,"_bbp_voice_count":0,"_bbp_anonymous_reply_count":0,"_bbp_topic_count_hidden":0,"_bbp_reply_count_hidden":0,"_bbp_forum_subforum_count":0,"site-sidebar-layout":"default","site-content-layout":"","ast-site-content-layout":"","site-content-style":"default","site-sidebar-style":"default","ast-global-header-display":"","ast-banner-title-visibility":"","ast-main-header-display":"","ast-hfb-above-header-display":"","ast-hfb-below-header-display":"","ast-hfb-mobile-header-display":"","site-post-title":"","ast-breadcrumbs-content":"","ast-featured-img":"","footer-sml-layout":"","theme-transparent-header-meta":"","adv-header-id-meta":"","stick-header-meta":"","header-above-stick-meta":"","header-main-stick-meta":"","header-below-stick-meta":"","astra-migrate-meta-layouts":"default","ast-page-background-enabled":"default","ast-page-background-meta":{"desktop":{"background-color":"var(--ast-global-color-5)","background-image":"","background-repeat":"repeat","background-position":"center center","background-size":"auto","background-attachment":"scroll","background-type":"","background-media":"","overlay-type":"","overlay-color":"","overlay-opacity":"","overlay-gradient":""},"tablet":{"background-color":"","background-image":"","background-repeat":"repeat","background-position":"center center","background-size":"auto","background-attachment":"scroll","background-type":"","background-media":"","overlay-type":"","overlay-color":"","overlay-opacity":"","overlay-gradient":""},"mobile":{"background-color":"","background-image":"","background-repeat":"repeat","background-position":"center center","background-size":"auto","background-attachment":"scroll","background-type":"","background-media":"","overlay-type":"","overlay-color":"","overlay-opacity":"","overlay-gradient":""}},"ast-content-background-meta":{"desktop":{"background-color":"var(--ast-global-color-4)","background-image":"","background-repeat":"repeat","background-position":"center center","background-size":"auto","background-attachment":"scroll","background-type":"","background-media":"","overlay-type":"","overlay-color":"","overlay-opacity":"","overlay-gradient":""},"tablet":{"background-color":"var(--ast-global-color-4)","background-image":"","background-repeat":"repeat","background-position":"center center","background-size":"auto","background-attachment":"scroll","background-type":"","background-media":"","overlay-type":"","overlay-color":"","overlay-opacity":"","overlay-gradient":""},"mobile":{"background-color":"var(--ast-global-color-4)","background-image":"","background-repeat":"repeat","background-position":"center center","background-size":"auto","background-attachment":"scroll","background-type":"","background-media":"","overlay-type":"","overlay-color":"","overlay-opacity":"","overlay-gradient":""}},"footnotes":""},"class_list":["post-7527","page","type-page","status-publish","hentry"],"post_mailing_queue_ids":[],"_links":{"self":[{"href":"https:\/\/agora.xtec.cat\/ceip-alberich\/wp-json\/wp\/v2\/pages\/7527","targetHints":{"allow":["GET"]}}],"collection":[{"href":"https:\/\/agora.xtec.cat\/ceip-alberich\/wp-json\/wp\/v2\/pages"}],"about":[{"href":"https:\/\/agora.xtec.cat\/ceip-alberich\/wp-json\/wp\/v2\/types\/page"}],"author":[{"embeddable":true,"href":"https:\/\/agora.xtec.cat\/ceip-alberich\/wp-json\/wp\/v2\/users\/1"}],"replies":[{"embeddable":true,"href":"https:\/\/agora.xtec.cat\/ceip-alberich\/wp-json\/wp\/v2\/comments?post=7527"}],"version-history":[{"count":4,"href":"https:\/\/agora.xtec.cat\/ceip-alberich\/wp-json\/wp\/v2\/pages\/7527\/revisions"}],"predecessor-version":[{"id":9268,"href":"https:\/\/agora.xtec.cat\/ceip-alberich\/wp-json\/wp\/v2\/pages\/7527\/revisions\/9268"}],"up":[{"embeddable":true,"href":"https:\/\/agora.xtec.cat\/ceip-alberich\/wp-json\/wp\/v2\/pages\/7507"}],"wp:attachment":[{"href":"https:\/\/agora.xtec.cat\/ceip-alberich\/wp-json\/wp\/v2\/media?parent=7527"}],"curies":[{"name":"wp","href":"https:\/\/api.w.org\/{rel}","templated":true}]}}