{"id":4447,"date":"2017-07-10T13:14:23","date_gmt":"2017-07-10T11:14:23","guid":{"rendered":"http:\/\/agora.xtec.cat\/ceip-alberich\/?page_id=4447"},"modified":"2026-02-05T13:34:29","modified_gmt":"2026-02-05T12:34:29","slug":"llengues-gep-i-erasmus","status":"publish","type":"page","link":"https:\/\/agora.xtec.cat\/ceip-alberich\/projectes-2\/llengues-gep-i-erasmus\/","title":{"rendered":"Erasmus+"},"content":{"rendered":"<p><span style=\"font-family: Helvetica; color: #222222;\">L&#8217;escola ha desenvolupat en els darrers 3 cursos dos projectes<span class=\"apple-converted-space\">\u00a0<\/span><strong style=\"box-sizing: border-box; line-height: inherit;\"><span style=\"font-family: Helvetica;\">Erasmus+ KA1:\u00a0<\/span><\/strong><strong style=\"box-sizing: border-box; line-height: inherit;\"><span style=\"font-family: Helvetica;\">&#8220;Un sue\u00f1o de futuro: creemos una escuela nueva, din\u00e1mica y motivadora&#8221;<\/span><\/strong><span style=\"font-family: Helvetica;\">, ja finalitzat<\/span><strong style=\"box-sizing: border-box; line-height: inherit;\"><span style=\"font-family: Helvetica;\">; i &#8220;L&#8217;alumne en el centre de l&#8217;aprenentatge: siguem competents, siguem diferents&#8221;<\/span><\/strong>. El<span class=\"apple-converted-space\">\u00a0<\/span><strong style=\"box-sizing: border-box; line-height: inherit;\"><span style=\"font-family: Helvetica;\">SEPIE<\/span><\/strong><span class=\"apple-converted-space\">\u00a0<\/span>(Servicio Espa\u00f1ol Para la Internacionalizaci\u00f3n de la Educaci\u00f3n) els va aprovar, fet que suposa que, fins a dia d&#8217;avui, un total de 18 mestres de l&#8217;escola han gaudit d&#8217;una beca per assistir a cursos de formaci\u00f3 a It\u00e0lia, Alemanya i Finl\u00e0ndia, que han servit per impulsar noves metodologies d&#8217;ensenyament aprenentatge en el nostre centre relacionades amb el Projecte Educatiu i el Projecte de Direcci\u00f3.<\/span><\/p>\n<p>Tota la informaci\u00f3 del projecte\u00a0<span style=\"font-family: Helvetica; color: #222222;\"><strong style=\"box-sizing: border-box; line-height: inherit;\"><span style=\"font-family: Helvetica;\">&#8220;Un sue\u00f1o de futuro: creemos una escuela nueva, din\u00e1mica y motivadora&#8221;<\/span><\/strong><\/span> la podeu trobar en la <a href=\"http:\/\/ec.europa.eu\/programmes\/erasmus-plus\/projects\/eplus-project-details-page\/?nodeRef=workspace:\/\/SpacesStore\/8a3144b7-8eca-4b74-b4bf-58ce7993e012\" target=\"_blank\" rel=\"noopener noreferrer\">Project Card.<\/a><\/p>\n<p><a href=\"http:\/\/agora.xtec.cat\/ceip-alberich\/lescola\/diari-de-les-mobilitats-erasmus\/\">Cliqueu aqu\u00ed per accedir als DIARIS de les mobilitats<\/a><\/p>\n<p><a class=\"twitter-timeline\" href=\"https:\/\/twitter.com\/ErasmusAlberich\">Tweets d @ErasmusAlberich<br \/>\n<\/a><br \/>\n<script async src=\"\/\/platform.twitter.com\/widgets.js\" charset=\"utf-8\"><\/script><\/p>\n","protected":false},"excerpt":{"rendered":"<p>L&#8217;escola ha desenvolupat en els darrers 3 cursos dos projectes\u00a0Erasmus+ KA1:\u00a0&#8220;Un sue\u00f1o de futuro: creemos una escuela nueva, din\u00e1mica y motivadora&#8221;, ja finalitzat; i &#8220;L&#8217;alumne en el centre de l&#8217;aprenentatge: siguem competents, siguem diferents&#8221;. El\u00a0SEPIE\u00a0(Servicio Espa\u00f1ol Para la Internacionalizaci\u00f3n de la Educaci\u00f3n) els va aprovar, fet que suposa que, fins a dia d&#8217;avui, un total [&hellip;]<\/p>\n","protected":false},"author":1,"featured_media":0,"parent":290,"menu_order":0,"comment_status":"closed","ping_status":"closed","template":"","meta":{"_bbp_topic_count":0,"_bbp_reply_count":0,"_bbp_total_topic_count":0,"_bbp_total_reply_count":0,"_bbp_voice_count":0,"_bbp_anonymous_reply_count":0,"_bbp_topic_count_hidden":0,"_bbp_reply_count_hidden":0,"_bbp_forum_subforum_count":0,"site-sidebar-layout":"default","site-content-layout":"","ast-site-content-layout":"default","site-content-style":"default","site-sidebar-style":"default","ast-global-header-display":"","ast-banner-title-visibility":"","ast-main-header-display":"","ast-hfb-above-header-display":"","ast-hfb-below-header-display":"","ast-hfb-mobile-header-display":"","site-post-title":"","ast-breadcrumbs-content":"","ast-featured-img":"","footer-sml-layout":"","theme-transparent-header-meta":"","adv-header-id-meta":"","stick-header-meta":"","header-above-stick-meta":"","header-main-stick-meta":"","header-below-stick-meta":"","astra-migrate-meta-layouts":"set","ast-page-background-enabled":"default","ast-page-background-meta":{"desktop":{"background-color":"var(--ast-global-color-5)","background-image":"","background-repeat":"repeat","background-position":"center center","background-size":"auto","background-attachment":"scroll","background-type":"","background-media":"","overlay-type":"","overlay-color":"","overlay-opacity":"","overlay-gradient":""},"tablet":{"background-color":"","background-image":"","background-repeat":"repeat","background-position":"center center","background-size":"auto","background-attachment":"scroll","background-type":"","background-media":"","overlay-type":"","overlay-color":"","overlay-opacity":"","overlay-gradient":""},"mobile":{"background-color":"","background-image":"","background-repeat":"repeat","background-position":"center center","background-size":"auto","background-attachment":"scroll","background-type":"","background-media":"","overlay-type":"","overlay-color":"","overlay-opacity":"","overlay-gradient":""}},"ast-content-background-meta":{"desktop":{"background-color":"var(--ast-global-color-4)","background-image":"","background-repeat":"repeat","background-position":"center center","background-size":"auto","background-attachment":"scroll","background-type":"","background-media":"","overlay-type":"","overlay-color":"","overlay-opacity":"","overlay-gradient":""},"tablet":{"background-color":"var(--ast-global-color-4)","background-image":"","background-repeat":"repeat","background-position":"center center","background-size":"auto","background-attachment":"scroll","background-type":"","background-media":"","overlay-type":"","overlay-color":"","overlay-opacity":"","overlay-gradient":""},"mobile":{"background-color":"var(--ast-global-color-4)","background-image":"","background-repeat":"repeat","background-position":"center center","background-size":"auto","background-attachment":"scroll","background-type":"","background-media":"","overlay-type":"","overlay-color":"","overlay-opacity":"","overlay-gradient":""}},"footnotes":""},"class_list":["post-4447","page","type-page","status-publish","hentry"],"post_mailing_queue_ids":[],"_links":{"self":[{"href":"https:\/\/agora.xtec.cat\/ceip-alberich\/wp-json\/wp\/v2\/pages\/4447","targetHints":{"allow":["GET"]}}],"collection":[{"href":"https:\/\/agora.xtec.cat\/ceip-alberich\/wp-json\/wp\/v2\/pages"}],"about":[{"href":"https:\/\/agora.xtec.cat\/ceip-alberich\/wp-json\/wp\/v2\/types\/page"}],"author":[{"embeddable":true,"href":"https:\/\/agora.xtec.cat\/ceip-alberich\/wp-json\/wp\/v2\/users\/1"}],"replies":[{"embeddable":true,"href":"https:\/\/agora.xtec.cat\/ceip-alberich\/wp-json\/wp\/v2\/comments?post=4447"}],"version-history":[{"count":3,"href":"https:\/\/agora.xtec.cat\/ceip-alberich\/wp-json\/wp\/v2\/pages\/4447\/revisions"}],"predecessor-version":[{"id":10071,"href":"https:\/\/agora.xtec.cat\/ceip-alberich\/wp-json\/wp\/v2\/pages\/4447\/revisions\/10071"}],"up":[{"embeddable":true,"href":"https:\/\/agora.xtec.cat\/ceip-alberich\/wp-json\/wp\/v2\/pages\/290"}],"wp:attachment":[{"href":"https:\/\/agora.xtec.cat\/ceip-alberich\/wp-json\/wp\/v2\/media?parent=4447"}],"curies":[{"name":"wp","href":"https:\/\/api.w.org\/{rel}","templated":true}]}}