{"id":4109,"date":"2017-02-19T23:13:25","date_gmt":"2017-02-19T22:13:25","guid":{"rendered":"http:\/\/agora.xtec.cat\/ceip-alberich\/?page_id=4109"},"modified":"2026-04-08T16:04:29","modified_gmt":"2026-04-08T14:04:29","slug":"professionals","status":"publish","type":"page","link":"https:\/\/agora.xtec.cat\/ceip-alberich\/lescola-2\/professionals\/","title":{"rendered":"Professionals"},"content":{"rendered":"\n<p><strong>Equip directiu<\/strong><\/p>\n\n\n\n<figure class=\"wp-block-table\"><table class=\"has-fixed-layout\"><tbody><tr><td>C\u00e0rrec<\/td><td>Nom<\/td><\/tr><tr><td>Director<\/td><td>Francesc Xavier Torrell Cantero<\/td><\/tr><tr><td>Secretaria<\/td><td>Montserrat Salas Carcel\u00e9n<\/td><\/tr><tr><td>Cap d&#8217;Estudis<\/td><td>Anabel Barrag\u00e1n Cabezas<\/td><\/tr><\/tbody><\/table><\/figure>\n\n\n\n<p><strong>&nbsp;<\/strong><strong>Professorat<\/strong><\/p>\n\n\n\n<figure class=\"wp-block-table\"><table class=\"has-fixed-layout\"><tbody><tr><td colspan=\"2\"><strong>Mestres de Petits<\/strong><\/td><\/tr><tr><td>I3-A. Mulassa<\/td><td>Tere Sol\u00e9 &nbsp;(MT)<\/td><\/tr><tr><td>I3-B. Bou<\/td><td>Noem\u00ed Sangonzalo (MT)<\/td><\/tr><tr><td>I4-A. Lle\u00f3<\/td><td>S\u00edlvia Andreu (MT)<\/td><\/tr><tr><td>I4-B. Nanos<\/td><td>N\u00faria Mart\u00ed (MT)<\/td><\/tr><tr><td>I5-A. Gegants<\/td><td>Judit Hern\u00e1ndez (MT)<\/td><\/tr><tr><td>I5-B. Carrasclet<\/td><td>Eli de Gr\u00e0cia (MT)<\/td><\/tr><tr><td>MEF<\/td><td>Esme S\u00e1nchez (MEF)<\/td><\/tr><tr><td rowspan=\"2\">MEE<\/td><td>Anabel Barrag\u00e1n<\/td><\/tr><tr><td>Alba Bolinches<\/td><\/tr><tr><td rowspan=\"3\">MS<\/td><td>Luc\u00eda G\u00f3mez<\/td><\/tr><tr><td>Teresa Miralles<\/td><\/tr><tr><td>Sara La\u00ednez<\/td><\/tr><tr><td colspan=\"2\"><strong>Mestres de&nbsp;Mitjans<\/strong><\/td><\/tr><tr><td rowspan=\"2\">1r-A. \u00c0liga<\/td><td>Ainhoa Huguet (MT)<\/td><\/tr><tr><td>Sarah Sabat\u00e9 (MT)<\/td><\/tr><tr><td rowspan=\"2\">1r- Basilisc<\/td><td>Ximo Sanz (MT)<\/td><\/tr><tr><td>Javi Tom\u00e0s (MT)<\/td><\/tr><tr><td>2n-A. Drac<\/td><td>Roser Masip (MT)<\/td><\/tr><tr><td>2n-B. V\u00edbria<\/td><td>Mar Puig (MT)<\/td><\/tr><tr><td>3r-A. Trabucaires<\/td><td>Jordina Gonz\u00e1lez (MT)<\/td><\/tr><tr><td>3r-B. Tronada<\/td><td>Cristina Fossas (MT)<\/td><\/tr><tr><td>3r-C. Espurnes de foc<\/td><td>Anna Segarra (MT)<\/td><\/tr><tr><td>MEF<\/td><td>Manu Bares (MEF)<\/td><\/tr><tr><td>MEE<\/td><td>Pilar Mart\u00ednez (MEE)<\/td><\/tr><tr><td rowspan=\"2\">MEA<\/td><td>Alana Lombarte (1r i 2n)<\/td><\/tr><tr><td>Mireia Sastre (3r)<\/td><\/tr><tr><td rowspan=\"2\">MLLE<\/td><td>Larry G. Ewulu (1r i 2n)<\/td><\/tr><tr><td>Montse Salas (3r)<\/td><\/tr><tr><td>MALL<\/td><td>Helena Andreu<\/td><\/tr><tr><td colspan=\"2\"><strong>Mestres de Grans<\/strong><\/td><\/tr><tr><td>4t-A. Ball de diables<\/td><td>Judit Beltran (MT)<\/td><\/tr><tr><td>4t-B. Cabra de foc<\/td><td>Lidia Gonz\u00e1lez (MT)<\/td><\/tr><tr><td>5\u00e8-A. Galeres<\/td><td>Pepa Adell&nbsp; (MT)<\/td><\/tr><tr><td>5\u00e8-B. Gitanes<\/td><td>Carla Amor\u00f3s (MT)<\/td><\/tr><tr><td>6\u00e8-A. Castellers<\/td><td>Ester Maimon\u00e9 (MT)<\/td><\/tr><tr><td>6\u00e8-B. Grallers<\/td><td>Joaquim Galea (MT)<\/td><\/tr><tr><td>MEF<\/td><td>L\u00eddia Vila<\/td><\/tr><tr><td>MEA<\/td><td>Montse Baiges<\/td><\/tr><tr><td>MLLE<\/td><td>Bruno Morej\u00f3n<\/td><\/tr><tr><td>MALL<\/td><td>Sandra Sorribes<\/td><\/tr><tr><td rowspan=\"2\">MS<\/td><td><span style=\"background-color: #ffffff;\">Marta Perpiny\u00e0<\/span><\/td><\/tr><tr><td>Francesc Xavier Torrell<\/td><\/tr><tr><td rowspan=\"4\"><strong>PAE<\/strong><br><strong><br><\/strong><strong><br><\/strong><strong><br><\/strong><\/td><td>Ant\u00f2nia V\u00e1zquez (TEI)<\/td><\/tr><tr><td>Ana\u00efs Farr\u00e9s (VET)<\/td><\/tr><tr><td>S\u00edlvia Gonz\u00e1lez (EDUC)<\/td><\/tr><tr><td>Meritxell Burillo (AUX. EE)<\/td><\/tr><\/tbody><\/table><\/figure>\n\n\n\n<p><strong>Integrants per departaments<\/strong><\/p>\n\n\n\n<figure class=\"wp-block-table\"><table class=\"has-fixed-layout\"><tbody><tr><td>Departament<\/td><td>Nom<\/td><\/tr><tr><td rowspan=\"3\">Llengua estrangera<\/td><td>Montse Salas<\/td><\/tr><tr><td>Bruno Morej\u00f3n<\/td><\/tr><tr><td>Larry G. Ewulu<\/td><\/tr><tr><td rowspan=\"3\">Educaci\u00f3 Art\u00edstica<\/td><td>Mireia Sastre<\/td><\/tr><tr><td>Alana Lombarte<\/td><\/tr><tr><td>Montse Baiges<\/td><\/tr><tr><td rowspan=\"3\">Educaci\u00f3 F\u00edsica<\/td><td>Esme S\u00e1nchez<\/td><\/tr><tr><td>L\u00eddia Vil\u00e0<\/td><\/tr><tr><td>Manu Bares<\/td><\/tr><tr><td rowspan=\"6\">Atenci\u00f3 a la Diversitat<\/td><td>Anabel Barrag\u00e1n<\/td><\/tr><tr><td>Alba Bolinches<\/td><\/tr><tr><td>Helena Andreu<\/td><\/tr><tr><td>Pilar Mart\u00ednez<\/td><\/tr><tr><td>Marta Perpiny\u00e0<\/td><\/tr><tr><td>S\u00edlvia Gonz\u00e1lez<\/td><\/tr><\/tbody><\/table><\/figure>\n\n\n\n<p><strong>Equip d&#8217;Assessorament Psicopedag\u00f2gic (EAP)<\/strong><\/p>\n\n\n\n<figure class=\"wp-block-table\"><table class=\"has-fixed-layout\"><tbody><tr><td>C\u00e0rrec<\/td><td>Nom<\/td><\/tr><tr><td>Psicopedagoga<\/td><td>Maria del Mar Gispert<\/td><\/tr><tr><td>Fisioterapeuta<\/td><td>Claudia Mart\u00ednez<\/td><\/tr><tr><td>Treballadora social<\/td><td>&nbsp;<\/td><\/tr><\/tbody><\/table><\/figure>\n\n\n\n<p><strong>&nbsp;<\/strong><strong>Centre de Recursos per a Deficients Auditius (CREDA)<\/strong><\/p>\n\n\n\n<figure class=\"wp-block-table\"><table class=\"has-fixed-layout\"><tbody><tr><td>C\u00e0rrec<\/td><td>Nom<\/td><\/tr><tr><td>Logopeda<\/td><td>Aurora Tafall<\/td><\/tr><tr><td>Logopeda<\/td><td>Marina Brunet<\/td><\/tr><\/tbody><\/table><\/figure>\n\n\n\n<p><strong>&nbsp;<\/strong><strong>Centre de Recursos per a Deficients Visuals (CREDV)<\/strong><\/p>\n\n\n\n<figure class=\"wp-block-table\"><table class=\"has-fixed-layout\"><tbody><tr><td>C\u00e0rrec<\/td><td>Nom<\/td><\/tr><tr><td>Mestra especialista<\/td><td>Laia Sari\u00f1ena<\/td><\/tr><\/tbody><\/table><\/figure>\n\n\n\n<p><strong> &nbsp;Centre de Recursos Educatius per alumnes amb Transtorns del Desenvolupament i la Conducta (CRETDIC<\/strong><strong>)<\/strong><\/p>\n\n\n\n<figure class=\"wp-block-table\"><table class=\"has-fixed-layout\"><tbody><tr><td>C\u00e0rrec<\/td><td>Nom<\/td><\/tr><tr><td>Mestra especialista<\/td><td>Neus Ferr\u00e9<\/td><\/tr><\/tbody><\/table><\/figure>\n\n\n\n<p><strong>Personal No Docent<\/strong><\/p>\n\n\n\n<figure class=\"wp-block-table\"><table class=\"has-fixed-layout\"><tbody><tr><td>C\u00e0rrec<\/td><td>Nom<\/td><\/tr><tr><td>Administrativa<\/td><td>Gerard Dom\u00ednguez<\/td><\/tr><tr><td>Conserge<\/td><td><span style=\"font-family: inherit; font-size: 1em;\">Xavi Gomis<\/span><\/td><\/tr><\/tbody><\/table><\/figure>\n\n\n\n<p><strong>Serveis de Menjador i Acollida <em>(Pendent d&#8217;actualitzar)<\/em><\/strong><\/p>\n\n\n\n<figure class=\"wp-block-table\"><table class=\"has-fixed-layout\"><tbody><tr><td>Responsabilitat\/C\u00e0rrec<\/td><td>Nom<\/td><\/tr><tr><td>Cap d\u2019\u00e0rea<\/td><td>&nbsp;<\/td><\/tr><tr><td>P3<\/td><td>&nbsp;<\/td><\/tr><tr><td>P4<\/td><td>&nbsp;<\/td><\/tr><tr><td>P5<\/td><td>&nbsp;<\/td><\/tr><tr><td>1r<\/td><td>&nbsp;<\/td><\/tr><tr><td>2n<\/td><td>&nbsp;<\/td><\/tr><tr><td>3r<\/td><td>&nbsp;<\/td><\/tr><tr><td>4t<\/td><td>&nbsp;<\/td><\/tr><tr><td>5\u00e8 i 6\u00e8<\/td><td>&nbsp;<\/td><\/tr><tr><td>Suport NEE<\/td><td>&nbsp;<\/td><\/tr><tr><td>Suport<\/td><td>&nbsp;<\/td><\/tr><tr><td>Cuina \/Neteja<\/td><td>&nbsp;<\/td><\/tr><tr><td>Coordinaci\u00f3<\/td><td>S\u00edlvia Corbella<\/td><\/tr><\/tbody><\/table><\/figure>\n","protected":false},"excerpt":{"rendered":"<p>Equip directiu C\u00e0rrec Nom Director Francesc Xavier Torrell Cantero Secretaria Montserrat Salas Carcel\u00e9n Cap d&#8217;Estudis Anabel Barrag\u00e1n Cabezas &nbsp;Professorat Mestres de Petits I3-A. Mulassa Tere Sol\u00e9 &nbsp;(MT) I3-B. Bou Noem\u00ed Sangonzalo (MT) I4-A. Lle\u00f3 S\u00edlvia Andreu (MT) I4-B. Nanos N\u00faria Mart\u00ed (MT) I5-A. Gegants Judit Hern\u00e1ndez (MT) I5-B. Carrasclet Eli de Gr\u00e0cia (MT) MEF Esme [&hellip;]<\/p>\n","protected":false},"author":1,"featured_media":0,"parent":288,"menu_order":7,"comment_status":"closed","ping_status":"closed","template":"","meta":{"_bbp_topic_count":0,"_bbp_reply_count":0,"_bbp_total_topic_count":0,"_bbp_total_reply_count":0,"_bbp_voice_count":0,"_bbp_anonymous_reply_count":0,"_bbp_topic_count_hidden":0,"_bbp_reply_count_hidden":0,"_bbp_forum_subforum_count":0,"site-sidebar-layout":"default","site-content-layout":"","ast-site-content-layout":"default","site-content-style":"default","site-sidebar-style":"default","ast-global-header-display":"","ast-banner-title-visibility":"","ast-main-header-display":"","ast-hfb-above-header-display":"","ast-hfb-below-header-display":"","ast-hfb-mobile-header-display":"","site-post-title":"","ast-breadcrumbs-content":"","ast-featured-img":"","footer-sml-layout":"","theme-transparent-header-meta":"","adv-header-id-meta":"","stick-header-meta":"","header-above-stick-meta":"","header-main-stick-meta":"","header-below-stick-meta":"","astra-migrate-meta-layouts":"set","ast-page-background-enabled":"default","ast-page-background-meta":{"desktop":{"background-color":"var(--ast-global-color-5)","background-image":"","background-repeat":"repeat","background-position":"center center","background-size":"auto","background-attachment":"scroll","background-type":"","background-media":"","overlay-type":"","overlay-color":"","overlay-opacity":"","overlay-gradient":""},"tablet":{"background-color":"","background-image":"","background-repeat":"repeat","background-position":"center center","background-size":"auto","background-attachment":"scroll","background-type":"","background-media":"","overlay-type":"","overlay-color":"","overlay-opacity":"","overlay-gradient":""},"mobile":{"background-color":"","background-image":"","background-repeat":"repeat","background-position":"center center","background-size":"auto","background-attachment":"scroll","background-type":"","background-media":"","overlay-type":"","overlay-color":"","overlay-opacity":"","overlay-gradient":""}},"ast-content-background-meta":{"desktop":{"background-color":"var(--ast-global-color-4)","background-image":"","background-repeat":"repeat","background-position":"center center","background-size":"auto","background-attachment":"scroll","background-type":"","background-media":"","overlay-type":"","overlay-color":"","overlay-opacity":"","overlay-gradient":""},"tablet":{"background-color":"var(--ast-global-color-4)","background-image":"","background-repeat":"repeat","background-position":"center center","background-size":"auto","background-attachment":"scroll","background-type":"","background-media":"","overlay-type":"","overlay-color":"","overlay-opacity":"","overlay-gradient":""},"mobile":{"background-color":"var(--ast-global-color-4)","background-image":"","background-repeat":"repeat","background-position":"center center","background-size":"auto","background-attachment":"scroll","background-type":"","background-media":"","overlay-type":"","overlay-color":"","overlay-opacity":"","overlay-gradient":""}},"footnotes":""},"class_list":["post-4109","page","type-page","status-publish","hentry"],"post_mailing_queue_ids":[],"_links":{"self":[{"href":"https:\/\/agora.xtec.cat\/ceip-alberich\/wp-json\/wp\/v2\/pages\/4109","targetHints":{"allow":["GET"]}}],"collection":[{"href":"https:\/\/agora.xtec.cat\/ceip-alberich\/wp-json\/wp\/v2\/pages"}],"about":[{"href":"https:\/\/agora.xtec.cat\/ceip-alberich\/wp-json\/wp\/v2\/types\/page"}],"author":[{"embeddable":true,"href":"https:\/\/agora.xtec.cat\/ceip-alberich\/wp-json\/wp\/v2\/users\/1"}],"replies":[{"embeddable":true,"href":"https:\/\/agora.xtec.cat\/ceip-alberich\/wp-json\/wp\/v2\/comments?post=4109"}],"version-history":[{"count":6,"href":"https:\/\/agora.xtec.cat\/ceip-alberich\/wp-json\/wp\/v2\/pages\/4109\/revisions"}],"predecessor-version":[{"id":10098,"href":"https:\/\/agora.xtec.cat\/ceip-alberich\/wp-json\/wp\/v2\/pages\/4109\/revisions\/10098"}],"up":[{"embeddable":true,"href":"https:\/\/agora.xtec.cat\/ceip-alberich\/wp-json\/wp\/v2\/pages\/288"}],"wp:attachment":[{"href":"https:\/\/agora.xtec.cat\/ceip-alberich\/wp-json\/wp\/v2\/media?parent=4109"}],"curies":[{"name":"wp","href":"https:\/\/api.w.org\/{rel}","templated":true}]}}