{"id":3998,"date":"2017-02-19T17:32:18","date_gmt":"2017-02-19T16:32:18","guid":{"rendered":"http:\/\/agora.xtec.cat\/ceip-alberich\/?page_id=3998"},"modified":"2026-04-08T16:05:51","modified_gmt":"2026-04-08T14:05:51","slug":"tecnologia-tac","status":"publish","type":"page","link":"https:\/\/agora.xtec.cat\/ceip-alberich\/lescola-2\/tecnologia-tac\/","title":{"rendered":"EDC (Estrat\u00e8gia digital de centre)"},"content":{"rendered":"\n<p>Estem en un present generalment informatitzat, per\u00f2 s\u2019ha de tenir en compte que no tots som usuaris amb alts coneixements en el seu \u00fas i no tots en fem un \u00fas adequat. \u201cA la societat d\u2019Internet, el m\u00e9s complicat no \u00e9s navegar, sin\u00f3 saber on anar, on buscar el que es vol trobar i qu\u00e8 fer amb el que es troba. I aix\u00f2 requereix educaci\u00f3.\u201d Castells(2009).<\/p>\n\n\n\n<p>Per aix\u00f2 potenciem l\u2019\u00fas did\u00e0ctic de les tecnologies en el proc\u00e9s d\u2019ensenyament i aprenentatge, amb l\u2019objectiu que els alumnes assoleixin de manera inclusiva i respectant tots els ritmes d\u2019aprenentatge la compet\u00e8ncia digital. Amb aquest increment de l\u2019\u00fas de les tecnologies es vol modificar la manera d\u2019aprendre, d\u2019accedir al coneixement. Es tracta de qu\u00e8 els alumnes s\u2019apoderin del seu aprenentatge i els docents acompanyin aquest proc\u00e9s a partir de la renovaci\u00f3 pedag\u00f2gica\u2013tecnol\u00f2gica.<\/p>\n\n\n\n<p><strong><a href=\"https:\/\/sites.google.com\/xtec.cat\/edcalberich\/p%C3%A0gina-dinici\">EDC (Estrat\u00e8gia Digital de Centre)<\/a><\/strong><\/p>\n\n\n\n<p><\/p>\n","protected":false},"excerpt":{"rendered":"<p>Estem en un present generalment informatitzat, per\u00f2 s\u2019ha de tenir en compte que no tots som usuaris amb alts coneixements en el seu \u00fas i no tots en fem un \u00fas adequat. \u201cA la societat d\u2019Internet, el m\u00e9s complicat no \u00e9s navegar, sin\u00f3 saber on anar, on buscar el que es vol trobar i qu\u00e8 [&hellip;]<\/p>\n","protected":false},"author":1,"featured_media":0,"parent":288,"menu_order":9,"comment_status":"closed","ping_status":"closed","template":"","meta":{"_bbp_topic_count":0,"_bbp_reply_count":0,"_bbp_total_topic_count":0,"_bbp_total_reply_count":0,"_bbp_voice_count":0,"_bbp_anonymous_reply_count":0,"_bbp_topic_count_hidden":0,"_bbp_reply_count_hidden":0,"_bbp_forum_subforum_count":0,"site-sidebar-layout":"default","site-content-layout":"","ast-site-content-layout":"default","site-content-style":"default","site-sidebar-style":"default","ast-global-header-display":"","ast-banner-title-visibility":"","ast-main-header-display":"","ast-hfb-above-header-display":"","ast-hfb-below-header-display":"","ast-hfb-mobile-header-display":"","site-post-title":"","ast-breadcrumbs-content":"","ast-featured-img":"","footer-sml-layout":"","theme-transparent-header-meta":"","adv-header-id-meta":"","stick-header-meta":"","header-above-stick-meta":"","header-main-stick-meta":"","header-below-stick-meta":"","astra-migrate-meta-layouts":"set","ast-page-background-enabled":"default","ast-page-background-meta":{"desktop":{"background-color":"var(--ast-global-color-5)","background-image":"","background-repeat":"repeat","background-position":"center center","background-size":"auto","background-attachment":"scroll","background-type":"","background-media":"","overlay-type":"","overlay-color":"","overlay-opacity":"","overlay-gradient":""},"tablet":{"background-color":"","background-image":"","background-repeat":"repeat","background-position":"center center","background-size":"auto","background-attachment":"scroll","background-type":"","background-media":"","overlay-type":"","overlay-color":"","overlay-opacity":"","overlay-gradient":""},"mobile":{"background-color":"","background-image":"","background-repeat":"repeat","background-position":"center center","background-size":"auto","background-attachment":"scroll","background-type":"","background-media":"","overlay-type":"","overlay-color":"","overlay-opacity":"","overlay-gradient":""}},"ast-content-background-meta":{"desktop":{"background-color":"var(--ast-global-color-4)","background-image":"","background-repeat":"repeat","background-position":"center center","background-size":"auto","background-attachment":"scroll","background-type":"","background-media":"","overlay-type":"","overlay-color":"","overlay-opacity":"","overlay-gradient":""},"tablet":{"background-color":"var(--ast-global-color-4)","background-image":"","background-repeat":"repeat","background-position":"center center","background-size":"auto","background-attachment":"scroll","background-type":"","background-media":"","overlay-type":"","overlay-color":"","overlay-opacity":"","overlay-gradient":""},"mobile":{"background-color":"var(--ast-global-color-4)","background-image":"","background-repeat":"repeat","background-position":"center center","background-size":"auto","background-attachment":"scroll","background-type":"","background-media":"","overlay-type":"","overlay-color":"","overlay-opacity":"","overlay-gradient":""}},"footnotes":""},"class_list":["post-3998","page","type-page","status-publish","hentry"],"post_mailing_queue_ids":[],"_links":{"self":[{"href":"https:\/\/agora.xtec.cat\/ceip-alberich\/wp-json\/wp\/v2\/pages\/3998","targetHints":{"allow":["GET"]}}],"collection":[{"href":"https:\/\/agora.xtec.cat\/ceip-alberich\/wp-json\/wp\/v2\/pages"}],"about":[{"href":"https:\/\/agora.xtec.cat\/ceip-alberich\/wp-json\/wp\/v2\/types\/page"}],"author":[{"embeddable":true,"href":"https:\/\/agora.xtec.cat\/ceip-alberich\/wp-json\/wp\/v2\/users\/1"}],"replies":[{"embeddable":true,"href":"https:\/\/agora.xtec.cat\/ceip-alberich\/wp-json\/wp\/v2\/comments?post=3998"}],"version-history":[{"count":6,"href":"https:\/\/agora.xtec.cat\/ceip-alberich\/wp-json\/wp\/v2\/pages\/3998\/revisions"}],"predecessor-version":[{"id":10089,"href":"https:\/\/agora.xtec.cat\/ceip-alberich\/wp-json\/wp\/v2\/pages\/3998\/revisions\/10089"}],"up":[{"embeddable":true,"href":"https:\/\/agora.xtec.cat\/ceip-alberich\/wp-json\/wp\/v2\/pages\/288"}],"wp:attachment":[{"href":"https:\/\/agora.xtec.cat\/ceip-alberich\/wp-json\/wp\/v2\/media?parent=3998"}],"curies":[{"name":"wp","href":"https:\/\/api.w.org\/{rel}","templated":true}]}}