{"id":3982,"date":"2017-02-19T17:04:20","date_gmt":"2017-02-19T16:04:20","guid":{"rendered":"http:\/\/agora.xtec.cat\/ceip-alberich\/?page_id=3982"},"modified":"2026-04-08T16:21:06","modified_gmt":"2026-04-08T14:21:06","slug":"informacio","status":"publish","type":"page","link":"https:\/\/agora.xtec.cat\/ceip-alberich\/amipa\/informacio\/","title":{"rendered":"Informaci\u00f3 curs"},"content":{"rendered":"\n<p><span class=\"hiddenSpellError\">L&#8217;AFA DOCTOR ALBERICH<\/span>&nbsp;I&nbsp;<span class=\"hiddenSpellError\">CASAS<\/span><\/p>\n\n\n\n<p><span style=\"font-weight: 400;\">Ser membre de l\u2019AFA no implica nom\u00e9s una q\u00fcesti\u00f3 econ\u00f2mica (gratu\u00eftat d\u2019activitats, descomptes, etc.) o pr\u00e0ctica (acc\u00e9s als serveis d\u2019extraescolars o acollida de mat\u00ed), sin\u00f3 tamb\u00e9, i sobretot, que com a col\u00b7lectiu tinguem una representaci\u00f3 activa dins la comunitat educativa i una implicaci\u00f3 m\u00e9s profitosa en el proc\u00e9s educatiu dels nostres fills\/es.<\/span><\/p>\n\n\n\n<p><span style=\"font-weight: 400;\">Com m\u00e9s socis i s\u00f2cies siguem, m\u00e9s representada estar\u00e0 la globalitat de les fam\u00edlies de l\u2019escola. L\u2019AFA \u00e9s el millor marc per poder representar i debatre la diversitat de les idees de mares, pares i tutors\/es. <\/span><\/p>\n\n\n\n<p><a href=\"https:\/\/drive.google.com\/file\/d\/1A7YuGpc3efeIaRaZXrQCWlS_ufTOwBe7\/view?usp=sharing\">Estatuts de l&#8217;AFA.<\/a><\/p>\n\n\n\n<p><b>Membres de la Junta de l\u2019AFA:<\/b><\/p>\n\n\n\n<ul class=\"wp-block-list\">\n<li><span style=\"font-weight: 400;\">President: Miquel Tarrag\u00f3<\/span><\/li>\n\n\n\n<li><span style=\"font-weight: 400;\">Vicepresidenta: \u00c0uria Eslava<\/span><\/li>\n\n\n\n<li><span style=\"font-weight: 400;\">Secretaria: N\u00faria Garcia<\/span><\/li>\n\n\n\n<li><span style=\"font-weight: 400;\">Tresorer: H\u00e9ctor Rodr\u00edguez<\/span><\/li>\n\n\n\n<li><span style=\"font-weight: 400;\">Resp. Menjador: Montse Bala\u00f1\u00e0<\/span><\/li>\n\n\n\n<li><span style=\"font-weight: 400;\">Resp. Extraescolars: Dani Tarrag\u00f3<\/span><\/li>\n\n\n\n<li><span style=\"font-weight: 400;\">Resp. Festes: Susanna Fort<\/span><\/li>\n<\/ul>\n\n\n\n<p><b>QU\u00c8 FA?<\/b><\/p>\n\n\n\n<ul class=\"wp-block-list\">\n<li><span style=\"font-weight: 400;\">Representa les mares, els pares i els tutors\/es dels alumnes de l\u2019escola dins i fora de la Comunitat Educativa, canalitzant les iniciatives i suggeriments que se li aporten.<\/span><\/li>\n\n\n\n<li><span style=\"font-weight: 400;\">Treballa conjuntament amb l\u2019escola organitzant diverses activitats i actes, i gestionant serveis per tal de millorar la comunitat educativa del centre i prosperar conjuntament.<\/span><\/li>\n\n\n\n<li><span style=\"font-weight: 400;\">Gestiona el Menjador Escolar<\/span><\/li>\n\n\n\n<li><span style=\"font-weight: 400;\">Participa en les activitats socials i culturals organitzades a nivell municipal que puguin ser d\u2019inter\u00e8s per a l\u2019Escola (Pla d\u2019Entorn, Bus a Peu, SOAF \u2026).<\/span><\/li>\n\n\n\n<li><span style=\"font-weight: 400;\">Forma part del Consell Escolar.<\/span><\/li>\n\n\n\n<li><span style=\"font-weight: 400;\">Forma part del Pla Catal\u00e0 de l\u2019Esport.<\/span><\/li>\n\n\n\n<li><span style=\"font-weight: 400;\">Organitza les activitats extraescolars i la seva cloenda.\u00a0<\/span><\/li>\n\n\n\n<li><span style=\"font-weight: 400;\">Col\u00b7labora en festes i actes culturals de l\u2019Escola: La castanyada, el carnaval, Sant Jordi, Dia en Fam\u00edlia&#8230;<\/span><\/li>\n\n\n\n<li><span style=\"font-weight: 400;\">Col\u00b7labora amb AFA\u2019S d\u2019altres escoles.<\/span><\/li>\n\n\n\n<li><span style=\"font-weight: 400;\">Promou activitats i tallers organitzats per l\u2019AFFAC ( Associacions\u00a0 federades de Fam\u00edlies d\u2019alumnes de Catalunya.\u00a0\u00a0<\/span><\/li>\n\n\n\n<li><span style=\"font-weight: 400;\">Gestiona el Casal d\u2019Estiu<\/span><\/li>\n\n\n\n<li><span style=\"font-weight: 400;\">I molt m\u00e9s\u2026<\/span><\/li>\n<\/ul>\n\n\n\n<p><b>COM ES FINAN\u00c7A?<\/b><\/p>\n\n\n\n<ul class=\"wp-block-list\">\n<li><span style=\"font-weight: 400;\">Amb les quotes dels socis i s\u00f2cies de l\u2019AFA.<\/span><\/li>\n\n\n\n<li><span style=\"font-weight: 400;\">Amb subvencions.<\/span><\/li>\n\n\n\n<li><span style=\"font-weight: 400;\">Amb donacions i col\u00b7laboracions puntuals (treballs manuals dels alumnes per Sant Jordi, per la festa d\u2019entrepans o pastissos\u2026,)<\/span><\/li>\n\n\n\n<li><span style=\"font-weight: 400;\">Amb les quotes de les activitats i serveis que gestiona (acollida, extraescolars, menjador, casal d\u2019estiu\u2026)<\/span><\/li>\n<\/ul>\n\n\n\n<p><strong>COM S&#8217;ORGANITZA?<\/strong><\/p>\n\n\n\n<p><span style=\"font-weight: 400;\">Per a dur a terme les activitats, es desenvolupen diferents comissions encarregades d\u2019\u00e0mbits i tasques concretes, actuant aix\u00ed com a grups de treballs espec\u00edfics. Tot i aix\u00ed, s\u2019intenta treballar conjuntament entre tots els i les membres, realitzant reunions peri\u00f2diques.&nbsp;<\/span><\/p>\n\n\n\n<ul class=\"wp-block-list\">\n<li><span style=\"font-weight: 400;\">Gesti\u00f3 menjador i acollida: Montse Bala\u00f1\u00e0, \u00c0uria Eslava<\/span><\/li>\n\n\n\n<li><span style=\"font-weight: 400;\">Extraescolars: Dani Tarrag\u00f3, Oriol Borr\u00e0s, Susanna Fort<\/span><\/li>\n\n\n\n<li><span style=\"font-weight: 400;\">Festes i tallers: Susanna Fort<\/span><\/li>\n\n\n\n<li><span style=\"font-weight: 400;\">Carnaval: Carles Secall<\/span><\/li>\n\n\n\n<li><span style=\"font-weight: 400;\">Comunicaci\u00f3 i XXSS: Alba Navarro, N\u00faria Garcia, Montse Bala\u00f1\u00e0<\/span><\/li>\n\n\n\n<li><span style=\"font-weight: 400;\">Tresoreria: H\u00e9ctor Rodr\u00edguez, Miquel Tarrag\u00f3<\/span><\/li>\n\n\n\n<li><span style=\"font-weight: 400;\">Administrativa: Domi G\u00f3mez<\/span><\/li>\n<\/ul>\n\n\n\n<p><strong>ALTRES SERVEIS<\/strong><\/p>\n\n\n\n<ul class=\"wp-block-list\">\n<li><span style=\"font-weight: 400;\">Subministrament de l\u2019<a href=\"https:\/\/agora.xtec.cat\/ceip-alberich\/amipa\/comanda-roba-esportiva-20-21-nou\/\">equipaci\u00f3 esportiva\u00a0 de l\u2019escola.<\/a>\u00a0<\/span><\/li>\n\n\n\n<li><span style=\"font-weight: 400;\">Pots reservar l\u2019espai del pati per celebrar festes d\u2019aniversaris els caps de setmana.<\/span><\/li>\n<\/ul>\n\n\n\n<p><strong>HORARI D\u2019ATENCI\u00d3 A LES FAM\u00cdLIES<\/strong><\/p>\n\n\n\n<ul class=\"wp-block-list\">\n<li>\n<ul class=\"wp-block-list\">\n<li>De dilluns, dimarts, dimecres i divendres de 8h a 12h<\/li>\n\n\n\n<li>Dimarts de 16h a 18h<\/li>\n\n\n\n<li>Dijous de 15h a 17h<\/li>\n<\/ul>\n<\/li>\n<\/ul>\n\n\n\n<p>Enviant un <strong>Dinantia<\/strong> a &#8220;<em>AFA (Associaci\u00f3 de fam\u00edlies)&#8221;<\/em> o correu electr\u00f2nic&nbsp;<a href=\"mailto:afa@alberichicasas.com\">afa<span class=\"\">@<\/span>alberichicasas<span class=\"\">.com<\/span><\/a><\/p>\n\n\n\n<figure class=\"wp-block-table\"><table class=\"has-fixed-layout\"><tbody><tr><td><strong>ATENCI\u00d3<\/strong>: El Whatsapp no es un canal de comunicaci\u00f3 v\u00e0lid<\/td><\/tr><\/tbody><\/table><\/figure>\n\n\n\n<p>(Informaci\u00f3 actualitzada curs 25\/26)<\/p>\n","protected":false},"excerpt":{"rendered":"<p>L&#8217;AFA DOCTOR ALBERICH&nbsp;I&nbsp;CASAS Ser membre de l\u2019AFA no implica nom\u00e9s una q\u00fcesti\u00f3 econ\u00f2mica (gratu\u00eftat d\u2019activitats, descomptes, etc.) o pr\u00e0ctica (acc\u00e9s als serveis d\u2019extraescolars o acollida de mat\u00ed), sin\u00f3 tamb\u00e9, i sobretot, que com a col\u00b7lectiu tinguem una representaci\u00f3 activa dins la comunitat educativa i una implicaci\u00f3 m\u00e9s profitosa en el proc\u00e9s educatiu dels nostres fills\/es. [&hellip;]<\/p>\n","protected":false},"author":1,"featured_media":0,"parent":296,"menu_order":10,"comment_status":"closed","ping_status":"closed","template":"","meta":{"_bbp_topic_count":0,"_bbp_reply_count":0,"_bbp_total_topic_count":0,"_bbp_total_reply_count":0,"_bbp_voice_count":0,"_bbp_anonymous_reply_count":0,"_bbp_topic_count_hidden":0,"_bbp_reply_count_hidden":0,"_bbp_forum_subforum_count":0,"site-sidebar-layout":"default","site-content-layout":"","ast-site-content-layout":"default","site-content-style":"default","site-sidebar-style":"default","ast-global-header-display":"","ast-banner-title-visibility":"","ast-main-header-display":"","ast-hfb-above-header-display":"","ast-hfb-below-header-display":"","ast-hfb-mobile-header-display":"","site-post-title":"","ast-breadcrumbs-content":"","ast-featured-img":"","footer-sml-layout":"","theme-transparent-header-meta":"default","adv-header-id-meta":"","stick-header-meta":"","header-above-stick-meta":"","header-main-stick-meta":"","header-below-stick-meta":"","astra-migrate-meta-layouts":"set","ast-page-background-enabled":"default","ast-page-background-meta":{"desktop":{"background-color":"var(--ast-global-color-5)","background-image":"","background-repeat":"repeat","background-position":"center center","background-size":"auto","background-attachment":"scroll","background-type":"","background-media":"","overlay-type":"","overlay-color":"","overlay-opacity":"","overlay-gradient":""},"tablet":{"background-color":"","background-image":"","background-repeat":"repeat","background-position":"center center","background-size":"auto","background-attachment":"scroll","background-type":"","background-media":"","overlay-type":"","overlay-color":"","overlay-opacity":"","overlay-gradient":""},"mobile":{"background-color":"","background-image":"","background-repeat":"repeat","background-position":"center center","background-size":"auto","background-attachment":"scroll","background-type":"","background-media":"","overlay-type":"","overlay-color":"","overlay-opacity":"","overlay-gradient":""}},"ast-content-background-meta":{"desktop":{"background-color":"var(--ast-global-color-4)","background-image":"","background-repeat":"repeat","background-position":"center center","background-size":"auto","background-attachment":"scroll","background-type":"","background-media":"","overlay-type":"","overlay-color":"","overlay-opacity":"","overlay-gradient":""},"tablet":{"background-color":"var(--ast-global-color-4)","background-image":"","background-repeat":"repeat","background-position":"center center","background-size":"auto","background-attachment":"scroll","background-type":"","background-media":"","overlay-type":"","overlay-color":"","overlay-opacity":"","overlay-gradient":""},"mobile":{"background-color":"var(--ast-global-color-4)","background-image":"","background-repeat":"repeat","background-position":"center center","background-size":"auto","background-attachment":"scroll","background-type":"","background-media":"","overlay-type":"","overlay-color":"","overlay-opacity":"","overlay-gradient":""}},"footnotes":""},"class_list":["post-3982","page","type-page","status-publish","hentry"],"post_mailing_queue_ids":[],"_links":{"self":[{"href":"https:\/\/agora.xtec.cat\/ceip-alberich\/wp-json\/wp\/v2\/pages\/3982","targetHints":{"allow":["GET"]}}],"collection":[{"href":"https:\/\/agora.xtec.cat\/ceip-alberich\/wp-json\/wp\/v2\/pages"}],"about":[{"href":"https:\/\/agora.xtec.cat\/ceip-alberich\/wp-json\/wp\/v2\/types\/page"}],"author":[{"embeddable":true,"href":"https:\/\/agora.xtec.cat\/ceip-alberich\/wp-json\/wp\/v2\/users\/1"}],"replies":[{"embeddable":true,"href":"https:\/\/agora.xtec.cat\/ceip-alberich\/wp-json\/wp\/v2\/comments?post=3982"}],"version-history":[{"count":6,"href":"https:\/\/agora.xtec.cat\/ceip-alberich\/wp-json\/wp\/v2\/pages\/3982\/revisions"}],"predecessor-version":[{"id":10101,"href":"https:\/\/agora.xtec.cat\/ceip-alberich\/wp-json\/wp\/v2\/pages\/3982\/revisions\/10101"}],"up":[{"embeddable":true,"href":"https:\/\/agora.xtec.cat\/ceip-alberich\/wp-json\/wp\/v2\/pages\/296"}],"wp:attachment":[{"href":"https:\/\/agora.xtec.cat\/ceip-alberich\/wp-json\/wp\/v2\/media?parent=3982"}],"curies":[{"name":"wp","href":"https:\/\/api.w.org\/{rel}","templated":true}]}}