{"id":3973,"date":"2017-02-19T16:47:28","date_gmt":"2017-02-19T15:47:28","guid":{"rendered":"http:\/\/agora.xtec.cat\/ceip-alberich\/?page_id=3973"},"modified":"2026-01-29T14:06:02","modified_gmt":"2026-01-29T13:06:02","slug":"acollida","status":"publish","type":"page","link":"https:\/\/agora.xtec.cat\/ceip-alberich\/amipa\/acollida\/","title":{"rendered":"Acollida"},"content":{"rendered":"<p><strong>DESCRIPCI\u00d3 DEL SERVEI<\/strong><\/p>\n<p>Va adre\u00e7at a aquelles fam\u00edlies que per diferents motius es troben en la necessitat de\u00a0portar els seus fills\/es a l\u2019escola abans de l\u2019inici d\u2019aquesta.<\/p>\n<p><strong>Concessionari del servei: <\/strong><\/p>\n<p>Aquest servei l\u2019organitza l\u2019AFA de l\u2019Escola a trav\u00e9s d\u2019una empresa de serveis de lleure, en el nostre cas a \u00c0pats Sans, S.L<\/p>\n<p><strong>Objectius:<\/strong><\/p>\n<ul>\n<li>Oferir als nens i nenes un espai agradable i enriquidor mentre esperen l\u2019inici\u00a0de la jornada escolar.<\/li>\n<li>Proporcionar recursos l\u00fadics per a fer aquesta estona m\u00e9s amena.<\/li>\n<li>Fomentar un ambient agradable i dist\u00e8s entre els participants.<\/li>\n<li>Estimular una actitud positiva davant un nou dia.<\/li>\n<li>Oferir un esmorzar saludable<\/li>\n<\/ul>\n<p><strong>Funcionament: <\/strong><\/p>\n<p>Aquest servei \u00e9s un temps de benvinguda i una estona de conviv\u00e8ncia abans de\u00a0l\u2019inici de la jornada escolar. Per fer que aquest temps sigui el m\u00e0xim d\u2019entranyable\u00a0dividirem el menjador en tres espais diferents, un per a esmorzar, un per estudiar i\/o\u00a0fer deures els alumnes m\u00e9s grans i un altre per a jugar als jocs de taula, llegir\u00a0contes o pintar amb els materials que hi ha al menjador.<\/p>\n<p><strong>Durada: <\/strong><\/p>\n<p>D\u2019acord amb el calendari escolar de l\u2019alumnat.<\/p>\n<p><strong>Horari: <\/strong><\/p>\n<p>De 7:30h a 8:30h del mat\u00ed. Cal que qui els acompanyi ho faci fins dins el menjador.<\/p>\n<table style=\"border-collapse: collapse; width: 82.685%; height: 128px;\">\n<tbody>\n<tr style=\"height: 32px;\">\n<td style=\"width: 10.6408%; height: 32px; text-align: left;\"><strong>Modalitat<\/strong><\/td>\n<td style=\"width: 15.0648%; text-align: center; height: 32px;\"><strong>\u00a0<\/strong><\/td>\n<td style=\"width: 27.0303%; height: 32px; text-align: center;\"><strong>1hora<\/strong><\/td>\n<td style=\"width: 14.9746%; height: 32px; text-align: center;\"><strong>30 minuts<\/strong><\/td>\n<\/tr>\n<tr style=\"height: 32px;\">\n<td style=\"width: 10.6408%; height: 64px; text-align: left;\" rowspan=\"2\">Habitual<\/td>\n<td style=\"width: 15.0648%; text-align: center; height: 32px;\">Soci\/a AFA<\/td>\n<td style=\"width: 27.0303%; height: 32px; text-align: center;\">45 \u20ac\/mes<\/td>\n<td style=\"width: 14.9746%; height: 32px; text-align: center;\">22,5 \u20ac\/mes<\/td>\n<\/tr>\n<tr style=\"height: 32px;\">\n<td style=\"width: 15.0648%; text-align: center; height: 32px;\">No soci\/a AFA<\/p>\n<p>(<a href=\"https:\/\/agora.xtec.cat\/ceip-alberich\/amipa\/com-fer-te-soci-amipa-2023-2024\/\">fer-se soci\/a de l&#8217;AFA<\/a>)<\/td>\n<td style=\"width: 27.0303%; height: 32px; text-align: center;\">50 \u20ac\/mes<\/td>\n<td style=\"width: 14.9746%; height: 32px; text-align: center;\">25 \u20ac\/mes<\/td>\n<\/tr>\n<tr style=\"height: 32px;\">\n<td style=\"width: 10.6408%; height: 32px; text-align: left;\">Espor\u00e0dic<\/td>\n<td style=\"width: 15.0648%; text-align: center; height: 32px;\">&#8211;<\/td>\n<td style=\"width: 27.0303%; height: 32px; text-align: center;\">3,5 \u20ac\/dia<\/td>\n<td style=\"width: 14.9746%; height: 32px; text-align: center;\">3,5 \u20ac\/dia<\/td>\n<\/tr>\n<\/tbody>\n<\/table>\n<p><strong>Intoler\u00e0ncies i al\u00b7l\u00e8rgies: <\/strong><\/p>\n<p>Les intoler\u00e0ncies i al\u00b7l\u00e8rgies s\u2019han de comunicar a la Coordinadora Interna del\u00a0menjador.<\/p>\n<h4><strong>\u00a0Comunicaci\u00f3<\/strong><\/h4>\n<p>En cas de necessitar fer alguna consulta puntual (dietes, no assist\u00e8ncia, venda de tiquets\u2026) o\u00a0<strong>inscriure\u2019s al servei<\/strong>, adreceu-vos a trav\u00e9s de l\u2019aplicaci\u00f3 de\u00a0<strong>Dinantia<\/strong>\u00a0a \u201c<em>Coordinaci\u00f3 espai de migdia\u201d<\/em>\u00a0o al tel\u00e8fon en horari d\u2019escola 644865052<\/p>\n<table>\n<tbody>\n<tr>\n<td><strong>ATENCI\u00d3<\/strong>: El Whatsapp no es un canal de comunicaci\u00f3 v\u00e0lid<\/td>\n<\/tr>\n<\/tbody>\n<\/table>\n<p>(Informaci\u00f3 actualitzada curs 25\/26)<\/p>\n","protected":false},"excerpt":{"rendered":"<p>DESCRIPCI\u00d3 DEL SERVEI Va adre\u00e7at a aquelles fam\u00edlies que per diferents motius es troben en la necessitat de\u00a0portar els seus fills\/es a l\u2019escola abans de l\u2019inici d\u2019aquesta. Concessionari del servei: Aquest servei l\u2019organitza l\u2019AFA de l\u2019Escola a trav\u00e9s d\u2019una empresa de serveis de lleure, en el nostre cas a \u00c0pats Sans, S.L Objectius: Oferir als [&hellip;]<\/p>\n","protected":false},"author":1,"featured_media":0,"parent":296,"menu_order":50,"comment_status":"closed","ping_status":"closed","template":"","meta":{"_bbp_topic_count":0,"_bbp_reply_count":0,"_bbp_total_topic_count":0,"_bbp_total_reply_count":0,"_bbp_voice_count":0,"_bbp_anonymous_reply_count":0,"_bbp_topic_count_hidden":0,"_bbp_reply_count_hidden":0,"_bbp_forum_subforum_count":0,"site-sidebar-layout":"default","site-content-layout":"","ast-site-content-layout":"default","site-content-style":"default","site-sidebar-style":"default","ast-global-header-display":"","ast-banner-title-visibility":"","ast-main-header-display":"","ast-hfb-above-header-display":"","ast-hfb-below-header-display":"","ast-hfb-mobile-header-display":"","site-post-title":"","ast-breadcrumbs-content":"","ast-featured-img":"","footer-sml-layout":"","theme-transparent-header-meta":"default","adv-header-id-meta":"","stick-header-meta":"","header-above-stick-meta":"","header-main-stick-meta":"","header-below-stick-meta":"","astra-migrate-meta-layouts":"set","ast-page-background-enabled":"default","ast-page-background-meta":{"desktop":{"background-color":"var(--ast-global-color-5)","background-image":"","background-repeat":"repeat","background-position":"center center","background-size":"auto","background-attachment":"scroll","background-type":"","background-media":"","overlay-type":"","overlay-color":"","overlay-opacity":"","overlay-gradient":""},"tablet":{"background-color":"","background-image":"","background-repeat":"repeat","background-position":"center center","background-size":"auto","background-attachment":"scroll","background-type":"","background-media":"","overlay-type":"","overlay-color":"","overlay-opacity":"","overlay-gradient":""},"mobile":{"background-color":"","background-image":"","background-repeat":"repeat","background-position":"center center","background-size":"auto","background-attachment":"scroll","background-type":"","background-media":"","overlay-type":"","overlay-color":"","overlay-opacity":"","overlay-gradient":""}},"ast-content-background-meta":{"desktop":{"background-color":"var(--ast-global-color-4)","background-image":"","background-repeat":"repeat","background-position":"center center","background-size":"auto","background-attachment":"scroll","background-type":"","background-media":"","overlay-type":"","overlay-color":"","overlay-opacity":"","overlay-gradient":""},"tablet":{"background-color":"var(--ast-global-color-4)","background-image":"","background-repeat":"repeat","background-position":"center center","background-size":"auto","background-attachment":"scroll","background-type":"","background-media":"","overlay-type":"","overlay-color":"","overlay-opacity":"","overlay-gradient":""},"mobile":{"background-color":"var(--ast-global-color-4)","background-image":"","background-repeat":"repeat","background-position":"center center","background-size":"auto","background-attachment":"scroll","background-type":"","background-media":"","overlay-type":"","overlay-color":"","overlay-opacity":"","overlay-gradient":""}},"footnotes":""},"class_list":["post-3973","page","type-page","status-publish","hentry"],"post_mailing_queue_ids":[],"_links":{"self":[{"href":"https:\/\/agora.xtec.cat\/ceip-alberich\/wp-json\/wp\/v2\/pages\/3973","targetHints":{"allow":["GET"]}}],"collection":[{"href":"https:\/\/agora.xtec.cat\/ceip-alberich\/wp-json\/wp\/v2\/pages"}],"about":[{"href":"https:\/\/agora.xtec.cat\/ceip-alberich\/wp-json\/wp\/v2\/types\/page"}],"author":[{"embeddable":true,"href":"https:\/\/agora.xtec.cat\/ceip-alberich\/wp-json\/wp\/v2\/users\/1"}],"replies":[{"embeddable":true,"href":"https:\/\/agora.xtec.cat\/ceip-alberich\/wp-json\/wp\/v2\/comments?post=3973"}],"version-history":[{"count":6,"href":"https:\/\/agora.xtec.cat\/ceip-alberich\/wp-json\/wp\/v2\/pages\/3973\/revisions"}],"predecessor-version":[{"id":10016,"href":"https:\/\/agora.xtec.cat\/ceip-alberich\/wp-json\/wp\/v2\/pages\/3973\/revisions\/10016"}],"up":[{"embeddable":true,"href":"https:\/\/agora.xtec.cat\/ceip-alberich\/wp-json\/wp\/v2\/pages\/296"}],"wp:attachment":[{"href":"https:\/\/agora.xtec.cat\/ceip-alberich\/wp-json\/wp\/v2\/media?parent=3973"}],"curies":[{"name":"wp","href":"https:\/\/api.w.org\/{rel}","templated":true}]}}