{"id":288,"date":"2017-02-15T12:14:29","date_gmt":"2017-02-15T11:14:29","guid":{"rendered":"http:\/\/agora.xtec.cat\/ceip-alberich\/?page_id=288"},"modified":"2026-02-05T13:46:47","modified_gmt":"2026-02-05T12:46:47","slug":"lescola-2","status":"publish","type":"page","link":"https:\/\/agora.xtec.cat\/ceip-alberich\/lescola-2\/","title":{"rendered":"L&#8217;ESCOLA"},"content":{"rendered":"\n<p>En aquest espai podeu trobar informaci\u00f3 de qui s\u00f3m, qu\u00e8 fem i com ho fem.<\/p>\n\n\n\n<p><strong>Missi\u00f3:<\/strong><\/p>\n\n\n\n<p>La nostra missi\u00f3 \u00e9s <strong>oferir un espai de respecte<\/strong> a la mirada dels infants, on l\u2019adult ha d\u2019interpretar aquesta mirada i crear un entorn coherent amb els seus processos personals. L\u2019escola \u00e9s un organisme viu, un espai de conviv\u00e8ncia i d\u2019intercanvi de relacions entre els adults i els infants, un entorn on es pensa, es reflexiona i es treballa amb la voluntat d&#8217;oferir viv\u00e8ncies que impliquin aprenentatges m\u00e9s significatius i reconciliar all\u00f2 que un sap amb el que no sap. Ha de ser un espai equilibrat entre les emocions, l\u2019aprenentatge i la pedagogia. Pensem que l\u2019escola ha de proporcionar la relaci\u00f3 amb l\u2019entorn proporcionant interrelacions entre tots els agents presents en la comunitat.<\/p>\n\n\n\n<p><strong>Visi\u00f3:<\/strong><\/p>\n\n\n\n<p><strong>Volem aconseguir<\/strong> millores en els resultats d\u2019aprenentatge, la satisfacci\u00f3 dels alumnes, i en la integraci\u00f3 d\u2019alumnes amb NEE.<\/p>\n\n\n\n<p><strong>Volem afavorir<\/strong> la participaci\u00f3 de tots els membres de la comunitat educativa i ser un referent cultural i de cohesi\u00f3 al barri i al municipi; i volem continuar mantenint un clima acollidor i motivador tot afavorint la formaci\u00f3 i la tasca i el reconeixement dels docents.<\/p>\n\n\n\n<p><strong>Volem ser<\/strong> un centre actiu a partir d\u2019una visi\u00f3 humanista de l\u2019educaci\u00f3, emprenedor, amb visi\u00f3 de futur, que pret\u00e9n la millora constant de la qualitat pedag\u00f2gica, mitjan\u00e7ant l\u2019\u00fas de les TAC, l\u2019impuls de les lleng\u00fces i la promoci\u00f3 de l\u2019aprenentatge aut\u00f2nom, vivencial, significatiu i el treball cooperatiu per ser <strong>referent de qualitat educativa.<\/strong><\/p>\n","protected":false},"excerpt":{"rendered":"<p>En aquest espai podeu trobar informaci\u00f3 de qui s\u00f3m, qu\u00e8 fem i com ho fem. Missi\u00f3: La nostra missi\u00f3 \u00e9s oferir un espai de respecte a la mirada dels infants, on l\u2019adult ha d\u2019interpretar aquesta mirada i crear un entorn coherent amb els seus processos personals. L\u2019escola \u00e9s un organisme viu, un espai de conviv\u00e8ncia [&hellip;]<\/p>\n","protected":false},"author":1,"featured_media":0,"parent":0,"menu_order":0,"comment_status":"closed","ping_status":"closed","template":"","meta":{"_bbp_topic_count":0,"_bbp_reply_count":0,"_bbp_total_topic_count":0,"_bbp_total_reply_count":0,"_bbp_voice_count":0,"_bbp_anonymous_reply_count":0,"_bbp_topic_count_hidden":0,"_bbp_reply_count_hidden":0,"_bbp_forum_subforum_count":0,"site-sidebar-layout":"default","site-content-layout":"","ast-site-content-layout":"default","site-content-style":"default","site-sidebar-style":"default","ast-global-header-display":"","ast-banner-title-visibility":"","ast-main-header-display":"","ast-hfb-above-header-display":"","ast-hfb-below-header-display":"","ast-hfb-mobile-header-display":"","site-post-title":"","ast-breadcrumbs-content":"","ast-featured-img":"","footer-sml-layout":"","theme-transparent-header-meta":"","adv-header-id-meta":"","stick-header-meta":"","header-above-stick-meta":"","header-main-stick-meta":"","header-below-stick-meta":"","astra-migrate-meta-layouts":"set","ast-page-background-enabled":"default","ast-page-background-meta":{"desktop":{"background-color":"var(--ast-global-color-5)","background-image":"","background-repeat":"repeat","background-position":"center center","background-size":"auto","background-attachment":"scroll","background-type":"","background-media":"","overlay-type":"","overlay-color":"","overlay-opacity":"","overlay-gradient":""},"tablet":{"background-color":"","background-image":"","background-repeat":"repeat","background-position":"center center","background-size":"auto","background-attachment":"scroll","background-type":"","background-media":"","overlay-type":"","overlay-color":"","overlay-opacity":"","overlay-gradient":""},"mobile":{"background-color":"","background-image":"","background-repeat":"repeat","background-position":"center center","background-size":"auto","background-attachment":"scroll","background-type":"","background-media":"","overlay-type":"","overlay-color":"","overlay-opacity":"","overlay-gradient":""}},"ast-content-background-meta":{"desktop":{"background-color":"var(--ast-global-color-4)","background-image":"","background-repeat":"repeat","background-position":"center center","background-size":"auto","background-attachment":"scroll","background-type":"","background-media":"","overlay-type":"","overlay-color":"","overlay-opacity":"","overlay-gradient":""},"tablet":{"background-color":"var(--ast-global-color-4)","background-image":"","background-repeat":"repeat","background-position":"center center","background-size":"auto","background-attachment":"scroll","background-type":"","background-media":"","overlay-type":"","overlay-color":"","overlay-opacity":"","overlay-gradient":""},"mobile":{"background-color":"var(--ast-global-color-4)","background-image":"","background-repeat":"repeat","background-position":"center center","background-size":"auto","background-attachment":"scroll","background-type":"","background-media":"","overlay-type":"","overlay-color":"","overlay-opacity":"","overlay-gradient":""}},"footnotes":""},"class_list":["post-288","page","type-page","status-publish","hentry"],"post_mailing_queue_ids":[],"_links":{"self":[{"href":"https:\/\/agora.xtec.cat\/ceip-alberich\/wp-json\/wp\/v2\/pages\/288","targetHints":{"allow":["GET"]}}],"collection":[{"href":"https:\/\/agora.xtec.cat\/ceip-alberich\/wp-json\/wp\/v2\/pages"}],"about":[{"href":"https:\/\/agora.xtec.cat\/ceip-alberich\/wp-json\/wp\/v2\/types\/page"}],"author":[{"embeddable":true,"href":"https:\/\/agora.xtec.cat\/ceip-alberich\/wp-json\/wp\/v2\/users\/1"}],"replies":[{"embeddable":true,"href":"https:\/\/agora.xtec.cat\/ceip-alberich\/wp-json\/wp\/v2\/comments?post=288"}],"version-history":[{"count":3,"href":"https:\/\/agora.xtec.cat\/ceip-alberich\/wp-json\/wp\/v2\/pages\/288\/revisions"}],"predecessor-version":[{"id":10076,"href":"https:\/\/agora.xtec.cat\/ceip-alberich\/wp-json\/wp\/v2\/pages\/288\/revisions\/10076"}],"wp:attachment":[{"href":"https:\/\/agora.xtec.cat\/ceip-alberich\/wp-json\/wp\/v2\/media?parent=288"}],"curies":[{"name":"wp","href":"https:\/\/api.w.org\/{rel}","templated":true}]}}