{"id":28,"date":"2014-09-18T12:29:35","date_gmt":"2014-09-18T12:29:35","guid":{"rendered":"http:\/\/agora.xtec.cat\/ceip-alberich\/?page_id=28"},"modified":"2026-04-08T16:03:20","modified_gmt":"2026-04-08T14:03:20","slug":"consell-escolar","status":"publish","type":"page","link":"https:\/\/agora.xtec.cat\/ceip-alberich\/lescola-2\/consell-escolar\/","title":{"rendered":"Consell escolar"},"content":{"rendered":"\n<p>El <strong>consell escolar<\/strong>&nbsp;de l\u2019escola est\u00e0 integrat per*:<\/p>\n\n\n\n<p><strong>Director:<\/strong> Francesc Xavier Torrell<\/p>\n\n\n\n<p><strong>Cap d&#8217;estudis:<\/strong> Anabel Barrag\u00e1n<\/p>\n\n\n\n<p><strong>Secretari:<\/strong> Mireia Sastre Echevarria&nbsp;(amb veu i sense vot)<\/p>\n\n\n\n<p><strong>Sector de mestres:&nbsp;<\/strong><\/p>\n\n\n\n<ul class=\"wp-block-list\">\n<li>Noem\u00ed Sangonzalo Serrano<\/li>\n\n\n\n<li>N\u00faria Mart\u00ed Colominas<\/li>\n\n\n\n<li>Jordina Gonz\u00e1lez Navais<\/li>\n\n\n\n<li>Helena Andreu Vall<\/li>\n\n\n\n<li>Esmeralda Sanchez Martin<\/li>\n\n\n\n<li>Bruno Morej\u00f3n Mateo<\/li>\n<\/ul>\n\n\n\n<p><strong>Sector mares i pares:<\/strong><\/p>\n\n\n\n<ul class=\"wp-block-list\">\n<li>Judit Guadalupe Grau Garcia<\/li>\n\n\n\n<li>Laura Lasheras Abad<\/li>\n\n\n\n<li>Susana Fort Mancha<\/li>\n\n\n\n<li>Noem\u00ed Hierro Sari\u00f1ena<\/li>\n\n\n\n<li>Alex Franquet Busom<\/li>\n\n\n\n<li>N\u00faria Garcia Oncins<\/li>\n<\/ul>\n\n\n\n<p><strong>Representant AMIPA:&nbsp;<\/strong>Ascensi\u00f3n Maria Rudilla Arenas<\/p>\n\n\n\n<p><strong>Representant personal d&#8217;administraci\u00f3 i serveis (PAS): <\/strong>Xavier Gomis Nadal<\/p>\n\n\n\n<p><strong>Representant personal d&#8217;atenci\u00f3 educativa (PAE): <\/strong>Antonia V\u00e1zquez Ma\u00f1ero<\/p>\n\n\n\n<p><strong>Representant Ajuntament:<\/strong> Montserrat Pi\u00f1ero<\/p>\n\n\n\n<blockquote class=\"wp-block-quote is-layout-flow wp-block-quote-is-layout-flow\">\n<p class=\"has-text-align-right\">*Actualitzat el 28 d&#8217;agost de 2022<\/p>\n<\/blockquote>\n","protected":false},"excerpt":{"rendered":"<p>El consell escolar&nbsp;de l\u2019escola est\u00e0 integrat per*: Director: Francesc Xavier Torrell Cap d&#8217;estudis: Anabel Barrag\u00e1n Secretari: Mireia Sastre Echevarria&nbsp;(amb veu i sense vot) Sector de mestres:&nbsp; Sector mares i pares: Representant AMIPA:&nbsp;Ascensi\u00f3n Maria Rudilla Arenas Representant personal d&#8217;administraci\u00f3 i serveis (PAS): Xavier Gomis Nadal Representant personal d&#8217;atenci\u00f3 educativa (PAE): Antonia V\u00e1zquez Ma\u00f1ero Representant Ajuntament: Montserrat [&hellip;]<\/p>\n","protected":false},"author":2,"featured_media":0,"parent":288,"menu_order":5,"comment_status":"closed","ping_status":"closed","template":"","meta":{"_bbp_topic_count":0,"_bbp_reply_count":0,"_bbp_total_topic_count":0,"_bbp_total_reply_count":0,"_bbp_voice_count":0,"_bbp_anonymous_reply_count":0,"_bbp_topic_count_hidden":0,"_bbp_reply_count_hidden":0,"_bbp_forum_subforum_count":0,"site-sidebar-layout":"default","site-content-layout":"","ast-site-content-layout":"default","site-content-style":"default","site-sidebar-style":"default","ast-global-header-display":"","ast-banner-title-visibility":"","ast-main-header-display":"","ast-hfb-above-header-display":"","ast-hfb-below-header-display":"","ast-hfb-mobile-header-display":"","site-post-title":"","ast-breadcrumbs-content":"","ast-featured-img":"","footer-sml-layout":"","theme-transparent-header-meta":"","adv-header-id-meta":"","stick-header-meta":"","header-above-stick-meta":"","header-main-stick-meta":"","header-below-stick-meta":"","astra-migrate-meta-layouts":"set","ast-page-background-enabled":"default","ast-page-background-meta":{"desktop":{"background-color":"var(--ast-global-color-5)","background-image":"","background-repeat":"repeat","background-position":"center center","background-size":"auto","background-attachment":"scroll","background-type":"","background-media":"","overlay-type":"","overlay-color":"","overlay-opacity":"","overlay-gradient":""},"tablet":{"background-color":"","background-image":"","background-repeat":"repeat","background-position":"center center","background-size":"auto","background-attachment":"scroll","background-type":"","background-media":"","overlay-type":"","overlay-color":"","overlay-opacity":"","overlay-gradient":""},"mobile":{"background-color":"","background-image":"","background-repeat":"repeat","background-position":"center center","background-size":"auto","background-attachment":"scroll","background-type":"","background-media":"","overlay-type":"","overlay-color":"","overlay-opacity":"","overlay-gradient":""}},"ast-content-background-meta":{"desktop":{"background-color":"var(--ast-global-color-4)","background-image":"","background-repeat":"repeat","background-position":"center center","background-size":"auto","background-attachment":"scroll","background-type":"","background-media":"","overlay-type":"","overlay-color":"","overlay-opacity":"","overlay-gradient":""},"tablet":{"background-color":"var(--ast-global-color-4)","background-image":"","background-repeat":"repeat","background-position":"center center","background-size":"auto","background-attachment":"scroll","background-type":"","background-media":"","overlay-type":"","overlay-color":"","overlay-opacity":"","overlay-gradient":""},"mobile":{"background-color":"var(--ast-global-color-4)","background-image":"","background-repeat":"repeat","background-position":"center center","background-size":"auto","background-attachment":"scroll","background-type":"","background-media":"","overlay-type":"","overlay-color":"","overlay-opacity":"","overlay-gradient":""}},"footnotes":""},"class_list":["post-28","page","type-page","status-publish","hentry"],"post_mailing_queue_ids":[],"_links":{"self":[{"href":"https:\/\/agora.xtec.cat\/ceip-alberich\/wp-json\/wp\/v2\/pages\/28","targetHints":{"allow":["GET"]}}],"collection":[{"href":"https:\/\/agora.xtec.cat\/ceip-alberich\/wp-json\/wp\/v2\/pages"}],"about":[{"href":"https:\/\/agora.xtec.cat\/ceip-alberich\/wp-json\/wp\/v2\/types\/page"}],"author":[{"embeddable":true,"href":"https:\/\/agora.xtec.cat\/ceip-alberich\/wp-json\/wp\/v2\/users\/2"}],"replies":[{"embeddable":true,"href":"https:\/\/agora.xtec.cat\/ceip-alberich\/wp-json\/wp\/v2\/comments?post=28"}],"version-history":[{"count":4,"href":"https:\/\/agora.xtec.cat\/ceip-alberich\/wp-json\/wp\/v2\/pages\/28\/revisions"}],"predecessor-version":[{"id":10096,"href":"https:\/\/agora.xtec.cat\/ceip-alberich\/wp-json\/wp\/v2\/pages\/28\/revisions\/10096"}],"up":[{"embeddable":true,"href":"https:\/\/agora.xtec.cat\/ceip-alberich\/wp-json\/wp\/v2\/pages\/288"}],"wp:attachment":[{"href":"https:\/\/agora.xtec.cat\/ceip-alberich\/wp-json\/wp\/v2\/media?parent=28"}],"curies":[{"name":"wp","href":"https:\/\/api.w.org\/{rel}","templated":true}]}}