{"id":26,"date":"2014-09-18T12:24:32","date_gmt":"2014-09-18T12:24:32","guid":{"rendered":"http:\/\/agora.xtec.cat\/ceip-alberich\/?page_id=26"},"modified":"2026-04-08T15:58:55","modified_gmt":"2026-04-08T13:58:55","slug":"historia","status":"publish","type":"page","link":"https:\/\/agora.xtec.cat\/ceip-alberich\/lescola-2\/historia\/","title":{"rendered":"Hist\u00f2ria"},"content":{"rendered":"\n<p class=\"has-text-align-center\"><strong>L\u2019Escola \u00e9s <em>\u201cuna comunitat viva formada pels alumnes, mestres, pares, antics alumnes i medi social que l&#8217;envolta\u201d<\/em>. Aquesta \u00e9s la definici\u00f3 del centre extreta del PEC.<\/strong><\/p>\n\n\n\n<figure class=\"wp-block-image alignright\"><a href=\"http:\/\/agora.xtec.cat\/ceip-alberich\/wp-content\/uploads\/usu832\/2017\/02\/Imagen1.jpg\"><img loading=\"lazy\" decoding=\"async\" width=\"399\" height=\"260\" src=\"http:\/\/agora.xtec.cat\/ceip-alberich\/wp-content\/uploads\/usu832\/2017\/02\/Imagen1.jpg\" alt=\"imagen1\" class=\"wp-image-3923\" srcset=\"https:\/\/agora.xtec.cat\/ceip-alberich\/wp-content\/uploads\/usu832\/2017\/02\/Imagen1.jpg 399w, https:\/\/agora.xtec.cat\/ceip-alberich\/wp-content\/uploads\/usu832\/2017\/02\/Imagen1-300x195.jpg 300w\" sizes=\"auto, (max-width: 399px) 100vw, 399px\" \/><\/a><\/figure>\n\n\n\n<p>L\u2019Escola Doctor Alberich i Casas est\u00e0 situada al Barri Immaculada, als afores de la ciutat de Reus (Baix Camp). Va ser constru\u00efda l\u2019any 1978 i consistia en un edifici de 2 pisos amb 4 aules.<\/p>\n\n\n\n<p>L\u2019Escola quan va n\u00e9ixer, ho va fer amb una poblaci\u00f3 de nivell socio-econ\u00f2mic-cultural molt baix. Des del primer moment es va entendre que calia fer un plantejament d\u2019escola amb molta implicaci\u00f3 per part de tothom i amb una dedicaci\u00f3 especial. Amb aquesta idea, i quan es va poder, l\u2019escola va convertir-se en un centre d\u2019Acci\u00f3 Especial i m\u00e9s tard en un CAEP.<\/p>\n\n\n\n<p>El curs 2002\/2003 l\u2019escola va iniciar la transformaci\u00f3 en Comunitat d\u2019Aprenentatgel tutelat&nbsp;pel CREA de la UAB. Des de llavors, les fam\u00edlies participen a l\u2019escola tant en l\u2019\u00e0mbit de gesti\u00f3 (comissions de treball) com a l\u2019\u00e0mbit curricular (grups Interactius, tallers, biblioteca), com en l\u2019\u00e0mbit relacional i de cohesi\u00f3 social (web, grup excursionista, celebracions, formaci\u00f3 de fam\u00edlies,..)<\/p>\n\n\n\n<p>Posteriorment ha estat modificada i el curs 2006\/07 va iniciar-se la construcci\u00f3 d\u2019una part nova i la remodelaci\u00f3 de l\u2019antiga a fi de convertir-se en un centre de dos l\u00ednies.<\/p>\n\n\n\n<p>Actualment l\u2019escola disposa de m\u00faltiples equipaments esportius, art\u00edstics, digitals,&#8230;<\/p>\n\n\n\n<p><a href=\"http:\/\/agora.xtec.cat\/ceip-alberich\/wp-content\/uploads\/usu832\/2017\/02\/Imagen2.jpg\">&nbsp;<\/a><\/p>\n","protected":false},"excerpt":{"rendered":"<p>L\u2019Escola \u00e9s \u201cuna comunitat viva formada pels alumnes, mestres, pares, antics alumnes i medi social que l&#8217;envolta\u201d. Aquesta \u00e9s la definici\u00f3 del centre extreta del PEC. L\u2019Escola Doctor Alberich i Casas est\u00e0 situada al Barri Immaculada, als afores de la ciutat de Reus (Baix Camp). Va ser constru\u00efda l\u2019any 1978 i consistia en un edifici [&hellip;]<\/p>\n","protected":false},"author":2,"featured_media":0,"parent":288,"menu_order":1,"comment_status":"closed","ping_status":"closed","template":"","meta":{"_bbp_topic_count":0,"_bbp_reply_count":0,"_bbp_total_topic_count":0,"_bbp_total_reply_count":0,"_bbp_voice_count":0,"_bbp_anonymous_reply_count":0,"_bbp_topic_count_hidden":0,"_bbp_reply_count_hidden":0,"_bbp_forum_subforum_count":0,"site-sidebar-layout":"default","site-content-layout":"","ast-site-content-layout":"default","site-content-style":"default","site-sidebar-style":"default","ast-global-header-display":"","ast-banner-title-visibility":"","ast-main-header-display":"","ast-hfb-above-header-display":"","ast-hfb-below-header-display":"","ast-hfb-mobile-header-display":"","site-post-title":"","ast-breadcrumbs-content":"","ast-featured-img":"","footer-sml-layout":"","theme-transparent-header-meta":"","adv-header-id-meta":"","stick-header-meta":"","header-above-stick-meta":"","header-main-stick-meta":"","header-below-stick-meta":"","astra-migrate-meta-layouts":"set","ast-page-background-enabled":"default","ast-page-background-meta":{"desktop":{"background-color":"var(--ast-global-color-5)","background-image":"","background-repeat":"repeat","background-position":"center center","background-size":"auto","background-attachment":"scroll","background-type":"","background-media":"","overlay-type":"","overlay-color":"","overlay-opacity":"","overlay-gradient":""},"tablet":{"background-color":"","background-image":"","background-repeat":"repeat","background-position":"center center","background-size":"auto","background-attachment":"scroll","background-type":"","background-media":"","overlay-type":"","overlay-color":"","overlay-opacity":"","overlay-gradient":""},"mobile":{"background-color":"","background-image":"","background-repeat":"repeat","background-position":"center center","background-size":"auto","background-attachment":"scroll","background-type":"","background-media":"","overlay-type":"","overlay-color":"","overlay-opacity":"","overlay-gradient":""}},"ast-content-background-meta":{"desktop":{"background-color":"var(--ast-global-color-4)","background-image":"","background-repeat":"repeat","background-position":"center center","background-size":"auto","background-attachment":"scroll","background-type":"","background-media":"","overlay-type":"","overlay-color":"","overlay-opacity":"","overlay-gradient":""},"tablet":{"background-color":"var(--ast-global-color-4)","background-image":"","background-repeat":"repeat","background-position":"center center","background-size":"auto","background-attachment":"scroll","background-type":"","background-media":"","overlay-type":"","overlay-color":"","overlay-opacity":"","overlay-gradient":""},"mobile":{"background-color":"var(--ast-global-color-4)","background-image":"","background-repeat":"repeat","background-position":"center center","background-size":"auto","background-attachment":"scroll","background-type":"","background-media":"","overlay-type":"","overlay-color":"","overlay-opacity":"","overlay-gradient":""}},"footnotes":""},"class_list":["post-26","page","type-page","status-publish","hentry"],"post_mailing_queue_ids":[],"_links":{"self":[{"href":"https:\/\/agora.xtec.cat\/ceip-alberich\/wp-json\/wp\/v2\/pages\/26","targetHints":{"allow":["GET"]}}],"collection":[{"href":"https:\/\/agora.xtec.cat\/ceip-alberich\/wp-json\/wp\/v2\/pages"}],"about":[{"href":"https:\/\/agora.xtec.cat\/ceip-alberich\/wp-json\/wp\/v2\/types\/page"}],"author":[{"embeddable":true,"href":"https:\/\/agora.xtec.cat\/ceip-alberich\/wp-json\/wp\/v2\/users\/2"}],"replies":[{"embeddable":true,"href":"https:\/\/agora.xtec.cat\/ceip-alberich\/wp-json\/wp\/v2\/comments?post=26"}],"version-history":[{"count":3,"href":"https:\/\/agora.xtec.cat\/ceip-alberich\/wp-json\/wp\/v2\/pages\/26\/revisions"}],"predecessor-version":[{"id":10081,"href":"https:\/\/agora.xtec.cat\/ceip-alberich\/wp-json\/wp\/v2\/pages\/26\/revisions\/10081"}],"up":[{"embeddable":true,"href":"https:\/\/agora.xtec.cat\/ceip-alberich\/wp-json\/wp\/v2\/pages\/288"}],"wp:attachment":[{"href":"https:\/\/agora.xtec.cat\/ceip-alberich\/wp-json\/wp\/v2\/media?parent=26"}],"curies":[{"name":"wp","href":"https:\/\/api.w.org\/{rel}","templated":true}]}}