{"id":221,"date":"2017-02-15T11:16:41","date_gmt":"2017-02-15T10:16:41","guid":{"rendered":"http:\/\/agora.xtec.cat\/ceip-alberich\/?page_id=221"},"modified":"2024-02-01T13:51:56","modified_gmt":"2024-02-01T12:51:56","slug":"comunitat-daprenentatge","status":"publish","type":"page","link":"https:\/\/agora.xtec.cat\/ceip-alberich\/projectes-2\/comunitat-daprenentatge\/","title":{"rendered":"Comunitat (CdA)"},"content":{"rendered":"<p>L\u2019Escola \u00e9s una Comunitat d\u2019Aprenentatge formada per alumnes, mestres, fam\u00edlies, antics alumnes i medi social que l\u2019envolta. Com a tal ha de recollir les aportacions humanes, culturals i socials dels seus membres i fent de gresol, millorar i enriquir-se ella com a instituci\u00f3, la comunitat educativa i el seu entorn social. D&#8217;aquest esperit emana la filosofia del Projecte Educatiu.<\/p>\n<p>Comunitat d&#8217;Aprenentatge<\/p>\n<p>L&#8217;escola Alberich i Casas va decidir el curs 2001-02 transformar-se en una Comunitat d&#8217;Aprenentatge, la que segueix \u00e9s doncs la nostra filosofia, all\u00f2 que creiem i all\u00f2 que volem pels que formem aquesta comunitat.<\/p>\n<p>Les Comunitats d&#8217;aprenentatge es defineixen com un projecte de transformaci\u00f3 social i cultural d&#8217;un centre educatiu i del seu entorn per a conseguir una societat de la informaci\u00f3 per a totes les persones, basada en l&#8217;aprenentatge dial\u00f2gic,mitjan\u00e7ant una educaci\u00f3 participativa de la comunitat, que es concreta en tots els seus espais, inclosa l&#8217;aula (Valls 2008).<\/p>\n<p>Un dels elements fonamentals dins les Comunitats d&#8217;Aprenentatge \u00e9s la participaci\u00f3 de tota la comunitat educativa, familiars, professorat, voluntaris, etc.<\/p>\n<p>Les persones treballen en pla d&#8217;igualtat amb un objectiu compartit: l&#8217;aprenentatge dels nens i nenes per no estar socialment exclosos a la societat de la informaci\u00f3.<\/p>\n<p>M\u00e9s informaci\u00f3 de les principals actuacions:<\/p>\n<ul class=\"sub-menu menu-even sub-sub-menu menu-depth-2\">\n<li id=\"nav-menu-item-315\" class=\"sub-menu-item sub-sub-menu-item menu-item-even menu-item-depth-2 menu-item menu-item-type-post_type menu-item-object-page\"><a class=\"menu-link sub-menu-link\" href=\"https:\/\/agora.xtec.cat\/ceip-alberich\/projectes-2\/comunitat-daprenentatge\/tertulies-literaries-dialogiques\/\">Tert\u00falies (TLD)<\/a><\/li>\n<\/ul>\n","protected":false},"excerpt":{"rendered":"<p>L\u2019Escola \u00e9s una Comunitat d\u2019Aprenentatge formada per alumnes, mestres, fam\u00edlies, antics alumnes i medi social que l\u2019envolta. Com a tal ha de recollir les aportacions humanes, culturals i socials dels seus membres i fent de gresol, millorar i enriquir-se ella com a instituci\u00f3, la comunitat educativa i el seu entorn social. D&#8217;aquest esperit emana la [&hellip;]<\/p>\n","protected":false},"author":1,"featured_media":0,"parent":290,"menu_order":1,"comment_status":"closed","ping_status":"closed","template":"page-templates\/side-menu.php","meta":{"_bbp_topic_count":0,"_bbp_reply_count":0,"_bbp_total_topic_count":0,"_bbp_total_reply_count":0,"_bbp_voice_count":0,"_bbp_anonymous_reply_count":0,"_bbp_topic_count_hidden":0,"_bbp_reply_count_hidden":0,"_bbp_forum_subforum_count":0,"site-sidebar-layout":"default","site-content-layout":"","ast-site-content-layout":"","site-content-style":"default","site-sidebar-style":"default","ast-global-header-display":"","ast-banner-title-visibility":"","ast-main-header-display":"","ast-hfb-above-header-display":"","ast-hfb-below-header-display":"","ast-hfb-mobile-header-display":"","site-post-title":"","ast-breadcrumbs-content":"","ast-featured-img":"","footer-sml-layout":"","theme-transparent-header-meta":"","adv-header-id-meta":"","stick-header-meta":"","header-above-stick-meta":"","header-main-stick-meta":"","header-below-stick-meta":"","astra-migrate-meta-layouts":"default","ast-page-background-enabled":"default","ast-page-background-meta":{"desktop":{"background-color":"var(--ast-global-color-5)","background-image":"","background-repeat":"repeat","background-position":"center center","background-size":"auto","background-attachment":"scroll","background-type":"","background-media":"","overlay-type":"","overlay-color":"","overlay-opacity":"","overlay-gradient":""},"tablet":{"background-color":"","background-image":"","background-repeat":"repeat","background-position":"center center","background-size":"auto","background-attachment":"scroll","background-type":"","background-media":"","overlay-type":"","overlay-color":"","overlay-opacity":"","overlay-gradient":""},"mobile":{"background-color":"","background-image":"","background-repeat":"repeat","background-position":"center center","background-size":"auto","background-attachment":"scroll","background-type":"","background-media":"","overlay-type":"","overlay-color":"","overlay-opacity":"","overlay-gradient":""}},"ast-content-background-meta":{"desktop":{"background-color":"var(--ast-global-color-4)","background-image":"","background-repeat":"repeat","background-position":"center center","background-size":"auto","background-attachment":"scroll","background-type":"","background-media":"","overlay-type":"","overlay-color":"","overlay-opacity":"","overlay-gradient":""},"tablet":{"background-color":"var(--ast-global-color-4)","background-image":"","background-repeat":"repeat","background-position":"center center","background-size":"auto","background-attachment":"scroll","background-type":"","background-media":"","overlay-type":"","overlay-color":"","overlay-opacity":"","overlay-gradient":""},"mobile":{"background-color":"var(--ast-global-color-4)","background-image":"","background-repeat":"repeat","background-position":"center center","background-size":"auto","background-attachment":"scroll","background-type":"","background-media":"","overlay-type":"","overlay-color":"","overlay-opacity":"","overlay-gradient":""}},"footnotes":""},"class_list":["post-221","page","type-page","status-publish","hentry"],"post_mailing_queue_ids":[],"_links":{"self":[{"href":"https:\/\/agora.xtec.cat\/ceip-alberich\/wp-json\/wp\/v2\/pages\/221","targetHints":{"allow":["GET"]}}],"collection":[{"href":"https:\/\/agora.xtec.cat\/ceip-alberich\/wp-json\/wp\/v2\/pages"}],"about":[{"href":"https:\/\/agora.xtec.cat\/ceip-alberich\/wp-json\/wp\/v2\/types\/page"}],"author":[{"embeddable":true,"href":"https:\/\/agora.xtec.cat\/ceip-alberich\/wp-json\/wp\/v2\/users\/1"}],"replies":[{"embeddable":true,"href":"https:\/\/agora.xtec.cat\/ceip-alberich\/wp-json\/wp\/v2\/comments?post=221"}],"version-history":[{"count":4,"href":"https:\/\/agora.xtec.cat\/ceip-alberich\/wp-json\/wp\/v2\/pages\/221\/revisions"}],"predecessor-version":[{"id":9205,"href":"https:\/\/agora.xtec.cat\/ceip-alberich\/wp-json\/wp\/v2\/pages\/221\/revisions\/9205"}],"up":[{"embeddable":true,"href":"https:\/\/agora.xtec.cat\/ceip-alberich\/wp-json\/wp\/v2\/pages\/290"}],"wp:attachment":[{"href":"https:\/\/agora.xtec.cat\/ceip-alberich\/wp-json\/wp\/v2\/media?parent=221"}],"curies":[{"name":"wp","href":"https:\/\/api.w.org\/{rel}","templated":true}]}}