{"id":7041,"date":"2024-02-22T16:18:57","date_gmt":"2024-02-22T15:18:57","guid":{"rendered":"https:\/\/agora.xtec.cat\/ceip-aguimera-vendrell\/?page_id=7041"},"modified":"2024-02-22T18:00:44","modified_gmt":"2024-02-22T17:00:44","slug":"som-comunitat-daprenentatge","status":"publish","type":"page","link":"https:\/\/agora.xtec.cat\/ceip-aguimera-vendrell\/orientacionsipropostes\/som-comunitat-daprenentatge\/","title":{"rendered":"SOM COMUNITAT D&#8217;APRENENTATGE"},"content":{"rendered":"<p>L&#8217;any 2007 la nostra escola es va constituir en Comunitat d&#8217;Aprenenatatge.<\/p>\n<p>Aquest Projecte d&#8217;Innovaci\u00f3 Pedag\u00f2gica del Departament d&#8217;Educaci\u00f3 implica la realitzaci\u00f3 de diferents actuacions educatives d&#8217;\u00e8xit: Les tert\u00falies liter\u00e0ries dial\u00f2giques, Els Grups interactius, El Club dels Valents i Valentes.<\/p>\n<p>Com a comunitat d&#8217;aprenentatge creiem que l&#8217;educaci\u00f3 \u00e9s cosa de tots i per aix\u00f2 animem a les nostres fam\u00edlies a participar activament com a voluntaris i volunt\u00e0ries a les aules i com a membres de les comissions mixtes de mestres i fam\u00edlies: Infraestructures, L\u00fadics i m\u00e0gics, Aprenentatges i Valors i Voluntariat.<\/p>\n<p>Peri\u00f2dicament la nostra comunitat educativa t\u00e9 l&#8217;oportunitat de somiar com millorar l&#8217;escola. La nostra escola ha somiat 3 vegades i aquest any 2024 tornem a somiar.<\/p>\n<p>En aquest <a href=\"https:\/\/youtu.be\/3Gn52_rjUek\"><span style=\"color: #00ccff;\">v\u00eddeo<\/span> <\/a>podreu veure com han estat aquestes 3 jornades de somni i alguns dels somnis que hen aconseguit en aquest anys.<\/p>\n<p>&nbsp;<\/p>\n","protected":false},"excerpt":{"rendered":"<p>L&#8217;any 2007 la nostra escola es va constituir en Comunitat d&#8217;Aprenenatatge. Aquest Projecte d&#8217;Innovaci\u00f3 Pedag\u00f2gica del Departament d&#8217;Educaci\u00f3 implica la realitzaci\u00f3 de diferents actuacions educatives d&#8217;\u00e8xit: Les tert\u00falies liter\u00e0ries dial\u00f2giques, Els Grups interactius, El Club dels Valents i Valentes. Com a comunitat d&#8217;aprenentatge creiem que l&#8217;educaci\u00f3 \u00e9s cosa de tots i per aix\u00f2 animem a [&hellip;]<\/p>\n","protected":false},"author":103,"featured_media":0,"parent":1556,"menu_order":1,"comment_status":"closed","ping_status":"closed","template":"page-templates\/side-menu.php","meta":{"_bbp_topic_count":0,"_bbp_reply_count":0,"_bbp_total_topic_count":0,"_bbp_total_reply_count":0,"_bbp_voice_count":0,"_bbp_anonymous_reply_count":0,"_bbp_topic_count_hidden":0,"_bbp_reply_count_hidden":0,"_bbp_forum_subforum_count":0,"site-sidebar-layout":"default","site-content-layout":"","ast-site-content-layout":"","site-content-style":"default","site-sidebar-style":"default","ast-global-header-display":"","ast-banner-title-visibility":"","ast-main-header-display":"","ast-hfb-above-header-display":"","ast-hfb-below-header-display":"","ast-hfb-mobile-header-display":"","site-post-title":"","ast-breadcrumbs-content":"","ast-featured-img":"","footer-sml-layout":"","theme-transparent-header-meta":"","adv-header-id-meta":"","stick-header-meta":"","header-above-stick-meta":"","header-main-stick-meta":"","header-below-stick-meta":"","astra-migrate-meta-layouts":"default","ast-page-background-enabled":"default","ast-page-background-meta":{"desktop":{"background-color":"var(--ast-global-color-4)","background-image":"","background-repeat":"repeat","background-position":"center center","background-size":"auto","background-attachment":"scroll","background-type":"","background-media":"","overlay-type":"","overlay-color":"","overlay-opacity":"","overlay-gradient":""},"tablet":{"background-color":"","background-image":"","background-repeat":"repeat","background-position":"center center","background-size":"auto","background-attachment":"scroll","background-type":"","background-media":"","overlay-type":"","overlay-color":"","overlay-opacity":"","overlay-gradient":""},"mobile":{"background-color":"","background-image":"","background-repeat":"repeat","background-position":"center center","background-size":"auto","background-attachment":"scroll","background-type":"","background-media":"","overlay-type":"","overlay-color":"","overlay-opacity":"","overlay-gradient":""}},"ast-content-background-meta":{"desktop":{"background-color":"var(--ast-global-color-5)","background-image":"","background-repeat":"repeat","background-position":"center center","background-size":"auto","background-attachment":"scroll","background-type":"","background-media":"","overlay-type":"","overlay-color":"","overlay-opacity":"","overlay-gradient":""},"tablet":{"background-color":"var(--ast-global-color-5)","background-image":"","background-repeat":"repeat","background-position":"center center","background-size":"auto","background-attachment":"scroll","background-type":"","background-media":"","overlay-type":"","overlay-color":"","overlay-opacity":"","overlay-gradient":""},"mobile":{"background-color":"var(--ast-global-color-5)","background-image":"","background-repeat":"repeat","background-position":"center center","background-size":"auto","background-attachment":"scroll","background-type":"","background-media":"","overlay-type":"","overlay-color":"","overlay-opacity":"","overlay-gradient":""}},"footnotes":""},"class_list":["post-7041","page","type-page","status-publish","hentry"],"post_mailing_queue_ids":[],"_links":{"self":[{"href":"https:\/\/agora.xtec.cat\/ceip-aguimera-vendrell\/wp-json\/wp\/v2\/pages\/7041","targetHints":{"allow":["GET"]}}],"collection":[{"href":"https:\/\/agora.xtec.cat\/ceip-aguimera-vendrell\/wp-json\/wp\/v2\/pages"}],"about":[{"href":"https:\/\/agora.xtec.cat\/ceip-aguimera-vendrell\/wp-json\/wp\/v2\/types\/page"}],"author":[{"embeddable":true,"href":"https:\/\/agora.xtec.cat\/ceip-aguimera-vendrell\/wp-json\/wp\/v2\/users\/103"}],"replies":[{"embeddable":true,"href":"https:\/\/agora.xtec.cat\/ceip-aguimera-vendrell\/wp-json\/wp\/v2\/comments?post=7041"}],"version-history":[{"count":2,"href":"https:\/\/agora.xtec.cat\/ceip-aguimera-vendrell\/wp-json\/wp\/v2\/pages\/7041\/revisions"}],"predecessor-version":[{"id":7043,"href":"https:\/\/agora.xtec.cat\/ceip-aguimera-vendrell\/wp-json\/wp\/v2\/pages\/7041\/revisions\/7043"}],"up":[{"embeddable":true,"href":"https:\/\/agora.xtec.cat\/ceip-aguimera-vendrell\/wp-json\/wp\/v2\/pages\/1556"}],"wp:attachment":[{"href":"https:\/\/agora.xtec.cat\/ceip-aguimera-vendrell\/wp-json\/wp\/v2\/media?parent=7041"}],"curies":[{"name":"wp","href":"https:\/\/api.w.org\/{rel}","templated":true}]}}