{"id":64,"date":"2019-09-27T12:39:08","date_gmt":"2019-09-27T10:39:08","guid":{"rendered":"http:\/\/agora.xtec.cat\/ceip-aguimera-vendrell\/?page_id=64"},"modified":"2026-03-09T12:21:39","modified_gmt":"2026-03-09T11:21:39","slug":"projecte-educatiu","status":"publish","type":"page","link":"https:\/\/agora.xtec.cat\/ceip-aguimera-vendrell\/projecte-educatiu\/","title":{"rendered":"Documents de centre"},"content":{"rendered":"<p><span style=\"font-weight: 400;\">Aqu\u00ed podreu trobar tots els documents de centre.\u00a0<\/span><\/p>\n<table style=\"font-weight: 400; width: 68.5562%; height: 294px;\">\n<tbody>\n<tr style=\"height: 48px;\">\n<td style=\"width: 34%; text-align: center; height: 48px;\"><strong><a href=\"https:\/\/agora.xtec.cat\/ceip-aguimera-vendrell\/wp-content\/uploads\/usu102\/2019\/12\/PEC_28-11-2019_Escola\u00c0ngelGuimer\u00e0ElVendrell.pdf\">PEC<\/a><\/strong><\/td>\n<td style=\"width: 75.7778%; height: 48px;\">PROJECTE EDUCATIU+PROJECTE LING\u00dc\u00cdSTIC D&#8217;acord amb la <a title=\"Article 91 LEC\" href=\"http:\/\/www20.gencat.cat\/portal\/site\/portaljuridic\/menuitem.d15a4e5dfb99396dc366ec10b0c0e1a0\/?vgnextoid=b85297b5a87d6210VgnVCM1000000b0c1e0aRCRD&amp;vgnextchannel=b85297b5a87d6210VgnVCM1000000b0c1e0aRCRD&amp;vgnextfmt=default&amp;action=fitxa&amp;portalId=1&amp;documentId=480169&amp;newLang=ca_ES#fragment-1182442\" target=\"_blank\" rel=\"noopener noreferrer\">Llei d&#8217;Educaci\u00f3 de Catalunya.<\/a><\/td>\n<\/tr>\n<tr style=\"height: 48px;\">\n<td style=\"width: 34%; height: 48px;\"><strong><a href=\"https:\/\/drive.google.com\/file\/d\/1StmSIffKwRiDffEMYf6B3jvrt5CmoEVC\/view?usp=sharing\" target=\"_blank\" rel=\"noopener noreferrer\">CARTA DE COMPROM\u00cdS<\/a><\/strong><\/td>\n<td style=\"width: 75.7778%; height: 48px;\">Carta de comprom\u00eds<\/td>\n<\/tr>\n<tr style=\"height: 33px;\">\n<td style=\"width: 34%; text-align: center; height: 33px;\"><strong><a href=\"https:\/\/agora.xtec.cat\/ceip-aguimera-vendrell\/wp-content\/uploads\/usu102\/2020\/01\/NOFC-28-NOVEMBRE-2019.pdf\">NOFC<\/a><\/strong><\/td>\n<td style=\"width: 75.7778%; height: 33px;\">Normes d&#8217;Organitzaci\u00f3 i Funcionament de Centre<\/td>\n<\/tr>\n<tr style=\"height: 33px;\">\n<td style=\"width: 34%; text-align: center; height: 33px;\"><strong><a href=\"https:\/\/agora.xtec.cat\/ceip-aguimera-vendrell\/wp-content\/uploads\/usu102\/2026\/01\/Projecte-Esportiu-Escola-Angel-Guimera-26-MARCA.docx.pdf\">PROJECTE ESPORTIU<\/a><\/strong><\/td>\n<td style=\"width: 75.7778%; height: 33px;\">Projecte esportiu 2025-2026<\/td>\n<\/tr>\n<tr style=\"height: 33px;\">\n<td style=\"width: 34%; height: 33px;\">\n<p style=\"text-align: center;\"><strong><a href=\"https:\/\/sites.google.com\/xtec.cat\/edcaguimera\/p%C3%A0gina-principal\">ESTRAT\u00c8GIA DIGITAL DE CENTRE<\/a><\/strong><\/p>\n<\/td>\n<td style=\"width: 75.7778%; height: 33px;\">Documentaci\u00f3 sobre l&#8217;\u00e0mbit digital de centre.<\/td>\n<\/tr>\n<tr style=\"height: 33px;\">\n<td style=\"width: 34%; height: 33px;\"><\/td>\n<td style=\"width: 75.7778%; height: 33px;\"><\/td>\n<\/tr>\n<tr style=\"height: 33px;\">\n<td style=\"width: 34%; height: 33px;\"><\/td>\n<td style=\"width: 75.7778%; height: 33px;\"><\/td>\n<\/tr>\n<tr style=\"height: 33px;\">\n<td style=\"width: 34%; height: 33px;\"><\/td>\n<td style=\"width: 75.7778%; height: 33px;\"><\/td>\n<\/tr>\n<\/tbody>\n<\/table>\n","protected":false},"excerpt":{"rendered":"<p>Aqu\u00ed podreu trobar tots els documents de centre.\u00a0 PEC PROJECTE EDUCATIU+PROJECTE LING\u00dc\u00cdSTIC D&#8217;acord amb la Llei d&#8217;Educaci\u00f3 de Catalunya. CARTA DE COMPROM\u00cdS Carta de comprom\u00eds NOFC Normes d&#8217;Organitzaci\u00f3 i Funcionament de Centre PROJECTE ESPORTIU Projecte esportiu 2025-2026 ESTRAT\u00c8GIA DIGITAL DE CENTRE Documentaci\u00f3 sobre l&#8217;\u00e0mbit digital de centre.<\/p>\n","protected":false},"author":2,"featured_media":0,"parent":0,"menu_order":0,"comment_status":"closed","ping_status":"closed","template":"","meta":{"_bbp_topic_count":0,"_bbp_reply_count":0,"_bbp_total_topic_count":0,"_bbp_total_reply_count":0,"_bbp_voice_count":0,"_bbp_anonymous_reply_count":0,"_bbp_topic_count_hidden":0,"_bbp_reply_count_hidden":0,"_bbp_forum_subforum_count":0,"site-sidebar-layout":"default","site-content-layout":"","ast-site-content-layout":"default","site-content-style":"default","site-sidebar-style":"default","ast-global-header-display":"","ast-banner-title-visibility":"","ast-main-header-display":"","ast-hfb-above-header-display":"","ast-hfb-below-header-display":"","ast-hfb-mobile-header-display":"","site-post-title":"","ast-breadcrumbs-content":"","ast-featured-img":"","footer-sml-layout":"","theme-transparent-header-meta":"default","adv-header-id-meta":"","stick-header-meta":"","header-above-stick-meta":"","header-main-stick-meta":"","header-below-stick-meta":"","astra-migrate-meta-layouts":"set","ast-page-background-enabled":"default","ast-page-background-meta":{"desktop":{"background-color":"var(--ast-global-color-4)","background-image":"","background-repeat":"repeat","background-position":"center center","background-size":"auto","background-attachment":"scroll","background-type":"","background-media":"","overlay-type":"","overlay-color":"","overlay-opacity":"","overlay-gradient":""},"tablet":{"background-color":"","background-image":"","background-repeat":"repeat","background-position":"center center","background-size":"auto","background-attachment":"scroll","background-type":"","background-media":"","overlay-type":"","overlay-color":"","overlay-opacity":"","overlay-gradient":""},"mobile":{"background-color":"","background-image":"","background-repeat":"repeat","background-position":"center center","background-size":"auto","background-attachment":"scroll","background-type":"","background-media":"","overlay-type":"","overlay-color":"","overlay-opacity":"","overlay-gradient":""}},"ast-content-background-meta":{"desktop":{"background-color":"var(--ast-global-color-5)","background-image":"","background-repeat":"repeat","background-position":"center center","background-size":"auto","background-attachment":"scroll","background-type":"","background-media":"","overlay-type":"","overlay-color":"","overlay-opacity":"","overlay-gradient":""},"tablet":{"background-color":"var(--ast-global-color-5)","background-image":"","background-repeat":"repeat","background-position":"center center","background-size":"auto","background-attachment":"scroll","background-type":"","background-media":"","overlay-type":"","overlay-color":"","overlay-opacity":"","overlay-gradient":""},"mobile":{"background-color":"var(--ast-global-color-5)","background-image":"","background-repeat":"repeat","background-position":"center center","background-size":"auto","background-attachment":"scroll","background-type":"","background-media":"","overlay-type":"","overlay-color":"","overlay-opacity":"","overlay-gradient":""}},"footnotes":""},"class_list":["post-64","page","type-page","status-publish","hentry"],"post_mailing_queue_ids":[],"_links":{"self":[{"href":"https:\/\/agora.xtec.cat\/ceip-aguimera-vendrell\/wp-json\/wp\/v2\/pages\/64","targetHints":{"allow":["GET"]}}],"collection":[{"href":"https:\/\/agora.xtec.cat\/ceip-aguimera-vendrell\/wp-json\/wp\/v2\/pages"}],"about":[{"href":"https:\/\/agora.xtec.cat\/ceip-aguimera-vendrell\/wp-json\/wp\/v2\/types\/page"}],"author":[{"embeddable":true,"href":"https:\/\/agora.xtec.cat\/ceip-aguimera-vendrell\/wp-json\/wp\/v2\/users\/2"}],"replies":[{"embeddable":true,"href":"https:\/\/agora.xtec.cat\/ceip-aguimera-vendrell\/wp-json\/wp\/v2\/comments?post=64"}],"version-history":[{"count":7,"href":"https:\/\/agora.xtec.cat\/ceip-aguimera-vendrell\/wp-json\/wp\/v2\/pages\/64\/revisions"}],"predecessor-version":[{"id":8092,"href":"https:\/\/agora.xtec.cat\/ceip-aguimera-vendrell\/wp-json\/wp\/v2\/pages\/64\/revisions\/8092"}],"wp:attachment":[{"href":"https:\/\/agora.xtec.cat\/ceip-aguimera-vendrell\/wp-json\/wp\/v2\/media?parent=64"}],"curies":[{"name":"wp","href":"https:\/\/api.w.org\/{rel}","templated":true}]}}