{"id":4741,"date":"2021-11-20T13:19:48","date_gmt":"2021-11-20T12:19:48","guid":{"rendered":"https:\/\/agora.xtec.cat\/ceip-aguimera-vendrell\/?page_id=4741"},"modified":"2022-03-31T11:06:02","modified_gmt":"2022-03-31T09:06:02","slug":"musica-a-lescola-%e2%99%aa","status":"publish","type":"page","link":"https:\/\/agora.xtec.cat\/ceip-aguimera-vendrell\/orientacionsipropostes\/musica-a-lescola-%e2%99%aa\/","title":{"rendered":"M\u00fasica a l&#8217;escola \u266a"},"content":{"rendered":"<p>Des de petits els infants ja se senten atrets pels sons i per la<b>\u00a0m\u00fasica<\/b>.\u00a0 Aquesta forma part de la nostra ess\u00e8ncia com \u00e9ssers humans i \u00e9s un llenguatge universal. La m\u00fasica \u00e9s molt important per al seu desenvolupament, per l\u2019adquisici\u00f3 d\u2019habilitats b\u00e0siques i t\u00e9 beneficis en l&#8217;\u00e0mbit cerebral. \u00c9s una font d\u2019aprenentatge: <em>estimula la imaginaci\u00f3, la creativitat, la mem\u00f2ria, la capacitat de concentraci\u00f3, d\u2019expressi\u00f3, millora la capacitat d\u2019escolta , d\u2019atenci\u00f3, la gesti\u00f3 de les emocions, l\u2019adquisici\u00f3 de vocabulari, la coordinaci\u00f3 de moviments, millora les relacions i les interaccions entre infants, educa la veu, l\u2019o\u00efda, el ritme, permet con\u00e8ixer el folklore, aprendre can\u00e7ons, danses<\/em>\u2026 La m\u00fasica incita als infants a bellugar-se, a emocionar-se, a expressar-se, a sentir, a divertir-se, a mostrar-se m\u00e9s extravertits\u2026<\/p>\n<p style=\"text-align: center;\"><strong>Aqu\u00ed a l&#8217;escola la tenim molt present.\u00a0<\/strong><\/p>\n<p>Alguns dels nostres projectes relacionats amb la m\u00fasica s\u00f3n:<\/p>\n<ul>\n<li><span style=\"color: #008080;\"><a style=\"color: #008080;\" href=\"https:\/\/laclika.cat\/cantata\" target=\"_blank\" rel=\"noopener\"><strong>CANTATA LA CLIKA<\/strong><\/a>\u00a0<\/span><\/li>\n<\/ul>\n<p><img loading=\"lazy\" decoding=\"async\" class=\"alignleft\" src=\"https:\/\/laclika.cat\/wp-content\/uploads\/2020\/05\/cropped-la-clika-logo.png\" alt=\"Projecte Cases de la M\u00fasica\" width=\"352\" height=\"80\" \/><\/p>\n<p>L&#8217;<strong>alumnat de 2n<\/strong> prepara unes can\u00e7ons al llarg del curs per cantar-les a un auditori envoltat d&#8217;altres infants. La Clika combina m\u00fasica moderna i audiovisuals, a trav\u00e9s de les emocions.<\/p>\n<p>&nbsp;<\/p>\n<p>&nbsp;<\/p>\n<ul>\n<li><a href=\"https:\/\/blancapujolcor.wixsite.com\/maaambo\"><span style=\"color: #008080;\"><b>MAAAAMBO!<\/b><\/span> <\/a><\/li>\n<\/ul>\n<p><img loading=\"lazy\" decoding=\"async\" class=\"alignleft\" src=\"https:\/\/www.lacubana.es\/wp-content\/uploads\/2017\/01\/a0d0e901-12d9-4a63-ba94-d9cb9915c212.jpg\" alt=\"Maaambo! (L&amp;#39;Auditori de Barcelona) | La Cubana\" width=\"319\" height=\"239\" \/><\/p>\n<p><span style=\"font-family: inherit; font-size: 1em;\">L&#8217;alumnat de 4t assisteix a l&#8217;auditori per gaudir d&#8217;un gran espectacle que proposen els m\u00fasics de la Banda Municipal de Barcelona. Un gran viatge pels ritmes de l&#8217;Am\u00e8rica Llatina. Del tango a la salsa passant pel mambo, el <\/span><span class=\"hiddenSpellError\" style=\"font-family: inherit; font-size: 1em;\">danz\u00f3n<\/span><span style=\"font-family: inherit; font-size: 1em;\">\u00a0o el cha\u00a0<\/span><span class=\"hiddenGrammarError\" style=\"font-family: inherit; font-size: 1em;\">cha cha<\/span><span style=\"font-family: inherit; font-size: 1em;\">. Una proposta \u00fanica dirigida per La Cubana! Durant alguns mesos l&#8217;alumnat prepara les can\u00e7ons que formen part de l&#8217;obra fent un recorregut pels diferents estils musicals i aix\u00ed poder participar de manera activa el dia de l&#8217;espectacle. Un projecte d&#8217;all\u00f2 m\u00e9s ballaruc.<\/span><\/p>\n<p>&nbsp;<\/p>\n<p>&nbsp;<\/p>\n<p>&nbsp;<\/p>\n<ul>\n<li><span style=\"color: #008080;\"><strong>CANT\u00c0NIA AMB L&#8217;ALUMNAT DE 6\u00e8<\/strong><\/span><\/li>\n<\/ul>\n<p><img loading=\"lazy\" decoding=\"async\" class=\"alignleft\" src=\"https:\/\/agora.xtec.cat\/esc-martamata-vendrell\/wp-content\/uploads\/usu877\/2016\/04\/cantania.jpg\" alt=\"Cant\u00e0nia | \" width=\"388\" height=\"218\" \/>Cant\u00e0nia \u00e9s una activitat participativa en la que s\u2019inscriuen escolars de cicle mitj\u00e0 i superior de prim\u00e0ria de tot Catalunya. Cada any s\u2019estrena una obra encarregada especialment per a aquesta activitat. Els enc\u00e0rrecs, fins a dia d\u2019avui, s\u2019han fet a <a href=\"http:\/\/auditoricantania.blogspot.com\/p\/historic.html\" target=\"_blank\" rel=\"noopener\">compositors i escriptors catalans de reconegut prestigi<\/a>. El projecte de Cant\u00e0nia t\u00e9 lloc cada any al Teatre \u00c0ngel Guimer\u00e0 del Vendrell i compta amb la participaci\u00f3 de centenars de cantaires d\u2019escoles del Baix Pened\u00e8s que durant mesos preparen una gran cantata conjunta.<\/p>\n<p>&nbsp;<\/p>\n<p>&nbsp;<\/p>\n<p>&nbsp;<\/p>\n<ul>\n<li><span style=\"color: #008080;\"><strong>DANSAESCOLA<\/strong><\/span><\/li>\n<\/ul>\n<p><img loading=\"lazy\" decoding=\"async\" class=\"alignleft\" src=\"https:\/\/agora.xtec.cat\/ceip-la-muntanyeta-bellvei\/wp-content\/uploads\/usu1057\/2019\/06\/20190611_102355-min.jpg\" alt=\"I Trobada Dansa Escola | Escola La Muntanyeta\" width=\"411\" height=\"231\" \/><\/p>\n<p>El projecte\u00a0<a href=\"https:\/\/www.rtvelvendrell.cat\/mes-de-300-alumnes-de-set-escoles-del-baix-penedes-participen-en-la-primera-dansa-escola\/\"><strong><span class=\"hiddenSpellError\">Dansaescola<\/span><\/strong><\/a>\u00a0\u00e9s una proposta musical en la qual participen diferents escoles del Baix Pened\u00e8s i on m\u00e9s de 300 alumnes es troben, aquest any a la pla\u00e7a del T\u00edvoli, per ballar danses tradicionals i modernes compartint un dia de m\u00fasica, dansa i moviment. Aquest any s&#8217;ha introdu\u00eft noves propostes i tindrem la sort de gaudir d&#8217;un concert ofert per l&#8217;alumnat del Batxillerat Art\u00edstic del Vendrell i un taller organitzat pels mestres de m\u00fasica que conformen el Seminari de M\u00fasica del Vendrell. \u00c9s un dia on l&#8217;alumnat t\u00e9 l&#8217;oportunitat de compartir amb altres centres i pot\u00a0<span class=\"hiddenGreenError\" style=\"padding-bottom: 2px; background-image: url('..\/..\/..\/..\/..\/images\/squiggle_green.png'); background-repeat: repeat-x; background-position: left bottom; cursor: default; color: #000000; font-family: 'Open Sans', Helvetica, Arial, sans-serif; font-size: 16px; font-style: normal; font-variant-ligatures: normal; font-variant-caps: normal; font-weight: 300; letter-spacing: normal; orphans: 2; text-align: start; text-indent: 0px; text-transform: none; white-space: normal; widows: 2; word-spacing: 0px; -webkit-text-stroke-width: 0px; text-decoration-thickness: initial; text-decoration-style: initial; text-decoration-color: initial;\">gaudir<\/span>\u00a0d&#8217;un espai a l&#8217;aire lliure i d&#8217;activitats musicals enriquidores pel seu aprenentatge i creixement.<\/p>\n<p>&nbsp;<\/p>\n<p>&nbsp;<\/p>\n<ul>\n<li><span style=\"color: #008080;\"><strong>CANTATA DE NADALES A L&#8217;EMMPAC<\/strong><\/span><\/li>\n<\/ul>\n<p><img loading=\"lazy\" decoding=\"async\" class=\"wp-image-5084 size-medium alignleft\" src=\"https:\/\/agora.xtec.cat\/ceip-aguimera-vendrell\/wp-content\/uploads\/usu102\/2022\/02\/IMG_3153-300x225.jpg\" alt=\"\" width=\"300\" height=\"225\" srcset=\"https:\/\/agora.xtec.cat\/ceip-aguimera-vendrell\/wp-content\/uploads\/usu102\/2022\/02\/IMG_3153-300x225.jpg 300w, https:\/\/agora.xtec.cat\/ceip-aguimera-vendrell\/wp-content\/uploads\/usu102\/2022\/02\/IMG_3153-1024x768.jpg 1024w, https:\/\/agora.xtec.cat\/ceip-aguimera-vendrell\/wp-content\/uploads\/usu102\/2022\/02\/IMG_3153-768x576.jpg 768w, https:\/\/agora.xtec.cat\/ceip-aguimera-vendrell\/wp-content\/uploads\/usu102\/2022\/02\/IMG_3153-1536x1152.jpg 1536w, https:\/\/agora.xtec.cat\/ceip-aguimera-vendrell\/wp-content\/uploads\/usu102\/2022\/02\/IMG_3153-2048x1536.jpg 2048w, https:\/\/agora.xtec.cat\/ceip-aguimera-vendrell\/wp-content\/uploads\/usu102\/2022\/02\/IMG_3153-200x150.jpg 200w\" sizes=\"auto, (max-width: 300px) 100vw, 300px\" \/><\/p>\n<p>Cada curs cada nivell de l&#8217;escola (P3-6\u00e8) prepara 3 nadales (catal\u00e0, castellano i english), es vesteix de festa i gaudeix de l&#8217;experi\u00e8ncia de poder estar sobre un escenari cantant.<\/p>\n<p>&nbsp;<\/p>\n<p>&nbsp;<\/p>\n<p>&nbsp;<\/p>\n","protected":false},"excerpt":{"rendered":"<p>Des de petits els infants ja se senten atrets pels sons i per la\u00a0m\u00fasica.\u00a0 Aquesta forma part de la nostra ess\u00e8ncia com \u00e9ssers humans i \u00e9s un llenguatge universal. La m\u00fasica \u00e9s molt important per al seu desenvolupament, per l\u2019adquisici\u00f3 d\u2019habilitats b\u00e0siques i t\u00e9 beneficis en l&#8217;\u00e0mbit cerebral. \u00c9s una font d\u2019aprenentatge: estimula la imaginaci\u00f3, [&hellip;]<\/p>\n","protected":false},"author":1,"featured_media":0,"parent":1556,"menu_order":6,"comment_status":"closed","ping_status":"closed","template":"","meta":{"_bbp_topic_count":0,"_bbp_reply_count":0,"_bbp_total_topic_count":0,"_bbp_total_reply_count":0,"_bbp_voice_count":0,"_bbp_anonymous_reply_count":0,"_bbp_topic_count_hidden":0,"_bbp_reply_count_hidden":0,"_bbp_forum_subforum_count":0,"site-sidebar-layout":"default","site-content-layout":"","ast-site-content-layout":"","site-content-style":"default","site-sidebar-style":"default","ast-global-header-display":"","ast-banner-title-visibility":"","ast-main-header-display":"","ast-hfb-above-header-display":"","ast-hfb-below-header-display":"","ast-hfb-mobile-header-display":"","site-post-title":"","ast-breadcrumbs-content":"","ast-featured-img":"","footer-sml-layout":"","theme-transparent-header-meta":"","adv-header-id-meta":"","stick-header-meta":"","header-above-stick-meta":"","header-main-stick-meta":"","header-below-stick-meta":"","astra-migrate-meta-layouts":"default","ast-page-background-enabled":"default","ast-page-background-meta":{"desktop":{"background-color":"var(--ast-global-color-4)","background-image":"","background-repeat":"repeat","background-position":"center center","background-size":"auto","background-attachment":"scroll","background-type":"","background-media":"","overlay-type":"","overlay-color":"","overlay-opacity":"","overlay-gradient":""},"tablet":{"background-color":"","background-image":"","background-repeat":"repeat","background-position":"center center","background-size":"auto","background-attachment":"scroll","background-type":"","background-media":"","overlay-type":"","overlay-color":"","overlay-opacity":"","overlay-gradient":""},"mobile":{"background-color":"","background-image":"","background-repeat":"repeat","background-position":"center center","background-size":"auto","background-attachment":"scroll","background-type":"","background-media":"","overlay-type":"","overlay-color":"","overlay-opacity":"","overlay-gradient":""}},"ast-content-background-meta":{"desktop":{"background-color":"var(--ast-global-color-5)","background-image":"","background-repeat":"repeat","background-position":"center center","background-size":"auto","background-attachment":"scroll","background-type":"","background-media":"","overlay-type":"","overlay-color":"","overlay-opacity":"","overlay-gradient":""},"tablet":{"background-color":"var(--ast-global-color-5)","background-image":"","background-repeat":"repeat","background-position":"center center","background-size":"auto","background-attachment":"scroll","background-type":"","background-media":"","overlay-type":"","overlay-color":"","overlay-opacity":"","overlay-gradient":""},"mobile":{"background-color":"var(--ast-global-color-5)","background-image":"","background-repeat":"repeat","background-position":"center center","background-size":"auto","background-attachment":"scroll","background-type":"","background-media":"","overlay-type":"","overlay-color":"","overlay-opacity":"","overlay-gradient":""}},"footnotes":""},"class_list":["post-4741","page","type-page","status-publish","hentry"],"post_mailing_queue_ids":[],"_links":{"self":[{"href":"https:\/\/agora.xtec.cat\/ceip-aguimera-vendrell\/wp-json\/wp\/v2\/pages\/4741","targetHints":{"allow":["GET"]}}],"collection":[{"href":"https:\/\/agora.xtec.cat\/ceip-aguimera-vendrell\/wp-json\/wp\/v2\/pages"}],"about":[{"href":"https:\/\/agora.xtec.cat\/ceip-aguimera-vendrell\/wp-json\/wp\/v2\/types\/page"}],"author":[{"embeddable":true,"href":"https:\/\/agora.xtec.cat\/ceip-aguimera-vendrell\/wp-json\/wp\/v2\/users\/1"}],"replies":[{"embeddable":true,"href":"https:\/\/agora.xtec.cat\/ceip-aguimera-vendrell\/wp-json\/wp\/v2\/comments?post=4741"}],"version-history":[{"count":4,"href":"https:\/\/agora.xtec.cat\/ceip-aguimera-vendrell\/wp-json\/wp\/v2\/pages\/4741\/revisions"}],"predecessor-version":[{"id":5319,"href":"https:\/\/agora.xtec.cat\/ceip-aguimera-vendrell\/wp-json\/wp\/v2\/pages\/4741\/revisions\/5319"}],"up":[{"embeddable":true,"href":"https:\/\/agora.xtec.cat\/ceip-aguimera-vendrell\/wp-json\/wp\/v2\/pages\/1556"}],"wp:attachment":[{"href":"https:\/\/agora.xtec.cat\/ceip-aguimera-vendrell\/wp-json\/wp\/v2\/media?parent=4741"}],"curies":[{"name":"wp","href":"https:\/\/api.w.org\/{rel}","templated":true}]}}