{"id":4032,"date":"2021-04-10T21:18:22","date_gmt":"2021-04-10T19:18:22","guid":{"rendered":"https:\/\/agora.xtec.cat\/ceip-aguimera-vendrell\/?page_id=4032"},"modified":"2021-04-10T21:18:22","modified_gmt":"2021-04-10T19:18:22","slug":"autoritzacions","status":"publish","type":"page","link":"https:\/\/agora.xtec.cat\/ceip-aguimera-vendrell\/lescola\/autoritzacions\/","title":{"rendered":"Autoritzacions"},"content":{"rendered":"<p><span style=\"font-weight: 400;\">Aqu\u00ed podreu trobar tota <span style=\"color: #008000;\"><strong>la documentaci\u00f3<\/strong><\/span> que tenim a l&#8217;escola a disposici\u00f3 de les fam\u00edlies.\u00a0<\/span><br style=\"font-weight: 400;\" \/><br style=\"font-weight: 400;\" \/><\/p>\n<table style=\"font-weight: 400;\">\n<tbody>\n<tr>\n<td width=\"47\">PDF<\/td>\n<td width=\"503\">SORTIDES I DRET D&#8217;IMATGE<\/td>\n<\/tr>\n<tr>\n<td width=\"47\">PDF<\/td>\n<td width=\"503\">RECOLLIDA DE MENORS UN DIA<\/td>\n<\/tr>\n<tr>\n<td width=\"47\">PDF<\/td>\n<td width=\"503\">RECOLLIDA DE MENORS DURANT EL CURS<\/td>\n<\/tr>\n<tr>\n<td width=\"47\">PDF<\/td>\n<td width=\"503\">SORTIDA SOLS DEL CENTRE<\/td>\n<\/tr>\n<tr>\n<td width=\"47\">PDF<\/td>\n<td width=\"503\">ADMINISTRACI\u00d3 DE MEDICAMENTS AL CENTRE<\/td>\n<\/tr>\n<tr>\n<td width=\"47\">PDF<\/td>\n<td width=\"503\">ADMINISTRACI\u00d3 PARACETAMOL<\/td>\n<\/tr>\n<tr>\n<td width=\"47\">PDF<\/td>\n<td width=\"503\">DECLARACI\u00d3 RESPONSABLE<\/td>\n<\/tr>\n<tr>\n<td width=\"47\">PDF<\/td>\n<td width=\"503\">VOLUNTARIS GI<\/td>\n<\/tr>\n<\/tbody>\n<\/table>\n","protected":false},"excerpt":{"rendered":"<p>Aqu\u00ed podreu trobar tota la documentaci\u00f3 que tenim a l&#8217;escola a disposici\u00f3 de les fam\u00edlies.\u00a0 PDF SORTIDES I DRET D&#8217;IMATGE PDF RECOLLIDA DE MENORS UN DIA PDF RECOLLIDA DE MENORS DURANT EL CURS PDF SORTIDA SOLS DEL CENTRE PDF ADMINISTRACI\u00d3 DE MEDICAMENTS AL CENTRE PDF ADMINISTRACI\u00d3 PARACETAMOL PDF DECLARACI\u00d3 RESPONSABLE PDF VOLUNTARIS GI<\/p>\n","protected":false},"author":1,"featured_media":0,"parent":22,"menu_order":0,"comment_status":"closed","ping_status":"closed","template":"","meta":{"_bbp_topic_count":0,"_bbp_reply_count":0,"_bbp_total_topic_count":0,"_bbp_total_reply_count":0,"_bbp_voice_count":0,"_bbp_anonymous_reply_count":0,"_bbp_topic_count_hidden":0,"_bbp_reply_count_hidden":0,"_bbp_forum_subforum_count":0,"site-sidebar-layout":"default","site-content-layout":"","ast-site-content-layout":"","site-content-style":"default","site-sidebar-style":"default","ast-global-header-display":"","ast-banner-title-visibility":"","ast-main-header-display":"","ast-hfb-above-header-display":"","ast-hfb-below-header-display":"","ast-hfb-mobile-header-display":"","site-post-title":"","ast-breadcrumbs-content":"","ast-featured-img":"","footer-sml-layout":"","theme-transparent-header-meta":"","adv-header-id-meta":"","stick-header-meta":"","header-above-stick-meta":"","header-main-stick-meta":"","header-below-stick-meta":"","astra-migrate-meta-layouts":"default","ast-page-background-enabled":"default","ast-page-background-meta":{"desktop":{"background-color":"var(--ast-global-color-4)","background-image":"","background-repeat":"repeat","background-position":"center center","background-size":"auto","background-attachment":"scroll","background-type":"","background-media":"","overlay-type":"","overlay-color":"","overlay-opacity":"","overlay-gradient":""},"tablet":{"background-color":"","background-image":"","background-repeat":"repeat","background-position":"center center","background-size":"auto","background-attachment":"scroll","background-type":"","background-media":"","overlay-type":"","overlay-color":"","overlay-opacity":"","overlay-gradient":""},"mobile":{"background-color":"","background-image":"","background-repeat":"repeat","background-position":"center center","background-size":"auto","background-attachment":"scroll","background-type":"","background-media":"","overlay-type":"","overlay-color":"","overlay-opacity":"","overlay-gradient":""}},"ast-content-background-meta":{"desktop":{"background-color":"var(--ast-global-color-5)","background-image":"","background-repeat":"repeat","background-position":"center center","background-size":"auto","background-attachment":"scroll","background-type":"","background-media":"","overlay-type":"","overlay-color":"","overlay-opacity":"","overlay-gradient":""},"tablet":{"background-color":"var(--ast-global-color-5)","background-image":"","background-repeat":"repeat","background-position":"center center","background-size":"auto","background-attachment":"scroll","background-type":"","background-media":"","overlay-type":"","overlay-color":"","overlay-opacity":"","overlay-gradient":""},"mobile":{"background-color":"var(--ast-global-color-5)","background-image":"","background-repeat":"repeat","background-position":"center center","background-size":"auto","background-attachment":"scroll","background-type":"","background-media":"","overlay-type":"","overlay-color":"","overlay-opacity":"","overlay-gradient":""}},"footnotes":""},"class_list":["post-4032","page","type-page","status-publish","hentry"],"post_mailing_queue_ids":[],"_links":{"self":[{"href":"https:\/\/agora.xtec.cat\/ceip-aguimera-vendrell\/wp-json\/wp\/v2\/pages\/4032","targetHints":{"allow":["GET"]}}],"collection":[{"href":"https:\/\/agora.xtec.cat\/ceip-aguimera-vendrell\/wp-json\/wp\/v2\/pages"}],"about":[{"href":"https:\/\/agora.xtec.cat\/ceip-aguimera-vendrell\/wp-json\/wp\/v2\/types\/page"}],"author":[{"embeddable":true,"href":"https:\/\/agora.xtec.cat\/ceip-aguimera-vendrell\/wp-json\/wp\/v2\/users\/1"}],"replies":[{"embeddable":true,"href":"https:\/\/agora.xtec.cat\/ceip-aguimera-vendrell\/wp-json\/wp\/v2\/comments?post=4032"}],"version-history":[{"count":1,"href":"https:\/\/agora.xtec.cat\/ceip-aguimera-vendrell\/wp-json\/wp\/v2\/pages\/4032\/revisions"}],"predecessor-version":[{"id":4033,"href":"https:\/\/agora.xtec.cat\/ceip-aguimera-vendrell\/wp-json\/wp\/v2\/pages\/4032\/revisions\/4033"}],"up":[{"embeddable":true,"href":"https:\/\/agora.xtec.cat\/ceip-aguimera-vendrell\/wp-json\/wp\/v2\/pages\/22"}],"wp:attachment":[{"href":"https:\/\/agora.xtec.cat\/ceip-aguimera-vendrell\/wp-json\/wp\/v2\/media?parent=4032"}],"curies":[{"name":"wp","href":"https:\/\/api.w.org\/{rel}","templated":true}]}}