{"id":4012,"date":"2021-04-10T14:16:19","date_gmt":"2021-04-10T12:16:19","guid":{"rendered":"https:\/\/agora.xtec.cat\/ceip-aguimera-vendrell\/?page_id=4012"},"modified":"2021-08-21T11:22:52","modified_gmt":"2021-08-21T09:22:52","slug":"fem-teatre","status":"publish","type":"page","link":"https:\/\/agora.xtec.cat\/ceip-aguimera-vendrell\/orientacionsipropostes\/fem-teatre\/","title":{"rendered":"Fem teatre"},"content":{"rendered":"<p><img loading=\"lazy\" decoding=\"async\" class=\"size-thumbnail wp-image-4516 alignright\" src=\"https:\/\/agora.xtec.cat\/ceip-aguimera-vendrell\/wp-content\/uploads\/usu102\/2021\/08\/D48386FD-0807-4FEE-93CC-24B809705B26-150x150.jpeg\" alt=\"\" width=\"150\" height=\"150\" \/>L&#8217;escola participa al <a href=\"https:\/\/sites.google.com\/xtec.cat\/crpbp-festival-teatre\/inici\">Festival de Teatre Infantil i Juvenil del Baix Pened\u00e8s<\/a> al Teatre Municipal \u00c0ngel Guimer\u00e0 del Vendrell.<\/p>\n<p>Cada curs l&#8217;<span style=\"color: #008000;\"><strong>alumnat de 3r<\/strong><\/span> mostra les seves arts interpretatives <span style=\"color: #008000;\"><strong>dalt de l&#8217;<span style=\"color: #008000;\">e<\/span>scenari del T\u00c0G <\/strong><span style=\"color: #000000;\">a<\/span><\/span>mb unes obres que ha preparat amb il\u00b7lusi\u00f3, juntament amb els seus mestres i la gran col\u00b7laboraci\u00f3 i ajuda de les nostres fam\u00edlies.\u00a0 Queden uns muntatges espectaculars.<\/p>\n<p>El <span style=\"color: #008000;\"><strong>teatre <\/strong><\/span>m\u00e9s enll\u00e0 d&#8217;una activitat l\u00fadica que entret\u00e9 i diverteix t\u00e9 una gran quantitat de beneficis per al nostre alumnat.<\/p>\n<h2 style=\"text-align: justify;\">Per qu\u00e8 \u00e9s bo el teatre escolar?<\/h2>\n<p style=\"text-align: justify;\"><span style=\"color: #008000;\"><strong>Per estimular la creativitat del nostre alumnat: <\/strong><\/span>Els nens poden ajudar a dissenyar les\u00a0<strong>disfresses<\/strong>\u00a0i els\u00a0<strong>escenaris.<\/strong>\u00a0Tamb\u00e9 poden maquillar i pentinar als seus companys. Aix\u00ed mateix, ells han d&#8217;aportar la seva\u00a0<strong>personalitat,<\/strong>\u00a0la seva veu i els seus gestos al personatge. Tot aix\u00f2 ser\u00e0 de gran ajuda per con\u00e8ixer qu\u00e8 \u00e9s el que els agrada i decantar-se per una determinada professi\u00f3 en un futur: perruquers, actors, dissenyadors &#8230; A m\u00e9s d&#8217;ajudar-los a fomentar la seva creativitat.<\/p>\n<p style=\"text-align: justify;\"><span style=\"color: #008000;\"><strong>Per v\u00e8ncer la timidesa: <\/strong><\/span><strong>Assajar sobre un escenari cada dia<\/strong>\u00a0i\u00a0<strong>representar<\/strong> un personatge davant d&#8217;una sala amb tot un p\u00fablic ajuda a l&#8217;alumne a v\u00e8ncer la seva timidesa i a convertir-se en una persona <strong>m\u00e9s sociable i comunicativa<\/strong>.<\/p>\n<p style=\"text-align: justify;\"><span style=\"color: #008000;\"><strong>Ajuda a l&#8217;alumne a reflexionar: <\/strong><\/span>A l&#8217;hora de representar un personatge primer hem\u00a0<strong>d&#8217;entendre el text<\/strong>, qu\u00e8 ens vol dir i entendre tamb\u00e9\u00a0<strong>al personatge,<\/strong> la seva personalitat, per qu\u00e8 actua d&#8217;aquesta manera. Per tot aix\u00f2, el teatre ajuda a reflexionar a l&#8217;alumnat sobre comportaments.<\/p>\n<p style=\"text-align: justify;\"><span style=\"color: #008000;\"><strong>Augmenta la seva autoestima i la confian\u00e7a en si mateix: <\/strong><\/span>Quan l&#8217;alumne es veu que \u00e9s capa\u00e7 de <strong>memoritzar<\/strong>\u00a0un text i de\u00a0<strong>representar\u00a0<\/strong>davant d&#8217;un p\u00fablic que ho premia amb\u00a0<strong>aplaudiments,<\/strong>\u00a0se sent molt m\u00e9s segur de si mateix i amb l&#8217;autoestima molt m\u00e9s refor\u00e7ada. L&#8217;autoestima, sens dubte, \u00e9s un dels aspectes m\u00e9s importants per a cada un de nosaltres.<\/p>\n<p style=\"text-align: justify;\"><span style=\"color: #008000;\"><strong>L&#8217;ajuda a sentir-se m\u00e9s feli\u00e7:\u00a0<\/strong><\/span>Quan un alumne se<strong>\u00a0sent capa\u00e7 de complir<\/strong> amb totes les tasques que requereix una activitat com el teatre (memoritzar el text o acudir als assajos, per exemple) i se sent afalagat pels seus pares, els seus professors i els seus companys, se sent m\u00e9s feli\u00e7 ; un dels aspectes que m\u00e9s importen a totes les fam\u00edlies.<\/p>\n<p style=\"text-align: justify;\"><strong><span style=\"color: #008000;\">T\u00e9 una gran quantitat de beneficis acad\u00e8mics:<\/span> <\/strong>A m\u00e9s, el teatre ajuda a millorar la\u00a0<strong>mem\u00f2ria,<\/strong>\u00a0la\u00a0<strong>comprensi\u00f3 lectora,<\/strong>\u00a0l&#8217;<strong>expressi\u00f3 oral<\/strong>, a ser m\u00e9s\u00a0<strong>disciplinat<\/strong>\u00a0i a ser m\u00e9s\u00a0<strong>responsable<\/strong>\u00a0amb totes les seves tasques i quefers.<\/p>\n<p style=\"text-align: justify;\"><strong><span style=\"color: #008000;\">Inculca l&#8217;oci saludable i cultural:<\/span> <\/strong>Participar en activitats culturals des de petit \u00e9s una bona forma d&#8217;incentivar al nostre alumnat l&#8217;oci saludable. Anar al teatre, al cinema o els museus \u00e9s una bona manera de passar el nostre temps lliure amb activitats que ens enriqueixen com a persones.<\/p>\n","protected":false},"excerpt":{"rendered":"<p>L&#8217;escola participa al Festival de Teatre Infantil i Juvenil del Baix Pened\u00e8s al Teatre Municipal \u00c0ngel Guimer\u00e0 del Vendrell. Cada curs l&#8217;alumnat de 3r mostra les seves arts interpretatives dalt de l&#8217;escenari del T\u00c0G amb unes obres que ha preparat amb il\u00b7lusi\u00f3, juntament amb els seus mestres i la gran col\u00b7laboraci\u00f3 i ajuda de les [&hellip;]<\/p>\n","protected":false},"author":1,"featured_media":0,"parent":1556,"menu_order":0,"comment_status":"closed","ping_status":"closed","template":"","meta":{"_bbp_topic_count":0,"_bbp_reply_count":0,"_bbp_total_topic_count":0,"_bbp_total_reply_count":0,"_bbp_voice_count":0,"_bbp_anonymous_reply_count":0,"_bbp_topic_count_hidden":0,"_bbp_reply_count_hidden":0,"_bbp_forum_subforum_count":0,"site-sidebar-layout":"default","site-content-layout":"","ast-site-content-layout":"","site-content-style":"default","site-sidebar-style":"default","ast-global-header-display":"","ast-banner-title-visibility":"","ast-main-header-display":"","ast-hfb-above-header-display":"","ast-hfb-below-header-display":"","ast-hfb-mobile-header-display":"","site-post-title":"","ast-breadcrumbs-content":"","ast-featured-img":"","footer-sml-layout":"","theme-transparent-header-meta":"","adv-header-id-meta":"","stick-header-meta":"","header-above-stick-meta":"","header-main-stick-meta":"","header-below-stick-meta":"","astra-migrate-meta-layouts":"default","ast-page-background-enabled":"default","ast-page-background-meta":{"desktop":{"background-color":"var(--ast-global-color-4)","background-image":"","background-repeat":"repeat","background-position":"center center","background-size":"auto","background-attachment":"scroll","background-type":"","background-media":"","overlay-type":"","overlay-color":"","overlay-opacity":"","overlay-gradient":""},"tablet":{"background-color":"","background-image":"","background-repeat":"repeat","background-position":"center center","background-size":"auto","background-attachment":"scroll","background-type":"","background-media":"","overlay-type":"","overlay-color":"","overlay-opacity":"","overlay-gradient":""},"mobile":{"background-color":"","background-image":"","background-repeat":"repeat","background-position":"center center","background-size":"auto","background-attachment":"scroll","background-type":"","background-media":"","overlay-type":"","overlay-color":"","overlay-opacity":"","overlay-gradient":""}},"ast-content-background-meta":{"desktop":{"background-color":"var(--ast-global-color-5)","background-image":"","background-repeat":"repeat","background-position":"center center","background-size":"auto","background-attachment":"scroll","background-type":"","background-media":"","overlay-type":"","overlay-color":"","overlay-opacity":"","overlay-gradient":""},"tablet":{"background-color":"var(--ast-global-color-5)","background-image":"","background-repeat":"repeat","background-position":"center center","background-size":"auto","background-attachment":"scroll","background-type":"","background-media":"","overlay-type":"","overlay-color":"","overlay-opacity":"","overlay-gradient":""},"mobile":{"background-color":"var(--ast-global-color-5)","background-image":"","background-repeat":"repeat","background-position":"center center","background-size":"auto","background-attachment":"scroll","background-type":"","background-media":"","overlay-type":"","overlay-color":"","overlay-opacity":"","overlay-gradient":""}},"footnotes":""},"class_list":["post-4012","page","type-page","status-publish","hentry"],"post_mailing_queue_ids":[],"_links":{"self":[{"href":"https:\/\/agora.xtec.cat\/ceip-aguimera-vendrell\/wp-json\/wp\/v2\/pages\/4012","targetHints":{"allow":["GET"]}}],"collection":[{"href":"https:\/\/agora.xtec.cat\/ceip-aguimera-vendrell\/wp-json\/wp\/v2\/pages"}],"about":[{"href":"https:\/\/agora.xtec.cat\/ceip-aguimera-vendrell\/wp-json\/wp\/v2\/types\/page"}],"author":[{"embeddable":true,"href":"https:\/\/agora.xtec.cat\/ceip-aguimera-vendrell\/wp-json\/wp\/v2\/users\/1"}],"replies":[{"embeddable":true,"href":"https:\/\/agora.xtec.cat\/ceip-aguimera-vendrell\/wp-json\/wp\/v2\/comments?post=4012"}],"version-history":[{"count":4,"href":"https:\/\/agora.xtec.cat\/ceip-aguimera-vendrell\/wp-json\/wp\/v2\/pages\/4012\/revisions"}],"predecessor-version":[{"id":4517,"href":"https:\/\/agora.xtec.cat\/ceip-aguimera-vendrell\/wp-json\/wp\/v2\/pages\/4012\/revisions\/4517"}],"up":[{"embeddable":true,"href":"https:\/\/agora.xtec.cat\/ceip-aguimera-vendrell\/wp-json\/wp\/v2\/pages\/1556"}],"wp:attachment":[{"href":"https:\/\/agora.xtec.cat\/ceip-aguimera-vendrell\/wp-json\/wp\/v2\/media?parent=4012"}],"curies":[{"name":"wp","href":"https:\/\/api.w.org\/{rel}","templated":true}]}}