{"id":38,"date":"2014-09-18T12:34:08","date_gmt":"2014-09-18T12:34:08","guid":{"rendered":"http:\/\/agora.xtec.cat\/ceip-aguimera-vendrell\/?page_id=38"},"modified":"2024-09-18T15:25:08","modified_gmt":"2024-09-18T13:25:08","slug":"salut","status":"publish","type":"page","link":"https:\/\/agora.xtec.cat\/ceip-aguimera-vendrell\/lescola\/salut\/","title":{"rendered":"Salut"},"content":{"rendered":"<h6><a href=\"https:\/\/agora.xtec.cat\/ceip-aguimera-vendrell\/wp-content\/uploads\/usu102\/2021\/03\/fruit.png\"><img loading=\"lazy\" decoding=\"async\" class=\"wp-image-3813 alignleft\" src=\"https:\/\/agora.xtec.cat\/ceip-aguimera-vendrell\/wp-content\/uploads\/usu102\/2021\/03\/fruit.png\" alt=\"\" width=\"74\" height=\"70\" \/><\/a>Esmorzars saludables<\/h6>\n<p>\u00c9s convenient que tots els nens i nenes esmorzin a casa. Tot i aix\u00f2 durant l\u2019estona d\u2019esbarjo va b\u00e9 que portin un petit esmorzar a base de fruita (dimecres i divendres) o entrep\u00e0 que ens menjarem a l&#8217;aula.<\/p>\n<p><a href=\"https:\/\/agora.xtec.cat\/ceip-aguimera-vendrell\/wp-content\/uploads\/usu102\/2021\/04\/IMG_20210416_125538.jpg\"><img loading=\"lazy\" decoding=\"async\" class=\"alignright wp-image-4148\" src=\"https:\/\/agora.xtec.cat\/ceip-aguimera-vendrell\/wp-content\/uploads\/usu102\/2021\/04\/IMG_20210416_125538-1024x768.jpg\" alt=\"\" width=\"267\" height=\"200\" srcset=\"https:\/\/agora.xtec.cat\/ceip-aguimera-vendrell\/wp-content\/uploads\/usu102\/2021\/04\/IMG_20210416_125538-1024x768.jpg 1024w, https:\/\/agora.xtec.cat\/ceip-aguimera-vendrell\/wp-content\/uploads\/usu102\/2021\/04\/IMG_20210416_125538-300x225.jpg 300w, https:\/\/agora.xtec.cat\/ceip-aguimera-vendrell\/wp-content\/uploads\/usu102\/2021\/04\/IMG_20210416_125538-768x576.jpg 768w, https:\/\/agora.xtec.cat\/ceip-aguimera-vendrell\/wp-content\/uploads\/usu102\/2021\/04\/IMG_20210416_125538-200x150.jpg 200w, https:\/\/agora.xtec.cat\/ceip-aguimera-vendrell\/wp-content\/uploads\/usu102\/2021\/04\/IMG_20210416_125538.jpg 1600w\" sizes=\"auto, (max-width: 267px) 100vw, 267px\" \/><\/a><\/p>\n<p>&nbsp;<\/p>\n<p><strong>IMPORTANT: No es podran portar sucs ni pastisseria a l\u2019hora dels esmorzars ni a Educaci\u00f3 Infantil ni a Educaci\u00f3 Prim\u00e0ria.<\/strong><\/p>\n<p>Recordeu que, seguint les indicacions del Departament de Sanitat pel que fa a l\u2019alimentaci\u00f3, a l\u2019escola no se celebren aniversaris amb menjar fet a casa o beguda. Tampoc es poden portar\u00a0 llaminadures.<\/p>\n<h5><\/h5>\n<p>&nbsp;<\/p>\n<h6><a href=\"https:\/\/agora.xtec.cat\/ceip-aguimera-vendrell\/wp-content\/uploads\/usu102\/2021\/03\/med.png\"><img loading=\"lazy\" decoding=\"async\" class=\"wp-image-3809 alignleft\" src=\"https:\/\/agora.xtec.cat\/ceip-aguimera-vendrell\/wp-content\/uploads\/usu102\/2021\/03\/med.png\" alt=\"\" width=\"70\" height=\"66\" \/><\/a><\/h6>\n<h6>Medicaments i malalties<\/h6>\n<p>Us recordem que els alumnes no han de prendre medicaments a l\u2019escola com a norma general. Ajusteu l\u2019horari perqu\u00e8 els puguin prendre a casa.<\/p>\n<p>En els casos que sigui imprescindible aquesta medicaci\u00f3 cal que s\u2019aporti:<\/p>\n<ul>\n<li>Un informe del metge o metgessa on consti el nom de l\u2019alumne\/a, la pauta i el nom del medicament i on quedi clarament explicat que \u00e9s imprescindible l\u2019administraci\u00f3 del medicament en l\u2019horari lectiu.<\/li>\n<li>Una autoritzaci\u00f3 (l\u2019escola disposa d\u2019un model) del pare, mare o tutor\/a on es demani i s\u2019autoritzi al personal del centre educatiu que administri al fill o filla la medicaci\u00f3 prescrita, sempre que sigui imprescindible la seva administraci\u00f3 en horari lectiu.<\/li>\n<\/ul>\n<p>No heu de portar a l\u2019escola el nen o nena quan tingui febre o altres s\u00edmptomes d\u2019indisposici\u00f3. S\u2019ha de comunicar a Consergeria quan l\u2019alumne tingui alguna malaltia contagiosa. Tamb\u00e9 s\u2019informar\u00e0, des de casa o des de l\u2019escola, quan se li hagin trobat polls. En tots aquests casos, el nen\/a haur\u00e0 de quedar-se a casa.<\/p>\n<p>Caldr\u00e0 portar un certificat m\u00e8dic per justificar qualsevol situaci\u00f3 que impedeixi treballar amb normalitat o que requereixi fer una dieta espec\u00edfica.<\/p>\n<div class=\"addtoany_share_save_container addtoany_content_bottom\">\n<div class=\"a2a_kit a2a_kit_size_32 addtoany_list\" data-a2a-url=\"http:\/\/agora.xtec.cat\/escolabarkeno\/lescola\/salut\/\" data-a2a-title=\"Salut\"><\/div>\n<\/div>\n<p>&nbsp;<\/p>\n<p>&nbsp;<\/p>\n<p>&nbsp;<\/p>\n<p>&nbsp;<\/p>\n<p>&nbsp;<\/p>\n","protected":false},"excerpt":{"rendered":"<p>Esmorzars saludables \u00c9s convenient que tots els nens i nenes esmorzin a casa. Tot i aix\u00f2 durant l\u2019estona d\u2019esbarjo va b\u00e9 que portin un petit esmorzar a base de fruita (dimecres i divendres) o entrep\u00e0 que ens menjarem a l&#8217;aula. &nbsp; IMPORTANT: No es podran portar sucs ni pastisseria a l\u2019hora dels esmorzars ni a [&hellip;]<\/p>\n","protected":false},"author":2,"featured_media":0,"parent":22,"menu_order":1,"comment_status":"closed","ping_status":"closed","template":"page-templates\/side-menu.php","meta":{"_bbp_topic_count":0,"_bbp_reply_count":0,"_bbp_total_topic_count":0,"_bbp_total_reply_count":0,"_bbp_voice_count":0,"_bbp_anonymous_reply_count":0,"_bbp_topic_count_hidden":0,"_bbp_reply_count_hidden":0,"_bbp_forum_subforum_count":0,"site-sidebar-layout":"default","site-content-layout":"","ast-site-content-layout":"","site-content-style":"default","site-sidebar-style":"default","ast-global-header-display":"","ast-banner-title-visibility":"","ast-main-header-display":"","ast-hfb-above-header-display":"","ast-hfb-below-header-display":"","ast-hfb-mobile-header-display":"","site-post-title":"","ast-breadcrumbs-content":"","ast-featured-img":"","footer-sml-layout":"","theme-transparent-header-meta":"","adv-header-id-meta":"","stick-header-meta":"","header-above-stick-meta":"","header-main-stick-meta":"","header-below-stick-meta":"","astra-migrate-meta-layouts":"default","ast-page-background-enabled":"default","ast-page-background-meta":{"desktop":{"background-color":"var(--ast-global-color-4)","background-image":"","background-repeat":"repeat","background-position":"center center","background-size":"auto","background-attachment":"scroll","background-type":"","background-media":"","overlay-type":"","overlay-color":"","overlay-opacity":"","overlay-gradient":""},"tablet":{"background-color":"","background-image":"","background-repeat":"repeat","background-position":"center center","background-size":"auto","background-attachment":"scroll","background-type":"","background-media":"","overlay-type":"","overlay-color":"","overlay-opacity":"","overlay-gradient":""},"mobile":{"background-color":"","background-image":"","background-repeat":"repeat","background-position":"center center","background-size":"auto","background-attachment":"scroll","background-type":"","background-media":"","overlay-type":"","overlay-color":"","overlay-opacity":"","overlay-gradient":""}},"ast-content-background-meta":{"desktop":{"background-color":"var(--ast-global-color-5)","background-image":"","background-repeat":"repeat","background-position":"center center","background-size":"auto","background-attachment":"scroll","background-type":"","background-media":"","overlay-type":"","overlay-color":"","overlay-opacity":"","overlay-gradient":""},"tablet":{"background-color":"var(--ast-global-color-5)","background-image":"","background-repeat":"repeat","background-position":"center center","background-size":"auto","background-attachment":"scroll","background-type":"","background-media":"","overlay-type":"","overlay-color":"","overlay-opacity":"","overlay-gradient":""},"mobile":{"background-color":"var(--ast-global-color-5)","background-image":"","background-repeat":"repeat","background-position":"center center","background-size":"auto","background-attachment":"scroll","background-type":"","background-media":"","overlay-type":"","overlay-color":"","overlay-opacity":"","overlay-gradient":""}},"footnotes":""},"class_list":["post-38","page","type-page","status-publish","hentry"],"post_mailing_queue_ids":[],"_links":{"self":[{"href":"https:\/\/agora.xtec.cat\/ceip-aguimera-vendrell\/wp-json\/wp\/v2\/pages\/38","targetHints":{"allow":["GET"]}}],"collection":[{"href":"https:\/\/agora.xtec.cat\/ceip-aguimera-vendrell\/wp-json\/wp\/v2\/pages"}],"about":[{"href":"https:\/\/agora.xtec.cat\/ceip-aguimera-vendrell\/wp-json\/wp\/v2\/types\/page"}],"author":[{"embeddable":true,"href":"https:\/\/agora.xtec.cat\/ceip-aguimera-vendrell\/wp-json\/wp\/v2\/users\/2"}],"replies":[{"embeddable":true,"href":"https:\/\/agora.xtec.cat\/ceip-aguimera-vendrell\/wp-json\/wp\/v2\/comments?post=38"}],"version-history":[{"count":6,"href":"https:\/\/agora.xtec.cat\/ceip-aguimera-vendrell\/wp-json\/wp\/v2\/pages\/38\/revisions"}],"predecessor-version":[{"id":7432,"href":"https:\/\/agora.xtec.cat\/ceip-aguimera-vendrell\/wp-json\/wp\/v2\/pages\/38\/revisions\/7432"}],"up":[{"embeddable":true,"href":"https:\/\/agora.xtec.cat\/ceip-aguimera-vendrell\/wp-json\/wp\/v2\/pages\/22"}],"wp:attachment":[{"href":"https:\/\/agora.xtec.cat\/ceip-aguimera-vendrell\/wp-json\/wp\/v2\/media?parent=38"}],"curies":[{"name":"wp","href":"https:\/\/api.w.org\/{rel}","templated":true}]}}