{"id":34,"date":"2014-09-18T12:32:18","date_gmt":"2014-09-18T12:32:18","guid":{"rendered":"http:\/\/agora.xtec.cat\/ceip-aguimera-vendrell\/?page_id=34"},"modified":"2026-04-23T10:51:22","modified_gmt":"2026-04-23T08:51:22","slug":"oferta-educativa-preinscripcio","status":"publish","type":"page","link":"https:\/\/agora.xtec.cat\/ceip-aguimera-vendrell\/lescola\/oferta-educativa-preinscripcio\/","title":{"rendered":"Oferta educativa i preinscripci\u00f3"},"content":{"rendered":"<h2><span style=\"color: #00ccff;\"><strong>PREINSCRIPCI\u00d3\u00a0 CURS 2026-2027<\/strong><\/span><\/h2>\n<h5><a href=\"https:\/\/preinscripcio.gencat.cat\/ca\/estudis\/infantil-3-6\/informat\/calendari\/\">Aqu\u00ed podeu consultar el calendari i els terminis de la preinscripci\u00f3.\u00a0<\/a><\/h5>\n<hr \/>\n<p>23\/04\/2026<\/p>\n<h5>Consulteu el<a href=\"https:\/\/agora.xtec.cat\/ceip-aguimera-vendrell\/wp-content\/uploads\/usu102\/2026\/04\/INFORME_BAREM_RESOLTES_BAREM-1.pdf\"> llistat de sol\u00b7licituds que han demanat el centre en primera petici\u00f3 amb la puntuaci\u00f3 definitiva<\/a>.<\/h5>\n<hr \/>\n<p>15\/04\/2026<\/p>\n<h5>Avui ha estat publicat la <span style=\"color: #33cccc;\">llista de sol\u00b7licituds que han demanat el centre<\/span> i l&#8217;ensenyament en primera petici\u00f3 amb la puntuaci\u00f3 provisional. Podeu consultar-la <a href=\"https:\/\/agora.xtec.cat\/ceip-aguimera-vendrell\/wp-content\/uploads\/usu102\/2026\/04\/INFORME_BAREM_PROVISIONAL_BAREM_15-4.pdf\">aqu\u00ed<\/a>.<\/h5>\n<hr \/>\n<p>03\/03\/2026<\/p>\n<h5>Consulteu l&#8217;<a href=\"https:\/\/agora.xtec.cat\/ceip-aguimera-vendrell\/wp-content\/uploads\/usu102\/2026\/03\/OFERTA-INICIAL.pdf\">oferta inicial de places<\/a> del nostre Centre.<\/h5>\n<hr \/>\n<p>&nbsp;<\/p>\n<h2><\/h2>\n<hr \/>\n<h2><span style=\"color: #99ccff;\"><strong>\u00a0 CURS 2025-2026<\/strong><\/span><\/h2>\n<p>&nbsp;<\/p>\n<h3><span style=\"color: #99ccff;\"><strong>TR\u00c0MITS PER FORMALITZAR LA MATR\u00cdCULA<\/strong><\/span><\/h3>\n<h6><span style=\"color: #000000;\">Demanar <span style=\"color: #99ccff;\">CITA PR\u00c8VIA<\/span> a l&#8217;escola i lliurar presencialment<span style=\"color: #99ccff;\"> original i fotoc\u00f2pia<\/span> de la seg\u00fcent documentaci\u00f3\u00a0 identificativa i acreditativa:<\/span><\/h6>\n<ul style=\"list-style-type: disc;\">\n<li>\n<h6><span style=\"color: #000000;\"><span style=\"color: #99ccff;\">DNI del pare, de la mare <strong>o el tutor \/ la tutora <\/strong>\u00a0<\/span>o de la <span style=\"color: #99ccff;\">targeta de resid\u00e8ncia<\/span> on consta el <span style=\"color: #99ccff;\">NIE o del passaport <\/span>si es tracta de persones estrangeres. Si es tracta d\u2019estrangers comunitaris, document d\u2019identitat del pa\u00eds d\u2019origen.<\/span><\/h6>\n<\/li>\n<\/ul>\n<ul style=\"list-style-type: disc;\">\n<li>\n<h6><span style=\"color: #000000;\"><span style=\"color: #99ccff;\">DNI\/NIE de l\u2019alumne\/a <\/span>si en t\u00e9.<\/span><\/h6>\n<\/li>\n<li>\n<h6><span style=\"color: #000000;\"><span style=\"color: #99ccff;\">El llibre de fam\u00edlia o altres documents relatius a la filiaci\u00f3<\/span>. Si l\u2019alumne es troba en situaci\u00f3 d\u2019acolliment, la resoluci\u00f3 d\u2019acolliment del Departament de Treball, Afers Socials i Fam\u00edlies.<\/span><\/h6>\n<\/li>\n<li>\n<h6><span style=\"color: #000000;\"><span style=\"color: #99ccff;\">TSI (targeta sanit\u00e0ria individual) de l\u2019alumne\/a<\/span>.<\/span><\/h6>\n<\/li>\n<li>\n<h6><span style=\"color: #000000;\"><span style=\"color: #99ccff;\">Carnet de vacunacions de l\u2019alumne\/a <\/span>on figurin les dosis de vacunes rebudes amb les dates corresponents. Quan no es tingui el carnet de vacunacions s\u2019ha de presentar un certificat m\u00e8dic oficial on figurin les dosis de vacuna rebudes amb les dates corresponents (art.4 de l\u2019Ordre de 29 de juny de 1981). Si el nen\/a no ha estat vacunat per contraindicaci\u00f3 m\u00e8dica o per altres circumst\u00e0ncies, cal presentar un certificat m\u00e8dic oficial justificatiu.<\/span><\/h6>\n<\/li>\n<li>\n<h6>2 <span style=\"color: #99ccff;\">fotografies <\/span>mida carnet.<\/h6>\n<\/li>\n<li>\n<h6>Tota la documentaci\u00f3 acreditativa dels criteris de prioritat o complementaris.<\/h6>\n<\/li>\n<\/ul>\n<h4>Per demanar\u00a0<span style=\"color: #99ccff;\"> CITA PR\u00c8VIA\u00a0<\/span> amb SECRETARIA cal trucar al tel\u00e8fon<span style=\"color: #99ccff;\"> 977660860<\/span><\/h4>\n<h4>de dilluns a divendres de 9h a 12h.<\/h4>\n<hr \/>\n<p>&nbsp;<\/p>\n<p>&nbsp;<\/p>\n<hr \/>\n<p>&nbsp;<\/p>\n<p>&nbsp;<\/p>\n<p><span style=\"color: #000000;\"><b>Llistat d\u2019escoles d\u2019educaci\u00f3 infantil i prim\u00e0ria del Vendrell:<\/b><\/span><\/p>\n<table>\n<tbody>\n<tr>\n<td><span style=\"color: #000000;\"><b>Codi del Centre<\/b><\/span><\/td>\n<td><span style=\"color: #000000;\"><b>Nom del Centre<\/b><\/span><\/td>\n<\/tr>\n<tr>\n<td><span style=\"font-weight: 400; color: #000000;\">43004748<\/span><\/td>\n<td><span style=\"font-weight: 400; color: #000000;\">Escola \u00c0ngel Guimer\u00e0<\/span><\/td>\n<\/tr>\n<tr>\n<td><span style=\"font-weight: 400; color: #000000;\">43004815<\/span><\/td>\n<td><span style=\"font-weight: 400; color: #000000;\">Escola Pau Casals<\/span><\/td>\n<\/tr>\n<tr>\n<td><span style=\"font-weight: 400; color: #000000;\">43006587<\/span><\/td>\n<td><span style=\"font-weight: 400; color: #000000;\">Escola \u00c0ngels Garriga<\/span><\/td>\n<\/tr>\n<tr>\n<td><span style=\"font-weight: 400; color: #000000;\">43013075<\/span><\/td>\n<td><span style=\"font-weight: 400; color: #000000;\">Institut Escola \u00c0ngel de Tobies<\/span><\/td>\n<\/tr>\n<tr>\n<td><span style=\"font-weight: 400; color: #000000;\">43010165<\/span><\/td>\n<td><span style=\"font-weight: 400; color: #000000;\">Escola Marta Mata<\/span><\/td>\n<\/tr>\n<tr>\n<td><span style=\"font-weight: 400; color: #000000;\">43004761<\/span><\/td>\n<td><span style=\"font-weight: 400; color: #000000;\">Col\u00b7legi Sagrat Cor<\/span><\/td>\n<\/tr>\n<tr>\n<td><span style=\"font-weight: 400; color: #000000;\">43013129<\/span><\/td>\n<td><span style=\"font-weight: 400; color: #000000;\">Institut Escola Coma-ruga<\/span><\/td>\n<\/tr>\n<\/tbody>\n<\/table>\n<p>&nbsp;<\/p>\n<p>&nbsp;<\/p>\n<p style=\"color: #444444;\">\n","protected":false},"excerpt":{"rendered":"<p>PREINSCRIPCI\u00d3\u00a0 CURS 2026-2027 Aqu\u00ed podeu consultar el calendari i els terminis de la preinscripci\u00f3.\u00a0 23\/04\/2026 Consulteu el llistat de sol\u00b7licituds que han demanat el centre en primera petici\u00f3 amb la puntuaci\u00f3 definitiva. 15\/04\/2026 Avui ha estat publicat la llista de sol\u00b7licituds que han demanat el centre i l&#8217;ensenyament en primera petici\u00f3 amb la puntuaci\u00f3 provisional. [&hellip;]<\/p>\n","protected":false},"author":2,"featured_media":0,"parent":22,"menu_order":60,"comment_status":"closed","ping_status":"closed","template":"","meta":{"_bbp_topic_count":0,"_bbp_reply_count":0,"_bbp_total_topic_count":0,"_bbp_total_reply_count":0,"_bbp_voice_count":0,"_bbp_anonymous_reply_count":0,"_bbp_topic_count_hidden":0,"_bbp_reply_count_hidden":0,"_bbp_forum_subforum_count":0,"site-sidebar-layout":"default","site-content-layout":"","ast-site-content-layout":"default","site-content-style":"default","site-sidebar-style":"default","ast-global-header-display":"","ast-banner-title-visibility":"","ast-main-header-display":"","ast-hfb-above-header-display":"","ast-hfb-below-header-display":"","ast-hfb-mobile-header-display":"","site-post-title":"","ast-breadcrumbs-content":"","ast-featured-img":"","footer-sml-layout":"","theme-transparent-header-meta":"default","adv-header-id-meta":"","stick-header-meta":"","header-above-stick-meta":"","header-main-stick-meta":"","header-below-stick-meta":"","astra-migrate-meta-layouts":"set","ast-page-background-enabled":"default","ast-page-background-meta":{"desktop":{"background-color":"var(--ast-global-color-4)","background-image":"","background-repeat":"repeat","background-position":"center center","background-size":"auto","background-attachment":"scroll","background-type":"","background-media":"","overlay-type":"","overlay-color":"","overlay-opacity":"","overlay-gradient":""},"tablet":{"background-color":"","background-image":"","background-repeat":"repeat","background-position":"center center","background-size":"auto","background-attachment":"scroll","background-type":"","background-media":"","overlay-type":"","overlay-color":"","overlay-opacity":"","overlay-gradient":""},"mobile":{"background-color":"","background-image":"","background-repeat":"repeat","background-position":"center center","background-size":"auto","background-attachment":"scroll","background-type":"","background-media":"","overlay-type":"","overlay-color":"","overlay-opacity":"","overlay-gradient":""}},"ast-content-background-meta":{"desktop":{"background-color":"var(--ast-global-color-5)","background-image":"","background-repeat":"repeat","background-position":"center center","background-size":"auto","background-attachment":"scroll","background-type":"","background-media":"","overlay-type":"","overlay-color":"","overlay-opacity":"","overlay-gradient":""},"tablet":{"background-color":"var(--ast-global-color-5)","background-image":"","background-repeat":"repeat","background-position":"center center","background-size":"auto","background-attachment":"scroll","background-type":"","background-media":"","overlay-type":"","overlay-color":"","overlay-opacity":"","overlay-gradient":""},"mobile":{"background-color":"var(--ast-global-color-5)","background-image":"","background-repeat":"repeat","background-position":"center center","background-size":"auto","background-attachment":"scroll","background-type":"","background-media":"","overlay-type":"","overlay-color":"","overlay-opacity":"","overlay-gradient":""}},"footnotes":""},"class_list":["post-34","page","type-page","status-publish","hentry"],"post_mailing_queue_ids":[],"_links":{"self":[{"href":"https:\/\/agora.xtec.cat\/ceip-aguimera-vendrell\/wp-json\/wp\/v2\/pages\/34","targetHints":{"allow":["GET"]}}],"collection":[{"href":"https:\/\/agora.xtec.cat\/ceip-aguimera-vendrell\/wp-json\/wp\/v2\/pages"}],"about":[{"href":"https:\/\/agora.xtec.cat\/ceip-aguimera-vendrell\/wp-json\/wp\/v2\/types\/page"}],"author":[{"embeddable":true,"href":"https:\/\/agora.xtec.cat\/ceip-aguimera-vendrell\/wp-json\/wp\/v2\/users\/2"}],"replies":[{"embeddable":true,"href":"https:\/\/agora.xtec.cat\/ceip-aguimera-vendrell\/wp-json\/wp\/v2\/comments?post=34"}],"version-history":[{"count":12,"href":"https:\/\/agora.xtec.cat\/ceip-aguimera-vendrell\/wp-json\/wp\/v2\/pages\/34\/revisions"}],"predecessor-version":[{"id":8122,"href":"https:\/\/agora.xtec.cat\/ceip-aguimera-vendrell\/wp-json\/wp\/v2\/pages\/34\/revisions\/8122"}],"up":[{"embeddable":true,"href":"https:\/\/agora.xtec.cat\/ceip-aguimera-vendrell\/wp-json\/wp\/v2\/pages\/22"}],"wp:attachment":[{"href":"https:\/\/agora.xtec.cat\/ceip-aguimera-vendrell\/wp-json\/wp\/v2\/media?parent=34"}],"curies":[{"name":"wp","href":"https:\/\/api.w.org\/{rel}","templated":true}]}}