{"id":28,"date":"2014-09-18T12:29:35","date_gmt":"2014-09-18T12:29:35","guid":{"rendered":"http:\/\/agora.xtec.cat\/ceip-aguimera-vendrell\/?page_id=28"},"modified":"2024-02-22T17:21:17","modified_gmt":"2024-02-22T16:21:17","slug":"consell-escolar","status":"publish","type":"page","link":"https:\/\/agora.xtec.cat\/ceip-aguimera-vendrell\/lescola\/consell-escolar\/","title":{"rendered":"Consell escolar"},"content":{"rendered":"<div>\n<p><span lang=\"CA\">El consell escolar es reuneix com a m\u00ednim una vegada al trimestre i sempre que el convoca la directora o ho sol\u00b7licita un ter\u00e7 de les persones membres.<\/span><b><span lang=\"CA\">\u00a0<\/span><\/b><\/p>\n<div>\u00a0<span lang=\"CA\"><span style=\"font-family: Arial;\"><br \/>\n<\/span><\/span><\/div>\n<\/div>\n<p><strong><span lang=\"CA\"><span style=\"font-family: Arial;\">MEMBRES DEL CONSELL ESCOLAR CURS 2023-2024<\/span><\/span><\/strong><\/p>\n<p><b><span lang=\"CA\"><span style=\"font-family: Arial;\">\u00a0Data constituci\u00f3:<br \/>\n<\/span><\/span><\/b><\/p>\n<table style=\"height: 595px; width: 40.3359%;\" border=\"1\" cellspacing=\"0\" cellpadding=\"0\">\n<tbody>\n<tr style=\"height: 31px;\">\n<td style=\"height: 31px; width: 282px;\" valign=\"top\"><b><span lang=\"CA\">Nom i Cognom<\/span><\/b><\/td>\n<td style=\"height: 31px; width: 263px;\" valign=\"top\"><b><span lang=\"CA\">C\u00e0rrec<\/span><\/b><\/td>\n<\/tr>\n<tr style=\"height: 32px;\">\n<td style=\"height: 32px; width: 282px;\" valign=\"top\"><span style=\"font-size: medium;\">Elisabet Claver L\u00f3pez<\/span><\/td>\n<td style=\"height: 32px; width: 263px;\" valign=\"top\"><span lang=\"CA\">Presidenta<\/span><\/td>\n<\/tr>\n<tr style=\"height: 31px;\">\n<td style=\"height: 31px; width: 282px;\" valign=\"top\"><span lang=\"CA\">Maria S\u00e1nchez Ruiz<\/span><\/td>\n<td style=\"height: 31px; width: 263px;\" valign=\"top\"><span lang=\"CA\">Cap d\u2019estudis<\/span><\/td>\n<\/tr>\n<tr style=\"height: 31px;\">\n<td style=\"height: 31px; width: 282px;\" valign=\"top\"><span lang=\"CA\">Sandra \u00c1lvarez P\u00e9rez<\/span><\/td>\n<td style=\"height: 31px; width: 263px;\" valign=\"top\"><span lang=\"CA\">Secret\u00e0ria<\/span><\/td>\n<\/tr>\n<tr style=\"height: 31px;\">\n<td style=\"width: 282px; height: 31px;\"><span lang=\"CA\">S\u00edlvia Vaquero Mart\u00edn<\/span><\/td>\n<td style=\"width: 263px; height: 31px;\"><span lang=\"CA\">Representant Ajuntament<\/span><\/td>\n<\/tr>\n<tr style=\"height: 31px;\">\n<td style=\"height: 31px; width: 282px;\" valign=\"top\">\u00a0Rosi Luna S\u00e1nchez<\/td>\n<td style=\"height: 31px; width: 263px;\" valign=\"top\"><span lang=\"CA\">Representant sector mestres<\/span><\/td>\n<\/tr>\n<tr style=\"height: 31px;\">\n<td style=\"height: 31px; width: 282px;\" valign=\"top\">Angi Mart\u00ednez Navarro<\/td>\n<td style=\"height: 31px; width: 263px;\" valign=\"top\"><span lang=\"CA\">Representant sector <\/span>mestres<\/td>\n<\/tr>\n<tr style=\"height: 31px;\">\n<td style=\"height: 31px; width: 282px;\" valign=\"top\">Sandra Ituarte R\u00edos<\/td>\n<td style=\"height: 31px; width: 263px;\" valign=\"top\"><span lang=\"CA\">Representant sector\u00a0<\/span>mestres<\/td>\n<\/tr>\n<tr style=\"height: 31px;\">\n<td style=\"height: 31px; width: 282px;\" valign=\"top\">Mertixell Boada Mart\u00ed<\/td>\n<td style=\"height: 31px; width: 263px;\" valign=\"top\"><span lang=\"CA\">Representant sector\u00a0<\/span>mestres<\/td>\n<\/tr>\n<tr style=\"height: 31px;\">\n<td style=\"height: 31px; width: 282px;\" valign=\"top\">Miguel \u00c0ngel Furi\u00f3 Villalba<\/td>\n<td style=\"height: 31px; width: 263px;\" valign=\"top\"><span lang=\"CA\">Representant sector\u00a0<\/span>mestres<\/td>\n<\/tr>\n<tr style=\"height: 31px;\">\n<td style=\"height: 31px; width: 282px;\" valign=\"top\">M\u00f3nica S\u00e1nchez Calder\u00f3n<\/td>\n<td style=\"height: 31px; width: 263px;\" valign=\"top\"><span lang=\"CA\">Representant sector\u00a0<\/span>mestres<\/td>\n<\/tr>\n<tr style=\"height: 31px;\">\n<td style=\"height: 31px; width: 282px;\" valign=\"top\">N\u00faria Caralt Escamilla<\/td>\n<td style=\"height: 31px; width: 263px;\" valign=\"top\"><span lang=\"CA\">Representant sector pares i mares<\/span><\/td>\n<\/tr>\n<tr style=\"height: 31px;\">\n<td style=\"height: 31px; width: 282px;\" valign=\"top\">Anna Artigues Mart\u00ed<\/td>\n<td style=\"height: 31px; width: 263px;\" valign=\"top\">Representant sector pares i mares<\/td>\n<\/tr>\n<tr style=\"height: 31px;\">\n<td style=\"height: 31px; width: 282px;\" valign=\"top\">Estefania D\u00edaz Donaire<\/td>\n<td style=\"height: 31px; width: 263px;\" valign=\"top\"><span lang=\"CA\">Representant sector pares i mares<\/span><\/td>\n<\/tr>\n<tr style=\"height: 31px;\">\n<td style=\"height: 31px; width: 282px;\" valign=\"top\">Montserrat Planas Robles<\/td>\n<td style=\"height: 31px; width: 263px;\" valign=\"top\"><span lang=\"CA\">Representant sector pares i mares<\/span><\/td>\n<\/tr>\n<tr style=\"height: 31px;\">\n<td style=\"height: 31px; width: 282px;\" valign=\"top\">Sandra Santacreu Carballo<\/td>\n<td style=\"height: 31px; width: 263px;\" valign=\"top\"><span lang=\"CA\">Representant sector pares i mares<\/span><\/td>\n<\/tr>\n<tr style=\"height: 32px;\">\n<td style=\"height: 32px; width: 282px;\" valign=\"top\">S\u00edlvia Galbarro Barientos<\/td>\n<td style=\"height: 32px; width: 263px;\" valign=\"top\"><span lang=\"CA\">Representant sector pares i mares<\/span><\/td>\n<\/tr>\n<tr style=\"height: 35px;\">\n<td style=\"height: 35px; width: 282px;\" valign=\"top\">Mireia Medina Montorn\u00e9s<\/td>\n<td style=\"height: 35px; width: 263px;\" valign=\"top\"><span lang=\"CA\">Representant AFA<\/span><\/td>\n<\/tr>\n<tr style=\"height: 31px;\">\n<td style=\"width: 282px; height: 31px;\">Marta Sadur\u00ed Amela<\/td>\n<td style=\"width: 263px; height: 31px;\"><span lang=\"CA\">Representant PAS<\/span><\/td>\n<\/tr>\n<\/tbody>\n<\/table>\n<p>&nbsp;<\/p>\n","protected":false},"excerpt":{"rendered":"<p>El consell escolar es reuneix com a m\u00ednim una vegada al trimestre i sempre que el convoca la directora o ho sol\u00b7licita un ter\u00e7 de les persones membres.\u00a0 \u00a0 MEMBRES DEL CONSELL ESCOLAR CURS 2023-2024 \u00a0Data constituci\u00f3: Nom i Cognom C\u00e0rrec Elisabet Claver L\u00f3pez Presidenta Maria S\u00e1nchez Ruiz Cap d\u2019estudis Sandra \u00c1lvarez P\u00e9rez Secret\u00e0ria S\u00edlvia [&hellip;]<\/p>\n","protected":false},"author":2,"featured_media":0,"parent":22,"menu_order":30,"comment_status":"closed","ping_status":"closed","template":"page-templates\/side-menu.php","meta":{"_bbp_topic_count":0,"_bbp_reply_count":0,"_bbp_total_topic_count":0,"_bbp_total_reply_count":0,"_bbp_voice_count":0,"_bbp_anonymous_reply_count":0,"_bbp_topic_count_hidden":0,"_bbp_reply_count_hidden":0,"_bbp_forum_subforum_count":0,"site-sidebar-layout":"default","site-content-layout":"","ast-site-content-layout":"","site-content-style":"default","site-sidebar-style":"default","ast-global-header-display":"","ast-banner-title-visibility":"","ast-main-header-display":"","ast-hfb-above-header-display":"","ast-hfb-below-header-display":"","ast-hfb-mobile-header-display":"","site-post-title":"","ast-breadcrumbs-content":"","ast-featured-img":"","footer-sml-layout":"","theme-transparent-header-meta":"","adv-header-id-meta":"","stick-header-meta":"","header-above-stick-meta":"","header-main-stick-meta":"","header-below-stick-meta":"","astra-migrate-meta-layouts":"default","ast-page-background-enabled":"default","ast-page-background-meta":{"desktop":{"background-color":"var(--ast-global-color-4)","background-image":"","background-repeat":"repeat","background-position":"center center","background-size":"auto","background-attachment":"scroll","background-type":"","background-media":"","overlay-type":"","overlay-color":"","overlay-opacity":"","overlay-gradient":""},"tablet":{"background-color":"","background-image":"","background-repeat":"repeat","background-position":"center center","background-size":"auto","background-attachment":"scroll","background-type":"","background-media":"","overlay-type":"","overlay-color":"","overlay-opacity":"","overlay-gradient":""},"mobile":{"background-color":"","background-image":"","background-repeat":"repeat","background-position":"center center","background-size":"auto","background-attachment":"scroll","background-type":"","background-media":"","overlay-type":"","overlay-color":"","overlay-opacity":"","overlay-gradient":""}},"ast-content-background-meta":{"desktop":{"background-color":"var(--ast-global-color-5)","background-image":"","background-repeat":"repeat","background-position":"center center","background-size":"auto","background-attachment":"scroll","background-type":"","background-media":"","overlay-type":"","overlay-color":"","overlay-opacity":"","overlay-gradient":""},"tablet":{"background-color":"var(--ast-global-color-5)","background-image":"","background-repeat":"repeat","background-position":"center center","background-size":"auto","background-attachment":"scroll","background-type":"","background-media":"","overlay-type":"","overlay-color":"","overlay-opacity":"","overlay-gradient":""},"mobile":{"background-color":"var(--ast-global-color-5)","background-image":"","background-repeat":"repeat","background-position":"center center","background-size":"auto","background-attachment":"scroll","background-type":"","background-media":"","overlay-type":"","overlay-color":"","overlay-opacity":"","overlay-gradient":""}},"footnotes":""},"class_list":["post-28","page","type-page","status-publish","hentry"],"post_mailing_queue_ids":[],"_links":{"self":[{"href":"https:\/\/agora.xtec.cat\/ceip-aguimera-vendrell\/wp-json\/wp\/v2\/pages\/28","targetHints":{"allow":["GET"]}}],"collection":[{"href":"https:\/\/agora.xtec.cat\/ceip-aguimera-vendrell\/wp-json\/wp\/v2\/pages"}],"about":[{"href":"https:\/\/agora.xtec.cat\/ceip-aguimera-vendrell\/wp-json\/wp\/v2\/types\/page"}],"author":[{"embeddable":true,"href":"https:\/\/agora.xtec.cat\/ceip-aguimera-vendrell\/wp-json\/wp\/v2\/users\/2"}],"replies":[{"embeddable":true,"href":"https:\/\/agora.xtec.cat\/ceip-aguimera-vendrell\/wp-json\/wp\/v2\/comments?post=28"}],"version-history":[{"count":7,"href":"https:\/\/agora.xtec.cat\/ceip-aguimera-vendrell\/wp-json\/wp\/v2\/pages\/28\/revisions"}],"predecessor-version":[{"id":7045,"href":"https:\/\/agora.xtec.cat\/ceip-aguimera-vendrell\/wp-json\/wp\/v2\/pages\/28\/revisions\/7045"}],"up":[{"embeddable":true,"href":"https:\/\/agora.xtec.cat\/ceip-aguimera-vendrell\/wp-json\/wp\/v2\/pages\/22"}],"wp:attachment":[{"href":"https:\/\/agora.xtec.cat\/ceip-aguimera-vendrell\/wp-json\/wp\/v2\/media?parent=28"}],"curies":[{"name":"wp","href":"https:\/\/api.w.org\/{rel}","templated":true}]}}