{"id":2369,"date":"2020-03-24T20:32:21","date_gmt":"2020-03-24T19:32:21","guid":{"rendered":"https:\/\/agora.xtec.cat\/ceip-aguimera-vendrell\/?page_id=2369"},"modified":"2022-02-19T10:37:06","modified_gmt":"2022-02-19T09:37:06","slug":"sise","status":"publish","type":"page","link":"https:\/\/agora.xtec.cat\/ceip-aguimera-vendrell\/orientacionsipropostes\/sise\/","title":{"rendered":"English Projects"},"content":{"rendered":"<ul>\n<li style=\"text-align: justify;\"><strong>Teatre en angl\u00e8s per a l&#8217;alumnat de 5\u00e8.\u00a0 <\/strong>Cada curs l&#8217;<span style=\"color: #008000;\"><strong>alumnat de 5\u00e8<\/strong> <\/span>gaudeix anant al TAG a veure una obra en angl\u00e8s. Cada espectacle t\u00e9 el seu dossier pedag\u00f2gic corresponent amb propostes educatives per treballar el contingut abans i despr\u00e9s de l\u2019obra.\u00a0Des de l&#8217;escola promovem l\u2019activitat d\u2019anar al teatre com un h\u00e0bit saludable que aporta beneficis emocionals i comunicatius per a grans i petits. Aprendre, cr\u00e9ixer i divertir-se a partir del joc, la imaginaci\u00f3 i la creativitat que se\u2019ns desperta quan ens asseiem en una butaca i gaudim d\u2019un espectacle, t\u00e9 un efecte multiplicador de beneficis quan ho compartim amb els companys i companyes de l&#8217;escola. <span style=\"color: #008000;\"><strong>\u00c9s una experi\u00e8ncia \u00fanica, saludable i emocionant<\/strong><\/span><\/li>\n<\/ul>\n<p>&nbsp;<\/p>\n<ul>\n<li><strong>Projectes eTwwining<\/strong>: Els projectes eTwinning afavoreixen l\u2019aprenentatge en col\u00b7laboraci\u00f3: els alumnes aprenen uns dels altres, interactuen, es comuniquen i, d\u2019aquesta manera, se senten responsables del seu propi aprenentatge. Aprenem angl\u00e8s amb alumnes d&#8217;altres pa\u00efsos.&nbsp;<\/li>\n<\/ul>\n","protected":false},"excerpt":{"rendered":"<p>Teatre en angl\u00e8s per a l&#8217;alumnat de 5\u00e8.\u00a0 Cada curs l&#8217;alumnat de 5\u00e8 gaudeix anant al TAG a veure una obra en angl\u00e8s. Cada espectacle t\u00e9 el seu dossier pedag\u00f2gic corresponent amb propostes educatives per treballar el contingut abans i despr\u00e9s de l\u2019obra.\u00a0Des de l&#8217;escola promovem l\u2019activitat d\u2019anar al teatre com un h\u00e0bit saludable que [&hellip;]<\/p>\n","protected":false},"author":1,"featured_media":0,"parent":1556,"menu_order":0,"comment_status":"closed","ping_status":"closed","template":"page-templates\/side-menu.php","meta":{"_bbp_topic_count":0,"_bbp_reply_count":0,"_bbp_total_topic_count":0,"_bbp_total_reply_count":0,"_bbp_voice_count":0,"_bbp_anonymous_reply_count":0,"_bbp_topic_count_hidden":0,"_bbp_reply_count_hidden":0,"_bbp_forum_subforum_count":0,"site-sidebar-layout":"default","site-content-layout":"","ast-site-content-layout":"","site-content-style":"default","site-sidebar-style":"default","ast-global-header-display":"","ast-banner-title-visibility":"","ast-main-header-display":"","ast-hfb-above-header-display":"","ast-hfb-below-header-display":"","ast-hfb-mobile-header-display":"","site-post-title":"","ast-breadcrumbs-content":"","ast-featured-img":"","footer-sml-layout":"","theme-transparent-header-meta":"","adv-header-id-meta":"","stick-header-meta":"","header-above-stick-meta":"","header-main-stick-meta":"","header-below-stick-meta":"","astra-migrate-meta-layouts":"default","ast-page-background-enabled":"default","ast-page-background-meta":{"desktop":{"background-color":"var(--ast-global-color-4)","background-image":"","background-repeat":"repeat","background-position":"center center","background-size":"auto","background-attachment":"scroll","background-type":"","background-media":"","overlay-type":"","overlay-color":"","overlay-opacity":"","overlay-gradient":""},"tablet":{"background-color":"","background-image":"","background-repeat":"repeat","background-position":"center center","background-size":"auto","background-attachment":"scroll","background-type":"","background-media":"","overlay-type":"","overlay-color":"","overlay-opacity":"","overlay-gradient":""},"mobile":{"background-color":"","background-image":"","background-repeat":"repeat","background-position":"center center","background-size":"auto","background-attachment":"scroll","background-type":"","background-media":"","overlay-type":"","overlay-color":"","overlay-opacity":"","overlay-gradient":""}},"ast-content-background-meta":{"desktop":{"background-color":"var(--ast-global-color-5)","background-image":"","background-repeat":"repeat","background-position":"center center","background-size":"auto","background-attachment":"scroll","background-type":"","background-media":"","overlay-type":"","overlay-color":"","overlay-opacity":"","overlay-gradient":""},"tablet":{"background-color":"var(--ast-global-color-5)","background-image":"","background-repeat":"repeat","background-position":"center center","background-size":"auto","background-attachment":"scroll","background-type":"","background-media":"","overlay-type":"","overlay-color":"","overlay-opacity":"","overlay-gradient":""},"mobile":{"background-color":"var(--ast-global-color-5)","background-image":"","background-repeat":"repeat","background-position":"center center","background-size":"auto","background-attachment":"scroll","background-type":"","background-media":"","overlay-type":"","overlay-color":"","overlay-opacity":"","overlay-gradient":""}},"footnotes":""},"class_list":["post-2369","page","type-page","status-publish","hentry"],"post_mailing_queue_ids":[],"_links":{"self":[{"href":"https:\/\/agora.xtec.cat\/ceip-aguimera-vendrell\/wp-json\/wp\/v2\/pages\/2369","targetHints":{"allow":["GET"]}}],"collection":[{"href":"https:\/\/agora.xtec.cat\/ceip-aguimera-vendrell\/wp-json\/wp\/v2\/pages"}],"about":[{"href":"https:\/\/agora.xtec.cat\/ceip-aguimera-vendrell\/wp-json\/wp\/v2\/types\/page"}],"author":[{"embeddable":true,"href":"https:\/\/agora.xtec.cat\/ceip-aguimera-vendrell\/wp-json\/wp\/v2\/users\/1"}],"replies":[{"embeddable":true,"href":"https:\/\/agora.xtec.cat\/ceip-aguimera-vendrell\/wp-json\/wp\/v2\/comments?post=2369"}],"version-history":[{"count":4,"href":"https:\/\/agora.xtec.cat\/ceip-aguimera-vendrell\/wp-json\/wp\/v2\/pages\/2369\/revisions"}],"predecessor-version":[{"id":5154,"href":"https:\/\/agora.xtec.cat\/ceip-aguimera-vendrell\/wp-json\/wp\/v2\/pages\/2369\/revisions\/5154"}],"up":[{"embeddable":true,"href":"https:\/\/agora.xtec.cat\/ceip-aguimera-vendrell\/wp-json\/wp\/v2\/pages\/1556"}],"wp:attachment":[{"href":"https:\/\/agora.xtec.cat\/ceip-aguimera-vendrell\/wp-json\/wp\/v2\/media?parent=2369"}],"curies":[{"name":"wp","href":"https:\/\/api.w.org\/{rel}","templated":true}]}}