{"id":2367,"date":"2020-03-24T20:32:21","date_gmt":"2020-03-24T19:32:21","guid":{"rendered":"https:\/\/agora.xtec.cat\/ceip-aguimera-vendrell\/?page_id=2367"},"modified":"2021-03-28T16:56:51","modified_gmt":"2021-03-28T14:56:51","slug":"quart","status":"publish","type":"page","link":"https:\/\/agora.xtec.cat\/ceip-aguimera-vendrell\/orientacionsipropostes\/quart\/","title":{"rendered":"El nostre jard\u00ed i l&#8217;hort"},"content":{"rendered":"<p style=\"text-align: justify;\">Des de molt petits els infants senten curiositat pel seu entorn i inter\u00e8s en la descoberta. Aquesta curiositat impulsa als nens\/es a <strong><span style=\"color: #008000;\">explorar, investigar i a fer-se preguntes<\/span><\/strong> per intentar comprendre el que hi passa. Nosaltres, aprofitant que <strong>a la nostra escola tenim el privilegi de poder gaudir d&#8217;un pati<\/strong> <strong>immens mitjan\u00e7ant el qual el nen\/a pot estar en contacte amb la natura<\/strong>, hem cregut convenient donar a aquest espai el paper primordial que es mereix i, mica en mica, anar-lo convertint en un lloc agradable, estimulador i amb <span style=\"color: #008000;\"><strong>propostes did\u00e0ctiques naturals<\/strong><\/span>, que fomenti la <strong><span style=\"color: #008000;\">descoberta<\/span><\/strong> i <span style=\"color: #008000;\"><strong>experimentaci\u00f3<\/strong><\/span> dels nens i nenes.<\/p>\n<p style=\"text-align: justify;\">Aix\u00ed any rere any, hem anat dotant a aquest espai exterior de nous elements i materials per tal d&#8217;estimular els sentits i aportar coneixements i respecte vers la natura: <strong>el jard\u00ed de plantes arom\u00e0tiques, diferents tipus d&#8217;arbre, un petit espai sota l&#8217;ombra dels pins amb una zona per poder-hi fer un munt d&#8217;activitats als mesos de bonan\u00e7a, les muntanyes de sorra i sobretot l&#8217;hort.<\/strong><\/p>\n<p style=\"text-align: justify;\">Durant les <span style=\"color: #008000;\"><strong>sortides a l&#8217;hort<\/strong><\/span>, els infants podran observar el creixement de les hortalisses, la seva plantaci\u00f3, en podran tenir cura i finalment les podran collir i portar a la cuina per transformar-ho en un suculent \u00e0pat. A banda d&#8217;aix\u00f2, durant aquesta sortida de treball a l&#8217;hort, <strong>els infants <\/strong>tamb\u00e9<strong> tindran cura del pati i del jard\u00ed<\/strong>: recollirem els papers per tal de mantenir el pati net i, durant la tardor, recollirem les fulles. Quan vingui la primavera tindrem cura de totes les jardineres, ja sigui plantant flors, sembrant, regant o trasplantant&#8230;I \u00e9s que de de la llar volem que aquestes activitats (sembrar, plantar, collir, regar&#8230;) entrin a formar part de la rutina dels nens\/es.<\/p>\n<p style=\"text-align: justify;\">Pensem que \u00e9s un <span style=\"color: #008000;\"><strong>projecte<\/strong><\/span> molt important perqu\u00e8 tenir cura de <strong><span style=\"color: #008000;\">l&#8217;hort i el jard\u00ed<\/span> <\/strong>significa poder gaudir d&#8217;un munt d&#8217;experi\u00e8ncies. \u00c9s un lloc on els nens\/es poden explorar diferents caracter\u00edstiques dels elements que formen aquest ecosistema, poden experimentar (tocar, mirar, olorar, interaccionar etc.), i es treballen aspectes tan importants com el respecte per l&#8217;entorn i la natura i tamb\u00e9 h\u00e0bits d&#8217;ordre i higiene mantenint el pati net i polit.<\/p>\n<p style=\"text-align: justify;\">Cal dir, per altra banda, que aquest \u00e9s un projecte molt ric en tant que <strong>el jard\u00ed i l&#8217;hort s\u00f3n espais vius i canviants<\/strong>. Aix\u00ed tamb\u00e9 durant les activitats setmanals a l&#8217;exterior podrem aprofitar per explorar i gaudir de petites coses com: l&#8217;oruga que s&#8217;amaga sota la col, la sargantana que para el sol damunt una jardinera , l&#8217;ocell que fa saltirons al pati o b\u00e9 qualsevol altra sorpresa que ens depari la natura, aix\u00ed com tamb\u00e9 observar els canvis d&#8217;aquesta durant les diferents estacions de l&#8217;any.<\/p>\n<p>&nbsp;<\/p>\n<p><img loading=\"lazy\" decoding=\"async\" class=\"size-thumbnail wp-image-1892 alignleft\" src=\"https:\/\/agora.xtec.cat\/ceip-aguimera-vendrell\/wp-content\/uploads\/usu102\/2019\/09\/20190920_153311_Easy-Resize.com_-150x150.jpg\" alt=\"\" width=\"150\" height=\"150\" \/><\/p>\n<p><img loading=\"lazy\" decoding=\"async\" class=\"size-thumbnail wp-image-1891 alignleft\" src=\"https:\/\/agora.xtec.cat\/ceip-aguimera-vendrell\/wp-content\/uploads\/usu102\/2019\/09\/20190920_153250_Easy-Resize.com_-150x150.jpg\" alt=\"\" width=\"150\" height=\"150\" \/><img loading=\"lazy\" decoding=\"async\" class=\"wp-image-3942 size-medium alignleft\" src=\"https:\/\/agora.xtec.cat\/ceip-aguimera-vendrell\/wp-content\/uploads\/usu102\/2021\/03\/IMG_4902-274x300.jpg\" alt=\"\" width=\"274\" height=\"300\" srcset=\"https:\/\/agora.xtec.cat\/ceip-aguimera-vendrell\/wp-content\/uploads\/usu102\/2021\/03\/IMG_4902-274x300.jpg 274w, https:\/\/agora.xtec.cat\/ceip-aguimera-vendrell\/wp-content\/uploads\/usu102\/2021\/03\/IMG_4902-768x842.jpg 768w, https:\/\/agora.xtec.cat\/ceip-aguimera-vendrell\/wp-content\/uploads\/usu102\/2021\/03\/IMG_4902-934x1024.jpg 934w\" sizes=\"auto, (max-width: 274px) 100vw, 274px\" \/><img loading=\"lazy\" decoding=\"async\" class=\"wp-image-3920 size-medium alignleft\" src=\"https:\/\/agora.xtec.cat\/ceip-aguimera-vendrell\/wp-content\/uploads\/usu102\/2021\/03\/20201111_102035-300x169.jpg\" alt=\"\" width=\"300\" height=\"169\" srcset=\"https:\/\/agora.xtec.cat\/ceip-aguimera-vendrell\/wp-content\/uploads\/usu102\/2021\/03\/20201111_102035-300x169.jpg 300w, https:\/\/agora.xtec.cat\/ceip-aguimera-vendrell\/wp-content\/uploads\/usu102\/2021\/03\/20201111_102035-768x432.jpg 768w, https:\/\/agora.xtec.cat\/ceip-aguimera-vendrell\/wp-content\/uploads\/usu102\/2021\/03\/20201111_102035-1024x576.jpg 1024w\" sizes=\"auto, (max-width: 300px) 100vw, 300px\" \/><img loading=\"lazy\" decoding=\"async\" class=\"alignleft wp-image-3918 size-medium\" src=\"https:\/\/agora.xtec.cat\/ceip-aguimera-vendrell\/wp-content\/uploads\/usu102\/2021\/03\/IMG_9616-300x118.jpg\" alt=\"\" width=\"300\" height=\"118\" srcset=\"https:\/\/agora.xtec.cat\/ceip-aguimera-vendrell\/wp-content\/uploads\/usu102\/2021\/03\/IMG_9616-300x118.jpg 300w, https:\/\/agora.xtec.cat\/ceip-aguimera-vendrell\/wp-content\/uploads\/usu102\/2021\/03\/IMG_9616-768x303.jpg 768w, https:\/\/agora.xtec.cat\/ceip-aguimera-vendrell\/wp-content\/uploads\/usu102\/2021\/03\/IMG_9616-1024x404.jpg 1024w\" sizes=\"auto, (max-width: 300px) 100vw, 300px\" \/><\/p>\n","protected":false},"excerpt":{"rendered":"<p>Des de molt petits els infants senten curiositat pel seu entorn i inter\u00e8s en la descoberta. Aquesta curiositat impulsa als nens\/es a explorar, investigar i a fer-se preguntes per intentar comprendre el que hi passa. Nosaltres, aprofitant que a la nostra escola tenim el privilegi de poder gaudir d&#8217;un pati immens mitjan\u00e7ant el qual el [&hellip;]<\/p>\n","protected":false},"author":1,"featured_media":0,"parent":1556,"menu_order":0,"comment_status":"closed","ping_status":"closed","template":"page-templates\/side-menu.php","meta":{"_bbp_topic_count":0,"_bbp_reply_count":0,"_bbp_total_topic_count":0,"_bbp_total_reply_count":0,"_bbp_voice_count":0,"_bbp_anonymous_reply_count":0,"_bbp_topic_count_hidden":0,"_bbp_reply_count_hidden":0,"_bbp_forum_subforum_count":0,"site-sidebar-layout":"default","site-content-layout":"","ast-site-content-layout":"","site-content-style":"default","site-sidebar-style":"default","ast-global-header-display":"","ast-banner-title-visibility":"","ast-main-header-display":"","ast-hfb-above-header-display":"","ast-hfb-below-header-display":"","ast-hfb-mobile-header-display":"","site-post-title":"","ast-breadcrumbs-content":"","ast-featured-img":"","footer-sml-layout":"","theme-transparent-header-meta":"","adv-header-id-meta":"","stick-header-meta":"","header-above-stick-meta":"","header-main-stick-meta":"","header-below-stick-meta":"","astra-migrate-meta-layouts":"default","ast-page-background-enabled":"default","ast-page-background-meta":{"desktop":{"background-color":"var(--ast-global-color-4)","background-image":"","background-repeat":"repeat","background-position":"center center","background-size":"auto","background-attachment":"scroll","background-type":"","background-media":"","overlay-type":"","overlay-color":"","overlay-opacity":"","overlay-gradient":""},"tablet":{"background-color":"","background-image":"","background-repeat":"repeat","background-position":"center center","background-size":"auto","background-attachment":"scroll","background-type":"","background-media":"","overlay-type":"","overlay-color":"","overlay-opacity":"","overlay-gradient":""},"mobile":{"background-color":"","background-image":"","background-repeat":"repeat","background-position":"center center","background-size":"auto","background-attachment":"scroll","background-type":"","background-media":"","overlay-type":"","overlay-color":"","overlay-opacity":"","overlay-gradient":""}},"ast-content-background-meta":{"desktop":{"background-color":"var(--ast-global-color-5)","background-image":"","background-repeat":"repeat","background-position":"center center","background-size":"auto","background-attachment":"scroll","background-type":"","background-media":"","overlay-type":"","overlay-color":"","overlay-opacity":"","overlay-gradient":""},"tablet":{"background-color":"var(--ast-global-color-5)","background-image":"","background-repeat":"repeat","background-position":"center center","background-size":"auto","background-attachment":"scroll","background-type":"","background-media":"","overlay-type":"","overlay-color":"","overlay-opacity":"","overlay-gradient":""},"mobile":{"background-color":"var(--ast-global-color-5)","background-image":"","background-repeat":"repeat","background-position":"center center","background-size":"auto","background-attachment":"scroll","background-type":"","background-media":"","overlay-type":"","overlay-color":"","overlay-opacity":"","overlay-gradient":""}},"footnotes":""},"class_list":["post-2367","page","type-page","status-publish","hentry"],"post_mailing_queue_ids":[],"_links":{"self":[{"href":"https:\/\/agora.xtec.cat\/ceip-aguimera-vendrell\/wp-json\/wp\/v2\/pages\/2367","targetHints":{"allow":["GET"]}}],"collection":[{"href":"https:\/\/agora.xtec.cat\/ceip-aguimera-vendrell\/wp-json\/wp\/v2\/pages"}],"about":[{"href":"https:\/\/agora.xtec.cat\/ceip-aguimera-vendrell\/wp-json\/wp\/v2\/types\/page"}],"author":[{"embeddable":true,"href":"https:\/\/agora.xtec.cat\/ceip-aguimera-vendrell\/wp-json\/wp\/v2\/users\/1"}],"replies":[{"embeddable":true,"href":"https:\/\/agora.xtec.cat\/ceip-aguimera-vendrell\/wp-json\/wp\/v2\/comments?post=2367"}],"version-history":[{"count":4,"href":"https:\/\/agora.xtec.cat\/ceip-aguimera-vendrell\/wp-json\/wp\/v2\/pages\/2367\/revisions"}],"predecessor-version":[{"id":3973,"href":"https:\/\/agora.xtec.cat\/ceip-aguimera-vendrell\/wp-json\/wp\/v2\/pages\/2367\/revisions\/3973"}],"up":[{"embeddable":true,"href":"https:\/\/agora.xtec.cat\/ceip-aguimera-vendrell\/wp-json\/wp\/v2\/pages\/1556"}],"wp:attachment":[{"href":"https:\/\/agora.xtec.cat\/ceip-aguimera-vendrell\/wp-json\/wp\/v2\/media?parent=2367"}],"curies":[{"name":"wp","href":"https:\/\/api.w.org\/{rel}","templated":true}]}}