{"id":2366,"date":"2020-03-24T20:32:21","date_gmt":"2020-03-24T19:32:21","guid":{"rendered":"https:\/\/agora.xtec.cat\/ceip-aguimera-vendrell\/?page_id=2366"},"modified":"2024-02-22T17:55:05","modified_gmt":"2024-02-22T16:55:05","slug":"tercer","status":"publish","type":"page","link":"https:\/\/agora.xtec.cat\/ceip-aguimera-vendrell\/orientacionsipropostes\/cinque\/tercer\/","title":{"rendered":"Rob\u00f2tica"},"content":{"rendered":"<p style=\"text-align: left;\">L&#8217;Escola ha apostat per implantar la <span style=\"color: #008000;\"><strong>Rob\u00f2tica Educativa<\/strong><\/span> al seu Projecte Educatiu de Centre. Des d&#8217;Educaci\u00f3 Infantil l&#8217;alumnat utilitza la Rob\u00f2tica com un sistema d&#8217;aprenentatge que utilitza els robots com a fil conductor transversal per al potencial desenvolupament d&#8217;habilitats i compet\u00e8ncies.<\/p>\n<p>\u00a0<a href=\"https:\/\/agora.xtec.cat\/ceip-aguimera-vendrell\/wp-content\/uploads\/usu102\/2024\/02\/WhatsApp-Image-2024-01-29-at-16.22.26.jpeg\"><img loading=\"lazy\" decoding=\"async\" class=\"alignnone wp-image-7065\" src=\"https:\/\/agora.xtec.cat\/ceip-aguimera-vendrell\/wp-content\/uploads\/usu102\/2024\/02\/WhatsApp-Image-2024-01-29-at-16.22.26-768x1024.jpeg\" alt=\"\" width=\"319\" height=\"426\" srcset=\"https:\/\/agora.xtec.cat\/ceip-aguimera-vendrell\/wp-content\/uploads\/usu102\/2024\/02\/WhatsApp-Image-2024-01-29-at-16.22.26-768x1024.jpeg 768w, https:\/\/agora.xtec.cat\/ceip-aguimera-vendrell\/wp-content\/uploads\/usu102\/2024\/02\/WhatsApp-Image-2024-01-29-at-16.22.26-225x300.jpeg 225w, https:\/\/agora.xtec.cat\/ceip-aguimera-vendrell\/wp-content\/uploads\/usu102\/2024\/02\/WhatsApp-Image-2024-01-29-at-16.22.26-1152x1536.jpeg 1152w, https:\/\/agora.xtec.cat\/ceip-aguimera-vendrell\/wp-content\/uploads\/usu102\/2024\/02\/WhatsApp-Image-2024-01-29-at-16.22.26.jpeg 1500w\" sizes=\"auto, (max-width: 319px) 100vw, 319px\" \/><\/a><img loading=\"lazy\" decoding=\"async\" class=\"wp-image-4250 alignleft\" src=\"https:\/\/agora.xtec.cat\/ceip-aguimera-vendrell\/wp-content\/uploads\/usu102\/2021\/05\/20210507_160944-1-300x300.jpg\" alt=\"\" width=\"418\" height=\"418\" srcset=\"https:\/\/agora.xtec.cat\/ceip-aguimera-vendrell\/wp-content\/uploads\/usu102\/2021\/05\/20210507_160944-1-300x300.jpg 300w, https:\/\/agora.xtec.cat\/ceip-aguimera-vendrell\/wp-content\/uploads\/usu102\/2021\/05\/20210507_160944-1-150x150.jpg 150w, https:\/\/agora.xtec.cat\/ceip-aguimera-vendrell\/wp-content\/uploads\/usu102\/2021\/05\/20210507_160944-1-768x768.jpg 768w, https:\/\/agora.xtec.cat\/ceip-aguimera-vendrell\/wp-content\/uploads\/usu102\/2021\/05\/20210507_160944-1-1024x1024.jpg 1024w\" sizes=\"auto, (max-width: 418px) 100vw, 418px\" \/><\/p>\n","protected":false},"excerpt":{"rendered":"<p>L&#8217;Escola ha apostat per implantar la Rob\u00f2tica Educativa al seu Projecte Educatiu de Centre. Des d&#8217;Educaci\u00f3 Infantil l&#8217;alumnat utilitza la Rob\u00f2tica com un sistema d&#8217;aprenentatge que utilitza els robots com a fil conductor transversal per al potencial desenvolupament d&#8217;habilitats i compet\u00e8ncies. \u00a0<\/p>\n","protected":false},"author":1,"featured_media":0,"parent":2368,"menu_order":0,"comment_status":"closed","ping_status":"closed","template":"page-templates\/side-menu.php","meta":{"_bbp_topic_count":0,"_bbp_reply_count":0,"_bbp_total_topic_count":0,"_bbp_total_reply_count":0,"_bbp_voice_count":0,"_bbp_anonymous_reply_count":0,"_bbp_topic_count_hidden":0,"_bbp_reply_count_hidden":0,"_bbp_forum_subforum_count":0,"site-sidebar-layout":"default","site-content-layout":"","ast-site-content-layout":"","site-content-style":"default","site-sidebar-style":"default","ast-global-header-display":"","ast-banner-title-visibility":"","ast-main-header-display":"","ast-hfb-above-header-display":"","ast-hfb-below-header-display":"","ast-hfb-mobile-header-display":"","site-post-title":"","ast-breadcrumbs-content":"","ast-featured-img":"","footer-sml-layout":"","theme-transparent-header-meta":"","adv-header-id-meta":"","stick-header-meta":"","header-above-stick-meta":"","header-main-stick-meta":"","header-below-stick-meta":"","astra-migrate-meta-layouts":"default","ast-page-background-enabled":"default","ast-page-background-meta":{"desktop":{"background-color":"var(--ast-global-color-4)","background-image":"","background-repeat":"repeat","background-position":"center center","background-size":"auto","background-attachment":"scroll","background-type":"","background-media":"","overlay-type":"","overlay-color":"","overlay-opacity":"","overlay-gradient":""},"tablet":{"background-color":"","background-image":"","background-repeat":"repeat","background-position":"center center","background-size":"auto","background-attachment":"scroll","background-type":"","background-media":"","overlay-type":"","overlay-color":"","overlay-opacity":"","overlay-gradient":""},"mobile":{"background-color":"","background-image":"","background-repeat":"repeat","background-position":"center center","background-size":"auto","background-attachment":"scroll","background-type":"","background-media":"","overlay-type":"","overlay-color":"","overlay-opacity":"","overlay-gradient":""}},"ast-content-background-meta":{"desktop":{"background-color":"var(--ast-global-color-5)","background-image":"","background-repeat":"repeat","background-position":"center center","background-size":"auto","background-attachment":"scroll","background-type":"","background-media":"","overlay-type":"","overlay-color":"","overlay-opacity":"","overlay-gradient":""},"tablet":{"background-color":"var(--ast-global-color-5)","background-image":"","background-repeat":"repeat","background-position":"center center","background-size":"auto","background-attachment":"scroll","background-type":"","background-media":"","overlay-type":"","overlay-color":"","overlay-opacity":"","overlay-gradient":""},"mobile":{"background-color":"var(--ast-global-color-5)","background-image":"","background-repeat":"repeat","background-position":"center center","background-size":"auto","background-attachment":"scroll","background-type":"","background-media":"","overlay-type":"","overlay-color":"","overlay-opacity":"","overlay-gradient":""}},"footnotes":""},"class_list":["post-2366","page","type-page","status-publish","hentry"],"post_mailing_queue_ids":[],"_links":{"self":[{"href":"https:\/\/agora.xtec.cat\/ceip-aguimera-vendrell\/wp-json\/wp\/v2\/pages\/2366","targetHints":{"allow":["GET"]}}],"collection":[{"href":"https:\/\/agora.xtec.cat\/ceip-aguimera-vendrell\/wp-json\/wp\/v2\/pages"}],"about":[{"href":"https:\/\/agora.xtec.cat\/ceip-aguimera-vendrell\/wp-json\/wp\/v2\/types\/page"}],"author":[{"embeddable":true,"href":"https:\/\/agora.xtec.cat\/ceip-aguimera-vendrell\/wp-json\/wp\/v2\/users\/1"}],"replies":[{"embeddable":true,"href":"https:\/\/agora.xtec.cat\/ceip-aguimera-vendrell\/wp-json\/wp\/v2\/comments?post=2366"}],"version-history":[{"count":4,"href":"https:\/\/agora.xtec.cat\/ceip-aguimera-vendrell\/wp-json\/wp\/v2\/pages\/2366\/revisions"}],"predecessor-version":[{"id":7066,"href":"https:\/\/agora.xtec.cat\/ceip-aguimera-vendrell\/wp-json\/wp\/v2\/pages\/2366\/revisions\/7066"}],"up":[{"embeddable":true,"href":"https:\/\/agora.xtec.cat\/ceip-aguimera-vendrell\/wp-json\/wp\/v2\/pages\/2368"}],"wp:attachment":[{"href":"https:\/\/agora.xtec.cat\/ceip-aguimera-vendrell\/wp-json\/wp\/v2\/media?parent=2366"}],"curies":[{"name":"wp","href":"https:\/\/api.w.org\/{rel}","templated":true}]}}