{"id":2365,"date":"2020-03-24T20:32:21","date_gmt":"2020-03-24T19:32:21","guid":{"rendered":"https:\/\/agora.xtec.cat\/ceip-aguimera-vendrell\/?page_id=2365"},"modified":"2024-02-22T17:56:32","modified_gmt":"2024-02-22T16:56:32","slug":"segon","status":"publish","type":"page","link":"https:\/\/agora.xtec.cat\/ceip-aguimera-vendrell\/orientacionsipropostes\/som-comunitat-daprenentatge\/segon\/","title":{"rendered":"Grups Interactius"},"content":{"rendered":"<p style=\"text-align: justify;\">S\u2019ent\u00e9n com a <span style=\"color: #008000;\"><strong>grup interactiu<\/strong><\/span> una forma d\u2019organitzaci\u00f3 d\u2019aula on trobem grups redu\u00efts d\u2019alumnat agrupats de forma heterog\u00e8nia tant per nivells d\u2019aprenentatge, cultura, g\u00e8nere, etc. Cada grup compta amb la pres\u00e8ncia d\u2019un adult referent que pot ser el mestre o mestra, familiars, o altres voluntaris. La participaci\u00f3 de les i els voluntaris a l\u2019aula facilita l\u2019aprenentatge i augmenta la motivaci\u00f3 dels nens i nenes per l\u2019aprenentatge, creant un bon clima de treball.<\/p>\n<p style=\"text-align: justify;\">Els <span style=\"color: #008000;\"><strong>grups interactius<\/strong> <\/span>s\u00f3n grups on s\u2019estableixen relacions entre ells i formen part del grup per mitj\u00e0 al di\u00e0leg igualitari. Aix\u00ed doncs, l\u2019aprenentatge dels alumnes dep\u00e8n cada vegada m\u00e9s del conjunt de les seves interaccions i no nom\u00e9s de les interaccions que es produeixen a l\u2019aula tradicional. Tots els nens i nenes del grup treballen alhora sobre la mateixa tasca. La tasca del voluntariat i del professorat \u00e9s imprescindible en aquella estona i tant el professorat com els voluntaris mantenen unes altes expectatives cap als alumnes.<\/p>\n<p><a href=\"https:\/\/agora.xtec.cat\/ceip-aguimera-vendrell\/wp-content\/uploads\/usu102\/2024\/02\/WhatsApp-Image-2024-01-29-at-16.21.38.jpeg\"><img loading=\"lazy\" decoding=\"async\" class=\"alignnone  wp-image-7067\" src=\"https:\/\/agora.xtec.cat\/ceip-aguimera-vendrell\/wp-content\/uploads\/usu102\/2024\/02\/WhatsApp-Image-2024-01-29-at-16.21.38-576x1024.jpeg\" alt=\"\" width=\"365\" height=\"649\" srcset=\"https:\/\/agora.xtec.cat\/ceip-aguimera-vendrell\/wp-content\/uploads\/usu102\/2024\/02\/WhatsApp-Image-2024-01-29-at-16.21.38-576x1024.jpeg 576w, https:\/\/agora.xtec.cat\/ceip-aguimera-vendrell\/wp-content\/uploads\/usu102\/2024\/02\/WhatsApp-Image-2024-01-29-at-16.21.38-169x300.jpeg 169w, https:\/\/agora.xtec.cat\/ceip-aguimera-vendrell\/wp-content\/uploads\/usu102\/2024\/02\/WhatsApp-Image-2024-01-29-at-16.21.38-768x1365.jpeg 768w, https:\/\/agora.xtec.cat\/ceip-aguimera-vendrell\/wp-content\/uploads\/usu102\/2024\/02\/WhatsApp-Image-2024-01-29-at-16.21.38-864x1536.jpeg 864w, https:\/\/agora.xtec.cat\/ceip-aguimera-vendrell\/wp-content\/uploads\/usu102\/2024\/02\/WhatsApp-Image-2024-01-29-at-16.21.38.jpeg 1152w\" sizes=\"auto, (max-width: 365px) 100vw, 365px\" \/><\/a> <a href=\"https:\/\/agora.xtec.cat\/ceip-aguimera-vendrell\/wp-content\/uploads\/usu102\/2024\/02\/WhatsApp-Image-2024-01-29-at-16.21.55.jpeg\"><img loading=\"lazy\" decoding=\"async\" class=\"alignnone  wp-image-7068\" src=\"https:\/\/agora.xtec.cat\/ceip-aguimera-vendrell\/wp-content\/uploads\/usu102\/2024\/02\/WhatsApp-Image-2024-01-29-at-16.21.55-768x1024.jpeg\" alt=\"\" width=\"484\" height=\"645\" srcset=\"https:\/\/agora.xtec.cat\/ceip-aguimera-vendrell\/wp-content\/uploads\/usu102\/2024\/02\/WhatsApp-Image-2024-01-29-at-16.21.55-768x1024.jpeg 768w, https:\/\/agora.xtec.cat\/ceip-aguimera-vendrell\/wp-content\/uploads\/usu102\/2024\/02\/WhatsApp-Image-2024-01-29-at-16.21.55-225x300.jpeg 225w, https:\/\/agora.xtec.cat\/ceip-aguimera-vendrell\/wp-content\/uploads\/usu102\/2024\/02\/WhatsApp-Image-2024-01-29-at-16.21.55-1152x1536.jpeg 1152w, https:\/\/agora.xtec.cat\/ceip-aguimera-vendrell\/wp-content\/uploads\/usu102\/2024\/02\/WhatsApp-Image-2024-01-29-at-16.21.55.jpeg 1500w\" sizes=\"auto, (max-width: 484px) 100vw, 484px\" \/><\/a><\/p>\n<p>&nbsp;<\/p>\n","protected":false},"excerpt":{"rendered":"<p>S\u2019ent\u00e9n com a grup interactiu una forma d\u2019organitzaci\u00f3 d\u2019aula on trobem grups redu\u00efts d\u2019alumnat agrupats de forma heterog\u00e8nia tant per nivells d\u2019aprenentatge, cultura, g\u00e8nere, etc. Cada grup compta amb la pres\u00e8ncia d\u2019un adult referent que pot ser el mestre o mestra, familiars, o altres voluntaris. La participaci\u00f3 de les i els voluntaris a l\u2019aula facilita [&hellip;]<\/p>\n","protected":false},"author":1,"featured_media":0,"parent":7041,"menu_order":0,"comment_status":"closed","ping_status":"closed","template":"page-templates\/side-menu.php","meta":{"_bbp_topic_count":0,"_bbp_reply_count":0,"_bbp_total_topic_count":0,"_bbp_total_reply_count":0,"_bbp_voice_count":0,"_bbp_anonymous_reply_count":0,"_bbp_topic_count_hidden":0,"_bbp_reply_count_hidden":0,"_bbp_forum_subforum_count":0,"site-sidebar-layout":"default","site-content-layout":"","ast-site-content-layout":"","site-content-style":"default","site-sidebar-style":"default","ast-global-header-display":"","ast-banner-title-visibility":"","ast-main-header-display":"","ast-hfb-above-header-display":"","ast-hfb-below-header-display":"","ast-hfb-mobile-header-display":"","site-post-title":"","ast-breadcrumbs-content":"","ast-featured-img":"","footer-sml-layout":"","theme-transparent-header-meta":"","adv-header-id-meta":"","stick-header-meta":"","header-above-stick-meta":"","header-main-stick-meta":"","header-below-stick-meta":"","astra-migrate-meta-layouts":"default","ast-page-background-enabled":"default","ast-page-background-meta":{"desktop":{"background-color":"var(--ast-global-color-4)","background-image":"","background-repeat":"repeat","background-position":"center center","background-size":"auto","background-attachment":"scroll","background-type":"","background-media":"","overlay-type":"","overlay-color":"","overlay-opacity":"","overlay-gradient":""},"tablet":{"background-color":"","background-image":"","background-repeat":"repeat","background-position":"center center","background-size":"auto","background-attachment":"scroll","background-type":"","background-media":"","overlay-type":"","overlay-color":"","overlay-opacity":"","overlay-gradient":""},"mobile":{"background-color":"","background-image":"","background-repeat":"repeat","background-position":"center center","background-size":"auto","background-attachment":"scroll","background-type":"","background-media":"","overlay-type":"","overlay-color":"","overlay-opacity":"","overlay-gradient":""}},"ast-content-background-meta":{"desktop":{"background-color":"var(--ast-global-color-5)","background-image":"","background-repeat":"repeat","background-position":"center center","background-size":"auto","background-attachment":"scroll","background-type":"","background-media":"","overlay-type":"","overlay-color":"","overlay-opacity":"","overlay-gradient":""},"tablet":{"background-color":"var(--ast-global-color-5)","background-image":"","background-repeat":"repeat","background-position":"center center","background-size":"auto","background-attachment":"scroll","background-type":"","background-media":"","overlay-type":"","overlay-color":"","overlay-opacity":"","overlay-gradient":""},"mobile":{"background-color":"var(--ast-global-color-5)","background-image":"","background-repeat":"repeat","background-position":"center center","background-size":"auto","background-attachment":"scroll","background-type":"","background-media":"","overlay-type":"","overlay-color":"","overlay-opacity":"","overlay-gradient":""}},"footnotes":""},"class_list":["post-2365","page","type-page","status-publish","hentry"],"post_mailing_queue_ids":[],"_links":{"self":[{"href":"https:\/\/agora.xtec.cat\/ceip-aguimera-vendrell\/wp-json\/wp\/v2\/pages\/2365","targetHints":{"allow":["GET"]}}],"collection":[{"href":"https:\/\/agora.xtec.cat\/ceip-aguimera-vendrell\/wp-json\/wp\/v2\/pages"}],"about":[{"href":"https:\/\/agora.xtec.cat\/ceip-aguimera-vendrell\/wp-json\/wp\/v2\/types\/page"}],"author":[{"embeddable":true,"href":"https:\/\/agora.xtec.cat\/ceip-aguimera-vendrell\/wp-json\/wp\/v2\/users\/1"}],"replies":[{"embeddable":true,"href":"https:\/\/agora.xtec.cat\/ceip-aguimera-vendrell\/wp-json\/wp\/v2\/comments?post=2365"}],"version-history":[{"count":6,"href":"https:\/\/agora.xtec.cat\/ceip-aguimera-vendrell\/wp-json\/wp\/v2\/pages\/2365\/revisions"}],"predecessor-version":[{"id":7069,"href":"https:\/\/agora.xtec.cat\/ceip-aguimera-vendrell\/wp-json\/wp\/v2\/pages\/2365\/revisions\/7069"}],"up":[{"embeddable":true,"href":"https:\/\/agora.xtec.cat\/ceip-aguimera-vendrell\/wp-json\/wp\/v2\/pages\/7041"}],"wp:attachment":[{"href":"https:\/\/agora.xtec.cat\/ceip-aguimera-vendrell\/wp-json\/wp\/v2\/media?parent=2365"}],"curies":[{"name":"wp","href":"https:\/\/api.w.org\/{rel}","templated":true}]}}