{"id":2364,"date":"2020-03-24T20:32:21","date_gmt":"2020-03-24T19:32:21","guid":{"rendered":"https:\/\/agora.xtec.cat\/ceip-aguimera-vendrell\/?page_id=2364"},"modified":"2024-02-22T17:53:20","modified_gmt":"2024-02-22T16:53:20","slug":"primer","status":"publish","type":"page","link":"https:\/\/agora.xtec.cat\/ceip-aguimera-vendrell\/orientacionsipropostes\/som-comunitat-daprenentatge\/primer\/","title":{"rendered":"Tert\u00falies Liter\u00e0ries Dial\u00f2giques"},"content":{"rendered":"<p style=\"text-align: justify;\">Les Tert\u00falies liter\u00e0ries dial\u00f2giques s\u00f3n una de les <span style=\"color: #008000;\"><strong>Actuacions Educatives d\u2019\u00c8xit<\/strong> <\/span>que es desenvolupen a l&#8217;escola. S\u00f3n la base del Projecte Educatiu del Centre i el motor del proc\u00e9s de canvi.<\/p>\n<ul style=\"list-style-type: circle; text-align: justify;\">\n<li><a href=\"https:\/\/blocs.xtec.cat\/bibliotecaescolariudellots\/files\/2010\/02\/tertulies.pdf\" target=\"_blank\" rel=\"noopener noreferrer\"><strong><span style=\"color: #008000;\">Tert\u00falies liter\u00e0ries dial\u00f2giques.\u00a0<\/span><\/strong><\/a>L\u2019objectiu de les tert\u00falies liter\u00e0ries \u00e9s dialogar de tot all\u00f2 que susciti una lectura atenta del llibre acordat pel grup de lectors. Aquest grup de lectors, els infants de cada curs de l\u2019escola des de I4 fins a 6\u00e8, es reconeixen com a \u201cmembres de la tert\u00falia on tots som iguals i som diferents\u201d. Aquest punt de partida \u00e9s clau per entendre el respecte davant de totes les opinions exposades, aix\u00ed com la creaci\u00f3 d\u2019 unes normes de participaci\u00f3 igualit\u00e0ries. Aix\u00f2 garanteix, per exemple, un torn d\u2019intervencions equilibrat i din\u00e0mic.<\/li>\n<\/ul>\n<p style=\"text-align: justify;\">Es llegeixen textos cl\u00e0ssics per afavorir la reflexi\u00f3 i el debat a classe.<\/p>\n<p style=\"text-align: justify;\">Quan t\u00e9 lloc una <span style=\"color: #008000;\"><strong>sessi\u00f3 de tert\u00falies<\/strong><\/span> veurem els nens i nenes de cada nivell asseguts en rotllana, amb el llibre (o el text adaptat, per als m\u00e9s petits) i una llibreta plena de les seves anotacions, al davant. Tots participen de la conversa col\u00b7lectiva sobre all\u00f2 que han llegit, senyalant aquells aspectes que volen comentar amb els companys.<\/p>\n<p style=\"text-align: justify;\">El que es busca \u00e9s<strong><span style=\"color: #008000;\"> fomentar un espai compartit de reflexi\u00f3 i di\u00e0leg<\/span><\/strong> a partir de les m\u00faltiples interpretacions d\u2019un text. A trav\u00e9s de les diverses i diferents aportacions col\u00b7lectives,\u00a0 creix l\u2019aprenentatge cultural i literari de tot el grup i sobretot, el cohesiona. Aquests s\u00f3n els grans valors de les tert\u00falies.<\/p>\n<h2><\/h2>\n<p><a href=\"https:\/\/agora.xtec.cat\/ceip-aguimera-vendrell\/wp-content\/uploads\/usu102\/2024\/02\/WhatsApp-Image-2024-02-15-at-12.48.32.jpeg\"><img loading=\"lazy\" decoding=\"async\" class=\"alignnone wp-image-7056\" src=\"https:\/\/agora.xtec.cat\/ceip-aguimera-vendrell\/wp-content\/uploads\/usu102\/2024\/02\/WhatsApp-Image-2024-02-15-at-12.48.32-1024x768.jpeg\" alt=\"\" width=\"519\" height=\"389\" srcset=\"https:\/\/agora.xtec.cat\/ceip-aguimera-vendrell\/wp-content\/uploads\/usu102\/2024\/02\/WhatsApp-Image-2024-02-15-at-12.48.32-1024x768.jpeg 1024w, https:\/\/agora.xtec.cat\/ceip-aguimera-vendrell\/wp-content\/uploads\/usu102\/2024\/02\/WhatsApp-Image-2024-02-15-at-12.48.32-300x225.jpeg 300w, https:\/\/agora.xtec.cat\/ceip-aguimera-vendrell\/wp-content\/uploads\/usu102\/2024\/02\/WhatsApp-Image-2024-02-15-at-12.48.32-768x576.jpeg 768w, https:\/\/agora.xtec.cat\/ceip-aguimera-vendrell\/wp-content\/uploads\/usu102\/2024\/02\/WhatsApp-Image-2024-02-15-at-12.48.32-1536x1152.jpeg 1536w, https:\/\/agora.xtec.cat\/ceip-aguimera-vendrell\/wp-content\/uploads\/usu102\/2024\/02\/WhatsApp-Image-2024-02-15-at-12.48.32-200x150.jpeg 200w, https:\/\/agora.xtec.cat\/ceip-aguimera-vendrell\/wp-content\/uploads\/usu102\/2024\/02\/WhatsApp-Image-2024-02-15-at-12.48.32.jpeg 1600w\" sizes=\"auto, (max-width: 519px) 100vw, 519px\" \/><\/a>\u00a0<a href=\"https:\/\/agora.xtec.cat\/ceip-aguimera-vendrell\/wp-content\/uploads\/usu102\/2024\/02\/TLD-taules1.jpg\"><img loading=\"lazy\" decoding=\"async\" class=\"alignnone wp-image-7059\" src=\"https:\/\/agora.xtec.cat\/ceip-aguimera-vendrell\/wp-content\/uploads\/usu102\/2024\/02\/TLD-taules1-1024x768.jpg\" alt=\"\" width=\"519\" height=\"389\" srcset=\"https:\/\/agora.xtec.cat\/ceip-aguimera-vendrell\/wp-content\/uploads\/usu102\/2024\/02\/TLD-taules1-1024x768.jpg 1024w, https:\/\/agora.xtec.cat\/ceip-aguimera-vendrell\/wp-content\/uploads\/usu102\/2024\/02\/TLD-taules1-300x225.jpg 300w, https:\/\/agora.xtec.cat\/ceip-aguimera-vendrell\/wp-content\/uploads\/usu102\/2024\/02\/TLD-taules1-768x576.jpg 768w, https:\/\/agora.xtec.cat\/ceip-aguimera-vendrell\/wp-content\/uploads\/usu102\/2024\/02\/TLD-taules1-1536x1152.jpg 1536w, https:\/\/agora.xtec.cat\/ceip-aguimera-vendrell\/wp-content\/uploads\/usu102\/2024\/02\/TLD-taules1-200x150.jpg 200w, https:\/\/agora.xtec.cat\/ceip-aguimera-vendrell\/wp-content\/uploads\/usu102\/2024\/02\/TLD-taules1.jpg 2048w\" sizes=\"auto, (max-width: 519px) 100vw, 519px\" \/>\u00a0 <\/a><a href=\"https:\/\/agora.xtec.cat\/ceip-aguimera-vendrell\/wp-content\/uploads\/usu102\/2024\/02\/WhatsApp-Image-2024-02-22-at-17.50.39.jpeg\"><img loading=\"lazy\" decoding=\"async\" class=\"alignnone  wp-image-7062\" src=\"https:\/\/agora.xtec.cat\/ceip-aguimera-vendrell\/wp-content\/uploads\/usu102\/2024\/02\/WhatsApp-Image-2024-02-22-at-17.50.39-1024x771.jpeg\" alt=\"\" width=\"515\" height=\"388\" srcset=\"https:\/\/agora.xtec.cat\/ceip-aguimera-vendrell\/wp-content\/uploads\/usu102\/2024\/02\/WhatsApp-Image-2024-02-22-at-17.50.39-1024x771.jpeg 1024w, https:\/\/agora.xtec.cat\/ceip-aguimera-vendrell\/wp-content\/uploads\/usu102\/2024\/02\/WhatsApp-Image-2024-02-22-at-17.50.39-300x226.jpeg 300w, https:\/\/agora.xtec.cat\/ceip-aguimera-vendrell\/wp-content\/uploads\/usu102\/2024\/02\/WhatsApp-Image-2024-02-22-at-17.50.39-768x578.jpeg 768w, https:\/\/agora.xtec.cat\/ceip-aguimera-vendrell\/wp-content\/uploads\/usu102\/2024\/02\/WhatsApp-Image-2024-02-22-at-17.50.39-1536x1156.jpeg 1536w, https:\/\/agora.xtec.cat\/ceip-aguimera-vendrell\/wp-content\/uploads\/usu102\/2024\/02\/WhatsApp-Image-2024-02-22-at-17.50.39-200x150.jpeg 200w, https:\/\/agora.xtec.cat\/ceip-aguimera-vendrell\/wp-content\/uploads\/usu102\/2024\/02\/WhatsApp-Image-2024-02-22-at-17.50.39.jpeg 1600w\" sizes=\"auto, (max-width: 515px) 100vw, 515px\" \/>\u00a0<\/a><\/p>\n<p>&nbsp;<\/p>\n","protected":false},"excerpt":{"rendered":"<p>Les Tert\u00falies liter\u00e0ries dial\u00f2giques s\u00f3n una de les Actuacions Educatives d\u2019\u00c8xit que es desenvolupen a l&#8217;escola. S\u00f3n la base del Projecte Educatiu del Centre i el motor del proc\u00e9s de canvi. Tert\u00falies liter\u00e0ries dial\u00f2giques.\u00a0L\u2019objectiu de les tert\u00falies liter\u00e0ries \u00e9s dialogar de tot all\u00f2 que susciti una lectura atenta del llibre acordat pel grup de lectors. [&hellip;]<\/p>\n","protected":false},"author":1,"featured_media":0,"parent":7041,"menu_order":0,"comment_status":"closed","ping_status":"closed","template":"page-templates\/side-menu.php","meta":{"_bbp_topic_count":0,"_bbp_reply_count":0,"_bbp_total_topic_count":0,"_bbp_total_reply_count":0,"_bbp_voice_count":0,"_bbp_anonymous_reply_count":0,"_bbp_topic_count_hidden":0,"_bbp_reply_count_hidden":0,"_bbp_forum_subforum_count":0,"site-sidebar-layout":"default","site-content-layout":"","ast-site-content-layout":"","site-content-style":"default","site-sidebar-style":"default","ast-global-header-display":"","ast-banner-title-visibility":"","ast-main-header-display":"","ast-hfb-above-header-display":"","ast-hfb-below-header-display":"","ast-hfb-mobile-header-display":"","site-post-title":"","ast-breadcrumbs-content":"","ast-featured-img":"","footer-sml-layout":"","theme-transparent-header-meta":"","adv-header-id-meta":"","stick-header-meta":"","header-above-stick-meta":"","header-main-stick-meta":"","header-below-stick-meta":"","astra-migrate-meta-layouts":"default","ast-page-background-enabled":"default","ast-page-background-meta":{"desktop":{"background-color":"var(--ast-global-color-4)","background-image":"","background-repeat":"repeat","background-position":"center center","background-size":"auto","background-attachment":"scroll","background-type":"","background-media":"","overlay-type":"","overlay-color":"","overlay-opacity":"","overlay-gradient":""},"tablet":{"background-color":"","background-image":"","background-repeat":"repeat","background-position":"center center","background-size":"auto","background-attachment":"scroll","background-type":"","background-media":"","overlay-type":"","overlay-color":"","overlay-opacity":"","overlay-gradient":""},"mobile":{"background-color":"","background-image":"","background-repeat":"repeat","background-position":"center center","background-size":"auto","background-attachment":"scroll","background-type":"","background-media":"","overlay-type":"","overlay-color":"","overlay-opacity":"","overlay-gradient":""}},"ast-content-background-meta":{"desktop":{"background-color":"var(--ast-global-color-5)","background-image":"","background-repeat":"repeat","background-position":"center center","background-size":"auto","background-attachment":"scroll","background-type":"","background-media":"","overlay-type":"","overlay-color":"","overlay-opacity":"","overlay-gradient":""},"tablet":{"background-color":"var(--ast-global-color-5)","background-image":"","background-repeat":"repeat","background-position":"center center","background-size":"auto","background-attachment":"scroll","background-type":"","background-media":"","overlay-type":"","overlay-color":"","overlay-opacity":"","overlay-gradient":""},"mobile":{"background-color":"var(--ast-global-color-5)","background-image":"","background-repeat":"repeat","background-position":"center center","background-size":"auto","background-attachment":"scroll","background-type":"","background-media":"","overlay-type":"","overlay-color":"","overlay-opacity":"","overlay-gradient":""}},"footnotes":""},"class_list":["post-2364","page","type-page","status-publish","hentry"],"post_mailing_queue_ids":[],"_links":{"self":[{"href":"https:\/\/agora.xtec.cat\/ceip-aguimera-vendrell\/wp-json\/wp\/v2\/pages\/2364","targetHints":{"allow":["GET"]}}],"collection":[{"href":"https:\/\/agora.xtec.cat\/ceip-aguimera-vendrell\/wp-json\/wp\/v2\/pages"}],"about":[{"href":"https:\/\/agora.xtec.cat\/ceip-aguimera-vendrell\/wp-json\/wp\/v2\/types\/page"}],"author":[{"embeddable":true,"href":"https:\/\/agora.xtec.cat\/ceip-aguimera-vendrell\/wp-json\/wp\/v2\/users\/1"}],"replies":[{"embeddable":true,"href":"https:\/\/agora.xtec.cat\/ceip-aguimera-vendrell\/wp-json\/wp\/v2\/comments?post=2364"}],"version-history":[{"count":7,"href":"https:\/\/agora.xtec.cat\/ceip-aguimera-vendrell\/wp-json\/wp\/v2\/pages\/2364\/revisions"}],"predecessor-version":[{"id":7063,"href":"https:\/\/agora.xtec.cat\/ceip-aguimera-vendrell\/wp-json\/wp\/v2\/pages\/2364\/revisions\/7063"}],"up":[{"embeddable":true,"href":"https:\/\/agora.xtec.cat\/ceip-aguimera-vendrell\/wp-json\/wp\/v2\/pages\/7041"}],"wp:attachment":[{"href":"https:\/\/agora.xtec.cat\/ceip-aguimera-vendrell\/wp-json\/wp\/v2\/media?parent=2364"}],"curies":[{"name":"wp","href":"https:\/\/api.w.org\/{rel}","templated":true}]}}