{"id":22,"date":"2014-09-18T12:19:57","date_gmt":"2014-09-18T12:19:57","guid":{"rendered":"http:\/\/agora.xtec.cat\/ceip-aguimera-vendrell\/?page_id=22"},"modified":"2024-02-23T12:30:21","modified_gmt":"2024-02-23T11:30:21","slug":"lescola","status":"publish","type":"page","link":"https:\/\/agora.xtec.cat\/ceip-aguimera-vendrell\/lescola\/","title":{"rendered":"Benvinguts i benvingudes!"},"content":{"rendered":"<p style=\"text-align: justify;\"><a href=\"https:\/\/agora.xtec.cat\/ceip-aguimera-vendrell\/wp-content\/uploads\/usu102\/2021\/02\/IMG_7670.jpg\"><img loading=\"lazy\" decoding=\"async\" class=\"wp-image-3640 size-medium alignleft\" src=\"https:\/\/agora.xtec.cat\/ceip-aguimera-vendrell\/wp-content\/uploads\/usu102\/2021\/02\/IMG_7670-300x225.jpg\" alt=\"\" width=\"300\" height=\"225\" srcset=\"https:\/\/agora.xtec.cat\/ceip-aguimera-vendrell\/wp-content\/uploads\/usu102\/2021\/02\/IMG_7670-300x225.jpg 300w, https:\/\/agora.xtec.cat\/ceip-aguimera-vendrell\/wp-content\/uploads\/usu102\/2021\/02\/IMG_7670-768x576.jpg 768w, https:\/\/agora.xtec.cat\/ceip-aguimera-vendrell\/wp-content\/uploads\/usu102\/2021\/02\/IMG_7670-1024x768.jpg 1024w, https:\/\/agora.xtec.cat\/ceip-aguimera-vendrell\/wp-content\/uploads\/usu102\/2021\/02\/IMG_7670-200x150.jpg 200w, https:\/\/agora.xtec.cat\/ceip-aguimera-vendrell\/wp-content\/uploads\/usu102\/2021\/02\/IMG_7670.jpg 2016w\" sizes=\"auto, (max-width: 300px) 100vw, 300px\" \/><\/a>Som una <strong><span style=\"color: #008000;\">escola catalana, p\u00fablica, viva, participativa, inclusiv<\/span><\/strong><span style=\"color: #008000;\"><span style=\"color: #000000;\"><strong><span style=\"color: #008000;\">a<\/span><\/strong> i<\/span><\/span><strong><span style=\"color: #008000;\"> innovadora <\/span><\/strong>que pret\u00e9n el desenvolupament i la formaci\u00f3 integral de l\u2019infant en totes les seves vessants: emotives, intel\u00b7lectuals, f\u00edsiques i socials, tot fent servir <span style=\"color: #008000;\">diferents metodologies<\/span> que respecten les intel\u00b7lig\u00e8ncies m\u00faltiples de l\u2019alumnat i els <span style=\"color: #008000;\">diferents estils d\u2019aprenentatge<\/span>.<\/p>\n<p style=\"text-align: justify;\">L&#8217;<span style=\"color: #008000;\">equip de mestres<\/span> est\u00e0 plenament implicat en el funcionament del centre. Incorporem les <span style=\"color: #008000;\">fam\u00edlies<\/span> a la gesti\u00f3 i la vida del centre i comptem amb la seva col\u00b7laboraci\u00f3 en el proc\u00e9s d\u2019aprenentatge dels seus fills\/es. Fomentem la <strong><span style=\"color: #008000;\">coeducaci\u00f3, <\/span><\/strong><span style=\"color: #000000;\">la<\/span><strong><span style=\"color: #008000;\"> igualtat d\u2019oportunitats per a tothom, <\/span><\/strong><span style=\"color: #008000;\"><span style=\"color: #000000;\">i creiem en<\/span><\/span><strong><span style=\"color: #008000;\"> la inclusi\u00f3 <\/span><\/strong><span style=\"color: #008000;\"><span style=\"color: #000000;\">com a for\u00e7a d\u2019acollida de la diversitat<\/span><\/span><span style=\"color: #000000;\">.<\/span> Treballem per a la cohesi\u00f3 social a trav\u00e9s de la cultura, potenciant l\u2019\u00e0rea art\u00edstica i din\u00e0mica de la m\u00fasica i l\u2019expressi\u00f3 corporal. Apliquem progressivament les noves tecnologies amb esperit de motivaci\u00f3 i renovaci\u00f3. Promovem el respecte i la identificaci\u00f3 amb l\u2019entorn i el sentiment de pertinen\u00e7a a una societat que creu en un futur esperan\u00e7ador i solidari.<\/p>\n<p style=\"text-align: justify;\">Volem ser un <strong><span style=\"color: #008000;\">centre<\/span> <\/strong>capa\u00e7 de garantir un Projecte Educatiu comprom\u00e8s amb l\u2019atenci\u00f3 a la diversitat i la inclusi\u00f3 que treballa amb metodologies que potencien l\u2019atenci\u00f3 individualitzada. El nostre marc de refer\u00e8ncia normatiu \u00e9s el curr\u00edculum d\u2019Educaci\u00f3 Infantil i de Prim\u00e0ria de la Generalitat de Catalunya, per a nosaltres \u00e9s una bona eina de treball perqu\u00e8 ens orienta i ens ajuda a concretar el nostre dia a dia.<\/p>\n<p style=\"text-align: justify;\">Som un centre <span style=\"color: #008000;\"><strong>comprom\u00e8s<\/strong><\/span> amb el canvi educatiu i per aix\u00f2 som un dels que formem part de <span style=\"color: #008000;\"><strong>LA XARXA DE COMUNITATS D&#8217;APRENENTATGE i CENTRE STEAMCat.<\/strong><\/span><\/p>\n","protected":false},"excerpt":{"rendered":"<p>Som una escola catalana, p\u00fablica, viva, participativa, inclusiva i innovadora que pret\u00e9n el desenvolupament i la formaci\u00f3 integral de l\u2019infant en totes les seves vessants: emotives, intel\u00b7lectuals, f\u00edsiques i socials, tot fent servir diferents metodologies que respecten les intel\u00b7lig\u00e8ncies m\u00faltiples de l\u2019alumnat i els diferents estils d\u2019aprenentatge. L&#8217;equip de mestres est\u00e0 plenament implicat en el [&hellip;]<\/p>\n","protected":false},"author":2,"featured_media":0,"parent":0,"menu_order":0,"comment_status":"closed","ping_status":"closed","template":"page-templates\/side-menu.php","meta":{"_bbp_topic_count":0,"_bbp_reply_count":0,"_bbp_total_topic_count":0,"_bbp_total_reply_count":0,"_bbp_voice_count":0,"_bbp_anonymous_reply_count":0,"_bbp_topic_count_hidden":0,"_bbp_reply_count_hidden":0,"_bbp_forum_subforum_count":0,"site-sidebar-layout":"default","site-content-layout":"","ast-site-content-layout":"","site-content-style":"default","site-sidebar-style":"default","ast-global-header-display":"","ast-banner-title-visibility":"","ast-main-header-display":"","ast-hfb-above-header-display":"","ast-hfb-below-header-display":"","ast-hfb-mobile-header-display":"","site-post-title":"","ast-breadcrumbs-content":"","ast-featured-img":"","footer-sml-layout":"","theme-transparent-header-meta":"","adv-header-id-meta":"","stick-header-meta":"","header-above-stick-meta":"","header-main-stick-meta":"","header-below-stick-meta":"","astra-migrate-meta-layouts":"default","ast-page-background-enabled":"default","ast-page-background-meta":{"desktop":{"background-color":"var(--ast-global-color-4)","background-image":"","background-repeat":"repeat","background-position":"center center","background-size":"auto","background-attachment":"scroll","background-type":"","background-media":"","overlay-type":"","overlay-color":"","overlay-opacity":"","overlay-gradient":""},"tablet":{"background-color":"","background-image":"","background-repeat":"repeat","background-position":"center center","background-size":"auto","background-attachment":"scroll","background-type":"","background-media":"","overlay-type":"","overlay-color":"","overlay-opacity":"","overlay-gradient":""},"mobile":{"background-color":"","background-image":"","background-repeat":"repeat","background-position":"center center","background-size":"auto","background-attachment":"scroll","background-type":"","background-media":"","overlay-type":"","overlay-color":"","overlay-opacity":"","overlay-gradient":""}},"ast-content-background-meta":{"desktop":{"background-color":"var(--ast-global-color-5)","background-image":"","background-repeat":"repeat","background-position":"center center","background-size":"auto","background-attachment":"scroll","background-type":"","background-media":"","overlay-type":"","overlay-color":"","overlay-opacity":"","overlay-gradient":""},"tablet":{"background-color":"var(--ast-global-color-5)","background-image":"","background-repeat":"repeat","background-position":"center center","background-size":"auto","background-attachment":"scroll","background-type":"","background-media":"","overlay-type":"","overlay-color":"","overlay-opacity":"","overlay-gradient":""},"mobile":{"background-color":"var(--ast-global-color-5)","background-image":"","background-repeat":"repeat","background-position":"center center","background-size":"auto","background-attachment":"scroll","background-type":"","background-media":"","overlay-type":"","overlay-color":"","overlay-opacity":"","overlay-gradient":""}},"footnotes":""},"class_list":["post-22","page","type-page","status-publish","hentry"],"post_mailing_queue_ids":[],"_links":{"self":[{"href":"https:\/\/agora.xtec.cat\/ceip-aguimera-vendrell\/wp-json\/wp\/v2\/pages\/22","targetHints":{"allow":["GET"]}}],"collection":[{"href":"https:\/\/agora.xtec.cat\/ceip-aguimera-vendrell\/wp-json\/wp\/v2\/pages"}],"about":[{"href":"https:\/\/agora.xtec.cat\/ceip-aguimera-vendrell\/wp-json\/wp\/v2\/types\/page"}],"author":[{"embeddable":true,"href":"https:\/\/agora.xtec.cat\/ceip-aguimera-vendrell\/wp-json\/wp\/v2\/users\/2"}],"replies":[{"embeddable":true,"href":"https:\/\/agora.xtec.cat\/ceip-aguimera-vendrell\/wp-json\/wp\/v2\/comments?post=22"}],"version-history":[{"count":5,"href":"https:\/\/agora.xtec.cat\/ceip-aguimera-vendrell\/wp-json\/wp\/v2\/pages\/22\/revisions"}],"predecessor-version":[{"id":7071,"href":"https:\/\/agora.xtec.cat\/ceip-aguimera-vendrell\/wp-json\/wp\/v2\/pages\/22\/revisions\/7071"}],"wp:attachment":[{"href":"https:\/\/agora.xtec.cat\/ceip-aguimera-vendrell\/wp-json\/wp\/v2\/media?parent=22"}],"curies":[{"name":"wp","href":"https:\/\/api.w.org\/{rel}","templated":true}]}}