{"id":860,"date":"2016-09-20T12:57:22","date_gmt":"2016-09-20T11:57:22","guid":{"rendered":"http:\/\/agora.xtec.cat\/ceip-agnesdesitges\/?page_id=860"},"modified":"2023-11-04T10:28:10","modified_gmt":"2023-11-04T09:28:10","slug":"preinscripcio-i-matricula","status":"publish","type":"page","link":"https:\/\/agora.xtec.cat\/ceip-agnesdesitges\/documents-per-imprimir\/preinscripcio-i-matricula\/","title":{"rendered":"Preinscripci\u00f3 i matr\u00edcula"},"content":{"rendered":"<p>Per a obtenir informaci\u00f3 sobre la matr\u00edcula escolar, poseu-vos en contacte amb el centre:<\/p>\n<p><strong>Administrativa<\/strong>: Susana Verbo<\/p>\n<p>L\u2019horari d\u2019atenci\u00f3 al p\u00fablic a secretaria \u00e9s el seg\u00fcent:<\/p>\n<p>Dilluns a dviendres 9h a 14h i 15h a 16h30.<\/p>\n<p>Tel\u00e8fon: <strong>93 811 46 54<\/strong><\/p>\n<p>Correu electr\u00f2nic: <strong>a8062833@xtec.cat |<\/strong>\u00a0<strong>info@escolaagnesdesitges.cat\u00a0<\/strong><\/p>\n<p>&nbsp;<\/p>\n<h4 style=\"text-align: center;\"><\/h4>\n<p>&nbsp;<\/p>\n<h3 style=\"text-align: center;\"><\/h3>\n","protected":false},"excerpt":{"rendered":"<p>Per a obtenir informaci\u00f3 sobre la matr\u00edcula escolar, poseu-vos en contacte amb el centre:<br \/>\nAdministrativa: Susana Verbo<br \/>\nL\u2019horari d\u2019atenci\u00f3 al p\u00fablic a secretaria \u00e9s el seg\u00fcent:<br \/>\nDilluns a dviendres 9h a 14h i 15h a 16h30.<br \/>\nTel\u00e8fon: 93 811 46 54<br \/>\nCorreu electr\u00f2nic: a8062833@xtec.cat |\u00a0info@escolaagnesdesitges.cat\u00a0<br \/>\n&nbsp;<\/p>\n<p>&nbsp;<\/p>\n","protected":false},"author":1,"featured_media":0,"parent":200,"menu_order":0,"comment_status":"closed","ping_status":"closed","template":"","meta":{"_bbp_topic_count":0,"_bbp_reply_count":0,"_bbp_total_topic_count":0,"_bbp_total_reply_count":0,"_bbp_voice_count":0,"_bbp_anonymous_reply_count":0,"_bbp_topic_count_hidden":0,"_bbp_reply_count_hidden":0,"_bbp_forum_subforum_count":0,"footnotes":""},"class_list":["post-860","page","type-page","status-publish","hentry"],"post_mailing_queue_ids":[],"_links":{"self":[{"href":"https:\/\/agora.xtec.cat\/ceip-agnesdesitges\/wp-json\/wp\/v2\/pages\/860","targetHints":{"allow":["GET"]}}],"collection":[{"href":"https:\/\/agora.xtec.cat\/ceip-agnesdesitges\/wp-json\/wp\/v2\/pages"}],"about":[{"href":"https:\/\/agora.xtec.cat\/ceip-agnesdesitges\/wp-json\/wp\/v2\/types\/page"}],"author":[{"embeddable":true,"href":"https:\/\/agora.xtec.cat\/ceip-agnesdesitges\/wp-json\/wp\/v2\/users\/1"}],"replies":[{"embeddable":true,"href":"https:\/\/agora.xtec.cat\/ceip-agnesdesitges\/wp-json\/wp\/v2\/comments?post=860"}],"version-history":[{"count":5,"href":"https:\/\/agora.xtec.cat\/ceip-agnesdesitges\/wp-json\/wp\/v2\/pages\/860\/revisions"}],"predecessor-version":[{"id":7091,"href":"https:\/\/agora.xtec.cat\/ceip-agnesdesitges\/wp-json\/wp\/v2\/pages\/860\/revisions\/7091"}],"up":[{"embeddable":true,"href":"https:\/\/agora.xtec.cat\/ceip-agnesdesitges\/wp-json\/wp\/v2\/pages\/200"}],"wp:attachment":[{"href":"https:\/\/agora.xtec.cat\/ceip-agnesdesitges\/wp-json\/wp\/v2\/media?parent=860"}],"curies":[{"name":"wp","href":"https:\/\/api.w.org\/{rel}","templated":true}]}}