{"id":7274,"date":"2025-05-19T17:25:29","date_gmt":"2025-05-19T15:25:29","guid":{"rendered":"https:\/\/agora.xtec.cat\/ceip-agnesdesitges\/?page_id=7274"},"modified":"2025-05-19T17:28:07","modified_gmt":"2025-05-19T15:28:07","slug":"programa-de-residencia-inicial-docent-sensei","status":"publish","type":"page","link":"https:\/\/agora.xtec.cat\/ceip-agnesdesitges\/programa-de-residencia-inicial-docent-sensei\/","title":{"rendered":"Programa de resid\u00e8ncia inicial docent Sensei"},"content":{"rendered":"<p><img loading=\"lazy\" decoding=\"async\" class=\"size-full wp-image-7185 aligncenter\" src=\"https:\/\/agora.xtec.cat\/ceip-agnesdesitges\/wp-content\/uploads\/usu560\/2024\/09\/Sensei-2024-2025.jpg\" alt=\"\" width=\"1080\" height=\"1080\" srcset=\"https:\/\/agora.xtec.cat\/ceip-agnesdesitges\/wp-content\/uploads\/usu560\/2024\/09\/Sensei-2024-2025.jpg 1080w, https:\/\/agora.xtec.cat\/ceip-agnesdesitges\/wp-content\/uploads\/usu560\/2024\/09\/Sensei-2024-2025-300x300.jpg 300w, https:\/\/agora.xtec.cat\/ceip-agnesdesitges\/wp-content\/uploads\/usu560\/2024\/09\/Sensei-2024-2025-1024x1024.jpg 1024w, https:\/\/agora.xtec.cat\/ceip-agnesdesitges\/wp-content\/uploads\/usu560\/2024\/09\/Sensei-2024-2025-150x150.jpg 150w, https:\/\/agora.xtec.cat\/ceip-agnesdesitges\/wp-content\/uploads\/usu560\/2024\/09\/Sensei-2024-2025-768x768.jpg 768w\" sizes=\"auto, (max-width: 1080px) 100vw, 1080px\" \/><\/p>\n<p>&nbsp;<\/p>\n<p class=\"has-medium-font-size\"><strong>Sensei<\/strong>\u00a0\u00e9s una experi\u00e8ncia de\u00a0<strong>capacitaci\u00f3 professional\u00a0<\/strong>pensada especialment per als <strong>docents novells\u00a0<\/strong>de primer any. Els prepara per ser m\u00e9s aut\u00f2noms, i els aporta les eines clau per desenvolupar la seva tasca amb m\u00e9s impacte en l\u2019alumnat i amb m\u00e9s qualitat docent al llarg de la seva vida professional. El programa est\u00e0 dissenyat per a ser desenvolupat en<strong>\u00a0resid\u00e8ncia en un centre educatiu<\/strong>, amb l\u2019acompanyament d\u2019una mentoria, i compta amb un programa formatiu amb seminaris, experi\u00e8ncies pr\u00e0ctiques, reflexi\u00f3, codoc\u00e8ncia i feedback constant.<\/p>\n<p class=\"has-medium-font-size\">Es focalitza a\u00a0<strong>assentar de manera pr\u00e0ctica compet\u00e8ncies i aprenentatges<\/strong>\u00a0considerats clau per poder cr\u00e9ixer al llarg de la seva traject\u00f2ria professional. Aquest Programa t\u00e9 un constructe basat en la recerca, que ha demostrat l\u2019impacte positiu que els programes d\u2019inducci\u00f3 tenen sobre la qualitat docent i l\u2019\u00e8xit educatiu. Dona coher\u00e8ncia i continu\u00eftat al treball realitzat des del Departament d\u2019Educaci\u00f3 en la formaci\u00f3 inicial dels estudiants universitaris en\u00a0<strong>pr\u00e0ctiques en centres de formaci\u00f3.<\/strong><\/p>\n<p class=\"has-medium-font-size\">El Programa de resid\u00e8ncia inicial docent introdueix el concepte de<strong>\u00a0mestres que acompanyen mestres<\/strong>\u00a0amb la creaci\u00f3 de la figura del mentor. El\u00a0<strong>docent mentor<\/strong>\u00a0acompanya el\u00a0<strong>docent novell\u00a0<\/strong>durant la primera etapa de professionalitzaci\u00f3.<\/p>\n<p>&nbsp;<\/p>\n<p>&nbsp;<\/p>\n","protected":false},"excerpt":{"rendered":"<p>&nbsp;<br \/>\nSensei\u00a0\u00e9s una experi\u00e8ncia de\u00a0capacitaci\u00f3 professional\u00a0pensada especialment per als docents novells\u00a0de primer any. Els prepara per ser m\u00e9s aut\u00f2noms, i els aporta les eines clau per desenvolupar la seva tasca amb m\u00e9s impacte en l\u2019alumnat i amb m\u00e9s qualitat docent al llarg de la seva vida&hellip;  <a href=\"https:\/\/agora.xtec.cat\/ceip-agnesdesitges\/programa-de-residencia-inicial-docent-sensei\/\" title=\"Read Programa de resid\u00e8ncia inicial docent Sensei\">Llegeix m\u00e9s\u00bb<\/a><\/p>\n","protected":false},"author":1,"featured_media":0,"parent":0,"menu_order":0,"comment_status":"closed","ping_status":"closed","template":"","meta":{"_bbp_topic_count":0,"_bbp_reply_count":0,"_bbp_total_topic_count":0,"_bbp_total_reply_count":0,"_bbp_voice_count":0,"_bbp_anonymous_reply_count":0,"_bbp_topic_count_hidden":0,"_bbp_reply_count_hidden":0,"_bbp_forum_subforum_count":0,"footnotes":""},"class_list":["post-7274","page","type-page","status-publish","hentry"],"post_mailing_queue_ids":[],"_links":{"self":[{"href":"https:\/\/agora.xtec.cat\/ceip-agnesdesitges\/wp-json\/wp\/v2\/pages\/7274","targetHints":{"allow":["GET"]}}],"collection":[{"href":"https:\/\/agora.xtec.cat\/ceip-agnesdesitges\/wp-json\/wp\/v2\/pages"}],"about":[{"href":"https:\/\/agora.xtec.cat\/ceip-agnesdesitges\/wp-json\/wp\/v2\/types\/page"}],"author":[{"embeddable":true,"href":"https:\/\/agora.xtec.cat\/ceip-agnesdesitges\/wp-json\/wp\/v2\/users\/1"}],"replies":[{"embeddable":true,"href":"https:\/\/agora.xtec.cat\/ceip-agnesdesitges\/wp-json\/wp\/v2\/comments?post=7274"}],"version-history":[{"count":4,"href":"https:\/\/agora.xtec.cat\/ceip-agnesdesitges\/wp-json\/wp\/v2\/pages\/7274\/revisions"}],"predecessor-version":[{"id":7281,"href":"https:\/\/agora.xtec.cat\/ceip-agnesdesitges\/wp-json\/wp\/v2\/pages\/7274\/revisions\/7281"}],"wp:attachment":[{"href":"https:\/\/agora.xtec.cat\/ceip-agnesdesitges\/wp-json\/wp\/v2\/media?parent=7274"}],"curies":[{"name":"wp","href":"https:\/\/api.w.org\/{rel}","templated":true}]}}