{"id":6394,"date":"2021-11-16T10:01:19","date_gmt":"2021-11-16T09:01:19","guid":{"rendered":"https:\/\/agora.xtec.cat\/ceip-agnesdesitges\/?page_id=6394"},"modified":"2022-02-27T08:37:19","modified_gmt":"2022-02-27T07:37:19","slug":"el-club-dels-valents","status":"publish","type":"page","link":"https:\/\/agora.xtec.cat\/ceip-agnesdesitges\/el-club-dels-valents\/","title":{"rendered":"El Club dels Valents"},"content":{"rendered":"<p>El model de prevenci\u00f3 i resoluci\u00f3 de conflictes es fonamenta en el di\u00e0leg com a l\u2019eina que permet superar desigualtats. En el tractament del conflicte pren protagonisme el consens, entre totes les parts implicades, sobre les normes de conviv\u00e8ncia, especialment de l\u2019alumnat, generant un di\u00e0leg compartit per tota la comunitat en el proc\u00e9s normatiu.<\/p>\n<p>Aquest model afavoreix una millora qualitativa de la conviv\u00e8ncia tant dins del centre com en el conjunt de la comunitat educativa. Generar espais de di\u00e0leg permet prevenir els conflictes, per\u00f2 \u00e9s necess\u00e0ria la implicaci\u00f3 de tota la comunitat per tal que totes les opinions siguin escoltades i considerades quan es tracta d\u2019establir les causes i els or\u00edgens dels conflictes i en la seva soluci\u00f3 quan encara s\u00f3n presents.<\/p>\n<p><strong>El Club dels Valents<\/strong><\/p>\n<p>El projecte del Club dels Valents \u00e9s una actuaci\u00f3 d\u2019\u00e8xit de les comunitats d\u2019aprenentatge \u00e9s un m\u00e8tode de resoluci\u00f3 de conflictes basat en el di\u00e0leg on es treballa la prevenci\u00f3 i el tractament de la viol\u00e8ncia per combatre tant la desigualtat com la viol\u00e8ncia o l\u2019assetjament escolar.<\/p>\n<p>L\u2019objectiu d&#8217;aquesta actuaci\u00f3 \u00e9s la total intoler\u00e0ncia a qualsevol tipus de viol\u00e8ncia. Per aconseguir aix\u00f2, hi ha una norma de l\u2019escola que regula les accions de tots els membres de la comunitat, amb el treball conjunt de fam\u00edlies, alumnes, mestres i personal no docent del centre. Aquesta norma, decidida entre tots\/es els\/les membres de la comunitat, \u00e9s la seg\u00fcent:<\/p>\n<p style=\"text-align: center;\"><span style=\"color: #333399; font-size: 18pt;\"><strong>SOC VALENTA, SOC VALENT, CUIDO I RESPECTO LA GENT!<\/strong><\/span><\/p>\n<p>El Club dels Valents \u00e9s un conte en qu\u00e8 es distingeix la figura del valent i la figura del covard i es busca generar consci\u00e8ncia en l&#8217;alumnat sobre qu\u00e8 vol dir ser valent i ser covard. A trav\u00e9s de diferents actuacions a l&#8217;aula, es busca aprendre a identificar i a gestionar diferents situacions i a actuar de manera valenta davant situacions d&#8217;assetjament o viol\u00e8ncia. Aix\u00ed doncs, si som valents i valentes, pertanyem al Club dels Valents.<\/p>\n<p>&nbsp;<\/p>\n<p><img loading=\"lazy\" decoding=\"async\" class=\"wp-image-6608 aligncenter\" src=\"https:\/\/agora.xtec.cat\/ceip-agnesdesitges\/wp-content\/uploads\/usu560\/2022\/02\/El-Club-Dels-Valents.jpg\" alt=\"\" width=\"547\" height=\"547\" srcset=\"https:\/\/agora.xtec.cat\/ceip-agnesdesitges\/wp-content\/uploads\/usu560\/2022\/02\/El-Club-Dels-Valents.jpg 340w, https:\/\/agora.xtec.cat\/ceip-agnesdesitges\/wp-content\/uploads\/usu560\/2022\/02\/El-Club-Dels-Valents-300x300.jpg 300w, https:\/\/agora.xtec.cat\/ceip-agnesdesitges\/wp-content\/uploads\/usu560\/2022\/02\/El-Club-Dels-Valents-150x150.jpg 150w\" sizes=\"auto, (max-width: 547px) 100vw, 547px\" \/><\/p>\n<p>&nbsp;<\/p>\n<p>&nbsp;<\/p>\n","protected":false},"excerpt":{"rendered":"<p>El model de prevenci\u00f3 i resoluci\u00f3 de conflictes es fonamenta en el di\u00e0leg com a l\u2019eina que permet superar desigualtats. En el tractament del conflicte pren protagonisme el consens, entre totes les parts implicades, sobre les normes de conviv\u00e8ncia, especialment de l\u2019alumnat, generant un di\u00e0leg&hellip;  <a href=\"https:\/\/agora.xtec.cat\/ceip-agnesdesitges\/el-club-dels-valents\/\" title=\"Read El Club dels Valents\">Llegeix m\u00e9s\u00bb<\/a><\/p>\n","protected":false},"author":1,"featured_media":0,"parent":0,"menu_order":0,"comment_status":"closed","ping_status":"closed","template":"","meta":{"_bbp_topic_count":0,"_bbp_reply_count":0,"_bbp_total_topic_count":0,"_bbp_total_reply_count":0,"_bbp_voice_count":0,"_bbp_anonymous_reply_count":0,"_bbp_topic_count_hidden":0,"_bbp_reply_count_hidden":0,"_bbp_forum_subforum_count":0,"footnotes":""},"class_list":["post-6394","page","type-page","status-publish","hentry"],"post_mailing_queue_ids":[],"_links":{"self":[{"href":"https:\/\/agora.xtec.cat\/ceip-agnesdesitges\/wp-json\/wp\/v2\/pages\/6394","targetHints":{"allow":["GET"]}}],"collection":[{"href":"https:\/\/agora.xtec.cat\/ceip-agnesdesitges\/wp-json\/wp\/v2\/pages"}],"about":[{"href":"https:\/\/agora.xtec.cat\/ceip-agnesdesitges\/wp-json\/wp\/v2\/types\/page"}],"author":[{"embeddable":true,"href":"https:\/\/agora.xtec.cat\/ceip-agnesdesitges\/wp-json\/wp\/v2\/users\/1"}],"replies":[{"embeddable":true,"href":"https:\/\/agora.xtec.cat\/ceip-agnesdesitges\/wp-json\/wp\/v2\/comments?post=6394"}],"version-history":[{"count":4,"href":"https:\/\/agora.xtec.cat\/ceip-agnesdesitges\/wp-json\/wp\/v2\/pages\/6394\/revisions"}],"predecessor-version":[{"id":6610,"href":"https:\/\/agora.xtec.cat\/ceip-agnesdesitges\/wp-json\/wp\/v2\/pages\/6394\/revisions\/6610"}],"wp:attachment":[{"href":"https:\/\/agora.xtec.cat\/ceip-agnesdesitges\/wp-json\/wp\/v2\/media?parent=6394"}],"curies":[{"name":"wp","href":"https:\/\/api.w.org\/{rel}","templated":true}]}}