{"id":6393,"date":"2021-11-16T10:01:19","date_gmt":"2021-11-16T09:01:19","guid":{"rendered":"https:\/\/agora.xtec.cat\/ceip-agnesdesitges\/?page_id=6393"},"modified":"2022-02-27T08:28:56","modified_gmt":"2022-02-27T07:28:56","slug":"tertulies-literaries-dialogiques","status":"publish","type":"page","link":"https:\/\/agora.xtec.cat\/ceip-agnesdesitges\/tertulies-literaries-dialogiques\/","title":{"rendered":"Tert\u00falies Dial\u00f2giques"},"content":{"rendered":"<p>Es tracta de la construcci\u00f3 col\u00b7lectiva de significat i de coneixement a partir del di\u00e0leg amb tots els alumnes que participen en la tert\u00falia. El funcionament de les tert\u00falies dial\u00f2giques es basa en els 7 principis de l\u2019aprenentatge dial\u00f2gic i es desenvolupen a partir de les millors creacions de la humanitat en tots els \u00e0mbits: des de la literatura, l\u2019art, la ci\u00e8ncia, etc. Mitjan\u00e7ant les tert\u00falies dial\u00f2giques es potencia l\u2019apropament directe dels alumnes, sense diferenciar edat, g\u00e8nere, cultura o capacitat, a la cultura cl\u00e0ssica universal i al coneixement cient\u00edfic acumulat per la humanitat a trav\u00e9s del temps.<\/p>\n<p>A partir de la lectura de cl\u00e0ssics de la literatura universal, l&#8217;alumnat disposa d&#8217;un espai per a dialogar i reflexionar a partir d&#8217;una experi\u00e8ncia democr\u00e0tica.<\/p>\n<p><img loading=\"lazy\" decoding=\"async\" class=\"alignnone  wp-image-6592 aligncenter\" src=\"https:\/\/agora.xtec.cat\/ceip-agnesdesitges\/wp-content\/uploads\/usu560\/2022\/02\/jkfbzdvn.png\" alt=\"\" width=\"345\" height=\"373\" \/><\/p>\n<p>&nbsp;<\/p>\n","protected":false},"excerpt":{"rendered":"<p>Es tracta de la construcci\u00f3 col\u00b7lectiva de significat i de coneixement a partir del di\u00e0leg amb tots els alumnes que participen en la tert\u00falia. El funcionament de les tert\u00falies dial\u00f2giques es basa en els 7 principis de l\u2019aprenentatge dial\u00f2gic i es desenvolupen a partir de&hellip;  <a href=\"https:\/\/agora.xtec.cat\/ceip-agnesdesitges\/tertulies-literaries-dialogiques\/\" title=\"Read Tert\u00falies Dial\u00f2giques\">Llegeix m\u00e9s\u00bb<\/a><\/p>\n","protected":false},"author":1,"featured_media":0,"parent":0,"menu_order":0,"comment_status":"closed","ping_status":"closed","template":"","meta":{"_bbp_topic_count":0,"_bbp_reply_count":0,"_bbp_total_topic_count":0,"_bbp_total_reply_count":0,"_bbp_voice_count":0,"_bbp_anonymous_reply_count":0,"_bbp_topic_count_hidden":0,"_bbp_reply_count_hidden":0,"_bbp_forum_subforum_count":0,"footnotes":""},"class_list":["post-6393","page","type-page","status-publish","hentry"],"post_mailing_queue_ids":[],"_links":{"self":[{"href":"https:\/\/agora.xtec.cat\/ceip-agnesdesitges\/wp-json\/wp\/v2\/pages\/6393","targetHints":{"allow":["GET"]}}],"collection":[{"href":"https:\/\/agora.xtec.cat\/ceip-agnesdesitges\/wp-json\/wp\/v2\/pages"}],"about":[{"href":"https:\/\/agora.xtec.cat\/ceip-agnesdesitges\/wp-json\/wp\/v2\/types\/page"}],"author":[{"embeddable":true,"href":"https:\/\/agora.xtec.cat\/ceip-agnesdesitges\/wp-json\/wp\/v2\/users\/1"}],"replies":[{"embeddable":true,"href":"https:\/\/agora.xtec.cat\/ceip-agnesdesitges\/wp-json\/wp\/v2\/comments?post=6393"}],"version-history":[{"count":4,"href":"https:\/\/agora.xtec.cat\/ceip-agnesdesitges\/wp-json\/wp\/v2\/pages\/6393\/revisions"}],"predecessor-version":[{"id":6607,"href":"https:\/\/agora.xtec.cat\/ceip-agnesdesitges\/wp-json\/wp\/v2\/pages\/6393\/revisions\/6607"}],"wp:attachment":[{"href":"https:\/\/agora.xtec.cat\/ceip-agnesdesitges\/wp-json\/wp\/v2\/media?parent=6393"}],"curies":[{"name":"wp","href":"https:\/\/api.w.org\/{rel}","templated":true}]}}