{"id":5764,"date":"2020-11-09T15:44:45","date_gmt":"2020-11-09T14:44:45","guid":{"rendered":"http:\/\/agora.xtec.cat\/ceip-agnesdesitges\/?page_id=5764"},"modified":"2025-02-24T10:59:37","modified_gmt":"2025-02-24T09:59:37","slug":"projecte-de-direccio-2020-2024","status":"publish","type":"page","link":"https:\/\/agora.xtec.cat\/ceip-agnesdesitges\/projecte-de-direccio-2020-2024\/","title":{"rendered":"Projecte de Direcci\u00f3 2024-2028"},"content":{"rendered":"<p style=\"text-align: center;\">\n<p>El projecte de direcci\u00f3 \u00e9s un instrument essencial de l&#8217;autonomia dels centres educatius perqu\u00e8 ordena el desplegament i l&#8217;aplicaci\u00f3 del projecte educatiu per al per\u00edode de mandat de la direcci\u00f3 del centre, en concreta l&#8217;estructura organitzativa i n&#8217;inclou uns indicadors, derivats del que estableix el projecte educatiu del centre, que han de servir per avaluar l&#8217;exercici de la direcci\u00f3 (art. 23.1 del Decret 155\/2010, de 2 de novembre, de la direcci\u00f3 dels centres educatius p\u00fablics i del personal directiu professional docent).<\/p>\n<p>Aix\u00ed mateix, el projecte de direcci\u00f3 defineix el marc en qu\u00e8 el director o directora exerceix les funcions, en un context de lideratge distribu\u00eft per l&#8217;enfortiment institucional dels centres educatius (art.142.3 de la Llei 12\/2009, del 10 de juliol, d&#8217;educaci\u00f3).<\/p>\n<p>El projecte de direcci\u00f3 ha d&#8217;establir les l\u00ednies d&#8217;actuaci\u00f3 priorit\u00e0ries que s&#8217;han de desenvolupar durant el per\u00edode de mandat i, si escau, ha de formular propostes en relaci\u00f3 amb l&#8217;adaptaci\u00f3 o modificaci\u00f3, total o parcial, del projecte educatiu (art. 31 del Decret 102\/2010, de 3 d&#8217;agost, d&#8217;autonomia dels centres educatius, i art. 24 del Decret 155\/2010, de 2 de novembre, de la direcci\u00f3 dels centres educatius p\u00fablics i del personal directiu professional docent).<\/p>\n<p>D&#8217;acord amb la normativa vigent, el nomenament del director o directora seleccionat per la comissi\u00f3 corresponent comporta l&#8217;aprovaci\u00f3 del projecte de direcci\u00f3 que ha presentat la persona candidata i, en aplicaci\u00f3 de l&#8217;article 144 de la Llei 12\/2009, del 10 de juliol, d&#8217;educaci\u00f3, un cop nomenat o nomenada, la implementaci\u00f3 del projecte de direcci\u00f3, que orienta i vincula l&#8217;acci\u00f3 del conjunt d&#8217;\u00f2rgans de govern unipersonals i col\u00b7legiats del centre.<\/p>\n<p>Per desenvolupar les l\u00ednies d&#8217;acci\u00f3 priorit\u00e0ries, el projecte de direcci\u00f3 pot establir mesures organitzatives que puguin necessitar definir els requisits espec\u00edfics exigits per ocupar determinats llocs de treball de la plantilla docent del centre (art. 1, 2 i 9.g del Decret 39\/2014, de 25 de mar\u00e7, pel qual es regulen els procediments per definir el perfil i la provisi\u00f3 dels llocs de treball docents).<\/p>\n<p>&nbsp;<\/p>\n<p style=\"text-align: center;\"><a href=\"https:\/\/drive.google.com\/file\/d\/1IsIsU7tnPA2SHlRXsRJPZTV35zm3WIXk\/view?usp=sharing\"><strong><span style=\"font-size: 24pt; color: #0000ff;\">PROJECTE DE DIRECCI\u00d3 2024-2028<\/span><\/strong><\/a><\/p>\n","protected":false},"excerpt":{"rendered":"<p>El projecte de direcci\u00f3 \u00e9s un instrument essencial de l&#8217;autonomia dels centres educatius perqu\u00e8 ordena el desplegament i l&#8217;aplicaci\u00f3 del projecte educatiu per al per\u00edode de mandat de la direcci\u00f3 del centre, en concreta l&#8217;estructura organitzativa i n&#8217;inclou uns indicadors, derivats del que estableix el&hellip;  <a href=\"https:\/\/agora.xtec.cat\/ceip-agnesdesitges\/projecte-de-direccio-2020-2024\/\" title=\"Read Projecte de Direcci\u00f3 2024-2028\">Llegeix m\u00e9s\u00bb<\/a><\/p>\n","protected":false},"author":1,"featured_media":0,"parent":0,"menu_order":0,"comment_status":"closed","ping_status":"closed","template":"","meta":{"_bbp_topic_count":0,"_bbp_reply_count":0,"_bbp_total_topic_count":0,"_bbp_total_reply_count":0,"_bbp_voice_count":0,"_bbp_anonymous_reply_count":0,"_bbp_topic_count_hidden":0,"_bbp_reply_count_hidden":0,"_bbp_forum_subforum_count":0,"footnotes":""},"class_list":["post-5764","page","type-page","status-publish","hentry"],"post_mailing_queue_ids":[],"_links":{"self":[{"href":"https:\/\/agora.xtec.cat\/ceip-agnesdesitges\/wp-json\/wp\/v2\/pages\/5764","targetHints":{"allow":["GET"]}}],"collection":[{"href":"https:\/\/agora.xtec.cat\/ceip-agnesdesitges\/wp-json\/wp\/v2\/pages"}],"about":[{"href":"https:\/\/agora.xtec.cat\/ceip-agnesdesitges\/wp-json\/wp\/v2\/types\/page"}],"author":[{"embeddable":true,"href":"https:\/\/agora.xtec.cat\/ceip-agnesdesitges\/wp-json\/wp\/v2\/users\/1"}],"replies":[{"embeddable":true,"href":"https:\/\/agora.xtec.cat\/ceip-agnesdesitges\/wp-json\/wp\/v2\/comments?post=5764"}],"version-history":[{"count":5,"href":"https:\/\/agora.xtec.cat\/ceip-agnesdesitges\/wp-json\/wp\/v2\/pages\/5764\/revisions"}],"predecessor-version":[{"id":7210,"href":"https:\/\/agora.xtec.cat\/ceip-agnesdesitges\/wp-json\/wp\/v2\/pages\/5764\/revisions\/7210"}],"wp:attachment":[{"href":"https:\/\/agora.xtec.cat\/ceip-agnesdesitges\/wp-json\/wp\/v2\/media?parent=5764"}],"curies":[{"name":"wp","href":"https:\/\/api.w.org\/{rel}","templated":true}]}}